{"id":10223,"date":"2025-11-21T12:25:17","date_gmt":"2025-11-21T12:25:17","guid":{"rendered":"https:\/\/nawarpharmacy.com\/?post_type=product&#038;p=10223"},"modified":"2026-02-23T19:05:47","modified_gmt":"2026-02-23T19:05:47","slug":"norhinose-nasal-spray-120-doses","status":"publish","type":"product","link":"https:\/\/nawarpharmacy.com\/de\/produkt\/norhinose-nasal-spray-120-doses\/","title":{"rendered":"Norhinose Nasenspray 120 Dosen"},"content":{"rendered":"<article class=\"text-token-text-primary w-full focus:outline-none [--shadow-height:45px] has-data-writing-block:pointer-events-none has-data-writing-block:-mt-(--shadow-height) has-data-writing-block:pt-(--shadow-height) [&amp;:has([data-writing-block])&gt;*]:pointer-events-auto [content-visibility:auto] supports-[content-visibility:auto]:[contain-intrinsic-size:auto_100lvh] scroll-mt-[calc(var(--header-height)+min(200px,max(70px,20svh)))]\" dir=\"auto\" data-turn-id=\"request-691b06b7-6218-832d-8a14-33a40741db89-37\" data-testid=\"conversation-turn-330\" data-scroll-anchor=\"true\" data-turn=\"assistant\">\n<div class=\"text-base my-auto mx-auto pb-10 [--thread-content-margin:--spacing(4)] thread-sm:[--thread-content-margin:--spacing(6)] thread-lg:[--thread-content-margin:--spacing(16)] px-(--thread-content-margin)\">\n<div class=\"[--thread-content-max-width:40rem] thread-lg:[--thread-content-max-width:48rem] mx-auto max-w-(--thread-content-max-width) flex-1 group\/turn-messages focus-visible:outline-hidden relative flex w-full min-w-0 flex-col agent-turn\">\n<div class=\"flex max-w-full flex-col grow\">\n<div class=\"min-h-8 text-message relative flex w-full flex-col items-end gap-2 text-start break-words whitespace-normal [.text-message+&amp;]:mt-1\" dir=\"auto\" data-message-author-role=\"assistant\" data-message-id=\"713f049e-5c9f-4f56-aaf8-3daeb9e4c4ec\" data-message-model-slug=\"gpt-5-mini\">\n<div class=\"flex w-full flex-col gap-1 empty:hidden first:pt-[1px]\">\n<div class=\"markdown prose dark:prose-invert w-full break-words light markdown-new-styling\">\n<p data-start=\"1442\" data-end=\"1476\"><strong data-start=\"1442\" data-end=\"1476\">Norhinose Nasenspray 120 Dosen<\/strong><\/p>\n<h3 data-start=\"1478\" data-end=\"1494\">Wirkstoffe<\/h3>\n<p data-start=\"1495\" data-end=\"1536\">Fluticasonpropionat 50 \u00b5g pro Spr\u00fchsto\u00df<\/p>\n<h3 data-start=\"1538\" data-end=\"1556\">Indikationen<\/h3>\n<p data-start=\"1557\" data-end=\"1573\">Anwendung bei:<\/p>\n<ul data-start=\"1575\" data-end=\"1725\">\n<li data-start=\"1575\" data-end=\"1653\">\n<p data-start=\"1577\" data-end=\"1653\">Linderung und Vorbeugung saisonaler und ganzj\u00e4hriger allergischer Rhinitis<\/p>\n<\/li>\n<li data-start=\"1654\" data-end=\"1725\">\n<p data-start=\"1656\" data-end=\"1725\">Reduktion von Nasenverstopfung, Niesen, Juckreiz und laufender Nase<\/p>\n<\/li>\n<\/ul>\n<h3 data-start=\"1727\" data-end=\"1742\">Dosierung<\/h3>\n<p data-start=\"1744\" data-end=\"1782\">Erwachsene und Kinder \u00fcber 12 Jahre:<\/p>\n<p data-start=\"1784\" data-end=\"1866\">1\u20132 Spr\u00fchst\u00f6\u00dfe in jedes Nasenloch einmal t\u00e4glich oder nach \u00e4rztlicher Anweisung.<\/p>\n<p data-start=\"1868\" data-end=\"1947\">Zur Erhaltungstherapie sollte die niedrigste wirksame Dosis verwendet werden.<\/p>\n<p data-start=\"1949\" data-end=\"1969\">Kinder 4\u201311 Jahre:<\/p>\n<p data-start=\"1971\" data-end=\"2019\">1 Spr\u00fchsto\u00df in jedes Nasenloch einmal t\u00e4glich.<\/p>\n<h3 data-start=\"2021\" data-end=\"2040\">Gegenanzeigen<\/h3>\n<p data-start=\"2042\" data-end=\"2231\">\u00dcberempfindlichkeit gegen Fluticason oder einen sonstigen Bestandteil der Formulierung<br data-start=\"2128\" data-end=\"2131\" \/>Unbehandelte Naseninfektionen oder k\u00fcrzlich durchgef\u00fchrte Nasenoperationen ohne \u00e4rztliche Beratung<\/p>\n<h3 data-start=\"2233\" data-end=\"2253\">Nebenwirkungen<\/h3>\n<p data-start=\"2255\" data-end=\"2413\">Leichte Nasenreizung oder Brennen<br data-start=\"2288\" data-end=\"2291\" \/>Trockenheit der Nasenschleimhaut<br data-start=\"2323\" data-end=\"2326\" \/>Kopfschmerzen oder unangenehmer Geschmack<br data-start=\"2367\" data-end=\"2370\" \/>Selten: Nasenbluten, allergische Reaktion<\/p>\n<h3 data-start=\"2415\" data-end=\"2437\">Wechselwirkungen<\/h3>\n<p data-start=\"2439\" data-end=\"2553\">Vorsicht bei gleichzeitiger Anwendung anderer Kortikosteroide; m\u00f6gliche additive systemische Effekte \u00fcberwachen.<\/p>\n<h3 data-start=\"2555\" data-end=\"2569\">Lagerung<\/h3>\n<p data-start=\"2571\" data-end=\"2702\" data-is-last-node=\"\" data-is-only-node=\"\">Bei Raumtemperatur lagern, vor Hitze und Sonnenlicht sch\u00fctzen.<br data-start=\"2633\" data-end=\"2636\" \/>Flasche fest verschlossen und f\u00fcr Kinder unzug\u00e4nglich aufbewahren.<\/p>\n<\/div>\n<\/div>\n<\/div>\n<\/div>\n<\/div>\n<\/div>\n<\/article>\n","protected":false},"excerpt":{"rendered":"<p>Norhinose Nasenspray 120 Dosen Wirkstoffe Fluticasonpropionat 50 \u00b5g pro Spr\u00fchsto\u00df Indikationen Anwendung bei: Linderung und Vorbeugung saisonaler und ganzj\u00e4hriger allergischer Rhinitis Reduktion von Nasenverstopfung, Niesen, Juckreiz und laufender Nase Dosierung Erwachsene und Kinder \u00fcber 12 Jahre: 1\u20132 Spr\u00fchst\u00f6\u00dfe in jedes Nasenloch einmal t\u00e4glich oder nach \u00e4rztlicher Anweisung. Zur Erhaltungstherapie sollte die niedrigste wirksame Dosis verwendet&#8230;<\/p>\n","protected":false},"featured_media":10222,"comment_status":"open","ping_status":"closed","template":"","meta":{"rs_blank_template":"","rs_page_bg_color":"","slide_template_v7":"","_bst_post_transparent":"default","_bst_post_title":"","_bst_post_layout":"default","_bst_post_sidebar_id":"","_bst_post_content_style":"default","_bst_post_vertical_padding":"default","_bst_post_feature":"","_bst_post_feature_position":"","_bst_post_header":false,"_bst_post_footer":false},"product_brand":[],"product_cat":[235,351,217,373,251],"product_tag":[],"product_brands":[],"class_list":{"0":"post-10223","1":"product","2":"type-product","3":"status-publish","4":"has-post-thumbnail","6":"product_cat-respiratory-asthma-treatments","7":"product_cat-medical-forms","8":"product_cat-medicines","9":"product_cat-nasal-spray","10":"product_cat-nasal-decongestant","12":"first","13":"instock","14":"shipping-taxable","15":"purchasable","16":"product-type-simple","17":"entry","18":"content-bg","19":"loop-entry"},"_links":{"self":[{"href":"https:\/\/nawarpharmacy.com\/de\/wp-json\/wp\/v2\/product\/10223","targetHints":{"allow":["GET"]}}],"collection":[{"href":"https:\/\/nawarpharmacy.com\/de\/wp-json\/wp\/v2\/product"}],"about":[{"href":"https:\/\/nawarpharmacy.com\/de\/wp-json\/wp\/v2\/types\/product"}],"replies":[{"embeddable":true,"href":"https:\/\/nawarpharmacy.com\/de\/wp-json\/wp\/v2\/comments?post=10223"}],"wp:featuredmedia":[{"embeddable":true,"href":"https:\/\/nawarpharmacy.com\/de\/wp-json\/wp\/v2\/media\/10222"}],"wp:attachment":[{"href":"https:\/\/nawarpharmacy.com\/de\/wp-json\/wp\/v2\/media?parent=10223"}],"wp:term":[{"taxonomy":"product_brand","embeddable":true,"href":"https:\/\/nawarpharmacy.com\/de\/wp-json\/wp\/v2\/product_brand?post=10223"},{"taxonomy":"product_cat","embeddable":true,"href":"https:\/\/nawarpharmacy.com\/de\/wp-json\/wp\/v2\/product_cat?post=10223"},{"taxonomy":"product_tag","embeddable":true,"href":"https:\/\/nawarpharmacy.com\/de\/wp-json\/wp\/v2\/product_tag?post=10223"},{"taxonomy":"product_brands","embeddable":true,"href":"https:\/\/nawarpharmacy.com\/de\/wp-json\/wp\/v2\/product_brands?post=10223"}],"curies":[{"name":"wp","href":"https:\/\/api.w.org\/{rel}","templated":true}]}}