{"id":10219,"date":"2025-11-21T12:26:25","date_gmt":"2025-11-21T12:26:25","guid":{"rendered":"https:\/\/nawarpharmacy.com\/?post_type=product&#038;p=10219"},"modified":"2026-02-23T19:04:51","modified_gmt":"2026-02-23T19:04:51","slug":"nostamine-eyenasal-drops-15ml","status":"publish","type":"product","link":"https:\/\/nawarpharmacy.com\/de\/produkt\/nostamine-eyenasal-drops-15ml\/","title":{"rendered":"Nostamine Eye|Nasal Drops 15ml"},"content":{"rendered":"<div class=\"flex flex-col text-sm pb-25\">\n<article class=\"text-token-text-primary w-full focus:outline-none [--shadow-height:45px] has-data-writing-block:pointer-events-none has-data-writing-block:-mt-(--shadow-height) has-data-writing-block:pt-(--shadow-height) [&amp;:has([data-writing-block])&gt;*]:pointer-events-auto scroll-mt-[calc(var(--header-height)+min(200px,max(70px,20svh)))]\" dir=\"auto\" tabindex=\"-1\" data-turn-id=\"request-WEB:209e3289-63e4-414b-883e-c54fb0e043f1-114\" data-testid=\"conversation-turn-152\" data-scroll-anchor=\"true\" data-turn=\"assistant\">\n<div class=\"text-base my-auto mx-auto pb-10 [--thread-content-margin:--spacing(4)] @w-sm\/main:[--thread-content-margin:--spacing(6)] @w-lg\/main:[--thread-content-margin:--spacing(16)] px-(--thread-content-margin)\">\n<div class=\"[--thread-content-max-width:40rem] @w-lg\/main:[--thread-content-max-width:48rem] mx-auto max-w-(--thread-content-max-width) flex-1 group\/turn-messages focus-visible:outline-hidden relative flex w-full min-w-0 flex-col agent-turn\" tabindex=\"-1\">\n<div class=\"flex max-w-full flex-col grow\">\n<div class=\"min-h-8 text-message relative flex w-full flex-col items-end gap-2 text-start break-words whitespace-normal [.text-message+&amp;]:mt-1\" dir=\"auto\" data-message-author-role=\"assistant\" data-message-id=\"6caffaf7-bed0-43e5-bd7d-5b376d391c23\" data-message-model-slug=\"gpt-5-2\">\n<div class=\"flex w-full flex-col gap-1 empty:hidden first:pt-[1px]\">\n<div class=\"markdown prose dark:prose-invert w-full wrap-break-word dark markdown-new-styling\">\n<p data-start=\"1395\" data-end=\"1433\"><strong data-start=\"1395\" data-end=\"1433\">Prisoline Augen\/Nasentropfen 15 ml<\/strong><\/p>\n<h3 data-start=\"1435\" data-end=\"1451\">Wirkstoffe<\/h3>\n<p data-start=\"1452\" data-end=\"1482\">Chlorpheniramin + Naphazolin<\/p>\n<h3 data-start=\"1484\" data-end=\"1502\">Indikationen<\/h3>\n<p data-start=\"1503\" data-end=\"1586\">Anwendung zur Vorbeugung und Linderung allergischer Augen- und Nasensymptome wie:<\/p>\n<ul data-start=\"1588\" data-end=\"1735\">\n<li data-start=\"1588\" data-end=\"1662\">\n<p data-start=\"1590\" data-end=\"1662\">Juckende, tr\u00e4nende oder ger\u00f6tete Augen bei allergischer Konjunktivitis<\/p>\n<\/li>\n<li data-start=\"1663\" data-end=\"1735\">\n<p data-start=\"1665\" data-end=\"1735\">Niesen, Nasenverstopfung und laufende Nase bei allergischer Rhinitis<\/p>\n<\/li>\n<\/ul>\n<h3 data-start=\"1737\" data-end=\"1752\">Dosierung<\/h3>\n<p data-start=\"1754\" data-end=\"1936\">Augen: 1\u20132 Tropfen in jedes Auge 4-mal t\u00e4glich oder nach \u00e4rztlicher Anweisung.<br data-start=\"1832\" data-end=\"1835\" \/>Nase: 1\u20132 Tropfen oder Spr\u00fchst\u00f6\u00dfe in jedes Nasenloch 4-mal t\u00e4glich oder nach \u00e4rztlicher Verordnung.<\/p>\n<p data-start=\"1938\" data-end=\"2035\">Regelm\u00e4\u00dfig anwenden, um die beste Wirkung zu erzielen; nicht zur sofortigen Linderung bestimmt.<\/p>\n<h3 data-start=\"2037\" data-end=\"2056\">Gegenanzeigen<\/h3>\n<p data-start=\"2058\" data-end=\"2155\">\u00dcberempfindlichkeit gegen Natriumcromoglicat oder einen sonstigen Bestandteil der Formulierung.<\/p>\n<h3 data-start=\"2157\" data-end=\"2177\">Nebenwirkungen<\/h3>\n<p data-start=\"2179\" data-end=\"2296\">Leichtes Stechen oder Brennen in den Augen<br data-start=\"2221\" data-end=\"2224\" \/>Vor\u00fcbergehende Nasenreizung oder Niesen<br data-start=\"2263\" data-end=\"2266\" \/>Selten: allergische Reaktion<\/p>\n<h3 data-start=\"2298\" data-end=\"2320\">Wechselwirkungen<\/h3>\n<p data-start=\"2322\" data-end=\"2435\">Im Allgemeinen sicher in Kombination mit anderen Arzneimitteln; keine signifikanten Wechselwirkungen berichtet.<\/p>\n<h3 data-start=\"2437\" data-end=\"2451\">Lagerung<\/h3>\n<p data-start=\"2453\" data-end=\"2578\" data-is-last-node=\"\" data-is-only-node=\"\">Bei Raumtemperatur lagern, vor Hitze und Licht sch\u00fctzen.<br data-start=\"2509\" data-end=\"2512\" \/>Flasche fest verschlossen und f\u00fcr Kinder unzug\u00e4nglich aufbewahren.<\/p>\n<\/div>\n<\/div>\n<\/div>\n<\/div>\n<\/div>\n<\/div>\n<\/article>\n<\/div>\n","protected":false},"excerpt":{"rendered":"<p>Prisoline Augen\/Nasentropfen 15 ml Wirkstoffe Chlorpheniramin + Naphazolin Indikationen Anwendung zur Vorbeugung und Linderung allergischer Augen- und Nasensymptome wie: Juckende, tr\u00e4nende oder ger\u00f6tete Augen bei allergischer Konjunktivitis Niesen, Nasenverstopfung und laufende Nase bei allergischer Rhinitis Dosierung Augen: 1\u20132 Tropfen in jedes Auge 4-mal t\u00e4glich oder nach \u00e4rztlicher Anweisung.Nase: 1\u20132 Tropfen oder Spr\u00fchst\u00f6\u00dfe in jedes Nasenloch&#8230;<\/p>\n","protected":false},"featured_media":10218,"comment_status":"open","ping_status":"closed","template":"","meta":{"rs_blank_template":"","rs_page_bg_color":"","slide_template_v7":"","_bst_post_transparent":"default","_bst_post_title":"","_bst_post_layout":"default","_bst_post_sidebar_id":"","_bst_post_content_style":"default","_bst_post_vertical_padding":"default","_bst_post_feature":"","_bst_post_feature_position":"","_bst_post_header":false,"_bst_post_footer":false},"product_brand":[],"product_cat":[237,371,351,217,251,383],"product_tag":[],"product_brands":[],"class_list":{"0":"post-10219","1":"product","2":"type-product","3":"status-publish","4":"has-post-thumbnail","6":"product_cat-eye-ear-medications","7":"product_cat-eye-drops","8":"product_cat-medical-forms","9":"product_cat-medicines","10":"product_cat-nasal-decongestant","11":"product_cat-nasal-drops","13":"first","14":"instock","15":"shipping-taxable","16":"purchasable","17":"product-type-simple","18":"entry","19":"content-bg","20":"loop-entry"},"_links":{"self":[{"href":"https:\/\/nawarpharmacy.com\/de\/wp-json\/wp\/v2\/product\/10219","targetHints":{"allow":["GET"]}}],"collection":[{"href":"https:\/\/nawarpharmacy.com\/de\/wp-json\/wp\/v2\/product"}],"about":[{"href":"https:\/\/nawarpharmacy.com\/de\/wp-json\/wp\/v2\/types\/product"}],"replies":[{"embeddable":true,"href":"https:\/\/nawarpharmacy.com\/de\/wp-json\/wp\/v2\/comments?post=10219"}],"wp:featuredmedia":[{"embeddable":true,"href":"https:\/\/nawarpharmacy.com\/de\/wp-json\/wp\/v2\/media\/10218"}],"wp:attachment":[{"href":"https:\/\/nawarpharmacy.com\/de\/wp-json\/wp\/v2\/media?parent=10219"}],"wp:term":[{"taxonomy":"product_brand","embeddable":true,"href":"https:\/\/nawarpharmacy.com\/de\/wp-json\/wp\/v2\/product_brand?post=10219"},{"taxonomy":"product_cat","embeddable":true,"href":"https:\/\/nawarpharmacy.com\/de\/wp-json\/wp\/v2\/product_cat?post=10219"},{"taxonomy":"product_tag","embeddable":true,"href":"https:\/\/nawarpharmacy.com\/de\/wp-json\/wp\/v2\/product_tag?post=10219"},{"taxonomy":"product_brands","embeddable":true,"href":"https:\/\/nawarpharmacy.com\/de\/wp-json\/wp\/v2\/product_brands?post=10219"}],"curies":[{"name":"wp","href":"https:\/\/api.w.org\/{rel}","templated":true}]}}