{"id":10215,"date":"2025-11-21T12:31:17","date_gmt":"2025-11-21T12:31:17","guid":{"rendered":"https:\/\/nawarpharmacy.com\/?post_type=product&#038;p=10215"},"modified":"2026-02-23T19:04:04","modified_gmt":"2026-02-23T19:04:04","slug":"novoral-oral-spray-60ml","status":"publish","type":"product","link":"https:\/\/nawarpharmacy.com\/de\/produkt\/novoral-oral-spray-60ml\/","title":{"rendered":"Novoral Oral Spray 60ml"},"content":{"rendered":"<article class=\"text-token-text-primary w-full focus:outline-none [--shadow-height:45px] has-data-writing-block:pointer-events-none has-data-writing-block:-mt-(--shadow-height) has-data-writing-block:pt-(--shadow-height) [&amp;:has([data-writing-block])&gt;*]:pointer-events-auto [content-visibility:auto] supports-[content-visibility:auto]:[contain-intrinsic-size:auto_100lvh] scroll-mt-[calc(var(--header-height)+min(200px,max(70px,20svh)))]\" dir=\"auto\" data-turn-id=\"request-691b06b7-6218-832d-8a14-33a40741db89-36\" data-testid=\"conversation-turn-328\" data-scroll-anchor=\"true\" data-turn=\"assistant\">\n<div class=\"text-base my-auto mx-auto pb-10 [--thread-content-margin:--spacing(4)] thread-sm:[--thread-content-margin:--spacing(6)] thread-lg:[--thread-content-margin:--spacing(16)] px-(--thread-content-margin)\">\n<div class=\"[--thread-content-max-width:40rem] thread-lg:[--thread-content-max-width:48rem] mx-auto max-w-(--thread-content-max-width) flex-1 group\/turn-messages focus-visible:outline-hidden relative flex w-full min-w-0 flex-col agent-turn\">\n<div class=\"flex max-w-full flex-col grow\">\n<div class=\"min-h-8 text-message relative flex w-full flex-col items-end gap-2 text-start break-words whitespace-normal [.text-message+&amp;]:mt-1\" dir=\"auto\" data-message-author-role=\"assistant\" data-message-id=\"60bfb604-aef3-409d-8c5f-2329de4031b4\" data-message-model-slug=\"gpt-5-mini\">\n<div class=\"flex w-full flex-col gap-1 empty:hidden first:pt-[1px]\">\n<div class=\"markdown prose dark:prose-invert w-full break-words light markdown-new-styling\">\n<p data-start=\"1617\" data-end=\"1644\"><strong data-start=\"1617\" data-end=\"1644\">Novoral Mundspray 60 ml<\/strong><\/p>\n<h3 data-start=\"1646\" data-end=\"1662\">Wirkstoffe<\/h3>\n<p data-start=\"1663\" data-end=\"1696\">Chlorhexidindigluconat 0,2% w\/v<\/p>\n<h3 data-start=\"1698\" data-end=\"1716\">Indikationen<\/h3>\n<p data-start=\"1717\" data-end=\"1733\">Anwendung bei:<\/p>\n<ul data-start=\"1735\" data-end=\"1920\">\n<li data-start=\"1735\" data-end=\"1799\">\n<p data-start=\"1737\" data-end=\"1799\">Mundhygiene und Vorbeugung von bakteriellem Wachstum im Mund<\/p>\n<\/li>\n<li data-start=\"1800\" data-end=\"1877\">\n<p data-start=\"1802\" data-end=\"1877\">Behandlung von Gingivitis, Mundgeschw\u00fcren und leichten oralen Infektionen<\/p>\n<\/li>\n<li data-start=\"1878\" data-end=\"1920\">\n<p data-start=\"1880\" data-end=\"1920\">Reduktion von Zahnbelag und Mundgeruch<\/p>\n<\/li>\n<\/ul>\n<h3 data-start=\"1922\" data-end=\"1937\">Dosierung<\/h3>\n<p data-start=\"1939\" data-end=\"1979\">Erwachsene und Kinder (\u00fcber 12 Jahre):<\/p>\n<p data-start=\"1981\" data-end=\"2057\">1\u20132 Spr\u00fchst\u00f6\u00dfe in den Mund 2\u20133-mal t\u00e4glich oder nach \u00e4rztlicher Anweisung.<\/p>\n<p data-start=\"2059\" data-end=\"2147\">Keine gr\u00f6\u00dferen Mengen schlucken; kleine Mengen k\u00f6nnen versehentlich geschluckt werden.<\/p>\n<p data-start=\"2149\" data-end=\"2228\">F\u00fcr optimale Wirkung 30 Minuten nach der Anwendung nichts essen oder trinken.<\/p>\n<p data-start=\"2230\" data-end=\"2255\">Kinder unter 12 Jahren:<\/p>\n<p data-start=\"2257\" data-end=\"2298\">Nur unter \u00e4rztlicher Aufsicht anwenden.<\/p>\n<h3 data-start=\"2300\" data-end=\"2319\">Gegenanzeigen<\/h3>\n<p data-start=\"2321\" data-end=\"2473\">\u00dcberempfindlichkeit gegen Chlorhexidin oder einen sonstigen Bestandteil der Formulierung<br data-start=\"2409\" data-end=\"2412\" \/>Offene Wunden oder L\u00e4sionen im Mund bei \u00fcberm\u00e4\u00dfiger Reizung<\/p>\n<h3 data-start=\"2475\" data-end=\"2495\">Nebenwirkungen<\/h3>\n<p data-start=\"2497\" data-end=\"2645\">Leichte Reizung oder Brennen im Mund<br data-start=\"2533\" data-end=\"2536\" \/>Vor\u00fcbergehende Verf\u00e4rbung von Z\u00e4hnen oder Zunge<br data-start=\"2583\" data-end=\"2586\" \/>Ver\u00e4nderter Geschmackssinn<br data-start=\"2612\" data-end=\"2615\" \/>Selten: allergische Reaktion<\/p>\n<h3 data-start=\"2647\" data-end=\"2669\">Wechselwirkungen<\/h3>\n<p data-start=\"2671\" data-end=\"2809\">Nicht unmittelbar nach Zahnpasta mit anionischen Tensiden (z. B. Natriumlaurylsulfat) anwenden, da dies die Wirksamkeit verringern kann.<\/p>\n<h3 data-start=\"2811\" data-end=\"2825\">Lagerung<\/h3>\n<p data-start=\"2827\" data-end=\"2952\" data-is-last-node=\"\" data-is-only-node=\"\">Bei Raumtemperatur lagern, vor Hitze und Licht sch\u00fctzen.<br data-start=\"2883\" data-end=\"2886\" \/>Flasche fest verschlossen und f\u00fcr Kinder unzug\u00e4nglich aufbewahren.<\/p>\n<\/div>\n<\/div>\n<\/div>\n<\/div>\n<\/div>\n<\/div>\n<\/article>\n","protected":false},"excerpt":{"rendered":"<p>Novoral Mundspray 60 ml Wirkstoffe Chlorhexidindigluconat 0,2% w\/v Indikationen Anwendung bei: Mundhygiene und Vorbeugung von bakteriellem Wachstum im Mund Behandlung von Gingivitis, Mundgeschw\u00fcren und leichten oralen Infektionen Reduktion von Zahnbelag und Mundgeruch Dosierung Erwachsene und Kinder (\u00fcber 12 Jahre): 1\u20132 Spr\u00fchst\u00f6\u00dfe in den Mund 2\u20133-mal t\u00e4glich oder nach \u00e4rztlicher Anweisung. Keine gr\u00f6\u00dferen Mengen schlucken; kleine&#8230;<\/p>\n","protected":false},"featured_media":10214,"comment_status":"open","ping_status":"closed","template":"","meta":{"rs_blank_template":"","rs_page_bg_color":"","slide_template_v7":"","_bst_post_transparent":"default","_bst_post_title":"","_bst_post_layout":"default","_bst_post_sidebar_id":"","_bst_post_content_style":"default","_bst_post_vertical_padding":"default","_bst_post_feature":"","_bst_post_feature_position":"","_bst_post_header":false,"_bst_post_footer":false},"product_brand":[],"product_cat":[351,217,309,385],"product_tag":[],"product_brands":[],"class_list":{"0":"post-10215","1":"product","2":"type-product","3":"status-publish","4":"has-post-thumbnail","6":"product_cat-medical-forms","7":"product_cat-medicines","8":"product_cat-sore-throat-treatment","9":"product_cat-oral-spray","11":"first","12":"instock","13":"shipping-taxable","14":"purchasable","15":"product-type-simple","16":"entry","17":"content-bg","18":"loop-entry"},"_links":{"self":[{"href":"https:\/\/nawarpharmacy.com\/de\/wp-json\/wp\/v2\/product\/10215","targetHints":{"allow":["GET"]}}],"collection":[{"href":"https:\/\/nawarpharmacy.com\/de\/wp-json\/wp\/v2\/product"}],"about":[{"href":"https:\/\/nawarpharmacy.com\/de\/wp-json\/wp\/v2\/types\/product"}],"replies":[{"embeddable":true,"href":"https:\/\/nawarpharmacy.com\/de\/wp-json\/wp\/v2\/comments?post=10215"}],"wp:featuredmedia":[{"embeddable":true,"href":"https:\/\/nawarpharmacy.com\/de\/wp-json\/wp\/v2\/media\/10214"}],"wp:attachment":[{"href":"https:\/\/nawarpharmacy.com\/de\/wp-json\/wp\/v2\/media?parent=10215"}],"wp:term":[{"taxonomy":"product_brand","embeddable":true,"href":"https:\/\/nawarpharmacy.com\/de\/wp-json\/wp\/v2\/product_brand?post=10215"},{"taxonomy":"product_cat","embeddable":true,"href":"https:\/\/nawarpharmacy.com\/de\/wp-json\/wp\/v2\/product_cat?post=10215"},{"taxonomy":"product_tag","embeddable":true,"href":"https:\/\/nawarpharmacy.com\/de\/wp-json\/wp\/v2\/product_tag?post=10215"},{"taxonomy":"product_brands","embeddable":true,"href":"https:\/\/nawarpharmacy.com\/de\/wp-json\/wp\/v2\/product_brands?post=10215"}],"curies":[{"name":"wp","href":"https:\/\/api.w.org\/{rel}","templated":true}]}}