{"id":10211,"date":"2025-11-21T12:33:38","date_gmt":"2025-11-21T12:33:38","guid":{"rendered":"https:\/\/nawarpharmacy.com\/?post_type=product&#038;p=10211"},"modified":"2026-02-23T19:03:06","modified_gmt":"2026-02-23T19:03:06","slug":"nystatin-oral-drops-30-ml","status":"publish","type":"product","link":"https:\/\/nawarpharmacy.com\/de\/produkt\/nystatin-oral-drops-30-ml\/","title":{"rendered":"Nystatin Tropfen zum Einnehmen 30 ml"},"content":{"rendered":"<article class=\"text-token-text-primary w-full focus:outline-none [--shadow-height:45px] has-data-writing-block:pointer-events-none has-data-writing-block:-mt-(--shadow-height) has-data-writing-block:pt-(--shadow-height) [&amp;:has([data-writing-block])&gt;*]:pointer-events-auto [content-visibility:auto] supports-[content-visibility:auto]:[contain-intrinsic-size:auto_100lvh] scroll-mt-[calc(var(--header-height)+min(200px,max(70px,20svh)))]\" dir=\"auto\" data-turn-id=\"request-691b06b7-6218-832d-8a14-33a40741db89-35\" data-testid=\"conversation-turn-326\" data-scroll-anchor=\"true\" data-turn=\"assistant\">\n<div class=\"text-base my-auto mx-auto pb-10 [--thread-content-margin:--spacing(4)] thread-sm:[--thread-content-margin:--spacing(6)] thread-lg:[--thread-content-margin:--spacing(16)] px-(--thread-content-margin)\">\n<div class=\"[--thread-content-max-width:40rem] thread-lg:[--thread-content-max-width:48rem] mx-auto max-w-(--thread-content-max-width) flex-1 group\/turn-messages focus-visible:outline-hidden relative flex w-full min-w-0 flex-col agent-turn\">\n<div class=\"flex max-w-full flex-col grow\">\n<div class=\"min-h-8 text-message relative flex w-full flex-col items-end gap-2 text-start break-words whitespace-normal [.text-message+&amp;]:mt-1\" dir=\"auto\" data-message-author-role=\"assistant\" data-message-id=\"ef30f655-5d2d-4486-886a-fe81ab89bf62\" data-message-model-slug=\"gpt-5-mini\">\n<div class=\"flex w-full flex-col gap-1 empty:hidden first:pt-[1px]\">\n<div class=\"markdown prose dark:prose-invert w-full break-words light markdown-new-styling\">\n<p data-start=\"1172\" data-end=\"1212\"><strong data-start=\"1172\" data-end=\"1212\">Nystatin Tropfen zum Einnehmen 30 ml<\/strong><\/p>\n<h3 data-start=\"1214\" data-end=\"1230\">Wirkstoffe<\/h3>\n<p data-start=\"1231\" data-end=\"1257\">Nystatin 100 000 I.E.\/ml<\/p>\n<h3 data-start=\"1259\" data-end=\"1277\">Indikationen<\/h3>\n<p data-start=\"1278\" data-end=\"1294\">Anwendung bei:<\/p>\n<ul data-start=\"1296\" data-end=\"1467\">\n<li data-start=\"1296\" data-end=\"1338\">\n<p data-start=\"1298\" data-end=\"1338\">Behandlung von oraler Candidose (Soor)<\/p>\n<\/li>\n<li data-start=\"1339\" data-end=\"1405\">\n<p data-start=\"1341\" data-end=\"1405\">Pr\u00e4vention von Pilzinfektionen bei immungeschw\u00e4chten Patienten<\/p>\n<\/li>\n<li data-start=\"1406\" data-end=\"1467\">\n<p data-start=\"1408\" data-end=\"1467\">Behandlung von Pilz\u00fcberwucherung im Mund- oder Rachenraum<\/p>\n<\/li>\n<\/ul>\n<h3 data-start=\"1469\" data-end=\"1484\">Dosierung<\/h3>\n<p data-start=\"1486\" data-end=\"1510\">Erwachsene und Kinder:<\/p>\n<p data-start=\"1512\" data-end=\"1579\">1 ml (100 000 I.E.) 4-mal t\u00e4glich oder nach \u00e4rztlicher Anweisung.<\/p>\n<p data-start=\"1581\" data-end=\"1629\">Vor dem Schlucken gr\u00fcndlich im Mund verteilen.<\/p>\n<p data-start=\"1631\" data-end=\"1714\">Die vollst\u00e4ndige Behandlungsdauer einhalten, auch wenn sich die Symptome bessern.<\/p>\n<h3 data-start=\"1716\" data-end=\"1735\">Gegenanzeigen<\/h3>\n<p data-start=\"1737\" data-end=\"1823\">\u00dcberempfindlichkeit gegen Nystatin oder einen sonstigen Bestandteil der Formulierung<\/p>\n<h3 data-start=\"1825\" data-end=\"1845\">Nebenwirkungen<\/h3>\n<p data-start=\"1847\" data-end=\"1961\">Leichte \u00dcbelkeit oder Erbrechen<br data-start=\"1878\" data-end=\"1881\" \/>Magenbeschwerden<br data-start=\"1897\" data-end=\"1900\" \/>Selten: allergische Reaktion, Hautausschlag oder Schwellung<\/p>\n<h3 data-start=\"1963\" data-end=\"1985\">Wechselwirkungen<\/h3>\n<p data-start=\"1987\" data-end=\"2061\">Keine signifikanten systemischen Arzneimittelwechselwirkungen berichtet.<\/p>\n<h3 data-start=\"2063\" data-end=\"2077\">Lagerung<\/h3>\n<p data-start=\"2079\" data-end=\"2194\" data-is-last-node=\"\" data-is-only-node=\"\">Bei Raumtemperatur lagern, vor Licht sch\u00fctzen.<br data-start=\"2125\" data-end=\"2128\" \/>Flasche fest verschlossen und f\u00fcr Kinder unzug\u00e4nglich aufbewahren.<\/p>\n<\/div>\n<\/div>\n<\/div>\n<\/div>\n<\/div>\n<\/div>\n<\/article>\n","protected":false},"excerpt":{"rendered":"<p>Nystatin Tropfen zum Einnehmen 30 ml Wirkstoffe Nystatin 100 000 I.E.\/ml Indikationen Anwendung bei: Behandlung von oraler Candidose (Soor) Pr\u00e4vention von Pilzinfektionen bei immungeschw\u00e4chten Patienten Behandlung von Pilz\u00fcberwucherung im Mund- oder Rachenraum Dosierung Erwachsene und Kinder: 1 ml (100 000 I.E.) 4-mal t\u00e4glich oder nach \u00e4rztlicher Anweisung. Vor dem Schlucken gr\u00fcndlich im Mund verteilen. Die&#8230;<\/p>\n","protected":false},"featured_media":10210,"comment_status":"open","ping_status":"closed","template":"","meta":{"rs_blank_template":"","rs_page_bg_color":"","slide_template_v7":"","_bst_post_transparent":"default","_bst_post_title":"","_bst_post_layout":"default","_bst_post_sidebar_id":"","_bst_post_content_style":"default","_bst_post_vertical_padding":"default","_bst_post_feature":"","_bst_post_feature_position":"","_bst_post_header":false,"_bst_post_footer":false},"product_brand":[],"product_cat":[241,351,217,361],"product_tag":[],"product_brands":[],"class_list":{"0":"post-10211","1":"product","2":"type-product","3":"status-publish","4":"has-post-thumbnail","6":"product_cat-anti-fungal","7":"product_cat-medical-forms","8":"product_cat-medicines","9":"product_cat-oral-drops","11":"first","12":"instock","13":"shipping-taxable","14":"purchasable","15":"product-type-simple","16":"entry","17":"content-bg","18":"loop-entry"},"_links":{"self":[{"href":"https:\/\/nawarpharmacy.com\/de\/wp-json\/wp\/v2\/product\/10211","targetHints":{"allow":["GET"]}}],"collection":[{"href":"https:\/\/nawarpharmacy.com\/de\/wp-json\/wp\/v2\/product"}],"about":[{"href":"https:\/\/nawarpharmacy.com\/de\/wp-json\/wp\/v2\/types\/product"}],"replies":[{"embeddable":true,"href":"https:\/\/nawarpharmacy.com\/de\/wp-json\/wp\/v2\/comments?post=10211"}],"wp:featuredmedia":[{"embeddable":true,"href":"https:\/\/nawarpharmacy.com\/de\/wp-json\/wp\/v2\/media\/10210"}],"wp:attachment":[{"href":"https:\/\/nawarpharmacy.com\/de\/wp-json\/wp\/v2\/media?parent=10211"}],"wp:term":[{"taxonomy":"product_brand","embeddable":true,"href":"https:\/\/nawarpharmacy.com\/de\/wp-json\/wp\/v2\/product_brand?post=10211"},{"taxonomy":"product_cat","embeddable":true,"href":"https:\/\/nawarpharmacy.com\/de\/wp-json\/wp\/v2\/product_cat?post=10211"},{"taxonomy":"product_tag","embeddable":true,"href":"https:\/\/nawarpharmacy.com\/de\/wp-json\/wp\/v2\/product_tag?post=10211"},{"taxonomy":"product_brands","embeddable":true,"href":"https:\/\/nawarpharmacy.com\/de\/wp-json\/wp\/v2\/product_brands?post=10211"}],"curies":[{"name":"wp","href":"https:\/\/api.w.org\/{rel}","templated":true}]}}