{"id":10207,"date":"2025-11-21T12:36:35","date_gmt":"2025-11-21T12:36:35","guid":{"rendered":"https:\/\/nawarpharmacy.com\/?post_type=product&#038;p=10207"},"modified":"2026-02-23T19:02:09","modified_gmt":"2026-02-23T19:02:09","slug":"nevxal-0-1-eye-drops-5ml","status":"publish","type":"product","link":"https:\/\/nawarpharmacy.com\/de\/produkt\/nevxal-0-1-eye-drops-5ml\/","title":{"rendered":"Nevxal 0,1% Augentropfen 5 ml"},"content":{"rendered":"<article class=\"text-token-text-primary w-full focus:outline-none [--shadow-height:45px] has-data-writing-block:pointer-events-none has-data-writing-block:-mt-(--shadow-height) has-data-writing-block:pt-(--shadow-height) [&amp;:has([data-writing-block])&gt;*]:pointer-events-auto [content-visibility:auto] supports-[content-visibility:auto]:[contain-intrinsic-size:auto_100lvh] scroll-mt-[calc(var(--header-height)+min(200px,max(70px,20svh)))]\" dir=\"auto\" data-turn-id=\"request-691b06b7-6218-832d-8a14-33a40741db89-34\" data-testid=\"conversation-turn-324\" data-scroll-anchor=\"true\" data-turn=\"assistant\">\n<div class=\"text-base my-auto mx-auto pb-10 [--thread-content-margin:--spacing(4)] thread-sm:[--thread-content-margin:--spacing(6)] thread-lg:[--thread-content-margin:--spacing(16)] px-(--thread-content-margin)\">\n<div class=\"[--thread-content-max-width:40rem] thread-lg:[--thread-content-max-width:48rem] mx-auto max-w-(--thread-content-max-width) flex-1 group\/turn-messages focus-visible:outline-hidden relative flex w-full min-w-0 flex-col agent-turn\">\n<div class=\"flex max-w-full flex-col grow\">\n<div class=\"min-h-8 text-message relative flex w-full flex-col items-end gap-2 text-start break-words whitespace-normal [.text-message+&amp;]:mt-1\" dir=\"auto\" data-message-author-role=\"assistant\" data-message-id=\"bf0cb90d-7e56-415d-b57b-b2a37ae8b352\" data-message-model-slug=\"gpt-5-mini\">\n<div class=\"flex w-full flex-col gap-1 empty:hidden first:pt-[1px]\">\n<div class=\"markdown prose dark:prose-invert w-full break-words light markdown-new-styling\">\n<div class=\"flex flex-col text-sm pb-25\">\n<article class=\"text-token-text-primary w-full focus:outline-none [--shadow-height:45px] has-data-writing-block:pointer-events-none has-data-writing-block:-mt-(--shadow-height) has-data-writing-block:pt-(--shadow-height) [&amp;:has([data-writing-block])&gt;*]:pointer-events-auto scroll-mt-[calc(var(--header-height)+min(200px,max(70px,20svh)))]\" dir=\"auto\" tabindex=\"-1\" data-turn-id=\"request-WEB:209e3289-63e4-414b-883e-c54fb0e043f1-111\" data-testid=\"conversation-turn-146\" data-scroll-anchor=\"true\" data-turn=\"assistant\">\n<div class=\"text-base my-auto mx-auto pb-10 [--thread-content-margin:--spacing(4)] @w-sm\/main:[--thread-content-margin:--spacing(6)] @w-lg\/main:[--thread-content-margin:--spacing(16)] px-(--thread-content-margin)\">\n<div class=\"[--thread-content-max-width:40rem] @w-lg\/main:[--thread-content-max-width:48rem] mx-auto max-w-(--thread-content-max-width) flex-1 group\/turn-messages focus-visible:outline-hidden relative flex w-full min-w-0 flex-col agent-turn\" tabindex=\"-1\">\n<div class=\"flex max-w-full flex-col grow\">\n<div class=\"min-h-8 text-message relative flex w-full flex-col items-end gap-2 text-start break-words whitespace-normal [.text-message+&amp;]:mt-1\" dir=\"auto\" data-message-author-role=\"assistant\" data-message-id=\"e2da6ecf-435a-432c-bd7c-3eaf3ae93d99\" data-message-model-slug=\"gpt-5-2\">\n<div class=\"flex w-full flex-col gap-1 empty:hidden first:pt-[1px]\">\n<div class=\"markdown prose dark:prose-invert w-full wrap-break-word dark markdown-new-styling\">\n<p data-start=\"1438\" data-end=\"1471\"><strong data-start=\"1438\" data-end=\"1471\">Nevxal 0,1% Augentropfen 5 ml<\/strong><\/p>\n<h3 data-start=\"1473\" data-end=\"1489\">Wirkstoffe<\/h3>\n<p data-start=\"1490\" data-end=\"1510\">Nepafenac 0,1% w\/v<\/p>\n<h3 data-start=\"1512\" data-end=\"1530\">Indikationen<\/h3>\n<p data-start=\"1531\" data-end=\"1547\">Anwendung bei:<\/p>\n<ul data-start=\"1549\" data-end=\"1734\">\n<li data-start=\"1549\" data-end=\"1625\">\n<p data-start=\"1551\" data-end=\"1625\">Linderung von okul\u00e4ren Schmerzen und Entz\u00fcndungen nach Kataraktoperation<\/p>\n<\/li>\n<li data-start=\"1626\" data-end=\"1673\">\n<p data-start=\"1628\" data-end=\"1673\">Behandlung postoperativer Augenentz\u00fcndungen<\/p>\n<\/li>\n<li data-start=\"1674\" data-end=\"1734\">\n<p data-start=\"1676\" data-end=\"1734\">Reduktion von Schmerzen, Schwellung und R\u00f6tung des Auges<\/p>\n<\/li>\n<\/ul>\n<h3 data-start=\"1736\" data-end=\"1751\">Dosierung<\/h3>\n<p data-start=\"1753\" data-end=\"1766\">Erwachsene:<\/p>\n<p data-start=\"1768\" data-end=\"1955\">1 Tropfen 3-mal t\u00e4glich in das\/die betroffene(n) Auge(n) eintropfen, beginnend 1 Tag vor der Operation und fortgesetzt bis zu 2 Wochen nach der Operation oder nach \u00e4rztlicher Anweisung.<\/p>\n<p data-start=\"1957\" data-end=\"2033\">Kontakt der Tropferspitze mit dem Auge oder anderen Oberfl\u00e4chen vermeiden.<\/p>\n<h3 data-start=\"2035\" data-end=\"2054\">Gegenanzeigen<\/h3>\n<p data-start=\"2056\" data-end=\"2254\">\u00dcberempfindlichkeit gegen Nepafenac, andere NSAR oder einen sonstigen Bestandteil der Formulierung<br data-start=\"2154\" data-end=\"2157\" \/>Aktive Augeninfektionen (bakteriell, viral oder mykotisch), sofern nicht entsprechend behandelt<\/p>\n<h3 data-start=\"2256\" data-end=\"2276\">Nebenwirkungen<\/h3>\n<p data-start=\"2278\" data-end=\"2419\">Leichtes Brennen oder Stechen<br data-start=\"2307\" data-end=\"2310\" \/>Augenr\u00f6tung oder -reizung<br data-start=\"2335\" data-end=\"2338\" \/>Verschwommenes Sehen<br data-start=\"2358\" data-end=\"2361\" \/>Selten: allergische Reaktion oder verz\u00f6gerte Wundheilung<\/p>\n<h3 data-start=\"2421\" data-end=\"2443\">Wechselwirkungen<\/h3>\n<p data-start=\"2445\" data-end=\"2588\">Vorsicht bei gleichzeitiger Anwendung anderer ophthalmologischer NSAR.<br data-start=\"2515\" data-end=\"2518\" \/>Bei Anwendung weiterer Augentropfen 10\u201315 Minuten Abstand einhalten.<\/p>\n<h3 data-start=\"2590\" data-end=\"2604\">Lagerung<\/h3>\n<p data-start=\"2606\" data-end=\"2721\" data-is-last-node=\"\" data-is-only-node=\"\">Bei Raumtemperatur lagern, vor Licht sch\u00fctzen.<br data-start=\"2652\" data-end=\"2655\" \/>Flasche fest verschlossen und f\u00fcr Kinder unzug\u00e4nglich aufbewahren.<\/p>\n<\/div>\n<\/div>\n<\/div>\n<\/div>\n<div class=\"z-0 flex min-h-[46px] justify-start\"><\/div>\n<div class=\"mt-3 w-full empty:hidden\">\n<div class=\"text-center\"><\/div>\n<\/div>\n<\/div>\n<\/div>\n<\/article>\n<\/div>\n<div class=\"pointer-events-none h-px w-px absolute bottom-0\" aria-hidden=\"true\" data-edge=\"true\"><\/div>\n<\/div>\n<\/div>\n<\/div>\n<\/div>\n<\/div>\n<\/div>\n<\/article>\n","protected":false},"excerpt":{"rendered":"<p>Nevxal 0,1% Augentropfen 5 ml Wirkstoffe Nepafenac 0,1% w\/v Indikationen Anwendung bei: Linderung von okul\u00e4ren Schmerzen und Entz\u00fcndungen nach Kataraktoperation Behandlung postoperativer Augenentz\u00fcndungen Reduktion von Schmerzen, Schwellung und R\u00f6tung des Auges Dosierung Erwachsene: 1 Tropfen 3-mal t\u00e4glich in das\/die betroffene(n) Auge(n) eintropfen, beginnend 1 Tag vor der Operation und fortgesetzt bis zu 2 Wochen nach&#8230;<\/p>\n","protected":false},"featured_media":10206,"comment_status":"open","ping_status":"closed","template":"","meta":{"rs_blank_template":"","rs_page_bg_color":"","slide_template_v7":"","_bst_post_transparent":"default","_bst_post_title":"","_bst_post_layout":"default","_bst_post_sidebar_id":"","_bst_post_content_style":"default","_bst_post_vertical_padding":"default","_bst_post_feature":"","_bst_post_feature_position":"","_bst_post_header":false,"_bst_post_footer":false},"product_brand":[],"product_cat":[237,371,351,221,217],"product_tag":[],"product_brands":[],"class_list":{"0":"post-10207","1":"product","2":"type-product","3":"status-publish","4":"has-post-thumbnail","6":"product_cat-eye-ear-medications","7":"product_cat-eye-drops","8":"product_cat-medical-forms","9":"product_cat-anti-inflammatory","10":"product_cat-medicines","12":"first","13":"instock","14":"shipping-taxable","15":"purchasable","16":"product-type-simple","17":"entry","18":"content-bg","19":"loop-entry"},"_links":{"self":[{"href":"https:\/\/nawarpharmacy.com\/de\/wp-json\/wp\/v2\/product\/10207","targetHints":{"allow":["GET"]}}],"collection":[{"href":"https:\/\/nawarpharmacy.com\/de\/wp-json\/wp\/v2\/product"}],"about":[{"href":"https:\/\/nawarpharmacy.com\/de\/wp-json\/wp\/v2\/types\/product"}],"replies":[{"embeddable":true,"href":"https:\/\/nawarpharmacy.com\/de\/wp-json\/wp\/v2\/comments?post=10207"}],"wp:featuredmedia":[{"embeddable":true,"href":"https:\/\/nawarpharmacy.com\/de\/wp-json\/wp\/v2\/media\/10206"}],"wp:attachment":[{"href":"https:\/\/nawarpharmacy.com\/de\/wp-json\/wp\/v2\/media?parent=10207"}],"wp:term":[{"taxonomy":"product_brand","embeddable":true,"href":"https:\/\/nawarpharmacy.com\/de\/wp-json\/wp\/v2\/product_brand?post=10207"},{"taxonomy":"product_cat","embeddable":true,"href":"https:\/\/nawarpharmacy.com\/de\/wp-json\/wp\/v2\/product_cat?post=10207"},{"taxonomy":"product_tag","embeddable":true,"href":"https:\/\/nawarpharmacy.com\/de\/wp-json\/wp\/v2\/product_tag?post=10207"},{"taxonomy":"product_brands","embeddable":true,"href":"https:\/\/nawarpharmacy.com\/de\/wp-json\/wp\/v2\/product_brands?post=10207"}],"curies":[{"name":"wp","href":"https:\/\/api.w.org\/{rel}","templated":true}]}}