{"id":10203,"date":"2025-11-21T12:37:27","date_gmt":"2025-11-21T12:37:27","guid":{"rendered":"https:\/\/nawarpharmacy.com\/?post_type=product&#038;p=10203"},"modified":"2026-02-23T19:01:00","modified_gmt":"2026-02-23T19:01:00","slug":"nevxal-forte-0-3-eye-drops-5ml","status":"publish","type":"product","link":"https:\/\/nawarpharmacy.com\/de\/produkt\/nevxal-forte-0-3-eye-drops-5ml\/","title":{"rendered":"Nevxal Forte 0,3% Augentropfen 5 ml"},"content":{"rendered":"<div class=\"flex flex-col text-sm pb-25\">\n<article class=\"text-token-text-primary w-full focus:outline-none [--shadow-height:45px] has-data-writing-block:pointer-events-none has-data-writing-block:-mt-(--shadow-height) has-data-writing-block:pt-(--shadow-height) [&amp;:has([data-writing-block])&gt;*]:pointer-events-auto scroll-mt-[calc(var(--header-height)+min(200px,max(70px,20svh)))]\" dir=\"auto\" tabindex=\"-1\" data-turn-id=\"request-WEB:209e3289-63e4-414b-883e-c54fb0e043f1-110\" data-testid=\"conversation-turn-144\" data-scroll-anchor=\"true\" data-turn=\"assistant\">\n<div class=\"text-base my-auto mx-auto pb-10 [--thread-content-margin:--spacing(4)] @w-sm\/main:[--thread-content-margin:--spacing(6)] @w-lg\/main:[--thread-content-margin:--spacing(16)] px-(--thread-content-margin)\">\n<div class=\"[--thread-content-max-width:40rem] @w-lg\/main:[--thread-content-max-width:48rem] mx-auto max-w-(--thread-content-max-width) flex-1 group\/turn-messages focus-visible:outline-hidden relative flex w-full min-w-0 flex-col agent-turn\" tabindex=\"-1\">\n<div class=\"flex max-w-full flex-col grow\">\n<div class=\"min-h-8 text-message relative flex w-full flex-col items-end gap-2 text-start break-words whitespace-normal [.text-message+&amp;]:mt-1\" dir=\"auto\" data-message-author-role=\"assistant\" data-message-id=\"7291fb43-f248-4d1d-adf6-56c7187a01dc\" data-message-model-slug=\"gpt-5-2\">\n<div class=\"flex w-full flex-col gap-1 empty:hidden first:pt-[1px]\">\n<div class=\"markdown prose dark:prose-invert w-full wrap-break-word dark markdown-new-styling\">\n<p data-start=\"1443\" data-end=\"1482\"><strong data-start=\"1443\" data-end=\"1482\">Nevxal Forte 0,3% Augentropfen 5 ml<\/strong><\/p>\n<h3 data-start=\"1484\" data-end=\"1500\">Wirkstoffe<\/h3>\n<p data-start=\"1501\" data-end=\"1521\">Nepafenac 0,3% w\/v<\/p>\n<h3 data-start=\"1523\" data-end=\"1541\">Indikationen<\/h3>\n<p data-start=\"1542\" data-end=\"1558\">Anwendung bei:<\/p>\n<ul data-start=\"1560\" data-end=\"1745\">\n<li data-start=\"1560\" data-end=\"1636\">\n<p data-start=\"1562\" data-end=\"1636\">Linderung von okul\u00e4ren Schmerzen und Entz\u00fcndungen nach Kataraktoperation<\/p>\n<\/li>\n<li data-start=\"1637\" data-end=\"1684\">\n<p data-start=\"1639\" data-end=\"1684\">Behandlung postoperativer Augenentz\u00fcndungen<\/p>\n<\/li>\n<li data-start=\"1685\" data-end=\"1745\">\n<p data-start=\"1687\" data-end=\"1745\">Reduktion von Schmerzen, Schwellung und R\u00f6tung des Auges<\/p>\n<\/li>\n<\/ul>\n<h3 data-start=\"1747\" data-end=\"1762\">Dosierung<\/h3>\n<p data-start=\"1764\" data-end=\"1777\">Erwachsene:<\/p>\n<p data-start=\"1779\" data-end=\"1967\">1 Tropfen einmal t\u00e4glich in das\/die betroffene(n) Auge(n) eintropfen, beginnend 1 Tag vor der Operation und fortgesetzt bis zu 2 Wochen nach der Operation oder nach \u00e4rztlicher Anweisung.<\/p>\n<p data-start=\"1969\" data-end=\"2045\">Kontakt der Tropferspitze mit dem Auge oder anderen Oberfl\u00e4chen vermeiden.<\/p>\n<h3 data-start=\"2047\" data-end=\"2066\">Gegenanzeigen<\/h3>\n<p data-start=\"2068\" data-end=\"2266\">\u00dcberempfindlichkeit gegen Nepafenac, andere NSAR oder einen sonstigen Bestandteil der Formulierung<br data-start=\"2166\" data-end=\"2169\" \/>Aktive Augeninfektionen (bakteriell, viral oder mykotisch), sofern nicht entsprechend behandelt<\/p>\n<h3 data-start=\"2268\" data-end=\"2288\">Nebenwirkungen<\/h3>\n<p data-start=\"2290\" data-end=\"2431\">Leichtes Brennen oder Stechen<br data-start=\"2319\" data-end=\"2322\" \/>Augenr\u00f6tung oder -reizung<br data-start=\"2347\" data-end=\"2350\" \/>Verschwommenes Sehen<br data-start=\"2370\" data-end=\"2373\" \/>Selten: allergische Reaktion oder verz\u00f6gerte Wundheilung<\/p>\n<h3 data-start=\"2433\" data-end=\"2455\">Wechselwirkungen<\/h3>\n<p data-start=\"2457\" data-end=\"2600\">Vorsicht bei gleichzeitiger Anwendung anderer ophthalmologischer NSAR.<br data-start=\"2527\" data-end=\"2530\" \/>Bei Anwendung weiterer Augentropfen 10\u201315 Minuten Abstand einhalten.<\/p>\n<h3 data-start=\"2602\" data-end=\"2616\">Lagerung<\/h3>\n<p data-start=\"2618\" data-end=\"2733\" data-is-last-node=\"\" data-is-only-node=\"\">Bei Raumtemperatur lagern, vor Licht sch\u00fctzen.<br data-start=\"2664\" data-end=\"2667\" \/>Flasche fest verschlossen und f\u00fcr Kinder unzug\u00e4nglich aufbewahren.<\/p>\n<\/div>\n<\/div>\n<\/div>\n<\/div>\n<\/div>\n<\/div>\n<\/article>\n<\/div>\n","protected":false},"excerpt":{"rendered":"<p>Nevxal Forte 0,3% Augentropfen 5 ml Wirkstoffe Nepafenac 0,3% w\/v Indikationen Anwendung bei: Linderung von okul\u00e4ren Schmerzen und Entz\u00fcndungen nach Kataraktoperation Behandlung postoperativer Augenentz\u00fcndungen Reduktion von Schmerzen, Schwellung und R\u00f6tung des Auges Dosierung Erwachsene: 1 Tropfen einmal t\u00e4glich in das\/die betroffene(n) Auge(n) eintropfen, beginnend 1 Tag vor der Operation und fortgesetzt bis zu 2 Wochen&#8230;<\/p>\n","protected":false},"featured_media":10202,"comment_status":"open","ping_status":"closed","template":"","meta":{"rs_blank_template":"","rs_page_bg_color":"","slide_template_v7":"","_bst_post_transparent":"default","_bst_post_title":"","_bst_post_layout":"default","_bst_post_sidebar_id":"","_bst_post_content_style":"default","_bst_post_vertical_padding":"default","_bst_post_feature":"","_bst_post_feature_position":"","_bst_post_header":false,"_bst_post_footer":false},"product_brand":[],"product_cat":[237,371,351,221,217],"product_tag":[],"product_brands":[],"class_list":{"0":"post-10203","1":"product","2":"type-product","3":"status-publish","4":"has-post-thumbnail","6":"product_cat-eye-ear-medications","7":"product_cat-eye-drops","8":"product_cat-medical-forms","9":"product_cat-anti-inflammatory","10":"product_cat-medicines","12":"first","13":"instock","14":"shipping-taxable","15":"purchasable","16":"product-type-simple","17":"entry","18":"content-bg","19":"loop-entry"},"_links":{"self":[{"href":"https:\/\/nawarpharmacy.com\/de\/wp-json\/wp\/v2\/product\/10203","targetHints":{"allow":["GET"]}}],"collection":[{"href":"https:\/\/nawarpharmacy.com\/de\/wp-json\/wp\/v2\/product"}],"about":[{"href":"https:\/\/nawarpharmacy.com\/de\/wp-json\/wp\/v2\/types\/product"}],"replies":[{"embeddable":true,"href":"https:\/\/nawarpharmacy.com\/de\/wp-json\/wp\/v2\/comments?post=10203"}],"wp:featuredmedia":[{"embeddable":true,"href":"https:\/\/nawarpharmacy.com\/de\/wp-json\/wp\/v2\/media\/10202"}],"wp:attachment":[{"href":"https:\/\/nawarpharmacy.com\/de\/wp-json\/wp\/v2\/media?parent=10203"}],"wp:term":[{"taxonomy":"product_brand","embeddable":true,"href":"https:\/\/nawarpharmacy.com\/de\/wp-json\/wp\/v2\/product_brand?post=10203"},{"taxonomy":"product_cat","embeddable":true,"href":"https:\/\/nawarpharmacy.com\/de\/wp-json\/wp\/v2\/product_cat?post=10203"},{"taxonomy":"product_tag","embeddable":true,"href":"https:\/\/nawarpharmacy.com\/de\/wp-json\/wp\/v2\/product_tag?post=10203"},{"taxonomy":"product_brands","embeddable":true,"href":"https:\/\/nawarpharmacy.com\/de\/wp-json\/wp\/v2\/product_brands?post=10203"}],"curies":[{"name":"wp","href":"https:\/\/api.w.org\/{rel}","templated":true}]}}