{"id":10199,"date":"2025-11-21T12:39:51","date_gmt":"2025-11-21T12:39:51","guid":{"rendered":"https:\/\/nawarpharmacy.com\/?post_type=product&#038;p=10199"},"modified":"2026-02-23T19:00:08","modified_gmt":"2026-02-23T19:00:08","slug":"nicorette-quickmist-1mg-oral-spray-13-2ml","status":"publish","type":"product","link":"https:\/\/nawarpharmacy.com\/de\/produkt\/nicorette-quickmist-1mg-oral-spray-13-2ml\/","title":{"rendered":"Nicorette QuickMist 1 mg Mundspray 13,2 ml"},"content":{"rendered":"<article class=\"text-token-text-primary w-full focus:outline-none [--shadow-height:45px] has-data-writing-block:pointer-events-none has-data-writing-block:-mt-(--shadow-height) has-data-writing-block:pt-(--shadow-height) [&amp;:has([data-writing-block])&gt;*]:pointer-events-auto [content-visibility:auto] supports-[content-visibility:auto]:[contain-intrinsic-size:auto_100lvh] scroll-mt-[calc(var(--header-height)+min(200px,max(70px,20svh)))]\" dir=\"auto\" data-turn-id=\"request-691b06b7-6218-832d-8a14-33a40741db89-32\" data-testid=\"conversation-turn-320\" data-scroll-anchor=\"true\" data-turn=\"assistant\">\n<div class=\"text-base my-auto mx-auto pb-10 [--thread-content-margin:--spacing(4)] thread-sm:[--thread-content-margin:--spacing(6)] thread-lg:[--thread-content-margin:--spacing(16)] px-(--thread-content-margin)\">\n<div class=\"[--thread-content-max-width:40rem] thread-lg:[--thread-content-max-width:48rem] mx-auto max-w-(--thread-content-max-width) flex-1 group\/turn-messages focus-visible:outline-hidden relative flex w-full min-w-0 flex-col agent-turn\">\n<div class=\"flex max-w-full flex-col grow\">\n<div class=\"min-h-8 text-message relative flex w-full flex-col items-end gap-2 text-start break-words whitespace-normal [.text-message+&amp;]:mt-1\" dir=\"auto\" data-message-author-role=\"assistant\" data-message-id=\"0447d079-a78d-4a59-894c-e9d4902f935b\" data-message-model-slug=\"gpt-5-mini\">\n<div class=\"flex w-full flex-col gap-1 empty:hidden first:pt-[1px]\">\n<div class=\"markdown prose dark:prose-invert w-full break-words light markdown-new-styling\">\n<p data-start=\"1595\" data-end=\"1641\"><strong data-start=\"1595\" data-end=\"1641\">Nicorette QuickMist 1 mg Mundspray 13,2 ml<\/strong><\/p>\n<h3 data-start=\"1643\" data-end=\"1659\">Wirkstoffe<\/h3>\n<p data-start=\"1660\" data-end=\"1688\">Nikotin 1 mg pro Spr\u00fchsto\u00df<\/p>\n<h3 data-start=\"1690\" data-end=\"1708\">Indikationen<\/h3>\n<p data-start=\"1709\" data-end=\"1725\">Anwendung bei:<\/p>\n<ul data-start=\"1727\" data-end=\"1880\">\n<li data-start=\"1727\" data-end=\"1770\">\n<p data-start=\"1729\" data-end=\"1770\">Unterst\u00fctzung bei der Raucherentw\u00f6hnung<\/p>\n<\/li>\n<li data-start=\"1771\" data-end=\"1880\">\n<p data-start=\"1773\" data-end=\"1880\">Linderung von Nikotinverlangen und Entzugssymptomen bei Erwachsenen, die mit dem Rauchen aufh\u00f6ren m\u00f6chten<\/p>\n<\/li>\n<\/ul>\n<h3 data-start=\"1882\" data-end=\"1897\">Dosierung<\/h3>\n<p data-start=\"1899\" data-end=\"1912\">Erwachsene:<\/p>\n<p data-start=\"1914\" data-end=\"1968\">1 Spr\u00fchsto\u00df in den Mund bei Auftreten von Verlangen.<\/p>\n<p data-start=\"1970\" data-end=\"2080\">\u00dcbliche Anwendung: 1\u20132 Spr\u00fchst\u00f6\u00dfe pro Verlangen, maximal 15 Spr\u00fchst\u00f6\u00dfe pro Stunde und 64 Spr\u00fchst\u00f6\u00dfe pro Tag.<\/p>\n<p data-start=\"2082\" data-end=\"2130\">Die empfohlene Tagesdosis nicht \u00fcberschreiten.<\/p>\n<p data-start=\"2132\" data-end=\"2210\">Dosis \u00fcber 12 Wochen schrittweise reduzieren oder nach \u00e4rztlicher Anweisung.<\/p>\n<h3 data-start=\"2212\" data-end=\"2231\">Gegenanzeigen<\/h3>\n<p data-start=\"2233\" data-end=\"2522\">\u00dcberempfindlichkeit gegen Nikotin oder einen sonstigen Bestandteil der Formulierung<br data-start=\"2316\" data-end=\"2319\" \/>K\u00fcrzlich erlittener Herzinfarkt, instabile Angina pectoris oder schwere Arrhythmie (nur unter \u00e4rztlicher Aufsicht anwenden)<br data-start=\"2442\" data-end=\"2445\" \/>Schwangerschaft und Stillzeit, sofern nicht ausdr\u00fccklich \u00e4rztlich verordnet<\/p>\n<h3 data-start=\"2524\" data-end=\"2544\">Nebenwirkungen<\/h3>\n<p data-start=\"2546\" data-end=\"2665\">Leichte Reizung im Rachen<br data-start=\"2571\" data-end=\"2574\" \/>Husten<br data-start=\"2580\" data-end=\"2583\" \/>Schluckauf<br data-start=\"2593\" data-end=\"2596\" \/>Schwindel oder \u00dcbelkeit<br data-start=\"2619\" data-end=\"2622\" \/>Selten: allergische Reaktion, Herzklopfen<\/p>\n<h3 data-start=\"2667\" data-end=\"2689\">Wechselwirkungen<\/h3>\n<p data-start=\"2691\" data-end=\"2874\">Vorsicht bei gleichzeitiger Anwendung anderer nikotinhaltiger Produkte.<br data-start=\"2762\" data-end=\"2765\" \/>\u00dcberwachung empfohlen bei Einnahme von Arzneimitteln gegen Herzerkrankungen, Bluthochdruck oder Depression.<\/p>\n<h3 data-start=\"2876\" data-end=\"2890\">Lagerung<\/h3>\n<p data-start=\"2892\" data-end=\"3021\" data-is-last-node=\"\" data-is-only-node=\"\">Bei Raumtemperatur lagern, vor Hitze und Sonnenlicht sch\u00fctzen.<br data-start=\"2954\" data-end=\"2957\" \/>Spray fest verschlossen und f\u00fcr Kinder unzug\u00e4nglich aufbewahren.<\/p>\n<\/div>\n<\/div>\n<\/div>\n<\/div>\n<\/div>\n<\/div>\n<\/article>\n","protected":false},"excerpt":{"rendered":"<p>Nicorette QuickMist 1 mg Mundspray 13,2 ml Wirkstoffe Nikotin 1 mg pro Spr\u00fchsto\u00df Indikationen Anwendung bei: Unterst\u00fctzung bei der Raucherentw\u00f6hnung Linderung von Nikotinverlangen und Entzugssymptomen bei Erwachsenen, die mit dem Rauchen aufh\u00f6ren m\u00f6chten Dosierung Erwachsene: 1 Spr\u00fchsto\u00df in den Mund bei Auftreten von Verlangen. \u00dcbliche Anwendung: 1\u20132 Spr\u00fchst\u00f6\u00dfe pro Verlangen, maximal 15 Spr\u00fchst\u00f6\u00dfe pro Stunde&#8230;<\/p>\n","protected":false},"featured_media":10198,"comment_status":"open","ping_status":"closed","template":"","meta":{"rs_blank_template":"","rs_page_bg_color":"","slide_template_v7":"","_bst_post_transparent":"default","_bst_post_title":"","_bst_post_layout":"default","_bst_post_sidebar_id":"","_bst_post_content_style":"default","_bst_post_vertical_padding":"default","_bst_post_feature":"","_bst_post_feature_position":"","_bst_post_header":false,"_bst_post_footer":false},"product_brand":[],"product_cat":[351,385],"product_tag":[],"product_brands":[],"class_list":{"0":"post-10199","1":"product","2":"type-product","3":"status-publish","4":"has-post-thumbnail","6":"product_cat-medical-forms","7":"product_cat-oral-spray","9":"first","10":"instock","11":"shipping-taxable","12":"purchasable","13":"product-type-simple","14":"entry","15":"content-bg","16":"loop-entry"},"_links":{"self":[{"href":"https:\/\/nawarpharmacy.com\/de\/wp-json\/wp\/v2\/product\/10199","targetHints":{"allow":["GET"]}}],"collection":[{"href":"https:\/\/nawarpharmacy.com\/de\/wp-json\/wp\/v2\/product"}],"about":[{"href":"https:\/\/nawarpharmacy.com\/de\/wp-json\/wp\/v2\/types\/product"}],"replies":[{"embeddable":true,"href":"https:\/\/nawarpharmacy.com\/de\/wp-json\/wp\/v2\/comments?post=10199"}],"wp:featuredmedia":[{"embeddable":true,"href":"https:\/\/nawarpharmacy.com\/de\/wp-json\/wp\/v2\/media\/10198"}],"wp:attachment":[{"href":"https:\/\/nawarpharmacy.com\/de\/wp-json\/wp\/v2\/media?parent=10199"}],"wp:term":[{"taxonomy":"product_brand","embeddable":true,"href":"https:\/\/nawarpharmacy.com\/de\/wp-json\/wp\/v2\/product_brand?post=10199"},{"taxonomy":"product_cat","embeddable":true,"href":"https:\/\/nawarpharmacy.com\/de\/wp-json\/wp\/v2\/product_cat?post=10199"},{"taxonomy":"product_tag","embeddable":true,"href":"https:\/\/nawarpharmacy.com\/de\/wp-json\/wp\/v2\/product_tag?post=10199"},{"taxonomy":"product_brands","embeddable":true,"href":"https:\/\/nawarpharmacy.com\/de\/wp-json\/wp\/v2\/product_brands?post=10199"}],"curies":[{"name":"wp","href":"https:\/\/api.w.org\/{rel}","templated":true}]}}