{"id":10196,"date":"2025-11-21T12:41:33","date_gmt":"2025-11-21T12:41:33","guid":{"rendered":"https:\/\/nawarpharmacy.com\/?post_type=product&#038;p=10196"},"modified":"2026-02-23T18:59:05","modified_gmt":"2026-02-23T18:59:05","slug":"nail-15-lotion-15ml","status":"publish","type":"product","link":"https:\/\/nawarpharmacy.com\/de\/produkt\/nail-15-lotion-15ml\/","title":{"rendered":"Nail 15 Lotion 15 ml"},"content":{"rendered":"<article class=\"text-token-text-primary w-full focus:outline-none [--shadow-height:45px] has-data-writing-block:pointer-events-none has-data-writing-block:-mt-(--shadow-height) has-data-writing-block:pt-(--shadow-height) [&amp;:has([data-writing-block])&gt;*]:pointer-events-auto [content-visibility:auto] supports-[content-visibility:auto]:[contain-intrinsic-size:auto_100lvh] scroll-mt-[calc(var(--header-height)+min(200px,max(70px,20svh)))]\" dir=\"auto\" data-turn-id=\"request-691b06b7-6218-832d-8a14-33a40741db89-31\" data-testid=\"conversation-turn-318\" data-scroll-anchor=\"true\" data-turn=\"assistant\">\n<div class=\"text-base my-auto mx-auto pb-10 [--thread-content-margin:--spacing(4)] thread-sm:[--thread-content-margin:--spacing(6)] thread-lg:[--thread-content-margin:--spacing(16)] px-(--thread-content-margin)\">\n<div class=\"[--thread-content-max-width:40rem] thread-lg:[--thread-content-max-width:48rem] mx-auto max-w-(--thread-content-max-width) flex-1 group\/turn-messages focus-visible:outline-hidden relative flex w-full min-w-0 flex-col agent-turn\">\n<div class=\"flex max-w-full flex-col grow\">\n<div class=\"min-h-8 text-message relative flex w-full flex-col items-end gap-2 text-start break-words whitespace-normal [.text-message+&amp;]:mt-1\" dir=\"auto\" data-message-author-role=\"assistant\" data-message-id=\"76c6321c-45d1-4f81-bd6d-b96b7636767e\" data-message-model-slug=\"gpt-5-mini\">\n<div class=\"flex w-full flex-col gap-1 empty:hidden first:pt-[1px]\">\n<div class=\"markdown prose dark:prose-invert w-full break-words light markdown-new-styling\">\n<p data-start=\"1263\" data-end=\"1287\"><strong data-start=\"1263\" data-end=\"1287\">Nail 15 Lotion 15 ml<\/strong><\/p>\n<h3 data-start=\"1289\" data-end=\"1305\">Wirkstoffe<\/h3>\n<p data-start=\"1306\" data-end=\"1325\">Harnstoff 15% w\/v<\/p>\n<h3 data-start=\"1327\" data-end=\"1345\">Indikationen<\/h3>\n<p data-start=\"1346\" data-end=\"1362\">Anwendung bei:<\/p>\n<ul data-start=\"1364\" data-end=\"1546\">\n<li data-start=\"1364\" data-end=\"1434\">\n<p data-start=\"1366\" data-end=\"1434\">Erweichung und Befeuchtung verdickter, rauer oder verhornter N\u00e4gel<\/p>\n<\/li>\n<li data-start=\"1435\" data-end=\"1494\">\n<p data-start=\"1437\" data-end=\"1494\">Behandlung trockener, br\u00fcchiger oder gesch\u00e4digter N\u00e4gel<\/p>\n<\/li>\n<li data-start=\"1495\" data-end=\"1546\">\n<p data-start=\"1497\" data-end=\"1546\">Unterst\u00fctzung der Nagelhydratation und Gl\u00e4ttung<\/p>\n<\/li>\n<\/ul>\n<h3 data-start=\"1548\" data-end=\"1563\">Dosierung<\/h3>\n<p data-start=\"1565\" data-end=\"1605\">Erwachsene und Kinder (\u00fcber 12 Jahre):<\/p>\n<p data-start=\"1607\" data-end=\"1721\">Eine d\u00fcnne Schicht ein- oder zweimal t\u00e4glich auf die betroffenen N\u00e4gel auftragen oder nach \u00e4rztlicher Anweisung.<\/p>\n<p data-start=\"1723\" data-end=\"1775\">Sanft einmassieren, bis die Lotion eingezogen ist.<\/p>\n<p data-start=\"1777\" data-end=\"1853\">Nach der Anwendung H\u00e4nde waschen, sofern nicht die H\u00e4nde behandelt werden.<\/p>\n<h3 data-start=\"1855\" data-end=\"1874\">Gegenanzeigen<\/h3>\n<p data-start=\"1876\" data-end=\"2026\">\u00dcberempfindlichkeit gegen Harnstoff oder einen sonstigen Bestandteil der Formulierung<br data-start=\"1961\" data-end=\"1964\" \/>Offene Wunden oder infizierte N\u00e4gel ohne \u00e4rztliche Anweisung<\/p>\n<h3 data-start=\"2028\" data-end=\"2048\">Nebenwirkungen<\/h3>\n<p data-start=\"2050\" data-end=\"2133\">Leichte Reizung oder R\u00f6tung<br data-start=\"2077\" data-end=\"2080\" \/>Brennen oder Stechen<br data-start=\"2100\" data-end=\"2103\" \/>Selten: allergische Reaktion<\/p>\n<h3 data-start=\"2135\" data-end=\"2157\">Wechselwirkungen<\/h3>\n<p data-start=\"2159\" data-end=\"2235\">Bei topischer Anwendung sind keine signifikanten Wechselwirkungen bekannt.<\/p>\n<h3 data-start=\"2237\" data-end=\"2251\">Lagerung<\/h3>\n<p data-start=\"2253\" data-end=\"2384\" data-is-last-node=\"\" data-is-only-node=\"\">Bei Raumtemperatur lagern, vor Hitze und Sonnenlicht sch\u00fctzen.<br data-start=\"2315\" data-end=\"2318\" \/>Flasche fest verschlossen und f\u00fcr Kinder unzug\u00e4nglich aufbewahren.<\/p>\n<\/div>\n<\/div>\n<\/div>\n<\/div>\n<\/div>\n<\/div>\n<\/article>\n","protected":false},"excerpt":{"rendered":"<p>Nail 15 Lotion 15 ml Wirkstoffe Harnstoff 15% w\/v Indikationen Anwendung bei: Erweichung und Befeuchtung verdickter, rauer oder verhornter N\u00e4gel Behandlung trockener, br\u00fcchiger oder gesch\u00e4digter N\u00e4gel Unterst\u00fctzung der Nagelhydratation und Gl\u00e4ttung Dosierung Erwachsene und Kinder (\u00fcber 12 Jahre): Eine d\u00fcnne Schicht ein- oder zweimal t\u00e4glich auf die betroffenen N\u00e4gel auftragen oder nach \u00e4rztlicher Anweisung. Sanft&#8230;<\/p>\n","protected":false},"featured_media":7773,"comment_status":"open","ping_status":"closed","template":"","meta":{"rs_blank_template":"","rs_page_bg_color":"","slide_template_v7":"","_bst_post_transparent":"default","_bst_post_title":"","_bst_post_layout":"default","_bst_post_sidebar_id":"","_bst_post_content_style":"default","_bst_post_vertical_padding":"default","_bst_post_feature":"","_bst_post_feature_position":"","_bst_post_header":false,"_bst_post_footer":false},"product_brand":[],"product_cat":[217,413,215],"product_tag":[],"product_brands":[],"class_list":{"0":"post-10196","1":"product","2":"type-product","3":"status-publish","4":"has-post-thumbnail","6":"product_cat-medicines","7":"product_cat-hair-nails-medications","8":"product_cat-medical-health-care","10":"first","11":"instock","12":"shipping-taxable","13":"purchasable","14":"product-type-simple","15":"entry","16":"content-bg","17":"loop-entry"},"_links":{"self":[{"href":"https:\/\/nawarpharmacy.com\/de\/wp-json\/wp\/v2\/product\/10196","targetHints":{"allow":["GET"]}}],"collection":[{"href":"https:\/\/nawarpharmacy.com\/de\/wp-json\/wp\/v2\/product"}],"about":[{"href":"https:\/\/nawarpharmacy.com\/de\/wp-json\/wp\/v2\/types\/product"}],"replies":[{"embeddable":true,"href":"https:\/\/nawarpharmacy.com\/de\/wp-json\/wp\/v2\/comments?post=10196"}],"wp:featuredmedia":[{"embeddable":true,"href":"https:\/\/nawarpharmacy.com\/de\/wp-json\/wp\/v2\/media\/7773"}],"wp:attachment":[{"href":"https:\/\/nawarpharmacy.com\/de\/wp-json\/wp\/v2\/media?parent=10196"}],"wp:term":[{"taxonomy":"product_brand","embeddable":true,"href":"https:\/\/nawarpharmacy.com\/de\/wp-json\/wp\/v2\/product_brand?post=10196"},{"taxonomy":"product_cat","embeddable":true,"href":"https:\/\/nawarpharmacy.com\/de\/wp-json\/wp\/v2\/product_cat?post=10196"},{"taxonomy":"product_tag","embeddable":true,"href":"https:\/\/nawarpharmacy.com\/de\/wp-json\/wp\/v2\/product_tag?post=10196"},{"taxonomy":"product_brands","embeddable":true,"href":"https:\/\/nawarpharmacy.com\/de\/wp-json\/wp\/v2\/product_brands?post=10196"}],"curies":[{"name":"wp","href":"https:\/\/api.w.org\/{rel}","templated":true}]}}