{"id":10192,"date":"2025-11-21T12:43:17","date_gmt":"2025-11-21T12:43:17","guid":{"rendered":"https:\/\/nawarpharmacy.com\/?post_type=product&#038;p=10192"},"modified":"2026-02-23T18:57:35","modified_gmt":"2026-02-23T18:57:35","slug":"hyfresh-0-2-eye-drops-10-ml","status":"publish","type":"product","link":"https:\/\/nawarpharmacy.com\/de\/produkt\/hyfresh-0-2-eye-drops-10-ml\/","title":{"rendered":"Hyfresh 0,2% Augentropfen 10 ml"},"content":{"rendered":"<div class=\"flex flex-col text-sm pb-25\">\n<article class=\"text-token-text-primary w-full focus:outline-none [--shadow-height:45px] has-data-writing-block:pointer-events-none has-data-writing-block:-mt-(--shadow-height) has-data-writing-block:pt-(--shadow-height) [&amp;:has([data-writing-block])&gt;*]:pointer-events-auto scroll-mt-[calc(var(--header-height)+min(200px,max(70px,20svh)))]\" dir=\"auto\" tabindex=\"-1\" data-turn-id=\"request-WEB:209e3289-63e4-414b-883e-c54fb0e043f1-107\" data-testid=\"conversation-turn-138\" data-scroll-anchor=\"true\" data-turn=\"assistant\">\n<div class=\"text-base my-auto mx-auto pb-10 [--thread-content-margin:--spacing(4)] @w-sm\/main:[--thread-content-margin:--spacing(6)] @w-lg\/main:[--thread-content-margin:--spacing(16)] px-(--thread-content-margin)\">\n<div class=\"[--thread-content-max-width:40rem] @w-lg\/main:[--thread-content-max-width:48rem] mx-auto max-w-(--thread-content-max-width) flex-1 group\/turn-messages focus-visible:outline-hidden relative flex w-full min-w-0 flex-col agent-turn\" tabindex=\"-1\">\n<div class=\"flex max-w-full flex-col grow\">\n<div class=\"min-h-8 text-message relative flex w-full flex-col items-end gap-2 text-start break-words whitespace-normal [.text-message+&amp;]:mt-1\" dir=\"auto\" data-message-author-role=\"assistant\" data-message-id=\"ba575cf8-963b-47e3-9794-6c7b30cd35c1\" data-message-model-slug=\"gpt-5-2\">\n<div class=\"flex w-full flex-col gap-1 empty:hidden first:pt-[1px]\">\n<div class=\"markdown prose dark:prose-invert w-full wrap-break-word dark markdown-new-styling\">\n<p data-start=\"1268\" data-end=\"1303\"><strong data-start=\"1268\" data-end=\"1303\">Hyfresh 0,2% Augentropfen 10 ml<\/strong><\/p>\n<h3 data-start=\"1305\" data-end=\"1321\">Wirkstoffe<\/h3>\n<p data-start=\"1322\" data-end=\"1350\">Natriumhyaluronat 0,2% w\/v<\/p>\n<h3 data-start=\"1352\" data-end=\"1370\">Indikationen<\/h3>\n<p data-start=\"1371\" data-end=\"1387\">Anwendung bei:<\/p>\n<ul data-start=\"1389\" data-end=\"1570\">\n<li data-start=\"1389\" data-end=\"1441\">\n<p data-start=\"1391\" data-end=\"1441\">Linderung von trockenen Augen und Augenreizungen<\/p>\n<\/li>\n<li data-start=\"1442\" data-end=\"1498\">\n<p data-start=\"1444\" data-end=\"1498\">Befeuchtung und Hydratation bei Kontaktlinsentr\u00e4gern<\/p>\n<\/li>\n<li data-start=\"1499\" data-end=\"1570\">\n<p data-start=\"1501\" data-end=\"1570\">Minderung von R\u00f6tung, Brennen und Beschwerden durch Umwelteinfl\u00fcsse<\/p>\n<\/li>\n<\/ul>\n<h3 data-start=\"1572\" data-end=\"1587\">Dosierung<\/h3>\n<p data-start=\"1589\" data-end=\"1628\">Erwachsene und Kinder (\u00fcber 2 Jahre):<\/p>\n<p data-start=\"1630\" data-end=\"1724\">1\u20132 Tropfen in das\/die betroffene(n) Auge(n) 3\u20134-mal t\u00e4glich oder nach \u00e4rztlicher Anweisung.<\/p>\n<p data-start=\"1726\" data-end=\"1776\">Bei Bedarf kann die Anwendung h\u00e4ufiger erfolgen.<\/p>\n<h3 data-start=\"1778\" data-end=\"1797\">Gegenanzeigen<\/h3>\n<p data-start=\"1799\" data-end=\"1894\">\u00dcberempfindlichkeit gegen Natriumhyaluronat oder einen sonstigen Bestandteil der Formulierung<\/p>\n<h3 data-start=\"1896\" data-end=\"1916\">Nebenwirkungen<\/h3>\n<p data-start=\"1918\" data-end=\"2035\">Leichtes Stechen oder Brennen bei der Anwendung<br data-start=\"1965\" data-end=\"1968\" \/>Vor\u00fcbergehende verschwommene Sicht<br data-start=\"2002\" data-end=\"2005\" \/>Selten: allergische Reaktion<\/p>\n<h3 data-start=\"2037\" data-end=\"2059\">Wechselwirkungen<\/h3>\n<p data-start=\"2061\" data-end=\"2221\">Keine signifikanten Wechselwirkungen berichtet.<br data-start=\"2108\" data-end=\"2111\" \/>Bei Anwendung anderer Augentropfen 10\u201315 Minuten Abstand zwischen den verschiedenen Arzneimitteln einhalten.<\/p>\n<h3 data-start=\"2223\" data-end=\"2237\">Lagerung<\/h3>\n<p data-start=\"2239\" data-end=\"2364\" data-is-last-node=\"\" data-is-only-node=\"\">Bei Raumtemperatur lagern, vor Hitze und Licht sch\u00fctzen.<br data-start=\"2295\" data-end=\"2298\" \/>Flasche fest verschlossen und f\u00fcr Kinder unzug\u00e4nglich aufbewahren.<\/p>\n<\/div>\n<\/div>\n<\/div>\n<\/div>\n<\/div>\n<\/div>\n<\/article>\n<\/div>\n","protected":false},"excerpt":{"rendered":"<p>Hyfresh 0,2% Augentropfen 10 ml Wirkstoffe Natriumhyaluronat 0,2% w\/v Indikationen Anwendung bei: Linderung von trockenen Augen und Augenreizungen Befeuchtung und Hydratation bei Kontaktlinsentr\u00e4gern Minderung von R\u00f6tung, Brennen und Beschwerden durch Umwelteinfl\u00fcsse Dosierung Erwachsene und Kinder (\u00fcber 2 Jahre): 1\u20132 Tropfen in das\/die betroffene(n) Auge(n) 3\u20134-mal t\u00e4glich oder nach \u00e4rztlicher Anweisung. Bei Bedarf kann die Anwendung&#8230;<\/p>\n","protected":false},"featured_media":10191,"comment_status":"open","ping_status":"closed","template":"","meta":{"rs_blank_template":"","rs_page_bg_color":"","slide_template_v7":"","_bst_post_transparent":"default","_bst_post_title":"","_bst_post_layout":"default","_bst_post_sidebar_id":"","_bst_post_content_style":"default","_bst_post_vertical_padding":"default","_bst_post_feature":"","_bst_post_feature_position":"","_bst_post_header":false,"_bst_post_footer":false},"product_brand":[],"product_cat":[237,371,217,269],"product_tag":[],"product_brands":[],"class_list":{"0":"post-10192","1":"product","2":"type-product","3":"status-publish","4":"has-post-thumbnail","6":"product_cat-eye-ear-medications","7":"product_cat-eye-drops","8":"product_cat-medicines","9":"product_cat-dry-eye","11":"first","12":"instock","13":"shipping-taxable","14":"purchasable","15":"product-type-simple","16":"entry","17":"content-bg","18":"loop-entry"},"_links":{"self":[{"href":"https:\/\/nawarpharmacy.com\/de\/wp-json\/wp\/v2\/product\/10192","targetHints":{"allow":["GET"]}}],"collection":[{"href":"https:\/\/nawarpharmacy.com\/de\/wp-json\/wp\/v2\/product"}],"about":[{"href":"https:\/\/nawarpharmacy.com\/de\/wp-json\/wp\/v2\/types\/product"}],"replies":[{"embeddable":true,"href":"https:\/\/nawarpharmacy.com\/de\/wp-json\/wp\/v2\/comments?post=10192"}],"wp:featuredmedia":[{"embeddable":true,"href":"https:\/\/nawarpharmacy.com\/de\/wp-json\/wp\/v2\/media\/10191"}],"wp:attachment":[{"href":"https:\/\/nawarpharmacy.com\/de\/wp-json\/wp\/v2\/media?parent=10192"}],"wp:term":[{"taxonomy":"product_brand","embeddable":true,"href":"https:\/\/nawarpharmacy.com\/de\/wp-json\/wp\/v2\/product_brand?post=10192"},{"taxonomy":"product_cat","embeddable":true,"href":"https:\/\/nawarpharmacy.com\/de\/wp-json\/wp\/v2\/product_cat?post=10192"},{"taxonomy":"product_tag","embeddable":true,"href":"https:\/\/nawarpharmacy.com\/de\/wp-json\/wp\/v2\/product_tag?post=10192"},{"taxonomy":"product_brands","embeddable":true,"href":"https:\/\/nawarpharmacy.com\/de\/wp-json\/wp\/v2\/product_brands?post=10192"}],"curies":[{"name":"wp","href":"https:\/\/api.w.org\/{rel}","templated":true}]}}