{"id":10188,"date":"2025-11-21T12:44:25","date_gmt":"2025-11-21T12:44:25","guid":{"rendered":"https:\/\/nawarpharmacy.com\/?post_type=product&#038;p=10188"},"modified":"2026-02-23T18:56:39","modified_gmt":"2026-02-23T18:56:39","slug":"hyacarenol-eye-drops-10ml","status":"publish","type":"product","link":"https:\/\/nawarpharmacy.com\/de\/produkt\/hyacarenol-eye-drops-10ml\/","title":{"rendered":"Hyacarenol Augentropfen 10 ml"},"content":{"rendered":"<article class=\"text-token-text-primary w-full focus:outline-none [--shadow-height:45px] has-data-writing-block:pointer-events-none has-data-writing-block:-mt-(--shadow-height) has-data-writing-block:pt-(--shadow-height) [&amp;:has([data-writing-block])&gt;*]:pointer-events-auto [content-visibility:auto] supports-[content-visibility:auto]:[contain-intrinsic-size:auto_100lvh] scroll-mt-[calc(var(--header-height)+min(200px,max(70px,20svh)))]\" dir=\"auto\" data-turn-id=\"request-691b06b7-6218-832d-8a14-33a40741db89-29\" data-testid=\"conversation-turn-314\" data-scroll-anchor=\"true\" data-turn=\"assistant\">\n<div class=\"text-base my-auto mx-auto pb-10 [--thread-content-margin:--spacing(4)] thread-sm:[--thread-content-margin:--spacing(6)] thread-lg:[--thread-content-margin:--spacing(16)] px-(--thread-content-margin)\">\n<div class=\"[--thread-content-max-width:40rem] thread-lg:[--thread-content-max-width:48rem] mx-auto max-w-(--thread-content-max-width) flex-1 group\/turn-messages focus-visible:outline-hidden relative flex w-full min-w-0 flex-col agent-turn\">\n<div class=\"flex max-w-full flex-col grow\">\n<div class=\"min-h-8 text-message relative flex w-full flex-col items-end gap-2 text-start break-words whitespace-normal [.text-message+&amp;]:mt-1\" dir=\"auto\" data-message-author-role=\"assistant\" data-message-id=\"e78ed0e0-ed72-4d9c-8d2b-5be87163f034\" data-message-model-slug=\"gpt-5-mini\">\n<div class=\"flex w-full flex-col gap-1 empty:hidden first:pt-[1px]\">\n<div class=\"markdown prose dark:prose-invert w-full break-words light markdown-new-styling\">\n<div class=\"flex flex-col text-sm pb-25\">\n<article class=\"text-token-text-primary w-full focus:outline-none [--shadow-height:45px] has-data-writing-block:pointer-events-none has-data-writing-block:-mt-(--shadow-height) has-data-writing-block:pt-(--shadow-height) [&amp;:has([data-writing-block])&gt;*]:pointer-events-auto scroll-mt-[calc(var(--header-height)+min(200px,max(70px,20svh)))]\" dir=\"auto\" tabindex=\"-1\" data-turn-id=\"request-WEB:209e3289-63e4-414b-883e-c54fb0e043f1-106\" data-testid=\"conversation-turn-136\" data-scroll-anchor=\"true\" data-turn=\"assistant\">\n<div class=\"text-base my-auto mx-auto pb-10 [--thread-content-margin:--spacing(4)] @w-sm\/main:[--thread-content-margin:--spacing(6)] @w-lg\/main:[--thread-content-margin:--spacing(16)] px-(--thread-content-margin)\">\n<div class=\"[--thread-content-max-width:40rem] @w-lg\/main:[--thread-content-max-width:48rem] mx-auto max-w-(--thread-content-max-width) flex-1 group\/turn-messages focus-visible:outline-hidden relative flex w-full min-w-0 flex-col agent-turn\" tabindex=\"-1\">\n<div class=\"flex max-w-full flex-col grow\">\n<div class=\"min-h-8 text-message relative flex w-full flex-col items-end gap-2 text-start break-words whitespace-normal [.text-message+&amp;]:mt-1\" dir=\"auto\" data-message-author-role=\"assistant\" data-message-id=\"d781f6ca-f36f-4d34-a122-a4865dea7499\" data-message-model-slug=\"gpt-5-2\">\n<div class=\"flex w-full flex-col gap-1 empty:hidden first:pt-[1px]\">\n<div class=\"markdown prose dark:prose-invert w-full wrap-break-word dark markdown-new-styling\">\n<p data-start=\"1292\" data-end=\"1325\"><strong data-start=\"1292\" data-end=\"1325\">Hyacarenol Augentropfen 10 ml<\/strong><\/p>\n<h3 data-start=\"1327\" data-end=\"1343\">Wirkstoffe<\/h3>\n<p data-start=\"1344\" data-end=\"1373\">Natriumhyaluronat 0,15% w\/v<\/p>\n<h3 data-start=\"1375\" data-end=\"1393\">Indikationen<\/h3>\n<p data-start=\"1394\" data-end=\"1410\">Anwendung bei:<\/p>\n<ul data-start=\"1412\" data-end=\"1577\">\n<li data-start=\"1412\" data-end=\"1464\">\n<p data-start=\"1414\" data-end=\"1464\">Linderung von trockenen Augen und Augenreizungen<\/p>\n<\/li>\n<li data-start=\"1465\" data-end=\"1505\">\n<p data-start=\"1467\" data-end=\"1505\">Befeuchtung bei Kontaktlinsentr\u00e4gern<\/p>\n<\/li>\n<li data-start=\"1506\" data-end=\"1577\">\n<p data-start=\"1508\" data-end=\"1577\">Minderung von R\u00f6tung, Brennen und Beschwerden durch Umwelteinfl\u00fcsse<\/p>\n<\/li>\n<\/ul>\n<h3 data-start=\"1579\" data-end=\"1594\">Dosierung<\/h3>\n<p data-start=\"1596\" data-end=\"1635\">Erwachsene und Kinder (\u00fcber 2 Jahre):<\/p>\n<p data-start=\"1637\" data-end=\"1731\">1\u20132 Tropfen in das\/die betroffene(n) Auge(n) 3\u20134-mal t\u00e4glich oder nach \u00e4rztlicher Anweisung.<\/p>\n<p data-start=\"1733\" data-end=\"1783\">Bei Bedarf kann die Anwendung h\u00e4ufiger erfolgen.<\/p>\n<h3 data-start=\"1785\" data-end=\"1804\">Gegenanzeigen<\/h3>\n<p data-start=\"1806\" data-end=\"1901\">\u00dcberempfindlichkeit gegen Natriumhyaluronat oder einen sonstigen Bestandteil der Formulierung<\/p>\n<h3 data-start=\"1903\" data-end=\"1923\">Nebenwirkungen<\/h3>\n<p data-start=\"1925\" data-end=\"2040\">Leichtes vor\u00fcbergehendes Stechen oder Brennen<br data-start=\"1970\" data-end=\"1973\" \/>Vor\u00fcbergehende verschwommene Sicht<br data-start=\"2007\" data-end=\"2010\" \/>Selten: allergische Reaktion<\/p>\n<h3 data-start=\"2042\" data-end=\"2064\">Wechselwirkungen<\/h3>\n<p data-start=\"2066\" data-end=\"2247\">Keine signifikanten Wechselwirkungen berichtet. Kann zusammen mit anderen Augentropfen angewendet werden; zwischen verschiedenen Augenmedikamenten 10\u201315 Minuten Abstand einhalten.<\/p>\n<h3 data-start=\"2249\" data-end=\"2263\">Lagerung<\/h3>\n<p data-start=\"2265\" data-end=\"2390\" data-is-last-node=\"\" data-is-only-node=\"\">Bei Raumtemperatur lagern, vor Hitze und Licht sch\u00fctzen.<br data-start=\"2321\" data-end=\"2324\" \/>Flasche fest verschlossen und f\u00fcr Kinder unzug\u00e4nglich aufbewahren.<\/p>\n<\/div>\n<\/div>\n<\/div>\n<\/div>\n<div class=\"z-0 flex min-h-[46px] justify-start\"><\/div>\n<div class=\"mt-3 w-full empty:hidden\">\n<div class=\"text-center\"><\/div>\n<\/div>\n<\/div>\n<\/div>\n<\/article>\n<\/div>\n<div class=\"pointer-events-none h-px w-px absolute bottom-0\" aria-hidden=\"true\" data-edge=\"true\"><\/div>\n<\/div>\n<\/div>\n<\/div>\n<\/div>\n<\/div>\n<\/div>\n<\/article>\n","protected":false},"excerpt":{"rendered":"<p>Hyacarenol Augentropfen 10 ml Wirkstoffe Natriumhyaluronat 0,15% w\/v Indikationen Anwendung bei: Linderung von trockenen Augen und Augenreizungen Befeuchtung bei Kontaktlinsentr\u00e4gern Minderung von R\u00f6tung, Brennen und Beschwerden durch Umwelteinfl\u00fcsse Dosierung Erwachsene und Kinder (\u00fcber 2 Jahre): 1\u20132 Tropfen in das\/die betroffene(n) Auge(n) 3\u20134-mal t\u00e4glich oder nach \u00e4rztlicher Anweisung. Bei Bedarf kann die Anwendung h\u00e4ufiger erfolgen. Gegenanzeigen&#8230;<\/p>\n","protected":false},"featured_media":10187,"comment_status":"open","ping_status":"closed","template":"","meta":{"rs_blank_template":"","rs_page_bg_color":"","slide_template_v7":"","_bst_post_transparent":"default","_bst_post_title":"","_bst_post_layout":"default","_bst_post_sidebar_id":"","_bst_post_content_style":"default","_bst_post_vertical_padding":"default","_bst_post_feature":"","_bst_post_feature_position":"","_bst_post_header":false,"_bst_post_footer":false},"product_brand":[],"product_cat":[237,371,217,269],"product_tag":[],"product_brands":[],"class_list":{"0":"post-10188","1":"product","2":"type-product","3":"status-publish","4":"has-post-thumbnail","6":"product_cat-eye-ear-medications","7":"product_cat-eye-drops","8":"product_cat-medicines","9":"product_cat-dry-eye","11":"first","12":"instock","13":"shipping-taxable","14":"purchasable","15":"product-type-simple","16":"entry","17":"content-bg","18":"loop-entry"},"_links":{"self":[{"href":"https:\/\/nawarpharmacy.com\/de\/wp-json\/wp\/v2\/product\/10188","targetHints":{"allow":["GET"]}}],"collection":[{"href":"https:\/\/nawarpharmacy.com\/de\/wp-json\/wp\/v2\/product"}],"about":[{"href":"https:\/\/nawarpharmacy.com\/de\/wp-json\/wp\/v2\/types\/product"}],"replies":[{"embeddable":true,"href":"https:\/\/nawarpharmacy.com\/de\/wp-json\/wp\/v2\/comments?post=10188"}],"wp:featuredmedia":[{"embeddable":true,"href":"https:\/\/nawarpharmacy.com\/de\/wp-json\/wp\/v2\/media\/10187"}],"wp:attachment":[{"href":"https:\/\/nawarpharmacy.com\/de\/wp-json\/wp\/v2\/media?parent=10188"}],"wp:term":[{"taxonomy":"product_brand","embeddable":true,"href":"https:\/\/nawarpharmacy.com\/de\/wp-json\/wp\/v2\/product_brand?post=10188"},{"taxonomy":"product_cat","embeddable":true,"href":"https:\/\/nawarpharmacy.com\/de\/wp-json\/wp\/v2\/product_cat?post=10188"},{"taxonomy":"product_tag","embeddable":true,"href":"https:\/\/nawarpharmacy.com\/de\/wp-json\/wp\/v2\/product_tag?post=10188"},{"taxonomy":"product_brands","embeddable":true,"href":"https:\/\/nawarpharmacy.com\/de\/wp-json\/wp\/v2\/product_brands?post=10188"}],"curies":[{"name":"wp","href":"https:\/\/api.w.org\/{rel}","templated":true}]}}