{"id":10184,"date":"2025-11-21T12:45:26","date_gmt":"2025-11-21T12:45:26","guid":{"rendered":"https:\/\/nawarpharmacy.com\/?post_type=product&#038;p=10184"},"modified":"2026-02-23T18:55:25","modified_gmt":"2026-02-23T18:55:25","slug":"hydroferrin-oral-drops-30ml","status":"publish","type":"product","link":"https:\/\/nawarpharmacy.com\/de\/produkt\/hydroferrin-oral-drops-30ml\/","title":{"rendered":"Hydroferrin Tropfen zum Einnehmen 30 ml"},"content":{"rendered":"<article class=\"text-token-text-primary w-full focus:outline-none [--shadow-height:45px] has-data-writing-block:pointer-events-none has-data-writing-block:-mt-(--shadow-height) has-data-writing-block:pt-(--shadow-height) [&amp;:has([data-writing-block])&gt;*]:pointer-events-auto [content-visibility:auto] supports-[content-visibility:auto]:[contain-intrinsic-size:auto_100lvh] scroll-mt-[calc(var(--header-height)+min(200px,max(70px,20svh)))]\" dir=\"auto\" data-turn-id=\"request-691b06b7-6218-832d-8a14-33a40741db89-28\" data-testid=\"conversation-turn-312\" data-scroll-anchor=\"true\" data-turn=\"assistant\">\n<div class=\"text-base my-auto mx-auto pb-10 [--thread-content-margin:--spacing(4)] thread-sm:[--thread-content-margin:--spacing(6)] thread-lg:[--thread-content-margin:--spacing(16)] px-(--thread-content-margin)\">\n<div class=\"[--thread-content-max-width:40rem] thread-lg:[--thread-content-max-width:48rem] mx-auto max-w-(--thread-content-max-width) flex-1 group\/turn-messages focus-visible:outline-hidden relative flex w-full min-w-0 flex-col agent-turn\">\n<div class=\"flex max-w-full flex-col grow\">\n<div class=\"min-h-8 text-message relative flex w-full flex-col items-end gap-2 text-start break-words whitespace-normal [.text-message+&amp;]:mt-1\" dir=\"auto\" data-message-author-role=\"assistant\" data-message-id=\"e7ae1a5d-99a6-4fb2-8398-5c6c437aec97\" data-message-model-slug=\"gpt-5-mini\">\n<div class=\"flex w-full flex-col gap-1 empty:hidden first:pt-[1px]\">\n<div class=\"markdown prose dark:prose-invert w-full break-words light markdown-new-styling\">\n<div class=\"flex flex-col text-sm pb-25\">\n<article class=\"text-token-text-primary w-full focus:outline-none [--shadow-height:45px] has-data-writing-block:pointer-events-none has-data-writing-block:-mt-(--shadow-height) has-data-writing-block:pt-(--shadow-height) [&amp;:has([data-writing-block])&gt;*]:pointer-events-auto scroll-mt-[calc(var(--header-height)+min(200px,max(70px,20svh)))]\" dir=\"auto\" tabindex=\"-1\" data-turn-id=\"request-WEB:209e3289-63e4-414b-883e-c54fb0e043f1-105\" data-testid=\"conversation-turn-134\" data-scroll-anchor=\"true\" data-turn=\"assistant\">\n<div class=\"text-base my-auto mx-auto pb-10 [--thread-content-margin:--spacing(4)] @w-sm\/main:[--thread-content-margin:--spacing(6)] @w-lg\/main:[--thread-content-margin:--spacing(16)] px-(--thread-content-margin)\">\n<div class=\"[--thread-content-max-width:40rem] @w-lg\/main:[--thread-content-max-width:48rem] mx-auto max-w-(--thread-content-max-width) flex-1 group\/turn-messages focus-visible:outline-hidden relative flex w-full min-w-0 flex-col agent-turn\" tabindex=\"-1\">\n<div class=\"flex max-w-full flex-col grow\">\n<div class=\"min-h-8 text-message relative flex w-full flex-col items-end gap-2 text-start break-words whitespace-normal [.text-message+&amp;]:mt-1\" dir=\"auto\" data-message-author-role=\"assistant\" data-message-id=\"05143d98-4bf2-45d8-8873-21202f93b837\" data-message-model-slug=\"gpt-5-2\">\n<div class=\"flex w-full flex-col gap-1 empty:hidden first:pt-[1px]\">\n<div class=\"markdown prose dark:prose-invert w-full wrap-break-word dark markdown-new-styling\">\n<p data-start=\"1492\" data-end=\"1535\"><strong data-start=\"1492\" data-end=\"1535\">Hydroferrin Tropfen zum Einnehmen 30 ml<\/strong><\/p>\n<h3 data-start=\"1537\" data-end=\"1553\">Wirkstoffe<\/h3>\n<p data-start=\"1554\" data-end=\"1584\">Eisen (Eisensulfat) 10 mg\/ml<\/p>\n<h3 data-start=\"1586\" data-end=\"1604\">Indikationen<\/h3>\n<p data-start=\"1605\" data-end=\"1621\">Anwendung bei:<\/p>\n<ul data-start=\"1623\" data-end=\"1802\">\n<li data-start=\"1623\" data-end=\"1674\">\n<p data-start=\"1625\" data-end=\"1674\">Pr\u00e4vention und Behandlung von Eisenmangelan\u00e4mie<\/p>\n<\/li>\n<li data-start=\"1675\" data-end=\"1734\">\n<p data-start=\"1677\" data-end=\"1734\">Unterst\u00fctzung der normalen Bildung roter Blutk\u00f6rperchen<\/p>\n<\/li>\n<li data-start=\"1735\" data-end=\"1802\">\n<p data-start=\"1737\" data-end=\"1802\">Korrektur niedriger H\u00e4moglobinwerte bei Kindern und Erwachsenen<\/p>\n<\/li>\n<\/ul>\n<h3 data-start=\"1804\" data-end=\"1819\">Dosierung<\/h3>\n<p data-start=\"1821\" data-end=\"1844\">S\u00e4uglinge und Kinder:<\/p>\n<p data-start=\"1846\" data-end=\"1912\">1\u20132 ml ein- oder zweimal t\u00e4glich oder nach \u00e4rztlicher Anweisung.<\/p>\n<p data-start=\"1914\" data-end=\"1927\">Erwachsene:<\/p>\n<p data-start=\"1929\" data-end=\"1996\">2\u20133 ml ein- oder zweimal t\u00e4glich oder nach \u00e4rztlicher Verordnung.<\/p>\n<p data-start=\"1998\" data-end=\"2106\">Vor Gebrauch gut sch\u00fctteln. Direkt einnehmen oder mit einer kleinen Menge Wasser, Saft oder Milch mischen.<\/p>\n<h3 data-start=\"2108\" data-end=\"2127\">Gegenanzeigen<\/h3>\n<p data-start=\"2129\" data-end=\"2333\">\u00dcberempfindlichkeit gegen Eisen oder einen sonstigen Bestandteil der Formulierung<br data-start=\"2210\" data-end=\"2213\" \/>H\u00e4mochromatose oder Eisen\u00fcberladung<br data-start=\"2248\" data-end=\"2251\" \/>Ulkuskrankheit oder schwere Lebererkrankung (unter \u00e4rztlicher Aufsicht anwenden)<\/p>\n<h3 data-start=\"2335\" data-end=\"2355\">Nebenwirkungen<\/h3>\n<p data-start=\"2357\" data-end=\"2491\">Dunkel gef\u00e4rbter Stuhl<br data-start=\"2379\" data-end=\"2382\" \/>Leichte gastrointestinale Beschwerden (\u00dcbelkeit, Verstopfung oder Durchfall)<br data-start=\"2458\" data-end=\"2461\" \/>Selten: allergische Reaktion<\/p>\n<h3 data-start=\"2493\" data-end=\"2515\">Wechselwirkungen<\/h3>\n<p data-start=\"2517\" data-end=\"2674\">Kann mit Antazida, Tetrazyklinen und einigen Antibiotika interagieren \u2014 Eisen sollte im Abstand von 1\u20132 Stunden zu diesen Arzneimitteln eingenommen werden.<\/p>\n<h3 data-start=\"2676\" data-end=\"2690\">Lagerung<\/h3>\n<p data-start=\"2692\" data-end=\"2807\" data-is-last-node=\"\" data-is-only-node=\"\">Bei Raumtemperatur lagern, vor Licht sch\u00fctzen.<br data-start=\"2738\" data-end=\"2741\" \/>Flasche fest verschlossen und f\u00fcr Kinder unzug\u00e4nglich aufbewahren.<\/p>\n<\/div>\n<\/div>\n<\/div>\n<\/div>\n<div class=\"z-0 flex min-h-[46px] justify-start\"><\/div>\n<div class=\"mt-3 w-full empty:hidden\">\n<div class=\"text-center\"><\/div>\n<\/div>\n<\/div>\n<\/div>\n<\/article>\n<\/div>\n<div class=\"pointer-events-none h-px w-px absolute bottom-0\" aria-hidden=\"true\" data-edge=\"true\"><\/div>\n<\/div>\n<\/div>\n<\/div>\n<\/div>\n<\/div>\n<\/div>\n<\/article>\n","protected":false},"excerpt":{"rendered":"<p>Hydroferrin Tropfen zum Einnehmen 30 ml Wirkstoffe Eisen (Eisensulfat) 10 mg\/ml Indikationen Anwendung bei: Pr\u00e4vention und Behandlung von Eisenmangelan\u00e4mie Unterst\u00fctzung der normalen Bildung roter Blutk\u00f6rperchen Korrektur niedriger H\u00e4moglobinwerte bei Kindern und Erwachsenen Dosierung S\u00e4uglinge und Kinder: 1\u20132 ml ein- oder zweimal t\u00e4glich oder nach \u00e4rztlicher Anweisung. Erwachsene: 2\u20133 ml ein- oder zweimal t\u00e4glich oder nach&#8230;<\/p>\n","protected":false},"featured_media":10183,"comment_status":"open","ping_status":"closed","template":"","meta":{"rs_blank_template":"","rs_page_bg_color":"","slide_template_v7":"","_bst_post_transparent":"default","_bst_post_title":"","_bst_post_layout":"default","_bst_post_sidebar_id":"","_bst_post_content_style":"default","_bst_post_vertical_padding":"default","_bst_post_feature":"","_bst_post_feature_position":"","_bst_post_header":false,"_bst_post_footer":false},"product_brand":[],"product_cat":[351,217,361,305],"product_tag":[],"product_brands":[],"class_list":{"0":"post-10184","1":"product","2":"type-product","3":"status-publish","4":"has-post-thumbnail","6":"product_cat-medical-forms","7":"product_cat-medicines","8":"product_cat-oral-drops","9":"product_cat-babychild-vitamins","11":"first","12":"instock","13":"shipping-taxable","14":"purchasable","15":"product-type-simple","16":"entry","17":"content-bg","18":"loop-entry"},"_links":{"self":[{"href":"https:\/\/nawarpharmacy.com\/de\/wp-json\/wp\/v2\/product\/10184","targetHints":{"allow":["GET"]}}],"collection":[{"href":"https:\/\/nawarpharmacy.com\/de\/wp-json\/wp\/v2\/product"}],"about":[{"href":"https:\/\/nawarpharmacy.com\/de\/wp-json\/wp\/v2\/types\/product"}],"replies":[{"embeddable":true,"href":"https:\/\/nawarpharmacy.com\/de\/wp-json\/wp\/v2\/comments?post=10184"}],"wp:featuredmedia":[{"embeddable":true,"href":"https:\/\/nawarpharmacy.com\/de\/wp-json\/wp\/v2\/media\/10183"}],"wp:attachment":[{"href":"https:\/\/nawarpharmacy.com\/de\/wp-json\/wp\/v2\/media?parent=10184"}],"wp:term":[{"taxonomy":"product_brand","embeddable":true,"href":"https:\/\/nawarpharmacy.com\/de\/wp-json\/wp\/v2\/product_brand?post=10184"},{"taxonomy":"product_cat","embeddable":true,"href":"https:\/\/nawarpharmacy.com\/de\/wp-json\/wp\/v2\/product_cat?post=10184"},{"taxonomy":"product_tag","embeddable":true,"href":"https:\/\/nawarpharmacy.com\/de\/wp-json\/wp\/v2\/product_tag?post=10184"},{"taxonomy":"product_brands","embeddable":true,"href":"https:\/\/nawarpharmacy.com\/de\/wp-json\/wp\/v2\/product_brands?post=10184"}],"curies":[{"name":"wp","href":"https:\/\/api.w.org\/{rel}","templated":true}]}}