{"id":10180,"date":"2025-11-21T12:46:44","date_gmt":"2025-11-21T12:46:44","guid":{"rendered":"https:\/\/nawarpharmacy.com\/?post_type=product&#038;p=10180"},"modified":"2026-02-23T18:54:14","modified_gmt":"2026-02-23T18:54:14","slug":"hero-vitamin-d3k2-oral-drops-10ml","status":"publish","type":"product","link":"https:\/\/nawarpharmacy.com\/de\/produkt\/hero-vitamin-d3k2-oral-drops-10ml\/","title":{"rendered":"Hero Vitamin D3K2 Tropfen zum Einnehmen 10 ml"},"content":{"rendered":"<article class=\"text-token-text-primary w-full focus:outline-none [--shadow-height:45px] has-data-writing-block:pointer-events-none has-data-writing-block:-mt-(--shadow-height) has-data-writing-block:pt-(--shadow-height) [&amp;:has([data-writing-block])&gt;*]:pointer-events-auto [content-visibility:auto] supports-[content-visibility:auto]:[contain-intrinsic-size:auto_100lvh] scroll-mt-[calc(var(--header-height)+min(200px,max(70px,20svh)))]\" dir=\"auto\" data-turn-id=\"request-691b06b7-6218-832d-8a14-33a40741db89-27\" data-testid=\"conversation-turn-310\" data-scroll-anchor=\"true\" data-turn=\"assistant\">\n<div class=\"text-base my-auto mx-auto pb-10 [--thread-content-margin:--spacing(4)] thread-sm:[--thread-content-margin:--spacing(6)] thread-lg:[--thread-content-margin:--spacing(16)] px-(--thread-content-margin)\">\n<div class=\"[--thread-content-max-width:40rem] thread-lg:[--thread-content-max-width:48rem] mx-auto max-w-(--thread-content-max-width) flex-1 group\/turn-messages focus-visible:outline-hidden relative flex w-full min-w-0 flex-col agent-turn\">\n<div class=\"flex max-w-full flex-col grow\">\n<div class=\"min-h-8 text-message relative flex w-full flex-col items-end gap-2 text-start break-words whitespace-normal [.text-message+&amp;]:mt-1\" dir=\"auto\" data-message-author-role=\"assistant\" data-message-id=\"3c9a684f-4809-4347-8395-972457796c2e\" data-message-model-slug=\"gpt-5-mini\">\n<div class=\"flex w-full flex-col gap-1 empty:hidden first:pt-[1px]\">\n<div class=\"markdown prose dark:prose-invert w-full break-words light markdown-new-styling\">\n<div class=\"flex flex-col text-sm pb-25\">\n<article class=\"text-token-text-primary w-full focus:outline-none [--shadow-height:45px] has-data-writing-block:pointer-events-none has-data-writing-block:-mt-(--shadow-height) has-data-writing-block:pt-(--shadow-height) [&amp;:has([data-writing-block])&gt;*]:pointer-events-auto scroll-mt-[calc(var(--header-height)+min(200px,max(70px,20svh)))]\" dir=\"auto\" tabindex=\"-1\" data-turn-id=\"request-WEB:209e3289-63e4-414b-883e-c54fb0e043f1-104\" data-testid=\"conversation-turn-132\" data-scroll-anchor=\"true\" data-turn=\"assistant\">\n<div class=\"text-base my-auto mx-auto pb-10 [--thread-content-margin:--spacing(4)] @w-sm\/main:[--thread-content-margin:--spacing(6)] @w-lg\/main:[--thread-content-margin:--spacing(16)] px-(--thread-content-margin)\">\n<div class=\"[--thread-content-max-width:40rem] @w-lg\/main:[--thread-content-max-width:48rem] mx-auto max-w-(--thread-content-max-width) flex-1 group\/turn-messages focus-visible:outline-hidden relative flex w-full min-w-0 flex-col agent-turn\" tabindex=\"-1\">\n<div class=\"flex max-w-full flex-col grow\">\n<div class=\"min-h-8 text-message relative flex w-full flex-col items-end gap-2 text-start break-words whitespace-normal [.text-message+&amp;]:mt-1\" dir=\"auto\" data-message-author-role=\"assistant\" data-message-id=\"d91ba8be-f63e-4ebe-8f69-dab37378b5f3\" data-message-model-slug=\"gpt-5-2\">\n<div class=\"flex w-full flex-col gap-1 empty:hidden first:pt-[1px]\">\n<div class=\"markdown prose dark:prose-invert w-full wrap-break-word dark markdown-new-styling\">\n<p data-start=\"1364\" data-end=\"1413\"><strong data-start=\"1364\" data-end=\"1413\">Hero Vitamin D3K2 Tropfen zum Einnehmen 10 ml<\/strong><\/p>\n<h3 data-start=\"1415\" data-end=\"1431\">Wirkstoffe<\/h3>\n<p data-start=\"1433\" data-end=\"1530\">Vitamin D3 (Cholecalciferol) 400 I.E. pro Tropfen<br data-start=\"1482\" data-end=\"1485\" \/>Vitamin K2 (Menaquinon-7) 10 \u00b5g pro Tropfen<\/p>\n<h3 data-start=\"1532\" data-end=\"1550\">Indikationen<\/h3>\n<p data-start=\"1551\" data-end=\"1567\">Anwendung bei:<\/p>\n<ul data-start=\"1569\" data-end=\"1781\">\n<li data-start=\"1569\" data-end=\"1627\">\n<p data-start=\"1571\" data-end=\"1627\">Pr\u00e4vention und Behandlung von Vitamin-D- und K2-Mangel<\/p>\n<\/li>\n<li data-start=\"1628\" data-end=\"1705\">\n<p data-start=\"1630\" data-end=\"1705\">Unterst\u00fctzung der Knochen- und Zahnentwicklung bei S\u00e4uglingen und Kindern<\/p>\n<\/li>\n<li data-start=\"1706\" data-end=\"1781\">\n<p data-start=\"1708\" data-end=\"1781\">Erhaltung eines normalen Calciumstoffwechsels und der Knochengesundheit<\/p>\n<\/li>\n<\/ul>\n<h3 data-start=\"1783\" data-end=\"1798\">Dosierung<\/h3>\n<p data-start=\"1800\" data-end=\"1823\">S\u00e4uglinge und Kinder:<\/p>\n<p data-start=\"1825\" data-end=\"1983\">1 Tropfen t\u00e4glich oder nach \u00e4rztlicher Anweisung.<br data-start=\"1874\" data-end=\"1877\" \/>Vor Gebrauch gut sch\u00fctteln. Direkt in den Mund geben oder mit einer kleinen Menge Milch\/Nahrung mischen.<\/p>\n<h3 data-start=\"1985\" data-end=\"2004\">Gegenanzeigen<\/h3>\n<p data-start=\"2006\" data-end=\"2137\">Hyperkalz\u00e4mie oder Hypervitaminose D<br data-start=\"2042\" data-end=\"2045\" \/>\u00dcberempfindlichkeit gegen Vitamin D3, K2 oder einen sonstigen Bestandteil der Formulierung<\/p>\n<h3 data-start=\"2139\" data-end=\"2159\">Nebenwirkungen<\/h3>\n<p data-start=\"2161\" data-end=\"2315\">Leichte gastrointestinale Beschwerden<br data-start=\"2198\" data-end=\"2201\" \/>Hyperkalz\u00e4mie bei \u00dcberdosierung (\u00dcbelkeit, Erbrechen, Verstopfung oder M\u00fcdigkeit)<br data-start=\"2282\" data-end=\"2285\" \/>Selten: allergische Reaktion<\/p>\n<h3 data-start=\"2317\" data-end=\"2339\">Wechselwirkungen<\/h3>\n<p data-start=\"2341\" data-end=\"2455\">Vorsicht bei gleichzeitiger Einnahme von Calciumpr\u00e4paraten, Thiazid-Diuretika oder anderen Vitamin-D-Pr\u00e4paraten.<\/p>\n<h3 data-start=\"2457\" data-end=\"2471\">Lagerung<\/h3>\n<p data-start=\"2473\" data-end=\"2588\" data-is-last-node=\"\" data-is-only-node=\"\">Bei Raumtemperatur lagern, vor Licht sch\u00fctzen.<br data-start=\"2519\" data-end=\"2522\" \/>Flasche fest verschlossen und f\u00fcr Kinder unzug\u00e4nglich aufbewahren.<\/p>\n<\/div>\n<\/div>\n<\/div>\n<\/div>\n<div class=\"z-0 flex min-h-[46px] justify-start\"><\/div>\n<div class=\"mt-3 w-full empty:hidden\">\n<div class=\"text-center\"><\/div>\n<\/div>\n<\/div>\n<\/div>\n<\/article>\n<\/div>\n<div class=\"pointer-events-none h-px w-px absolute bottom-0\" aria-hidden=\"true\" data-edge=\"true\"><\/div>\n<\/div>\n<\/div>\n<\/div>\n<\/div>\n<\/div>\n<\/div>\n<\/article>\n","protected":false},"excerpt":{"rendered":"<p>Hero Vitamin D3K2 Tropfen zum Einnehmen 10 ml Wirkstoffe Vitamin D3 (Cholecalciferol) 400 I.E. pro TropfenVitamin K2 (Menaquinon-7) 10 \u00b5g pro Tropfen Indikationen Anwendung bei: Pr\u00e4vention und Behandlung von Vitamin-D- und K2-Mangel Unterst\u00fctzung der Knochen- und Zahnentwicklung bei S\u00e4uglingen und Kindern Erhaltung eines normalen Calciumstoffwechsels und der Knochengesundheit Dosierung S\u00e4uglinge und Kinder: 1 Tropfen t\u00e4glich&#8230;<\/p>\n","protected":false},"featured_media":10179,"comment_status":"open","ping_status":"closed","template":"","meta":{"rs_blank_template":"","rs_page_bg_color":"","slide_template_v7":"","_bst_post_transparent":"default","_bst_post_title":"","_bst_post_layout":"default","_bst_post_sidebar_id":"","_bst_post_content_style":"default","_bst_post_vertical_padding":"default","_bst_post_feature":"","_bst_post_feature_position":"","_bst_post_header":false,"_bst_post_footer":false},"product_brand":[],"product_cat":[351,217,361,229],"product_tag":[],"product_brands":[],"class_list":{"0":"post-10180","1":"product","2":"type-product","3":"status-publish","4":"has-post-thumbnail","6":"product_cat-medical-forms","7":"product_cat-medicines","8":"product_cat-oral-drops","9":"product_cat-vitamins-general-supplements","11":"first","12":"instock","13":"shipping-taxable","14":"purchasable","15":"product-type-simple","16":"entry","17":"content-bg","18":"loop-entry"},"_links":{"self":[{"href":"https:\/\/nawarpharmacy.com\/de\/wp-json\/wp\/v2\/product\/10180","targetHints":{"allow":["GET"]}}],"collection":[{"href":"https:\/\/nawarpharmacy.com\/de\/wp-json\/wp\/v2\/product"}],"about":[{"href":"https:\/\/nawarpharmacy.com\/de\/wp-json\/wp\/v2\/types\/product"}],"replies":[{"embeddable":true,"href":"https:\/\/nawarpharmacy.com\/de\/wp-json\/wp\/v2\/comments?post=10180"}],"wp:featuredmedia":[{"embeddable":true,"href":"https:\/\/nawarpharmacy.com\/de\/wp-json\/wp\/v2\/media\/10179"}],"wp:attachment":[{"href":"https:\/\/nawarpharmacy.com\/de\/wp-json\/wp\/v2\/media?parent=10180"}],"wp:term":[{"taxonomy":"product_brand","embeddable":true,"href":"https:\/\/nawarpharmacy.com\/de\/wp-json\/wp\/v2\/product_brand?post=10180"},{"taxonomy":"product_cat","embeddable":true,"href":"https:\/\/nawarpharmacy.com\/de\/wp-json\/wp\/v2\/product_cat?post=10180"},{"taxonomy":"product_tag","embeddable":true,"href":"https:\/\/nawarpharmacy.com\/de\/wp-json\/wp\/v2\/product_tag?post=10180"},{"taxonomy":"product_brands","embeddable":true,"href":"https:\/\/nawarpharmacy.com\/de\/wp-json\/wp\/v2\/product_brands?post=10180"}],"curies":[{"name":"wp","href":"https:\/\/api.w.org\/{rel}","templated":true}]}}