{"id":10176,"date":"2025-11-21T12:48:06","date_gmt":"2025-11-21T12:48:06","guid":{"rendered":"https:\/\/nawarpharmacy.com\/?post_type=product&#038;p=10176"},"modified":"2026-02-23T18:52:16","modified_gmt":"2026-02-23T18:52:16","slug":"histazine-oral-drops-10ml","status":"publish","type":"product","link":"https:\/\/nawarpharmacy.com\/de\/produkt\/histazine-oral-drops-10ml\/","title":{"rendered":"Histazine Tropfen zum Einnehmen 10 ml"},"content":{"rendered":"<p data-start=\"1373\" data-end=\"1414\"><strong data-start=\"1373\" data-end=\"1414\">Histazine Tropfen zum Einnehmen 10 ml<\/strong><\/p>\n<h3 data-start=\"1416\" data-end=\"1432\">Wirkstoffe<\/h3>\n<p data-start=\"1433\" data-end=\"1464\">Cetirizinhydrochlorid 1 mg\/ml<\/p>\n<h3 data-start=\"1466\" data-end=\"1484\">Indikationen<\/h3>\n<p data-start=\"1485\" data-end=\"1501\">Anwendung bei:<\/p>\n<ul data-start=\"1503\" data-end=\"1771\">\n<li data-start=\"1503\" data-end=\"1602\">\n<p data-start=\"1505\" data-end=\"1602\">Linderung von Allergiesymptomen wie Niesen, laufender Nase sowie juckenden oder tr\u00e4nenden Augen<\/p>\n<\/li>\n<li data-start=\"1603\" data-end=\"1683\">\n<p data-start=\"1605\" data-end=\"1683\">Behandlung von Urtikaria und Hautausschl\u00e4gen infolge allergischer Reaktionen<\/p>\n<\/li>\n<li data-start=\"1684\" data-end=\"1771\">\n<p data-start=\"1686\" data-end=\"1771\">Linderung leichter bis m\u00e4\u00dfiger allergischer Beschwerden bei Kindern und Erwachsenen<\/p>\n<\/li>\n<\/ul>\n<h3 data-start=\"1773\" data-end=\"1788\">Dosierung<\/h3>\n<p data-start=\"1790\" data-end=\"2005\">Kinder 6 Monate \u2013 5 Jahre: 2,5 ml einmal t\u00e4glich oder nach \u00e4rztlicher Anweisung.<br data-start=\"1870\" data-end=\"1873\" \/>Kinder 6\u201312 Jahre: 5 ml einmal t\u00e4glich.<br data-start=\"1912\" data-end=\"1915\" \/>Erwachsene und Kinder \u00fcber 12 Jahre: 10 ml einmal t\u00e4glich.<br data-start=\"1973\" data-end=\"1976\" \/>Vor Gebrauch gut sch\u00fctteln.<\/p>\n<h3 data-start=\"2007\" data-end=\"2026\">Gegenanzeigen<\/h3>\n<p data-start=\"2028\" data-end=\"2196\">\u00dcberempfindlichkeit gegen Cetirizin, Hydroxyzin oder einen sonstigen Bestandteil der Formulierung<br data-start=\"2125\" data-end=\"2128\" \/>Schwere Niereninsuffizienz (vor Anwendung \u00e4rztlichen Rat einholen)<\/p>\n<h3 data-start=\"2198\" data-end=\"2218\">Nebenwirkungen<\/h3>\n<p data-start=\"2220\" data-end=\"2323\">Leichte Schl\u00e4frigkeit oder M\u00fcdigkeit<br data-start=\"2256\" data-end=\"2259\" \/>Mundtrockenheit<br data-start=\"2274\" data-end=\"2277\" \/>Kopfschmerzen<br data-start=\"2290\" data-end=\"2293\" \/>Selten: allergische Reaktion<\/p>\n<h3 data-start=\"2325\" data-end=\"2347\">Wechselwirkungen<\/h3>\n<p data-start=\"2349\" data-end=\"2448\">Kann die sedierende Wirkung von Alkohol oder anderen zentral d\u00e4mpfenden Arzneimitteln verst\u00e4rken.<\/p>\n<h3 data-start=\"2450\" data-end=\"2464\">Lagerung<\/h3>\n<p data-start=\"2466\" data-end=\"2581\" data-is-last-node=\"\" data-is-only-node=\"\">Bei Raumtemperatur lagern, vor Licht sch\u00fctzen.<br data-start=\"2512\" data-end=\"2515\" \/>Flasche fest verschlossen und f\u00fcr Kinder unzug\u00e4nglich aufbewahren.<\/p>\n","protected":false},"excerpt":{"rendered":"<p>Histazine Tropfen zum Einnehmen 10 ml Wirkstoffe Cetirizinhydrochlorid 1 mg\/ml Indikationen Anwendung bei: Linderung von Allergiesymptomen wie Niesen, laufender Nase sowie juckenden oder tr\u00e4nenden Augen Behandlung von Urtikaria und Hautausschl\u00e4gen infolge allergischer Reaktionen Linderung leichter bis m\u00e4\u00dfiger allergischer Beschwerden bei Kindern und Erwachsenen Dosierung Kinder 6 Monate \u2013 5 Jahre: 2,5 ml einmal t\u00e4glich oder&#8230;<\/p>\n","protected":false},"featured_media":10175,"comment_status":"open","ping_status":"closed","template":"","meta":{"rs_blank_template":"","rs_page_bg_color":"","slide_template_v7":"","_bst_post_transparent":"default","_bst_post_title":"","_bst_post_layout":"default","_bst_post_sidebar_id":"","_bst_post_content_style":"default","_bst_post_vertical_padding":"default","_bst_post_feature":"","_bst_post_feature_position":"","_bst_post_header":false,"_bst_post_footer":false},"product_brand":[],"product_cat":[235,351,217,361],"product_tag":[],"product_brands":[],"class_list":{"0":"post-10176","1":"product","2":"type-product","3":"status-publish","4":"has-post-thumbnail","6":"product_cat-respiratory-asthma-treatments","7":"product_cat-medical-forms","8":"product_cat-medicines","9":"product_cat-oral-drops","11":"first","12":"instock","13":"shipping-taxable","14":"purchasable","15":"product-type-simple","16":"entry","17":"content-bg","18":"loop-entry"},"_links":{"self":[{"href":"https:\/\/nawarpharmacy.com\/de\/wp-json\/wp\/v2\/product\/10176","targetHints":{"allow":["GET"]}}],"collection":[{"href":"https:\/\/nawarpharmacy.com\/de\/wp-json\/wp\/v2\/product"}],"about":[{"href":"https:\/\/nawarpharmacy.com\/de\/wp-json\/wp\/v2\/types\/product"}],"replies":[{"embeddable":true,"href":"https:\/\/nawarpharmacy.com\/de\/wp-json\/wp\/v2\/comments?post=10176"}],"wp:featuredmedia":[{"embeddable":true,"href":"https:\/\/nawarpharmacy.com\/de\/wp-json\/wp\/v2\/media\/10175"}],"wp:attachment":[{"href":"https:\/\/nawarpharmacy.com\/de\/wp-json\/wp\/v2\/media?parent=10176"}],"wp:term":[{"taxonomy":"product_brand","embeddable":true,"href":"https:\/\/nawarpharmacy.com\/de\/wp-json\/wp\/v2\/product_brand?post=10176"},{"taxonomy":"product_cat","embeddable":true,"href":"https:\/\/nawarpharmacy.com\/de\/wp-json\/wp\/v2\/product_cat?post=10176"},{"taxonomy":"product_tag","embeddable":true,"href":"https:\/\/nawarpharmacy.com\/de\/wp-json\/wp\/v2\/product_tag?post=10176"},{"taxonomy":"product_brands","embeddable":true,"href":"https:\/\/nawarpharmacy.com\/de\/wp-json\/wp\/v2\/product_brands?post=10176"}],"curies":[{"name":"wp","href":"https:\/\/api.w.org\/{rel}","templated":true}]}}