{"id":10167,"date":"2025-11-21T12:50:50","date_gmt":"2025-11-21T12:50:50","guid":{"rendered":"https:\/\/nawarpharmacy.com\/?post_type=product&#038;p=10167"},"modified":"2026-02-23T18:50:05","modified_gmt":"2026-02-23T18:50:05","slug":"healosol-aerosol-powder-spray-150gm","status":"publish","type":"product","link":"https:\/\/nawarpharmacy.com\/de\/produkt\/healosol-aerosol-powder-spray-150gm\/","title":{"rendered":"Healosol Aerosol Pulver Spray 150 g"},"content":{"rendered":"<article class=\"text-token-text-primary w-full focus:outline-none [--shadow-height:45px] has-data-writing-block:pointer-events-none has-data-writing-block:-mt-(--shadow-height) has-data-writing-block:pt-(--shadow-height) [&amp;:has([data-writing-block])&gt;*]:pointer-events-auto [content-visibility:auto] supports-[content-visibility:auto]:[contain-intrinsic-size:auto_100lvh] scroll-mt-[calc(var(--header-height)+min(200px,max(70px,20svh)))]\" dir=\"auto\" data-turn-id=\"request-691b06b7-6218-832d-8a14-33a40741db89-24\" data-testid=\"conversation-turn-304\" data-scroll-anchor=\"true\" data-turn=\"assistant\">\n<div class=\"text-base my-auto mx-auto pb-10 [--thread-content-margin:--spacing(4)] thread-sm:[--thread-content-margin:--spacing(6)] thread-lg:[--thread-content-margin:--spacing(16)] px-(--thread-content-margin)\">\n<div class=\"[--thread-content-max-width:40rem] thread-lg:[--thread-content-max-width:48rem] mx-auto max-w-(--thread-content-max-width) flex-1 group\/turn-messages focus-visible:outline-hidden relative flex w-full min-w-0 flex-col agent-turn\">\n<div class=\"flex max-w-full flex-col grow\">\n<div class=\"min-h-8 text-message relative flex w-full flex-col items-end gap-2 text-start break-words whitespace-normal [.text-message+&amp;]:mt-1\" dir=\"auto\" data-message-author-role=\"assistant\" data-message-id=\"c019fba8-d1a6-45cf-8e9d-4771753a6519\" data-message-model-slug=\"gpt-5-mini\">\n<div class=\"flex w-full flex-col gap-1 empty:hidden first:pt-[1px]\">\n<div class=\"markdown prose dark:prose-invert w-full break-words light markdown-new-styling\">\n<p data-start=\"1467\" data-end=\"1506\"><strong data-start=\"1467\" data-end=\"1506\">Healosol Aerosol Pulver Spray 150 g<\/strong><\/p>\n<h3 data-start=\"1508\" data-end=\"1524\">Wirkstoffe<\/h3>\n<p data-start=\"1525\" data-end=\"1551\">Silbersulfadiazin 1% m\/m<\/p>\n<p data-start=\"1553\" data-end=\"1588\">Hilfsstoffe in Aerosol-Pulverform<\/p>\n<h3 data-start=\"1590\" data-end=\"1608\">Indikationen<\/h3>\n<p data-start=\"1609\" data-end=\"1625\">Anwendung bei:<\/p>\n<ul data-start=\"1627\" data-end=\"1780\">\n<li data-start=\"1627\" data-end=\"1676\">\n<p data-start=\"1629\" data-end=\"1676\">Pr\u00e4vention und Behandlung von Wundinfektionen<\/p>\n<\/li>\n<li data-start=\"1677\" data-end=\"1721\">\n<p data-start=\"1679\" data-end=\"1721\">Verbrennungen, Schnitt- und Sch\u00fcrfwunden<\/p>\n<\/li>\n<li data-start=\"1722\" data-end=\"1780\">\n<p data-start=\"1724\" data-end=\"1780\">Hautverletzungen mit Risiko bakterieller Kontamination<\/p>\n<\/li>\n<\/ul>\n<h3 data-start=\"1782\" data-end=\"1797\">Anwendung<\/h3>\n<p data-start=\"1799\" data-end=\"1823\">Erwachsene und Kinder:<\/p>\n<p data-start=\"1825\" data-end=\"2014\">Dose in einem Abstand von 15\u201320 cm von der betroffenen Stelle halten und eine d\u00fcnne, gleichm\u00e4\u00dfige Schicht einmal oder zweimal t\u00e4glich auf die Wunde spr\u00fchen oder nach \u00e4rztlicher Anweisung.<\/p>\n<p data-start=\"2016\" data-end=\"2064\">Wunde vor der Anwendung reinigen und trocknen.<\/p>\n<p data-start=\"2066\" data-end=\"2115\">Bei Bedarf mit einem sterilen Verband abdecken.<\/p>\n<h3 data-start=\"2117\" data-end=\"2136\">Gegenanzeigen<\/h3>\n<p data-start=\"2138\" data-end=\"2286\">\u00dcberempfindlichkeit gegen Silbersulfadiazin, Sulfonamide oder einen sonstigen Bestandteil des Sprays<br data-start=\"2238\" data-end=\"2241\" \/>Patienten mit bekannter Sulfonamid-Allergie<\/p>\n<h3 data-start=\"2288\" data-end=\"2308\">Nebenwirkungen<\/h3>\n<p data-start=\"2310\" data-end=\"2453\">Leichte Hautreizung oder Brennen<br data-start=\"2342\" data-end=\"2345\" \/>Verf\u00e4rbung der Haut oder N\u00e4gel an der Applikationsstelle<br data-start=\"2401\" data-end=\"2404\" \/>Selten: allergische Reaktion oder Hautausschlag<\/p>\n<h3 data-start=\"2455\" data-end=\"2477\">Wechselwirkungen<\/h3>\n<p data-start=\"2479\" data-end=\"2584\">Bei topischer Anwendung sind keine signifikanten systemischen Arzneimittelwechselwirkungen zu erwarten.<\/p>\n<h3 data-start=\"2586\" data-end=\"2600\">Lagerung<\/h3>\n<p data-start=\"2602\" data-end=\"2793\" data-is-last-node=\"\" data-is-only-node=\"\">Bei Raumtemperatur lagern, vor Hitze und direkter Sonneneinstrahlung sch\u00fctzen.<br data-start=\"2680\" data-end=\"2683\" \/>F\u00fcr Kinder unzug\u00e4nglich aufbewahren.<br data-start=\"2719\" data-end=\"2722\" \/>Aerosoldose nicht durchstechen und keinen hohen Temperaturen aussetzen.<\/p>\n<\/div>\n<\/div>\n<\/div>\n<\/div>\n<\/div>\n<\/div>\n<\/article>\n","protected":false},"excerpt":{"rendered":"<p>Healosol Aerosol Pulver Spray 150 g Wirkstoffe Silbersulfadiazin 1% m\/m Hilfsstoffe in Aerosol-Pulverform Indikationen Anwendung bei: Pr\u00e4vention und Behandlung von Wundinfektionen Verbrennungen, Schnitt- und Sch\u00fcrfwunden Hautverletzungen mit Risiko bakterieller Kontamination Anwendung Erwachsene und Kinder: Dose in einem Abstand von 15\u201320 cm von der betroffenen Stelle halten und eine d\u00fcnne, gleichm\u00e4\u00dfige Schicht einmal oder zweimal t\u00e4glich&#8230;<\/p>\n","protected":false},"featured_media":10166,"comment_status":"open","ping_status":"closed","template":"","meta":{"rs_blank_template":"","rs_page_bg_color":"","slide_template_v7":"","_bst_post_transparent":"default","_bst_post_title":"","_bst_post_layout":"default","_bst_post_sidebar_id":"","_bst_post_content_style":"default","_bst_post_vertical_padding":"default","_bst_post_feature":"","_bst_post_feature_position":"","_bst_post_header":false,"_bst_post_footer":false},"product_brand":[],"product_cat":[227,351,217,377],"product_tag":[],"product_brands":[],"class_list":{"0":"post-10167","1":"product","2":"type-product","3":"status-publish","4":"has-post-thumbnail","6":"product_cat-antibiotics-antimicrobials","7":"product_cat-medical-forms","8":"product_cat-medicines","9":"product_cat-topical-spray","11":"first","12":"instock","13":"shipping-taxable","14":"purchasable","15":"product-type-simple","16":"entry","17":"content-bg","18":"loop-entry"},"_links":{"self":[{"href":"https:\/\/nawarpharmacy.com\/de\/wp-json\/wp\/v2\/product\/10167","targetHints":{"allow":["GET"]}}],"collection":[{"href":"https:\/\/nawarpharmacy.com\/de\/wp-json\/wp\/v2\/product"}],"about":[{"href":"https:\/\/nawarpharmacy.com\/de\/wp-json\/wp\/v2\/types\/product"}],"replies":[{"embeddable":true,"href":"https:\/\/nawarpharmacy.com\/de\/wp-json\/wp\/v2\/comments?post=10167"}],"wp:featuredmedia":[{"embeddable":true,"href":"https:\/\/nawarpharmacy.com\/de\/wp-json\/wp\/v2\/media\/10166"}],"wp:attachment":[{"href":"https:\/\/nawarpharmacy.com\/de\/wp-json\/wp\/v2\/media?parent=10167"}],"wp:term":[{"taxonomy":"product_brand","embeddable":true,"href":"https:\/\/nawarpharmacy.com\/de\/wp-json\/wp\/v2\/product_brand?post=10167"},{"taxonomy":"product_cat","embeddable":true,"href":"https:\/\/nawarpharmacy.com\/de\/wp-json\/wp\/v2\/product_cat?post=10167"},{"taxonomy":"product_tag","embeddable":true,"href":"https:\/\/nawarpharmacy.com\/de\/wp-json\/wp\/v2\/product_tag?post=10167"},{"taxonomy":"product_brands","embeddable":true,"href":"https:\/\/nawarpharmacy.com\/de\/wp-json\/wp\/v2\/product_brands?post=10167"}],"curies":[{"name":"wp","href":"https:\/\/api.w.org\/{rel}","templated":true}]}}