{"id":10160,"date":"2025-11-21T12:52:01","date_gmt":"2025-11-21T12:52:01","guid":{"rendered":"https:\/\/nawarpharmacy.com\/?post_type=product&#038;p=10160"},"modified":"2026-02-23T18:49:06","modified_gmt":"2026-02-23T18:49:06","slug":"unicetamol-100mgml-oral-drops-15ml","status":"publish","type":"product","link":"https:\/\/nawarpharmacy.com\/de\/produkt\/unicetamol-100mgml-oral-drops-15ml\/","title":{"rendered":"Unicetamol 100 mg\/ml Tropfen zum Einnehmen 15 ml"},"content":{"rendered":"<div class=\"text-base my-auto mx-auto [--thread-content-margin:--spacing(4)] @w-sm\/main:[--thread-content-margin:--spacing(6)] @w-lg\/main:[--thread-content-margin:--spacing(16)] px-(--thread-content-margin)\">\n<div class=\"[--thread-content-max-width:40rem] @w-lg\/main:[--thread-content-max-width:48rem] mx-auto max-w-(--thread-content-max-width) flex-1 group\/turn-messages focus-visible:outline-hidden relative flex w-full min-w-0 flex-col agent-turn\" tabindex=\"-1\">\n<div class=\"flex max-w-full flex-col grow\">\n<div class=\"min-h-8 text-message relative flex w-full flex-col items-end gap-2 text-start break-words whitespace-normal [.text-message+&amp;]:mt-1\" dir=\"auto\" data-message-author-role=\"assistant\" data-message-id=\"b0bb2ccf-f316-437c-8183-70ebcd601ef8\" data-message-model-slug=\"gpt-5-2\">\n<div class=\"flex w-full flex-col gap-1 empty:hidden first:pt-[1px]\">\n<div class=\"markdown prose dark:prose-invert w-full wrap-break-word dark markdown-new-styling\">\n<h3 data-start=\"1201\" data-end=\"1216\">Wirkstoff<\/h3>\n<p data-start=\"1217\" data-end=\"1240\">Paracetamol 100 mg\/ml<\/p>\n<h3 data-start=\"1242\" data-end=\"1260\">Indikationen<\/h3>\n<p data-start=\"1261\" data-end=\"1277\">Anwendung bei:<\/p>\n<ul data-start=\"1279\" data-end=\"1428\">\n<li data-start=\"1279\" data-end=\"1383\">\n<p data-start=\"1281\" data-end=\"1383\">Linderung leichter bis m\u00e4\u00dfiger Schmerzen (Kopfschmerzen, Zahnschmerzen, muskuloskelettale Schmerzen)<\/p>\n<\/li>\n<li data-start=\"1384\" data-end=\"1428\">\n<p data-start=\"1386\" data-end=\"1428\">Fiebersenkung bei S\u00e4uglingen und Kindern<\/p>\n<\/li>\n<\/ul>\n<h3 data-start=\"1430\" data-end=\"1445\">Dosierung<\/h3>\n<p data-start=\"1447\" data-end=\"1654\">S\u00e4uglinge und Kinder: 10\u201315 mg\/kg pro Dosis alle 4\u20136 Stunden bei Bedarf.<br data-start=\"1519\" data-end=\"1522\" \/>Maximaldosis: 60 mg\/kg pro Tag oder nach \u00e4rztlicher Anweisung.<br data-start=\"1584\" data-end=\"1587\" \/>Zur genauen Dosierung den mitgelieferten Dosiertropfer verwenden.<\/p>\n<h3 data-start=\"1656\" data-end=\"1675\">Gegenanzeigen<\/h3>\n<ul data-start=\"1677\" data-end=\"1804\">\n<li data-start=\"1677\" data-end=\"1769\">\n<p data-start=\"1679\" data-end=\"1769\">\u00dcberempfindlichkeit gegen Paracetamol oder einen sonstigen Bestandteil der Formulierung.<\/p>\n<\/li>\n<li data-start=\"1770\" data-end=\"1804\">\n<p data-start=\"1772\" data-end=\"1804\">Schwere Leberfunktionsst\u00f6rung.<\/p>\n<\/li>\n<\/ul>\n<h3 data-start=\"1806\" data-end=\"1826\">Nebenwirkungen<\/h3>\n<ul data-start=\"1828\" data-end=\"1948\">\n<li data-start=\"1828\" data-end=\"1863\">\n<p data-start=\"1830\" data-end=\"1863\">Im Allgemeinen gut vertr\u00e4glich.<\/p>\n<\/li>\n<li data-start=\"1864\" data-end=\"1948\">\n<p data-start=\"1866\" data-end=\"1948\">Selten: allergische Reaktionen, Hautausschlag, Lebertoxizit\u00e4t bei \u00dcberdosierung.<\/p>\n<\/li>\n<\/ul>\n<h3 data-start=\"1950\" data-end=\"1972\">Wechselwirkungen<\/h3>\n<p data-start=\"1974\" data-end=\"2108\">Kann mit anderen hepatotoxischen Arzneimitteln interagieren; bei gleichzeitiger Anwendung sollte die Leberfunktion \u00fcberwacht werden.<\/p>\n<h3 data-start=\"2110\" data-end=\"2124\">Lagerung<\/h3>\n<p data-start=\"2126\" data-end=\"2258\" data-is-last-node=\"\" data-is-only-node=\"\">Bei Raumtemperatur lagern, vor Hitze und Licht sch\u00fctzen.<br data-start=\"2182\" data-end=\"2185\" \/>Flasche fest verschlossen halten und f\u00fcr Kinder unzug\u00e4nglich aufbewahren.<\/p>\n<\/div>\n<\/div>\n<\/div>\n<\/div>\n<div class=\"z-0 flex min-h-[46px] justify-start\"><\/div>\n<\/div>\n<\/div>\n","protected":false},"excerpt":{"rendered":"<p>Wirkstoff Paracetamol 100 mg\/ml Indikationen Anwendung bei: Linderung leichter bis m\u00e4\u00dfiger Schmerzen (Kopfschmerzen, Zahnschmerzen, muskuloskelettale Schmerzen) Fiebersenkung bei S\u00e4uglingen und Kindern Dosierung S\u00e4uglinge und Kinder: 10\u201315 mg\/kg pro Dosis alle 4\u20136 Stunden bei Bedarf.Maximaldosis: 60 mg\/kg pro Tag oder nach \u00e4rztlicher Anweisung.Zur genauen Dosierung den mitgelieferten Dosiertropfer verwenden. Gegenanzeigen \u00dcberempfindlichkeit gegen Paracetamol oder einen sonstigen&#8230;<\/p>\n","protected":false},"featured_media":10159,"comment_status":"open","ping_status":"closed","template":"","meta":{"rs_blank_template":"","rs_page_bg_color":"","slide_template_v7":"","_bst_post_transparent":"default","_bst_post_title":"","_bst_post_layout":"default","_bst_post_sidebar_id":"","_bst_post_content_style":"default","_bst_post_vertical_padding":"default","_bst_post_feature":"","_bst_post_feature_position":"","_bst_post_header":false,"_bst_post_footer":false},"product_brand":[],"product_cat":[351,293,217,361,219],"product_tag":[],"product_brands":[],"class_list":{"0":"post-10160","1":"product","2":"type-product","3":"status-publish","4":"has-post-thumbnail","6":"product_cat-medical-forms","7":"product_cat-anti-fever","8":"product_cat-medicines","9":"product_cat-oral-drops","10":"product_cat-painkillers-analgesics","12":"first","13":"instock","14":"shipping-taxable","15":"purchasable","16":"product-type-simple","17":"entry","18":"content-bg","19":"loop-entry"},"_links":{"self":[{"href":"https:\/\/nawarpharmacy.com\/de\/wp-json\/wp\/v2\/product\/10160","targetHints":{"allow":["GET"]}}],"collection":[{"href":"https:\/\/nawarpharmacy.com\/de\/wp-json\/wp\/v2\/product"}],"about":[{"href":"https:\/\/nawarpharmacy.com\/de\/wp-json\/wp\/v2\/types\/product"}],"replies":[{"embeddable":true,"href":"https:\/\/nawarpharmacy.com\/de\/wp-json\/wp\/v2\/comments?post=10160"}],"wp:featuredmedia":[{"embeddable":true,"href":"https:\/\/nawarpharmacy.com\/de\/wp-json\/wp\/v2\/media\/10159"}],"wp:attachment":[{"href":"https:\/\/nawarpharmacy.com\/de\/wp-json\/wp\/v2\/media?parent=10160"}],"wp:term":[{"taxonomy":"product_brand","embeddable":true,"href":"https:\/\/nawarpharmacy.com\/de\/wp-json\/wp\/v2\/product_brand?post=10160"},{"taxonomy":"product_cat","embeddable":true,"href":"https:\/\/nawarpharmacy.com\/de\/wp-json\/wp\/v2\/product_cat?post=10160"},{"taxonomy":"product_tag","embeddable":true,"href":"https:\/\/nawarpharmacy.com\/de\/wp-json\/wp\/v2\/product_tag?post=10160"},{"taxonomy":"product_brands","embeddable":true,"href":"https:\/\/nawarpharmacy.com\/de\/wp-json\/wp\/v2\/product_brands?post=10160"}],"curies":[{"name":"wp","href":"https:\/\/api.w.org\/{rel}","templated":true}]}}