{"id":10156,"date":"2025-11-22T11:32:37","date_gmt":"2025-11-22T11:32:37","guid":{"rendered":"https:\/\/nawarpharmacy.com\/?post_type=product&#038;p=10156"},"modified":"2026-02-23T18:47:11","modified_gmt":"2026-02-23T18:47:11","slug":"oxifree-20-capsules","status":"publish","type":"product","link":"https:\/\/nawarpharmacy.com\/de\/produkt\/oxifree-20-capsules\/","title":{"rendered":"Oxifree 20 Capsules"},"content":{"rendered":"<article class=\"text-token-text-primary w-full focus:outline-none [--shadow-height:45px] has-data-writing-block:pointer-events-none has-data-writing-block:-mt-(--shadow-height) has-data-writing-block:pt-(--shadow-height) [&amp;:has([data-writing-block])&gt;*]:pointer-events-auto [content-visibility:auto] supports-[content-visibility:auto]:[contain-intrinsic-size:auto_100lvh] scroll-mt-[calc(var(--header-height)+min(200px,max(70px,20svh)))]\" dir=\"auto\" data-turn-id=\"37573753-18ab-4ea9-8130-5f1d5a6f8722\" data-testid=\"conversation-turn-20\" data-scroll-anchor=\"true\" data-turn=\"assistant\">\n<div class=\"text-base my-auto mx-auto pb-10 [--thread-content-margin:--spacing(4)] thread-sm:[--thread-content-margin:--spacing(6)] thread-lg:[--thread-content-margin:--spacing(16)] px-(--thread-content-margin)\">\n<div class=\"[--thread-content-max-width:40rem] thread-lg:[--thread-content-max-width:48rem] mx-auto max-w-(--thread-content-max-width) flex-1 group\/turn-messages focus-visible:outline-hidden relative flex w-full min-w-0 flex-col agent-turn\">\n<div class=\"flex max-w-full flex-col grow\">\n<div class=\"min-h-8 text-message relative flex w-full flex-col items-end gap-2 text-start break-words whitespace-normal [.text-message+&amp;]:mt-1\" dir=\"auto\" data-message-author-role=\"assistant\" data-message-id=\"605c3e79-3ccc-4ac8-b2a4-c0c28bc67d4d\" data-message-model-slug=\"gpt-5-1\">\n<div class=\"flex w-full flex-col gap-1 empty:hidden first:pt-[1px]\">\n<div class=\"markdown prose dark:prose-invert w-full break-words light markdown-new-styling\">\n<div class=\"flex flex-col text-sm pb-25\">\n<article class=\"text-token-text-primary w-full focus:outline-none [--shadow-height:45px] has-data-writing-block:pointer-events-none has-data-writing-block:-mt-(--shadow-height) has-data-writing-block:pt-(--shadow-height) [&amp;:has([data-writing-block])&gt;*]:pointer-events-auto scroll-mt-[calc(var(--header-height)+min(200px,max(70px,20svh)))]\" dir=\"auto\" tabindex=\"-1\" data-turn-id=\"request-WEB:209e3289-63e4-414b-883e-c54fb0e043f1-98\" data-testid=\"conversation-turn-120\" data-scroll-anchor=\"true\" data-turn=\"assistant\">\n<div class=\"text-base my-auto mx-auto pb-10 [--thread-content-margin:--spacing(4)] @w-sm\/main:[--thread-content-margin:--spacing(6)] @w-lg\/main:[--thread-content-margin:--spacing(16)] px-(--thread-content-margin)\">\n<div class=\"[--thread-content-max-width:40rem] @w-lg\/main:[--thread-content-max-width:48rem] mx-auto max-w-(--thread-content-max-width) flex-1 group\/turn-messages focus-visible:outline-hidden relative flex w-full min-w-0 flex-col agent-turn\" tabindex=\"-1\">\n<div class=\"flex max-w-full flex-col grow\">\n<div class=\"min-h-8 text-message relative flex w-full flex-col items-end gap-2 text-start break-words whitespace-normal [.text-message+&amp;]:mt-1\" dir=\"auto\" data-message-author-role=\"assistant\" data-message-id=\"9629f35c-94b6-42e7-9490-f2237c34f987\" data-message-model-slug=\"gpt-5-2\">\n<div class=\"flex w-full flex-col gap-1 empty:hidden first:pt-[1px]\">\n<div class=\"markdown prose dark:prose-invert w-full wrap-break-word dark markdown-new-styling\">\n<p data-start=\"1038\" data-end=\"1062\"><strong data-start=\"1038\" data-end=\"1060\">Oxifree 20 Kapseln<\/strong><\/p>\n<p data-start=\"1064\" data-end=\"1214\">Darreichungsform: Kapseln<br data-start=\"1089\" data-end=\"1092\" \/>St\u00e4rke: Nicht angegeben (enth\u00e4lt antioxidative Vitamine und Mineralstoffe; genaue Zusammensetzung der Packung entnehmen)<\/p>\n<p data-start=\"1216\" data-end=\"1386\">Indikationen: Antioxidative Unterst\u00fctzung; hilft, oxidativen Stress zu reduzieren und unterst\u00fctzt die Immunfunktion, die Hautgesundheit und das allgemeine Wohlbefinden.<\/p>\n<p data-start=\"1388\" data-end=\"1430\">Anwendung: Kapseln mit Wasser schlucken.<\/p>\n<p data-start=\"1432\" data-end=\"1508\">H\u00e4ufigkeit: \u00dcblicherweise 1 Kapsel t\u00e4glich oder nach \u00e4rztlicher Anweisung.<\/p>\n<p data-start=\"1510\" data-end=\"1577\">Gegenanzeigen: \u00dcberempfindlichkeit gegen einen der Inhaltsstoffe.<\/p>\n<p data-start=\"1579\" data-end=\"1700\">Vorsichtsma\u00dfnahmen: W\u00e4hrend Schwangerschaft oder Stillzeit mit Vorsicht anwenden; empfohlene Dosis nicht \u00fcberschreiten.<\/p>\n<p data-start=\"1702\" data-end=\"1805\">Nebenwirkungen: Im Allgemeinen gut vertr\u00e4glich; selten leichte gastrointestinale Beschwerden m\u00f6glich.<\/p>\n<p data-start=\"1807\" data-end=\"1891\" data-is-last-node=\"\" data-is-only-node=\"\">Lagerung: Bei Raumtemperatur trocken lagern und f\u00fcr Kinder unzug\u00e4nglich aufbewahren.<\/p>\n<\/div>\n<\/div>\n<\/div>\n<\/div>\n<div class=\"z-0 flex min-h-[46px] justify-start\"><\/div>\n<\/div>\n<\/div>\n<\/article>\n<\/div>\n<\/div>\n<\/div>\n<\/div>\n<\/div>\n<\/div>\n<\/div>\n<\/article>\n","protected":false},"excerpt":{"rendered":"<p>Oxifree 20 Kapseln Darreichungsform: KapselnSt\u00e4rke: Nicht angegeben (enth\u00e4lt antioxidative Vitamine und Mineralstoffe; genaue Zusammensetzung der Packung entnehmen) Indikationen: Antioxidative Unterst\u00fctzung; hilft, oxidativen Stress zu reduzieren und unterst\u00fctzt die Immunfunktion, die Hautgesundheit und das allgemeine Wohlbefinden. Anwendung: Kapseln mit Wasser schlucken. H\u00e4ufigkeit: \u00dcblicherweise 1 Kapsel t\u00e4glich oder nach \u00e4rztlicher Anweisung. Gegenanzeigen: \u00dcberempfindlichkeit gegen einen der Inhaltsstoffe&#8230;.<\/p>\n","protected":false},"featured_media":10155,"comment_status":"open","ping_status":"closed","template":"","meta":{"rs_blank_template":"","rs_page_bg_color":"","slide_template_v7":"","_bst_post_transparent":"default","_bst_post_title":"","_bst_post_layout":"default","_bst_post_sidebar_id":"","_bst_post_content_style":"default","_bst_post_vertical_padding":"default","_bst_post_feature":"","_bst_post_feature_position":"","_bst_post_header":false,"_bst_post_footer":false},"product_brand":[],"product_cat":[351,217,457,229],"product_tag":[],"product_brands":[],"class_list":{"0":"post-10156","1":"product","2":"type-product","3":"status-publish","4":"has-post-thumbnail","6":"product_cat-medical-forms","7":"product_cat-medicines","8":"product_cat-tablets-capsules","9":"product_cat-vitamins-general-supplements","11":"first","12":"instock","13":"shipping-taxable","14":"purchasable","15":"product-type-simple","16":"entry","17":"content-bg","18":"loop-entry"},"_links":{"self":[{"href":"https:\/\/nawarpharmacy.com\/de\/wp-json\/wp\/v2\/product\/10156","targetHints":{"allow":["GET"]}}],"collection":[{"href":"https:\/\/nawarpharmacy.com\/de\/wp-json\/wp\/v2\/product"}],"about":[{"href":"https:\/\/nawarpharmacy.com\/de\/wp-json\/wp\/v2\/types\/product"}],"replies":[{"embeddable":true,"href":"https:\/\/nawarpharmacy.com\/de\/wp-json\/wp\/v2\/comments?post=10156"}],"wp:featuredmedia":[{"embeddable":true,"href":"https:\/\/nawarpharmacy.com\/de\/wp-json\/wp\/v2\/media\/10155"}],"wp:attachment":[{"href":"https:\/\/nawarpharmacy.com\/de\/wp-json\/wp\/v2\/media?parent=10156"}],"wp:term":[{"taxonomy":"product_brand","embeddable":true,"href":"https:\/\/nawarpharmacy.com\/de\/wp-json\/wp\/v2\/product_brand?post=10156"},{"taxonomy":"product_cat","embeddable":true,"href":"https:\/\/nawarpharmacy.com\/de\/wp-json\/wp\/v2\/product_cat?post=10156"},{"taxonomy":"product_tag","embeddable":true,"href":"https:\/\/nawarpharmacy.com\/de\/wp-json\/wp\/v2\/product_tag?post=10156"},{"taxonomy":"product_brands","embeddable":true,"href":"https:\/\/nawarpharmacy.com\/de\/wp-json\/wp\/v2\/product_brands?post=10156"}],"curies":[{"name":"wp","href":"https:\/\/api.w.org\/{rel}","templated":true}]}}