{"id":10151,"date":"2025-11-22T11:34:49","date_gmt":"2025-11-22T11:34:49","guid":{"rendered":"https:\/\/nawarpharmacy.com\/?post_type=product&#038;p=10151"},"modified":"2026-02-23T18:46:21","modified_gmt":"2026-02-23T18:46:21","slug":"ergopreno-600000iu-i-moral-3ampoules","status":"publish","type":"product","link":"https:\/\/nawarpharmacy.com\/de\/produkt\/ergopreno-600000iu-i-moral-3ampoules\/","title":{"rendered":"Ergopreno 600000 IE I.M\/Oral 3 Ampullen"},"content":{"rendered":"<div class=\"flex flex-col text-sm pb-25\">\n<article class=\"text-token-text-primary w-full focus:outline-none [--shadow-height:45px] has-data-writing-block:pointer-events-none has-data-writing-block:-mt-(--shadow-height) has-data-writing-block:pt-(--shadow-height) [&amp;:has([data-writing-block])&gt;*]:pointer-events-auto scroll-mt-[calc(var(--header-height)+min(200px,max(70px,20svh)))]\" dir=\"auto\" tabindex=\"-1\" data-turn-id=\"request-WEB:209e3289-63e4-414b-883e-c54fb0e043f1-97\" data-testid=\"conversation-turn-118\" data-scroll-anchor=\"true\" data-turn=\"assistant\">\n<div class=\"text-base my-auto mx-auto pb-10 [--thread-content-margin:--spacing(4)] @w-sm\/main:[--thread-content-margin:--spacing(6)] @w-lg\/main:[--thread-content-margin:--spacing(16)] px-(--thread-content-margin)\">\n<div class=\"[--thread-content-max-width:40rem] @w-lg\/main:[--thread-content-max-width:48rem] mx-auto max-w-(--thread-content-max-width) flex-1 group\/turn-messages focus-visible:outline-hidden relative flex w-full min-w-0 flex-col agent-turn\" tabindex=\"-1\">\n<div class=\"flex max-w-full flex-col grow\">\n<div class=\"min-h-8 text-message relative flex w-full flex-col items-end gap-2 text-start break-words whitespace-normal [.text-message+&amp;]:mt-1\" dir=\"auto\" data-message-author-role=\"assistant\" data-message-id=\"bfaf498c-6fb9-48f1-9cb7-90c2625c45fc\" data-message-model-slug=\"gpt-5-2\">\n<div class=\"flex w-full flex-col gap-1 empty:hidden first:pt-[1px]\">\n<div class=\"markdown prose dark:prose-invert w-full wrap-break-word dark markdown-new-styling\">\n<p data-start=\"1318\" data-end=\"1363\"><strong data-start=\"1318\" data-end=\"1361\">Ergopreno 600000 IE I.M\/Oral 3 Ampullen<\/strong><\/p>\n<p data-start=\"1365\" data-end=\"1494\">Darreichungsform: Ampullen zur intramuskul\u00e4ren Injektion oder zur oralen Anwendung<br data-start=\"1447\" data-end=\"1450\" \/>St\u00e4rke: 600000 IE (Vitamin D2) pro Ampulle<\/p>\n<p data-start=\"1496\" data-end=\"1645\">Indikationen: Behandlung von Vitamin-D-Mangel; Unterst\u00fctzung der Knochengesundheit, der Calciumregulation und Pr\u00e4vention von Rachitis\/Osteomalazie.<\/p>\n<p data-start=\"1647\" data-end=\"1807\">Anwendung:<br data-start=\"1657\" data-end=\"1660\" \/>I.M: Tiefe intramuskul\u00e4re Injektion durch medizinisches Fachpersonal.<br data-start=\"1729\" data-end=\"1732\" \/>Oral: Die Ampulle kann ge\u00f6ffnet und der Inhalt direkt eingenommen werden.<\/p>\n<p data-start=\"1809\" data-end=\"1941\">H\u00e4ufigkeit: H\u00e4ufig einmal w\u00f6chentlich oder einmal alle 2\u20134 Wochen je nach Schweregrad des Mangels; \u00e4rztliche Anweisungen befolgen.<\/p>\n<p data-start=\"1943\" data-end=\"2091\">Gegenanzeigen: Hyperkalz\u00e4mie, Hypervitaminose D, schwere Niereninsuffizienz oder \u00dcberempfindlichkeit gegen Vitamin D2 oder einen der Bestandteile.<\/p>\n<p data-start=\"2093\" data-end=\"2266\">Vorsichtsma\u00dfnahmen: Bei l\u00e4ngerer Therapie Calcium- und Vitamin-D-Spiegel \u00fcberwachen; zus\u00e4tzliche hochdosierte Vitamin-D-Pr\u00e4parate nur nach \u00e4rztlicher Empfehlung einnehmen.<\/p>\n<p data-start=\"2268\" data-end=\"2387\">Nebenwirkungen: Selten; m\u00f6glich sind \u00dcbelkeit, Erbrechen, Verstopfung, Schw\u00e4che oder Hyperkalz\u00e4mie bei \u00dcberdosierung.<\/p>\n<p data-start=\"2389\" data-end=\"2485\" data-is-last-node=\"\" data-is-only-node=\"\">Lagerung: Bei Raumtemperatur lagern, vor Licht sch\u00fctzen und f\u00fcr Kinder unzug\u00e4nglich aufbewahren.<\/p>\n<\/div>\n<\/div>\n<\/div>\n<\/div>\n<div class=\"z-0 flex min-h-[46px] justify-start\"><\/div>\n<div class=\"mt-3 w-full empty:hidden\">\n<div class=\"text-center\"><\/div>\n<\/div>\n<\/div>\n<\/div>\n<\/article>\n<\/div>\n<div class=\"pointer-events-none h-px w-px absolute bottom-0\" aria-hidden=\"true\" data-edge=\"true\"><\/div>\n","protected":false},"excerpt":{"rendered":"<p>Ergopreno 600000 IE I.M\/Oral 3 Ampullen Darreichungsform: Ampullen zur intramuskul\u00e4ren Injektion oder zur oralen AnwendungSt\u00e4rke: 600000 IE (Vitamin D2) pro Ampulle Indikationen: Behandlung von Vitamin-D-Mangel; Unterst\u00fctzung der Knochengesundheit, der Calciumregulation und Pr\u00e4vention von Rachitis\/Osteomalazie. Anwendung:I.M: Tiefe intramuskul\u00e4re Injektion durch medizinisches Fachpersonal.Oral: Die Ampulle kann ge\u00f6ffnet und der Inhalt direkt eingenommen werden. H\u00e4ufigkeit: H\u00e4ufig einmal w\u00f6chentlich&#8230;<\/p>\n","protected":false},"featured_media":10150,"comment_status":"open","ping_status":"closed","template":"","meta":{"rs_blank_template":"","rs_page_bg_color":"","slide_template_v7":"","_bst_post_transparent":"default","_bst_post_title":"","_bst_post_layout":"default","_bst_post_sidebar_id":"","_bst_post_content_style":"default","_bst_post_vertical_padding":"default","_bst_post_feature":"","_bst_post_feature_position":"","_bst_post_header":false,"_bst_post_footer":false},"product_brand":[],"product_cat":[355,351,239,217,229],"product_tag":[],"product_brands":[],"class_list":{"0":"post-10151","1":"product","2":"type-product","3":"status-publish","4":"has-post-thumbnail","6":"product_cat-ampoules-vials","7":"product_cat-medical-forms","8":"product_cat-bone-joint-health","9":"product_cat-medicines","10":"product_cat-vitamins-general-supplements","12":"first","13":"instock","14":"shipping-taxable","15":"purchasable","16":"product-type-simple","17":"entry","18":"content-bg","19":"loop-entry"},"_links":{"self":[{"href":"https:\/\/nawarpharmacy.com\/de\/wp-json\/wp\/v2\/product\/10151","targetHints":{"allow":["GET"]}}],"collection":[{"href":"https:\/\/nawarpharmacy.com\/de\/wp-json\/wp\/v2\/product"}],"about":[{"href":"https:\/\/nawarpharmacy.com\/de\/wp-json\/wp\/v2\/types\/product"}],"replies":[{"embeddable":true,"href":"https:\/\/nawarpharmacy.com\/de\/wp-json\/wp\/v2\/comments?post=10151"}],"wp:featuredmedia":[{"embeddable":true,"href":"https:\/\/nawarpharmacy.com\/de\/wp-json\/wp\/v2\/media\/10150"}],"wp:attachment":[{"href":"https:\/\/nawarpharmacy.com\/de\/wp-json\/wp\/v2\/media?parent=10151"}],"wp:term":[{"taxonomy":"product_brand","embeddable":true,"href":"https:\/\/nawarpharmacy.com\/de\/wp-json\/wp\/v2\/product_brand?post=10151"},{"taxonomy":"product_cat","embeddable":true,"href":"https:\/\/nawarpharmacy.com\/de\/wp-json\/wp\/v2\/product_cat?post=10151"},{"taxonomy":"product_tag","embeddable":true,"href":"https:\/\/nawarpharmacy.com\/de\/wp-json\/wp\/v2\/product_tag?post=10151"},{"taxonomy":"product_brands","embeddable":true,"href":"https:\/\/nawarpharmacy.com\/de\/wp-json\/wp\/v2\/product_brands?post=10151"}],"curies":[{"name":"wp","href":"https:\/\/api.w.org\/{rel}","templated":true}]}}