{"id":10143,"date":"2025-11-22T11:39:49","date_gmt":"2025-11-22T11:39:49","guid":{"rendered":"https:\/\/nawarpharmacy.com\/?post_type=product&#038;p=10143"},"modified":"2026-02-23T18:44:16","modified_gmt":"2026-02-23T18:44:16","slug":"ocuguard-30-capsules","status":"publish","type":"product","link":"https:\/\/nawarpharmacy.com\/de\/produkt\/ocuguard-30-capsules\/","title":{"rendered":"Ocuguard 30 Kapseln"},"content":{"rendered":"<article class=\"text-token-text-primary w-full focus:outline-none [--shadow-height:45px] has-data-writing-block:pointer-events-none has-data-writing-block:-mt-(--shadow-height) has-data-writing-block:pt-(--shadow-height) [&amp;:has([data-writing-block])&gt;*]:pointer-events-auto [content-visibility:auto] supports-[content-visibility:auto]:[contain-intrinsic-size:auto_100lvh] scroll-mt-[calc(var(--header-height)+min(200px,max(70px,20svh)))]\" dir=\"auto\" data-turn-id=\"request-692073f5-3f80-832c-872f-7626d4388ea8-3\" data-testid=\"conversation-turn-26\" data-scroll-anchor=\"true\" data-turn=\"assistant\">\n<div class=\"text-base my-auto mx-auto pb-10 [--thread-content-margin:--spacing(4)] thread-sm:[--thread-content-margin:--spacing(6)] thread-lg:[--thread-content-margin:--spacing(16)] px-(--thread-content-margin)\">\n<div class=\"[--thread-content-max-width:40rem] thread-lg:[--thread-content-max-width:48rem] mx-auto max-w-(--thread-content-max-width) flex-1 group\/turn-messages focus-visible:outline-hidden relative flex w-full min-w-0 flex-col agent-turn\">\n<div class=\"flex max-w-full flex-col grow\">\n<div class=\"min-h-8 text-message relative flex w-full flex-col items-end gap-2 text-start break-words whitespace-normal [.text-message+&amp;]:mt-1\" dir=\"auto\" data-message-author-role=\"assistant\" data-message-id=\"d4f69a47-f813-4046-9c7c-b5e936ca80ac\" data-message-model-slug=\"gpt-5-1\">\n<div class=\"flex w-full flex-col gap-1 empty:hidden first:pt-[1px]\">\n<div class=\"markdown prose dark:prose-invert w-full break-words light markdown-new-styling\">\n<div class=\"flex flex-col text-sm pb-25\">\n<article class=\"text-token-text-primary w-full focus:outline-none [--shadow-height:45px] has-data-writing-block:pointer-events-none has-data-writing-block:-mt-(--shadow-height) has-data-writing-block:pt-(--shadow-height) [&amp;:has([data-writing-block])&gt;*]:pointer-events-auto scroll-mt-[calc(var(--header-height)+min(200px,max(70px,20svh)))]\" dir=\"auto\" tabindex=\"-1\" data-turn-id=\"request-WEB:209e3289-63e4-414b-883e-c54fb0e043f1-94\" data-testid=\"conversation-turn-114\" data-scroll-anchor=\"true\" data-turn=\"assistant\">\n<div class=\"text-base my-auto mx-auto pb-10 [--thread-content-margin:--spacing(4)] @w-sm\/main:[--thread-content-margin:--spacing(6)] @w-lg\/main:[--thread-content-margin:--spacing(16)] px-(--thread-content-margin)\">\n<div class=\"[--thread-content-max-width:40rem] @w-lg\/main:[--thread-content-max-width:48rem] mx-auto max-w-(--thread-content-max-width) flex-1 group\/turn-messages focus-visible:outline-hidden relative flex w-full min-w-0 flex-col agent-turn\" tabindex=\"-1\">\n<div class=\"flex max-w-full flex-col grow\">\n<div class=\"min-h-8 text-message relative flex w-full flex-col items-end gap-2 text-start break-words whitespace-normal [.text-message+&amp;]:mt-1\" dir=\"auto\" data-message-author-role=\"assistant\" data-message-id=\"f3716354-7152-4f68-acda-2d3199ac69e4\" data-message-model-slug=\"gpt-5-2\">\n<div class=\"flex w-full flex-col gap-1 empty:hidden first:pt-[1px]\">\n<div class=\"markdown prose dark:prose-invert w-full wrap-break-word dark markdown-new-styling\">\n<p data-start=\"1155\" data-end=\"1180\"><strong data-start=\"1155\" data-end=\"1178\">Ocuguard 30 Kapseln<\/strong><\/p>\n<p data-start=\"1182\" data-end=\"1323\">Darreichungsform: Kapseln<br data-start=\"1207\" data-end=\"1210\" \/>St\u00e4rke: Nicht angegeben (enth\u00e4lt typischerweise Antioxidantien, Vitamine, Lutein, Zeaxanthin und Mineralstoffe)<\/p>\n<p data-start=\"1325\" data-end=\"1556\">Indikationen: Unterst\u00fctzung der Augengesundheit; hilft beim Schutz vor oxidativem Stress, verbessert die Netzhautfunktion und unterst\u00fctzt das Sehverm\u00f6gen bei Zust\u00e4nden wie Augenbelastung oder fr\u00fchen altersbedingten Ver\u00e4nderungen.<\/p>\n<p data-start=\"1558\" data-end=\"1600\">Anwendung: Kapseln mit Wasser schlucken.<\/p>\n<p data-start=\"1602\" data-end=\"1678\">H\u00e4ufigkeit: \u00dcblicherweise 1 Kapsel t\u00e4glich oder nach \u00e4rztlicher Anweisung.<\/p>\n<p data-start=\"1680\" data-end=\"1747\">Gegenanzeigen: \u00dcberempfindlichkeit gegen einen der Inhaltsstoffe.<\/p>\n<p data-start=\"1749\" data-end=\"1935\">Vorsichtsma\u00dfnahmen: W\u00e4hrend Schwangerschaft oder Stillzeit mit Vorsicht anwenden; zus\u00e4tzliche hochdosierte Vitamin-A- oder Vitamin-E-Pr\u00e4parate nur nach \u00e4rztlicher Empfehlung einnehmen.<\/p>\n<p data-start=\"1937\" data-end=\"2059\">Nebenwirkungen: Im Allgemeinen gut vertr\u00e4glich; selten leichte gastrointestinale Beschwerden oder Kopfschmerzen m\u00f6glich.<\/p>\n<p data-start=\"2061\" data-end=\"2145\" data-is-last-node=\"\" data-is-only-node=\"\">Lagerung: Bei Raumtemperatur trocken lagern und f\u00fcr Kinder unzug\u00e4nglich aufbewahren.<\/p>\n<\/div>\n<\/div>\n<\/div>\n<\/div>\n<div class=\"z-0 flex min-h-[46px] justify-start\"><\/div>\n<div class=\"mt-3 w-full empty:hidden\">\n<div class=\"text-center\"><\/div>\n<\/div>\n<\/div>\n<\/div>\n<\/article>\n<\/div>\n<div class=\"pointer-events-none h-px w-px absolute bottom-0\" aria-hidden=\"true\" data-edge=\"true\"><\/div>\n<\/div>\n<\/div>\n<\/div>\n<\/div>\n<\/div>\n<\/div>\n<\/article>\n","protected":false},"excerpt":{"rendered":"<p>Ocuguard 30 Kapseln Darreichungsform: KapselnSt\u00e4rke: Nicht angegeben (enth\u00e4lt typischerweise Antioxidantien, Vitamine, Lutein, Zeaxanthin und Mineralstoffe) Indikationen: Unterst\u00fctzung der Augengesundheit; hilft beim Schutz vor oxidativem Stress, verbessert die Netzhautfunktion und unterst\u00fctzt das Sehverm\u00f6gen bei Zust\u00e4nden wie Augenbelastung oder fr\u00fchen altersbedingten Ver\u00e4nderungen. Anwendung: Kapseln mit Wasser schlucken. H\u00e4ufigkeit: \u00dcblicherweise 1 Kapsel t\u00e4glich oder nach \u00e4rztlicher Anweisung. Gegenanzeigen:&#8230;<\/p>\n","protected":false},"featured_media":10142,"comment_status":"open","ping_status":"closed","template":"","meta":{"rs_blank_template":"","rs_page_bg_color":"","slide_template_v7":"","_bst_post_transparent":"default","_bst_post_title":"","_bst_post_layout":"default","_bst_post_sidebar_id":"","_bst_post_content_style":"default","_bst_post_vertical_padding":"default","_bst_post_feature":"","_bst_post_feature_position":"","_bst_post_header":false,"_bst_post_footer":false},"product_brand":[],"product_cat":[351,217,457,229],"product_tag":[],"product_brands":[],"class_list":{"0":"post-10143","1":"product","2":"type-product","3":"status-publish","4":"has-post-thumbnail","6":"product_cat-medical-forms","7":"product_cat-medicines","8":"product_cat-tablets-capsules","9":"product_cat-vitamins-general-supplements","11":"first","12":"instock","13":"shipping-taxable","14":"purchasable","15":"product-type-simple","16":"entry","17":"content-bg","18":"loop-entry"},"_links":{"self":[{"href":"https:\/\/nawarpharmacy.com\/de\/wp-json\/wp\/v2\/product\/10143","targetHints":{"allow":["GET"]}}],"collection":[{"href":"https:\/\/nawarpharmacy.com\/de\/wp-json\/wp\/v2\/product"}],"about":[{"href":"https:\/\/nawarpharmacy.com\/de\/wp-json\/wp\/v2\/types\/product"}],"replies":[{"embeddable":true,"href":"https:\/\/nawarpharmacy.com\/de\/wp-json\/wp\/v2\/comments?post=10143"}],"wp:featuredmedia":[{"embeddable":true,"href":"https:\/\/nawarpharmacy.com\/de\/wp-json\/wp\/v2\/media\/10142"}],"wp:attachment":[{"href":"https:\/\/nawarpharmacy.com\/de\/wp-json\/wp\/v2\/media?parent=10143"}],"wp:term":[{"taxonomy":"product_brand","embeddable":true,"href":"https:\/\/nawarpharmacy.com\/de\/wp-json\/wp\/v2\/product_brand?post=10143"},{"taxonomy":"product_cat","embeddable":true,"href":"https:\/\/nawarpharmacy.com\/de\/wp-json\/wp\/v2\/product_cat?post=10143"},{"taxonomy":"product_tag","embeddable":true,"href":"https:\/\/nawarpharmacy.com\/de\/wp-json\/wp\/v2\/product_tag?post=10143"},{"taxonomy":"product_brands","embeddable":true,"href":"https:\/\/nawarpharmacy.com\/de\/wp-json\/wp\/v2\/product_brands?post=10143"}],"curies":[{"name":"wp","href":"https:\/\/api.w.org\/{rel}","templated":true}]}}