{"id":10134,"date":"2025-11-22T11:42:34","date_gmt":"2025-11-22T11:42:34","guid":{"rendered":"https:\/\/nawarpharmacy.com\/?post_type=product&#038;p=10134"},"modified":"2026-02-23T18:41:31","modified_gmt":"2026-02-23T18:41:31","slug":"l-carintine-350mg-20-capsules","status":"publish","type":"product","link":"https:\/\/nawarpharmacy.com\/de\/produkt\/l-carintine-350mg-20-capsules\/","title":{"rendered":"L Carnitin 350 mg 20 Kapseln"},"content":{"rendered":"<article class=\"text-token-text-primary w-full focus:outline-none [--shadow-height:45px] has-data-writing-block:pointer-events-none has-data-writing-block:-mt-(--shadow-height) has-data-writing-block:pt-(--shadow-height) [&amp;:has([data-writing-block])&gt;*]:pointer-events-auto [content-visibility:auto] supports-[content-visibility:auto]:[contain-intrinsic-size:auto_100lvh] scroll-mt-[calc(var(--header-height)+min(200px,max(70px,20svh)))]\" dir=\"auto\" data-turn-id=\"request-692073f5-3f80-832c-872f-7626d4388ea8-5\" data-testid=\"conversation-turn-30\" data-scroll-anchor=\"true\" data-turn=\"assistant\">\n<div class=\"text-base my-auto mx-auto pb-10 [--thread-content-margin:--spacing(4)] thread-sm:[--thread-content-margin:--spacing(6)] thread-lg:[--thread-content-margin:--spacing(16)] px-(--thread-content-margin)\">\n<div class=\"[--thread-content-max-width:40rem] thread-lg:[--thread-content-max-width:48rem] mx-auto max-w-(--thread-content-max-width) flex-1 group\/turn-messages focus-visible:outline-hidden relative flex w-full min-w-0 flex-col agent-turn\">\n<div class=\"flex max-w-full flex-col grow\">\n<div class=\"min-h-8 text-message relative flex w-full flex-col items-end gap-2 text-start break-words whitespace-normal [.text-message+&amp;]:mt-1\" dir=\"auto\" data-message-author-role=\"assistant\" data-message-id=\"b2e449a6-3997-4c4f-bbef-228d5ee3ed92\" data-message-model-slug=\"gpt-5-1\">\n<div class=\"flex w-full flex-col gap-1 empty:hidden first:pt-[1px]\">\n<div class=\"markdown prose dark:prose-invert w-full break-words light markdown-new-styling\">\n<p data-start=\"1136\" data-end=\"1198\"><strong data-start=\"1136\" data-end=\"1168\">L Carnitin 350 mg 20 Kapseln<\/strong><br data-start=\"1168\" data-end=\"1171\" \/>Darreichungsform: Kapseln<\/p>\n<p data-start=\"1200\" data-end=\"1242\"><strong data-start=\"1200\" data-end=\"1211\">St\u00e4rke:<\/strong> 350 mg L-Carnitin pro Kapsel<\/p>\n<h3 data-start=\"1244\" data-end=\"1280\">Anwendungsgebiete \/ Indikationen<\/h3>\n<ul data-start=\"1282\" data-end=\"1473\">\n<li data-start=\"1282\" data-end=\"1322\">\n<p data-start=\"1284\" data-end=\"1322\">Unterst\u00fctzung des Fettstoffwechsels.<\/p>\n<\/li>\n<li data-start=\"1323\" data-end=\"1370\">\n<p data-start=\"1325\" data-end=\"1370\">F\u00f6rderung der zellul\u00e4ren Energieproduktion.<\/p>\n<\/li>\n<li data-start=\"1371\" data-end=\"1422\">\n<p data-start=\"1373\" data-end=\"1422\">Steigerung der k\u00f6rperlichen Leistungsf\u00e4higkeit.<\/p>\n<\/li>\n<li data-start=\"1423\" data-end=\"1473\">\n<p data-start=\"1425\" data-end=\"1473\">Kann zur Verringerung von M\u00fcdigkeit beitragen.<\/p>\n<\/li>\n<\/ul>\n<h3 data-start=\"1475\" data-end=\"1488\">Anwendung<\/h3>\n<ul data-start=\"1490\" data-end=\"1624\">\n<li data-start=\"1490\" data-end=\"1523\">\n<p data-start=\"1492\" data-end=\"1523\">Kapseln mit Wasser schlucken.<\/p>\n<\/li>\n<li data-start=\"1524\" data-end=\"1624\">\n<p data-start=\"1526\" data-end=\"1624\">\u00dcblicherweise 1\u20132 Kapseln t\u00e4glich, vorzugsweise vor dem Training oder nach \u00e4rztlicher Anweisung.<\/p>\n<\/li>\n<\/ul>\n<h3 data-start=\"1626\" data-end=\"1643\">Gegenanzeigen<\/h3>\n<ul data-start=\"1645\" data-end=\"1730\">\n<li data-start=\"1645\" data-end=\"1730\">\n<p data-start=\"1647\" data-end=\"1730\">\u00dcberempfindlichkeit gegen L-Carnitin oder einen sonstigen Bestandteil der Kapsel.<\/p>\n<\/li>\n<\/ul>\n<h3 data-start=\"1732\" data-end=\"1769\">Warnhinweise \/ Vorsichtsma\u00dfnahmen<\/h3>\n<ul data-start=\"1771\" data-end=\"1898\">\n<li data-start=\"1771\" data-end=\"1820\">\n<p data-start=\"1773\" data-end=\"1820\">Vorsicht bei Hypothyreose oder Anfallsleiden.<\/p>\n<\/li>\n<li data-start=\"1821\" data-end=\"1898\">\n<p data-start=\"1823\" data-end=\"1898\">Schwangerschaft und Stillzeit: Anwendung nur nach \u00e4rztlicher R\u00fccksprache.<\/p>\n<\/li>\n<\/ul>\n<h3 data-start=\"1900\" data-end=\"1918\">Nebenwirkungen<\/h3>\n<ul data-start=\"1920\" data-end=\"2026\">\n<li data-start=\"1920\" data-end=\"2026\">\n<p data-start=\"1922\" data-end=\"2026\">M\u00f6glich: \u00dcbelkeit, Magenbeschwerden, Durchfall, Kopfschmerzen oder leichter fischartiger K\u00f6rpergeruch.<\/p>\n<\/li>\n<\/ul>\n<h3 data-start=\"2028\" data-end=\"2040\">Lagerung<\/h3>\n<ul data-start=\"2042\" data-end=\"2119\" data-is-last-node=\"\" data-is-only-node=\"\">\n<li data-start=\"2042\" data-end=\"2080\">\n<p data-start=\"2044\" data-end=\"2080\">Bei Raumtemperatur trocken lagern.<\/p>\n<\/li>\n<li data-start=\"2081\" data-end=\"2119\" data-is-last-node=\"\">\n<p data-start=\"2083\" data-end=\"2119\" data-is-last-node=\"\">F\u00fcr Kinder unzug\u00e4nglich aufbewahren.<\/p>\n<\/li>\n<\/ul>\n<\/div>\n<\/div>\n<\/div>\n<\/div>\n<\/div>\n<\/div>\n<\/article>\n","protected":false},"excerpt":{"rendered":"<p>L Carnitin 350 mg 20 KapselnDarreichungsform: Kapseln St\u00e4rke: 350 mg L-Carnitin pro Kapsel Anwendungsgebiete \/ Indikationen Unterst\u00fctzung des Fettstoffwechsels. F\u00f6rderung der zellul\u00e4ren Energieproduktion. Steigerung der k\u00f6rperlichen Leistungsf\u00e4higkeit. Kann zur Verringerung von M\u00fcdigkeit beitragen. Anwendung Kapseln mit Wasser schlucken. \u00dcblicherweise 1\u20132 Kapseln t\u00e4glich, vorzugsweise vor dem Training oder nach \u00e4rztlicher Anweisung. Gegenanzeigen \u00dcberempfindlichkeit gegen L-Carnitin oder&#8230;<\/p>\n","protected":false},"featured_media":10133,"comment_status":"open","ping_status":"closed","template":"","meta":{"rs_blank_template":"","rs_page_bg_color":"","slide_template_v7":"","_bst_post_transparent":"default","_bst_post_title":"","_bst_post_layout":"default","_bst_post_sidebar_id":"","_bst_post_content_style":"default","_bst_post_vertical_padding":"default","_bst_post_feature":"","_bst_post_feature_position":"","_bst_post_header":false,"_bst_post_footer":false},"product_brand":[],"product_cat":[351,217,457,229],"product_tag":[],"product_brands":[],"class_list":{"0":"post-10134","1":"product","2":"type-product","3":"status-publish","4":"has-post-thumbnail","6":"product_cat-medical-forms","7":"product_cat-medicines","8":"product_cat-tablets-capsules","9":"product_cat-vitamins-general-supplements","11":"first","12":"instock","13":"shipping-taxable","14":"purchasable","15":"product-type-simple","16":"entry","17":"content-bg","18":"loop-entry"},"_links":{"self":[{"href":"https:\/\/nawarpharmacy.com\/de\/wp-json\/wp\/v2\/product\/10134","targetHints":{"allow":["GET"]}}],"collection":[{"href":"https:\/\/nawarpharmacy.com\/de\/wp-json\/wp\/v2\/product"}],"about":[{"href":"https:\/\/nawarpharmacy.com\/de\/wp-json\/wp\/v2\/types\/product"}],"replies":[{"embeddable":true,"href":"https:\/\/nawarpharmacy.com\/de\/wp-json\/wp\/v2\/comments?post=10134"}],"wp:featuredmedia":[{"embeddable":true,"href":"https:\/\/nawarpharmacy.com\/de\/wp-json\/wp\/v2\/media\/10133"}],"wp:attachment":[{"href":"https:\/\/nawarpharmacy.com\/de\/wp-json\/wp\/v2\/media?parent=10134"}],"wp:term":[{"taxonomy":"product_brand","embeddable":true,"href":"https:\/\/nawarpharmacy.com\/de\/wp-json\/wp\/v2\/product_brand?post=10134"},{"taxonomy":"product_cat","embeddable":true,"href":"https:\/\/nawarpharmacy.com\/de\/wp-json\/wp\/v2\/product_cat?post=10134"},{"taxonomy":"product_tag","embeddable":true,"href":"https:\/\/nawarpharmacy.com\/de\/wp-json\/wp\/v2\/product_tag?post=10134"},{"taxonomy":"product_brands","embeddable":true,"href":"https:\/\/nawarpharmacy.com\/de\/wp-json\/wp\/v2\/product_brands?post=10134"}],"curies":[{"name":"wp","href":"https:\/\/api.w.org\/{rel}","templated":true}]}}