{"id":10130,"date":"2025-11-22T11:42:51","date_gmt":"2025-11-22T11:42:51","guid":{"rendered":"https:\/\/nawarpharmacy.com\/?post_type=product&#038;p=10130"},"modified":"2026-02-23T18:40:23","modified_gmt":"2026-02-23T18:40:23","slug":"l-carintine-plus-1000mg-20-tablets","status":"publish","type":"product","link":"https:\/\/nawarpharmacy.com\/de\/produkt\/l-carintine-plus-1000mg-20-tablets\/","title":{"rendered":"L Carnitin Plus 1000 mg 20 Tabletten"},"content":{"rendered":"<article class=\"text-token-text-primary w-full focus:outline-none [--shadow-height:45px] has-data-writing-block:pointer-events-none has-data-writing-block:-mt-(--shadow-height) has-data-writing-block:pt-(--shadow-height) [&amp;:has([data-writing-block])&gt;*]:pointer-events-auto [content-visibility:auto] supports-[content-visibility:auto]:[contain-intrinsic-size:auto_100lvh] scroll-mt-[calc(var(--header-height)+min(200px,max(70px,20svh)))]\" dir=\"auto\" data-turn-id=\"request-692073f5-3f80-832c-872f-7626d4388ea8-6\" data-testid=\"conversation-turn-32\" data-scroll-anchor=\"true\" data-turn=\"assistant\">\n<div class=\"text-base my-auto mx-auto pb-10 [--thread-content-margin:--spacing(4)] thread-sm:[--thread-content-margin:--spacing(6)] thread-lg:[--thread-content-margin:--spacing(16)] px-(--thread-content-margin)\">\n<div class=\"[--thread-content-max-width:40rem] thread-lg:[--thread-content-max-width:48rem] mx-auto max-w-(--thread-content-max-width) flex-1 group\/turn-messages focus-visible:outline-hidden relative flex w-full min-w-0 flex-col agent-turn\">\n<div class=\"flex max-w-full flex-col grow\">\n<div class=\"min-h-8 text-message relative flex w-full flex-col items-end gap-2 text-start break-words whitespace-normal [.text-message+&amp;]:mt-1\" dir=\"auto\" data-message-author-role=\"assistant\" data-message-id=\"85e27405-f293-4d9e-bbf5-3b7cfc24362c\" data-message-model-slug=\"gpt-5-1\">\n<div class=\"flex w-full flex-col gap-1 empty:hidden first:pt-[1px]\">\n<div class=\"markdown prose dark:prose-invert w-full break-words light markdown-new-styling\">\n<div class=\"flex flex-col text-sm pb-25\">\n<article class=\"text-token-text-primary w-full focus:outline-none [--shadow-height:45px] has-data-writing-block:pointer-events-none has-data-writing-block:-mt-(--shadow-height) has-data-writing-block:pt-(--shadow-height) [&amp;:has([data-writing-block])&gt;*]:pointer-events-auto scroll-mt-[calc(var(--header-height)+min(200px,max(70px,20svh)))]\" dir=\"auto\" tabindex=\"-1\" data-turn-id=\"request-WEB:209e3289-63e4-414b-883e-c54fb0e043f1-90\" data-testid=\"conversation-turn-106\" data-scroll-anchor=\"true\" data-turn=\"assistant\">\n<div class=\"text-base my-auto mx-auto pb-10 [--thread-content-margin:--spacing(4)] @w-sm\/main:[--thread-content-margin:--spacing(6)] @w-lg\/main:[--thread-content-margin:--spacing(16)] px-(--thread-content-margin)\">\n<div class=\"[--thread-content-max-width:40rem] @w-lg\/main:[--thread-content-max-width:48rem] mx-auto max-w-(--thread-content-max-width) flex-1 group\/turn-messages focus-visible:outline-hidden relative flex w-full min-w-0 flex-col agent-turn\" tabindex=\"-1\">\n<div class=\"flex max-w-full flex-col grow\">\n<div class=\"min-h-8 text-message relative flex w-full flex-col items-end gap-2 text-start break-words whitespace-normal [.text-message+&amp;]:mt-1\" dir=\"auto\" data-message-author-role=\"assistant\" data-message-id=\"4e923250-1100-4596-bab9-dea4240a0871\" data-message-model-slug=\"gpt-5-2\">\n<div class=\"flex w-full flex-col gap-1 empty:hidden first:pt-[1px]\">\n<div class=\"markdown prose dark:prose-invert w-full wrap-break-word dark markdown-new-styling\">\n<p data-start=\"1150\" data-end=\"1222\"><strong data-start=\"1150\" data-end=\"1190\">L Carnitin Plus 1000 mg 20 Tabletten<\/strong><br data-start=\"1190\" data-end=\"1193\" \/>Darreichungsform: Tabletten<\/p>\n<p data-start=\"1224\" data-end=\"1269\"><strong data-start=\"1224\" data-end=\"1235\">St\u00e4rke:<\/strong> 1000 mg L-Carnitin pro Tablette<\/p>\n<h3 data-start=\"1271\" data-end=\"1307\">Anwendungsgebiete \/ Indikationen<\/h3>\n<ul data-start=\"1309\" data-end=\"1503\">\n<li data-start=\"1309\" data-end=\"1349\">\n<p data-start=\"1311\" data-end=\"1349\">Unterst\u00fctzung des Fettstoffwechsels.<\/p>\n<\/li>\n<li data-start=\"1350\" data-end=\"1400\">\n<p data-start=\"1352\" data-end=\"1400\">Verbesserung der zellul\u00e4ren Energieproduktion.<\/p>\n<\/li>\n<li data-start=\"1401\" data-end=\"1452\">\n<p data-start=\"1403\" data-end=\"1452\">Steigerung der k\u00f6rperlichen Leistungsf\u00e4higkeit.<\/p>\n<\/li>\n<li data-start=\"1453\" data-end=\"1503\">\n<p data-start=\"1455\" data-end=\"1503\">Kann zur Verringerung von M\u00fcdigkeit beitragen.<\/p>\n<\/li>\n<\/ul>\n<h3 data-start=\"1505\" data-end=\"1518\">Anwendung<\/h3>\n<ul data-start=\"1520\" data-end=\"1654\">\n<li data-start=\"1520\" data-end=\"1555\">\n<p data-start=\"1522\" data-end=\"1555\">Tabletten mit Wasser schlucken.<\/p>\n<\/li>\n<li data-start=\"1556\" data-end=\"1654\">\n<p data-start=\"1558\" data-end=\"1654\">In der Regel 1 Tablette t\u00e4glich, vorzugsweise vor dem Training oder nach \u00e4rztlicher Anweisung.<\/p>\n<\/li>\n<\/ul>\n<h3 data-start=\"1656\" data-end=\"1673\">Gegenanzeigen<\/h3>\n<ul data-start=\"1675\" data-end=\"1749\">\n<li data-start=\"1675\" data-end=\"1749\">\n<p data-start=\"1677\" data-end=\"1749\">\u00dcberempfindlichkeit gegen L-Carnitin oder einen sonstigen Bestandteil.<\/p>\n<\/li>\n<\/ul>\n<h3 data-start=\"1751\" data-end=\"1788\">Warnhinweise \/ Vorsichtsma\u00dfnahmen<\/h3>\n<ul data-start=\"1790\" data-end=\"1917\">\n<li data-start=\"1790\" data-end=\"1839\">\n<p data-start=\"1792\" data-end=\"1839\">Vorsicht bei Hypothyreose oder Anfallsleiden.<\/p>\n<\/li>\n<li data-start=\"1840\" data-end=\"1917\">\n<p data-start=\"1842\" data-end=\"1917\">Schwangerschaft und Stillzeit: Anwendung nur nach \u00e4rztlicher R\u00fccksprache.<\/p>\n<\/li>\n<\/ul>\n<h3 data-start=\"1919\" data-end=\"1937\">Nebenwirkungen<\/h3>\n<ul data-start=\"1939\" data-end=\"2045\">\n<li data-start=\"1939\" data-end=\"2045\">\n<p data-start=\"1941\" data-end=\"2045\">M\u00f6glich: \u00dcbelkeit, Magenbeschwerden, Durchfall, Kopfschmerzen oder leichter fischartiger K\u00f6rpergeruch.<\/p>\n<\/li>\n<\/ul>\n<h3 data-start=\"2047\" data-end=\"2059\">Lagerung<\/h3>\n<ul data-start=\"2061\" data-end=\"2138\" data-is-last-node=\"\" data-is-only-node=\"\">\n<li data-start=\"2061\" data-end=\"2099\">\n<p data-start=\"2063\" data-end=\"2099\">Bei Raumtemperatur trocken lagern.<\/p>\n<\/li>\n<li data-start=\"2100\" data-end=\"2138\" data-is-last-node=\"\">\n<p data-start=\"2102\" data-end=\"2138\" data-is-last-node=\"\">F\u00fcr Kinder unzug\u00e4nglich aufbewahren.<\/p>\n<\/li>\n<\/ul>\n<\/div>\n<\/div>\n<\/div>\n<\/div>\n<div class=\"z-0 flex min-h-[46px] justify-start\"><\/div>\n<div class=\"mt-3 w-full empty:hidden\">\n<div class=\"text-center\"><\/div>\n<\/div>\n<\/div>\n<\/div>\n<\/article>\n<\/div>\n<div class=\"pointer-events-none h-px w-px absolute bottom-0\" aria-hidden=\"true\" data-edge=\"true\"><\/div>\n<\/div>\n<\/div>\n<\/div>\n<\/div>\n<\/div>\n<\/div>\n<\/article>\n","protected":false},"excerpt":{"rendered":"<p>L Carnitin Plus 1000 mg 20 TablettenDarreichungsform: Tabletten St\u00e4rke: 1000 mg L-Carnitin pro Tablette Anwendungsgebiete \/ Indikationen Unterst\u00fctzung des Fettstoffwechsels. Verbesserung der zellul\u00e4ren Energieproduktion. Steigerung der k\u00f6rperlichen Leistungsf\u00e4higkeit. Kann zur Verringerung von M\u00fcdigkeit beitragen. Anwendung Tabletten mit Wasser schlucken. In der Regel 1 Tablette t\u00e4glich, vorzugsweise vor dem Training oder nach \u00e4rztlicher Anweisung. Gegenanzeigen \u00dcberempfindlichkeit&#8230;<\/p>\n","protected":false},"featured_media":10129,"comment_status":"open","ping_status":"closed","template":"","meta":{"rs_blank_template":"","rs_page_bg_color":"","slide_template_v7":"","_bst_post_transparent":"default","_bst_post_title":"","_bst_post_layout":"default","_bst_post_sidebar_id":"","_bst_post_content_style":"default","_bst_post_vertical_padding":"default","_bst_post_feature":"","_bst_post_feature_position":"","_bst_post_header":false,"_bst_post_footer":false},"product_brand":[],"product_cat":[351,217,457,229],"product_tag":[],"product_brands":[],"class_list":{"0":"post-10130","1":"product","2":"type-product","3":"status-publish","4":"has-post-thumbnail","6":"product_cat-medical-forms","7":"product_cat-medicines","8":"product_cat-tablets-capsules","9":"product_cat-vitamins-general-supplements","11":"first","12":"instock","13":"shipping-taxable","14":"purchasable","15":"product-type-simple","16":"entry","17":"content-bg","18":"loop-entry"},"_links":{"self":[{"href":"https:\/\/nawarpharmacy.com\/de\/wp-json\/wp\/v2\/product\/10130","targetHints":{"allow":["GET"]}}],"collection":[{"href":"https:\/\/nawarpharmacy.com\/de\/wp-json\/wp\/v2\/product"}],"about":[{"href":"https:\/\/nawarpharmacy.com\/de\/wp-json\/wp\/v2\/types\/product"}],"replies":[{"embeddable":true,"href":"https:\/\/nawarpharmacy.com\/de\/wp-json\/wp\/v2\/comments?post=10130"}],"wp:featuredmedia":[{"embeddable":true,"href":"https:\/\/nawarpharmacy.com\/de\/wp-json\/wp\/v2\/media\/10129"}],"wp:attachment":[{"href":"https:\/\/nawarpharmacy.com\/de\/wp-json\/wp\/v2\/media?parent=10130"}],"wp:term":[{"taxonomy":"product_brand","embeddable":true,"href":"https:\/\/nawarpharmacy.com\/de\/wp-json\/wp\/v2\/product_brand?post=10130"},{"taxonomy":"product_cat","embeddable":true,"href":"https:\/\/nawarpharmacy.com\/de\/wp-json\/wp\/v2\/product_cat?post=10130"},{"taxonomy":"product_tag","embeddable":true,"href":"https:\/\/nawarpharmacy.com\/de\/wp-json\/wp\/v2\/product_tag?post=10130"},{"taxonomy":"product_brands","embeddable":true,"href":"https:\/\/nawarpharmacy.com\/de\/wp-json\/wp\/v2\/product_brands?post=10130"}],"curies":[{"name":"wp","href":"https:\/\/api.w.org\/{rel}","templated":true}]}}