{"id":10121,"date":"2025-11-22T11:46:00","date_gmt":"2025-11-22T11:46:00","guid":{"rendered":"https:\/\/nawarpharmacy.com\/?post_type=product&#038;p=10121"},"modified":"2026-02-23T18:38:13","modified_gmt":"2026-02-23T18:38:13","slug":"empir-g-30-tablets","status":"publish","type":"product","link":"https:\/\/nawarpharmacy.com\/de\/produkt\/empir-g-30-tablets\/","title":{"rendered":"Empir G 30 Tabletten"},"content":{"rendered":"<article class=\"text-token-text-primary w-full focus:outline-none [--shadow-height:45px] has-data-writing-block:pointer-events-none has-data-writing-block:-mt-(--shadow-height) has-data-writing-block:pt-(--shadow-height) [&amp;:has([data-writing-block])&gt;*]:pointer-events-auto [content-visibility:auto] supports-[content-visibility:auto]:[contain-intrinsic-size:auto_100lvh] scroll-mt-[calc(var(--header-height)+min(200px,max(70px,20svh)))]\" dir=\"auto\" data-turn-id=\"request-692073f5-3f80-832c-872f-7626d4388ea8-8\" data-testid=\"conversation-turn-36\" data-scroll-anchor=\"true\" data-turn=\"assistant\">\n<div class=\"text-base my-auto mx-auto pb-10 [--thread-content-margin:--spacing(4)] thread-sm:[--thread-content-margin:--spacing(6)] thread-lg:[--thread-content-margin:--spacing(16)] px-(--thread-content-margin)\">\n<div class=\"[--thread-content-max-width:40rem] thread-lg:[--thread-content-max-width:48rem] mx-auto max-w-(--thread-content-max-width) flex-1 group\/turn-messages focus-visible:outline-hidden relative flex w-full min-w-0 flex-col agent-turn\">\n<div class=\"flex max-w-full flex-col grow\">\n<div class=\"min-h-8 text-message relative flex w-full flex-col items-end gap-2 text-start break-words whitespace-normal [.text-message+&amp;]:mt-1\" dir=\"auto\" data-message-author-role=\"assistant\" data-message-id=\"1f0c9ed0-218c-4b62-bc5d-c3191f076b8d\" data-message-model-slug=\"gpt-5-1\">\n<div class=\"flex w-full flex-col gap-1 empty:hidden first:pt-[1px]\">\n<div class=\"markdown prose dark:prose-invert w-full break-words light markdown-new-styling\">\n<p data-start=\"1260\" data-end=\"1316\"><strong data-start=\"1260\" data-end=\"1284\">Empir G 30 Tabletten<\/strong><br data-start=\"1284\" data-end=\"1287\" \/>Darreichungsform: Tabletten<\/p>\n<p data-start=\"1318\" data-end=\"1467\"><strong data-start=\"1318\" data-end=\"1347\">St\u00e4rke \/ Zusammensetzung:<\/strong> Nicht angegeben (h\u00e4ufig Kombination aus Ginseng-Extrakt und Vitaminen; genaue Zusammensetzung der Packung entnehmen).<\/p>\n<h3 data-start=\"1469\" data-end=\"1505\">Anwendungsgebiete \/ Indikationen<\/h3>\n<ul data-start=\"1507\" data-end=\"1743\">\n<li data-start=\"1507\" data-end=\"1545\">\n<p data-start=\"1509\" data-end=\"1545\">Anwendung als allgemeines Tonikum.<\/p>\n<\/li>\n<li data-start=\"1546\" data-end=\"1633\">\n<p data-start=\"1548\" data-end=\"1633\">Unterst\u00fctzung zur Steigerung des Energieniveaus und zur Verringerung von M\u00fcdigkeit.<\/p>\n<\/li>\n<li data-start=\"1634\" data-end=\"1698\">\n<p data-start=\"1636\" data-end=\"1698\">F\u00f6rderung der k\u00f6rperlichen und geistigen Leistungsf\u00e4higkeit.<\/p>\n<\/li>\n<li data-start=\"1699\" data-end=\"1743\">\n<p data-start=\"1701\" data-end=\"1743\">Unterst\u00fctzung der allgemeinen Vitalit\u00e4t.<\/p>\n<\/li>\n<\/ul>\n<h3 data-start=\"1745\" data-end=\"1758\">Anwendung<\/h3>\n<ul data-start=\"1760\" data-end=\"1863\">\n<li data-start=\"1760\" data-end=\"1795\">\n<p data-start=\"1762\" data-end=\"1795\">Tabletten mit Wasser schlucken.<\/p>\n<\/li>\n<li data-start=\"1796\" data-end=\"1863\">\n<p data-start=\"1798\" data-end=\"1863\">In der Regel 1 Tablette t\u00e4glich oder nach \u00e4rztlicher Anweisung.<\/p>\n<\/li>\n<\/ul>\n<h3 data-start=\"1865\" data-end=\"1882\">Gegenanzeigen<\/h3>\n<ul data-start=\"1884\" data-end=\"1937\">\n<li data-start=\"1884\" data-end=\"1937\">\n<p data-start=\"1886\" data-end=\"1937\">\u00dcberempfindlichkeit gegen einen der Bestandteile.<\/p>\n<\/li>\n<\/ul>\n<h3 data-start=\"1939\" data-end=\"1976\">Warnhinweise \/ Vorsichtsma\u00dfnahmen<\/h3>\n<ul data-start=\"1978\" data-end=\"2185\">\n<li data-start=\"1978\" data-end=\"2088\">\n<p data-start=\"1980\" data-end=\"2088\">Vorsicht bei Bluthochdruck, Herzerkrankungen, Schlafst\u00f6rungen sowie w\u00e4hrend Schwangerschaft und Stillzeit.<\/p>\n<\/li>\n<li data-start=\"2089\" data-end=\"2185\">\n<p data-start=\"2091\" data-end=\"2185\">Aufgrund m\u00f6glicher stimulierender Wirkung nicht unmittelbar vor dem Schlafengehen einnehmen.<\/p>\n<\/li>\n<\/ul>\n<h3 data-start=\"2187\" data-end=\"2205\">Nebenwirkungen<\/h3>\n<ul data-start=\"2207\" data-end=\"2293\">\n<li data-start=\"2207\" data-end=\"2293\">\n<p data-start=\"2209\" data-end=\"2293\">M\u00f6glich: leichte Magenbeschwerden, Kopfschmerzen, Nervosit\u00e4t oder Schlaflosigkeit.<\/p>\n<\/li>\n<\/ul>\n<h3 data-start=\"2295\" data-end=\"2307\">Lagerung<\/h3>\n<ul data-start=\"2309\" data-end=\"2386\" data-is-last-node=\"\" data-is-only-node=\"\">\n<li data-start=\"2309\" data-end=\"2347\">\n<p data-start=\"2311\" data-end=\"2347\">Bei Raumtemperatur trocken lagern.<\/p>\n<\/li>\n<li data-start=\"2348\" data-end=\"2386\" data-is-last-node=\"\">\n<p data-start=\"2350\" data-end=\"2386\" data-is-last-node=\"\">F\u00fcr Kinder unzug\u00e4nglich aufbewahren.<\/p>\n<\/li>\n<\/ul>\n<\/div>\n<\/div>\n<\/div>\n<\/div>\n<\/div>\n<\/div>\n<\/article>\n","protected":false},"excerpt":{"rendered":"<p>Empir G 30 TablettenDarreichungsform: Tabletten St\u00e4rke \/ Zusammensetzung: Nicht angegeben (h\u00e4ufig Kombination aus Ginseng-Extrakt und Vitaminen; genaue Zusammensetzung der Packung entnehmen). Anwendungsgebiete \/ Indikationen Anwendung als allgemeines Tonikum. Unterst\u00fctzung zur Steigerung des Energieniveaus und zur Verringerung von M\u00fcdigkeit. F\u00f6rderung der k\u00f6rperlichen und geistigen Leistungsf\u00e4higkeit. Unterst\u00fctzung der allgemeinen Vitalit\u00e4t. Anwendung Tabletten mit Wasser schlucken. In der&#8230;<\/p>\n","protected":false},"featured_media":10120,"comment_status":"open","ping_status":"closed","template":"","meta":{"rs_blank_template":"","rs_page_bg_color":"","slide_template_v7":"","_bst_post_transparent":"default","_bst_post_title":"","_bst_post_layout":"default","_bst_post_sidebar_id":"","_bst_post_content_style":"default","_bst_post_vertical_padding":"default","_bst_post_feature":"","_bst_post_feature_position":"","_bst_post_header":false,"_bst_post_footer":false},"product_brand":[],"product_cat":[351,217,457,229],"product_tag":[],"product_brands":[],"class_list":{"0":"post-10121","1":"product","2":"type-product","3":"status-publish","4":"has-post-thumbnail","6":"product_cat-medical-forms","7":"product_cat-medicines","8":"product_cat-tablets-capsules","9":"product_cat-vitamins-general-supplements","11":"first","12":"instock","13":"shipping-taxable","14":"purchasable","15":"product-type-simple","16":"entry","17":"content-bg","18":"loop-entry"},"_links":{"self":[{"href":"https:\/\/nawarpharmacy.com\/de\/wp-json\/wp\/v2\/product\/10121","targetHints":{"allow":["GET"]}}],"collection":[{"href":"https:\/\/nawarpharmacy.com\/de\/wp-json\/wp\/v2\/product"}],"about":[{"href":"https:\/\/nawarpharmacy.com\/de\/wp-json\/wp\/v2\/types\/product"}],"replies":[{"embeddable":true,"href":"https:\/\/nawarpharmacy.com\/de\/wp-json\/wp\/v2\/comments?post=10121"}],"wp:featuredmedia":[{"embeddable":true,"href":"https:\/\/nawarpharmacy.com\/de\/wp-json\/wp\/v2\/media\/10120"}],"wp:attachment":[{"href":"https:\/\/nawarpharmacy.com\/de\/wp-json\/wp\/v2\/media?parent=10121"}],"wp:term":[{"taxonomy":"product_brand","embeddable":true,"href":"https:\/\/nawarpharmacy.com\/de\/wp-json\/wp\/v2\/product_brand?post=10121"},{"taxonomy":"product_cat","embeddable":true,"href":"https:\/\/nawarpharmacy.com\/de\/wp-json\/wp\/v2\/product_cat?post=10121"},{"taxonomy":"product_tag","embeddable":true,"href":"https:\/\/nawarpharmacy.com\/de\/wp-json\/wp\/v2\/product_tag?post=10121"},{"taxonomy":"product_brands","embeddable":true,"href":"https:\/\/nawarpharmacy.com\/de\/wp-json\/wp\/v2\/product_brands?post=10121"}],"curies":[{"name":"wp","href":"https:\/\/api.w.org\/{rel}","templated":true}]}}