{"id":10110,"date":"2025-11-22T11:48:46","date_gmt":"2025-11-22T11:48:46","guid":{"rendered":"https:\/\/nawarpharmacy.com\/?post_type=product&#038;p=10110"},"modified":"2026-02-23T18:32:12","modified_gmt":"2026-02-23T18:32:12","slug":"incan-b-comb-30-tablets","status":"publish","type":"product","link":"https:\/\/nawarpharmacy.com\/de\/produkt\/incan-b-comb-30-tablets\/","title":{"rendered":"Incan B Comb 30 Tabletten"},"content":{"rendered":"<article class=\"text-token-text-primary w-full focus:outline-none [--shadow-height:45px] has-data-writing-block:pointer-events-none has-data-writing-block:-mt-(--shadow-height) has-data-writing-block:pt-(--shadow-height) [&amp;:has([data-writing-block])&gt;*]:pointer-events-auto [content-visibility:auto] supports-[content-visibility:auto]:[contain-intrinsic-size:auto_100lvh] scroll-mt-[calc(var(--header-height)+min(200px,max(70px,20svh)))]\" dir=\"auto\" data-turn-id=\"request-692073f5-3f80-832c-872f-7626d4388ea8-12\" data-testid=\"conversation-turn-44\" data-scroll-anchor=\"true\" data-turn=\"assistant\">\n<div class=\"text-base my-auto mx-auto pb-10 [--thread-content-margin:--spacing(4)] thread-sm:[--thread-content-margin:--spacing(6)] thread-lg:[--thread-content-margin:--spacing(16)] px-(--thread-content-margin)\">\n<div class=\"[--thread-content-max-width:40rem] thread-lg:[--thread-content-max-width:48rem] mx-auto max-w-(--thread-content-max-width) flex-1 group\/turn-messages focus-visible:outline-hidden relative flex w-full min-w-0 flex-col agent-turn\">\n<div class=\"flex max-w-full flex-col grow\">\n<div class=\"min-h-8 text-message relative flex w-full flex-col items-end gap-2 text-start break-words whitespace-normal [.text-message+&amp;]:mt-1\" dir=\"auto\" data-message-author-role=\"assistant\" data-message-id=\"4c2648a9-e90b-49a3-a041-9a552d1b8ad0\" data-message-model-slug=\"gpt-5-mini\">\n<div class=\"flex w-full flex-col gap-1 empty:hidden first:pt-[1px]\">\n<div class=\"markdown prose dark:prose-invert w-full break-words light markdown-new-styling\">\n<div class=\"flex flex-col text-sm pb-25\">\n<article class=\"text-token-text-primary w-full focus:outline-none [--shadow-height:45px] has-data-writing-block:pointer-events-none has-data-writing-block:-mt-(--shadow-height) has-data-writing-block:pt-(--shadow-height) [&amp;:has([data-writing-block])&gt;*]:pointer-events-auto scroll-mt-[calc(var(--header-height)+min(200px,max(70px,20svh)))]\" dir=\"auto\" tabindex=\"-1\" data-turn-id=\"request-WEB:209e3289-63e4-414b-883e-c54fb0e043f1-85\" data-testid=\"conversation-turn-96\" data-scroll-anchor=\"true\" data-turn=\"assistant\">\n<div class=\"text-base my-auto mx-auto pb-10 [--thread-content-margin:--spacing(4)] @w-sm\/main:[--thread-content-margin:--spacing(6)] @w-lg\/main:[--thread-content-margin:--spacing(16)] px-(--thread-content-margin)\">\n<div class=\"[--thread-content-max-width:40rem] @w-lg\/main:[--thread-content-max-width:48rem] mx-auto max-w-(--thread-content-max-width) flex-1 group\/turn-messages focus-visible:outline-hidden relative flex w-full min-w-0 flex-col agent-turn\" tabindex=\"-1\">\n<div class=\"flex max-w-full flex-col grow\">\n<div class=\"min-h-8 text-message relative flex w-full flex-col items-end gap-2 text-start break-words whitespace-normal [.text-message+&amp;]:mt-1\" dir=\"auto\" data-message-author-role=\"assistant\" data-message-id=\"e201717b-d142-4209-8fe2-fcfcfe038301\" data-message-model-slug=\"gpt-5-2\">\n<div class=\"flex w-full flex-col gap-1 empty:hidden first:pt-[1px]\">\n<div class=\"markdown prose dark:prose-invert w-full wrap-break-word dark markdown-new-styling\">\n<p data-start=\"1067\" data-end=\"1132\"><strong data-start=\"1067\" data-end=\"1096\">Incan B Comb 30 Tabletten<\/strong><br data-start=\"1096\" data-end=\"1099\" \/>Darreichungsform: Filmtabletten<\/p>\n<h3 data-start=\"1134\" data-end=\"1148\">Wirkstoffe<\/h3>\n<ul data-start=\"1150\" data-end=\"1239\">\n<li data-start=\"1150\" data-end=\"1178\">\n<p data-start=\"1152\" data-end=\"1178\">Benfotiamin (Vitamin B1)<\/p>\n<\/li>\n<li data-start=\"1179\" data-end=\"1212\">\n<p data-start=\"1181\" data-end=\"1212\">Methylcobalamin (Vitamin B12)<\/p>\n<\/li>\n<li data-start=\"1213\" data-end=\"1239\">\n<p data-start=\"1215\" data-end=\"1239\">Pyridoxin (Vitamin B6)<\/p>\n<\/li>\n<\/ul>\n<h3 data-start=\"1241\" data-end=\"1277\">Anwendungsgebiete \/ Indikationen<\/h3>\n<ul data-start=\"1279\" data-end=\"1469\">\n<li data-start=\"1279\" data-end=\"1323\">\n<p data-start=\"1281\" data-end=\"1323\">Ausgleich von Vitamin-B-Mangelzust\u00e4nden.<\/p>\n<\/li>\n<li data-start=\"1324\" data-end=\"1386\">\n<p data-start=\"1326\" data-end=\"1386\">Unterst\u00fctzung der Gesundheit des peripheren Nervensystems.<\/p>\n<\/li>\n<li data-start=\"1387\" data-end=\"1469\">\n<p data-start=\"1389\" data-end=\"1469\">Bestandteil der unterst\u00fctzenden Behandlung bei Nervenschmerzen und Neuralgien.<\/p>\n<\/li>\n<\/ul>\n<h3 data-start=\"1471\" data-end=\"1484\">Anwendung<\/h3>\n<ul data-start=\"1486\" data-end=\"1553\">\n<li data-start=\"1486\" data-end=\"1553\">\n<p data-start=\"1488\" data-end=\"1553\">In der Regel 1 Tablette t\u00e4glich oder nach \u00e4rztlicher Anweisung.<\/p>\n<\/li>\n<\/ul>\n<h3 data-start=\"1555\" data-end=\"1572\">Gegenanzeigen<\/h3>\n<ul data-start=\"1574\" data-end=\"1651\">\n<li data-start=\"1574\" data-end=\"1651\">\n<p data-start=\"1576\" data-end=\"1651\">\u00dcberempfindlichkeit gegen einen der B-Vitamin-Bestandteile (B1, B6, B12).<\/p>\n<\/li>\n<\/ul>\n<h3 data-start=\"1653\" data-end=\"1690\">Warnhinweise \/ Vorsichtsma\u00dfnahmen<\/h3>\n<ul data-start=\"1692\" data-end=\"1793\">\n<li data-start=\"1692\" data-end=\"1793\">\n<p data-start=\"1694\" data-end=\"1793\">Bei bestimmten neurologischen Erkrankungen mit Vorsicht anwenden; \u00e4rztliche Anweisungen befolgen.<\/p>\n<\/li>\n<\/ul>\n<h3 data-start=\"1795\" data-end=\"1813\">Nebenwirkungen<\/h3>\n<ul data-start=\"1815\" data-end=\"1922\">\n<li data-start=\"1815\" data-end=\"1922\">\n<p data-start=\"1817\" data-end=\"1922\">M\u00f6glich sind gastrointestinale Beschwerden, \u00dcbelkeit, Kopfschmerzen oder andere leichte Nebenwirkungen.<\/p>\n<\/li>\n<\/ul>\n<h3 data-start=\"1924\" data-end=\"1936\">Lagerung<\/h3>\n<ul data-start=\"1938\" data-end=\"2030\" data-is-last-node=\"\" data-is-only-node=\"\">\n<li data-start=\"1938\" data-end=\"2030\" data-is-last-node=\"\">\n<p data-start=\"1940\" data-end=\"2030\" data-is-last-node=\"\">Bei Raumtemperatur lagern und vor Feuchtigkeit sowie direkter Sonneneinstrahlung sch\u00fctzen.<\/p>\n<\/li>\n<\/ul>\n<\/div>\n<\/div>\n<\/div>\n<\/div>\n<\/div>\n<\/div>\n<\/article>\n<\/div>\n<\/div>\n<\/div>\n<\/div>\n<\/div>\n<\/div>\n<\/div>\n<\/article>\n","protected":false},"excerpt":{"rendered":"<p>Incan B Comb 30 TablettenDarreichungsform: Filmtabletten Wirkstoffe Benfotiamin (Vitamin B1) Methylcobalamin (Vitamin B12) Pyridoxin (Vitamin B6) Anwendungsgebiete \/ Indikationen Ausgleich von Vitamin-B-Mangelzust\u00e4nden. Unterst\u00fctzung der Gesundheit des peripheren Nervensystems. Bestandteil der unterst\u00fctzenden Behandlung bei Nervenschmerzen und Neuralgien. Anwendung In der Regel 1 Tablette t\u00e4glich oder nach \u00e4rztlicher Anweisung. Gegenanzeigen \u00dcberempfindlichkeit gegen einen der B-Vitamin-Bestandteile (B1, B6,&#8230;<\/p>\n","protected":false},"featured_media":10109,"comment_status":"open","ping_status":"closed","template":"","meta":{"rs_blank_template":"","rs_page_bg_color":"","slide_template_v7":"","_bst_post_transparent":"default","_bst_post_title":"","_bst_post_layout":"default","_bst_post_sidebar_id":"","_bst_post_content_style":"default","_bst_post_vertical_padding":"default","_bst_post_feature":"","_bst_post_feature_position":"","_bst_post_header":false,"_bst_post_footer":false},"product_brand":[],"product_cat":[351,217,457,229],"product_tag":[],"product_brands":[],"class_list":{"0":"post-10110","1":"product","2":"type-product","3":"status-publish","4":"has-post-thumbnail","6":"product_cat-medical-forms","7":"product_cat-medicines","8":"product_cat-tablets-capsules","9":"product_cat-vitamins-general-supplements","11":"first","12":"instock","13":"shipping-taxable","14":"purchasable","15":"product-type-simple","16":"entry","17":"content-bg","18":"loop-entry"},"_links":{"self":[{"href":"https:\/\/nawarpharmacy.com\/de\/wp-json\/wp\/v2\/product\/10110","targetHints":{"allow":["GET"]}}],"collection":[{"href":"https:\/\/nawarpharmacy.com\/de\/wp-json\/wp\/v2\/product"}],"about":[{"href":"https:\/\/nawarpharmacy.com\/de\/wp-json\/wp\/v2\/types\/product"}],"replies":[{"embeddable":true,"href":"https:\/\/nawarpharmacy.com\/de\/wp-json\/wp\/v2\/comments?post=10110"}],"wp:featuredmedia":[{"embeddable":true,"href":"https:\/\/nawarpharmacy.com\/de\/wp-json\/wp\/v2\/media\/10109"}],"wp:attachment":[{"href":"https:\/\/nawarpharmacy.com\/de\/wp-json\/wp\/v2\/media?parent=10110"}],"wp:term":[{"taxonomy":"product_brand","embeddable":true,"href":"https:\/\/nawarpharmacy.com\/de\/wp-json\/wp\/v2\/product_brand?post=10110"},{"taxonomy":"product_cat","embeddable":true,"href":"https:\/\/nawarpharmacy.com\/de\/wp-json\/wp\/v2\/product_cat?post=10110"},{"taxonomy":"product_tag","embeddable":true,"href":"https:\/\/nawarpharmacy.com\/de\/wp-json\/wp\/v2\/product_tag?post=10110"},{"taxonomy":"product_brands","embeddable":true,"href":"https:\/\/nawarpharmacy.com\/de\/wp-json\/wp\/v2\/product_brands?post=10110"}],"curies":[{"name":"wp","href":"https:\/\/api.w.org\/{rel}","templated":true}]}}