{"id":10101,"date":"2025-11-22T11:50:27","date_gmt":"2025-11-22T11:50:27","guid":{"rendered":"https:\/\/nawarpharmacy.com\/?post_type=product&#038;p=10101"},"modified":"2026-02-23T18:30:09","modified_gmt":"2026-02-23T18:30:09","slug":"inofolic-combi-hp-30-capsules","status":"publish","type":"product","link":"https:\/\/nawarpharmacy.com\/de\/produkt\/inofolic-combi-hp-30-capsules\/","title":{"rendered":"Inofolic Combi HP 30 Kapseln"},"content":{"rendered":"<article class=\"text-token-text-primary w-full focus:outline-none [--shadow-height:45px] has-data-writing-block:pointer-events-none has-data-writing-block:-mt-(--shadow-height) has-data-writing-block:pt-(--shadow-height) [&amp;:has([data-writing-block])&gt;*]:pointer-events-auto [content-visibility:auto] supports-[content-visibility:auto]:[contain-intrinsic-size:auto_100lvh] scroll-mt-[calc(var(--header-height)+min(200px,max(70px,20svh)))]\" dir=\"auto\" data-turn-id=\"request-692073f5-3f80-832c-872f-7626d4388ea8-16\" data-testid=\"conversation-turn-52\" data-scroll-anchor=\"true\" data-turn=\"assistant\">\n<div class=\"text-base my-auto mx-auto pb-10 [--thread-content-margin:--spacing(4)] thread-sm:[--thread-content-margin:--spacing(6)] thread-lg:[--thread-content-margin:--spacing(16)] px-(--thread-content-margin)\">\n<div class=\"[--thread-content-max-width:40rem] thread-lg:[--thread-content-max-width:48rem] mx-auto max-w-(--thread-content-max-width) flex-1 group\/turn-messages focus-visible:outline-hidden relative flex w-full min-w-0 flex-col agent-turn\">\n<div class=\"flex max-w-full flex-col grow\">\n<div class=\"min-h-8 text-message relative flex w-full flex-col items-end gap-2 text-start break-words whitespace-normal [.text-message+&amp;]:mt-1\" dir=\"auto\" data-message-author-role=\"assistant\" data-message-id=\"2c97f6f0-3854-4b23-9f0b-97ab8fe6d546\" data-message-model-slug=\"gpt-5-mini\">\n<div class=\"flex w-full flex-col gap-1 empty:hidden first:pt-[1px]\">\n<div class=\"markdown prose dark:prose-invert w-full break-words light markdown-new-styling\">\n<p data-start=\"1866\" data-end=\"1933\"><strong data-start=\"1866\" data-end=\"1898\">Inofolic Combi HP 30 Kapseln<\/strong><br data-start=\"1898\" data-end=\"1901\" \/>Darreichungsform: Weichkapseln<\/p>\n<h3 data-start=\"1935\" data-end=\"1962\">Wirkstoffe (pro Kapsel)<\/h3>\n<ul data-start=\"1964\" data-end=\"2074\">\n<li data-start=\"1964\" data-end=\"1989\">\n<p data-start=\"1966\" data-end=\"1989\">Myo-Inositol \u2014 550 mg<\/p>\n<\/li>\n<li data-start=\"1990\" data-end=\"2020\">\n<p data-start=\"1992\" data-end=\"2020\">D-Chiro-Inositol \u2014 13,8 mg<\/p>\n<\/li>\n<li data-start=\"2021\" data-end=\"2052\">\n<p data-start=\"2023\" data-end=\"2052\">Alpha-Lactalbumin \u2014 14,1 mg<\/p>\n<\/li>\n<li data-start=\"2053\" data-end=\"2074\">\n<p data-start=\"2055\" data-end=\"2074\">Fols\u00e4ure \u2014 200 \u00b5g<\/p>\n<\/li>\n<\/ul>\n<h3 data-start=\"2076\" data-end=\"2112\">Anwendungsgebiete \/ Indikationen<\/h3>\n<ul data-start=\"2114\" data-end=\"2395\">\n<li data-start=\"2114\" data-end=\"2269\">\n<p data-start=\"2116\" data-end=\"2269\">Unterst\u00fctzung des hormonellen und metabolischen Gleichgewichts bei Frauen, insbesondere bei polyzystischem Ovarialsyndrom (PCOS) oder Insulinresistenz.<\/p>\n<\/li>\n<li data-start=\"2270\" data-end=\"2317\">\n<p data-start=\"2272\" data-end=\"2317\">Unterst\u00fctzung von Fertilit\u00e4t und Ovulation.<\/p>\n<\/li>\n<li data-start=\"2318\" data-end=\"2395\">\n<p data-start=\"2320\" data-end=\"2395\">Versorgung mit Fols\u00e4ure zur Unterst\u00fctzung der fr\u00fchen fetalen Entwicklung.<\/p>\n<\/li>\n<\/ul>\n<h3 data-start=\"2397\" data-end=\"2422\">Anwendung \/ Dosierung<\/h3>\n<ul data-start=\"2424\" data-end=\"2634\">\n<li data-start=\"2424\" data-end=\"2525\">\n<p data-start=\"2426\" data-end=\"2525\">1 Kapsel zweimal t\u00e4glich im Abstand von etwa 12 Stunden oder nach \u00e4rztlicher Anweisung einnehmen.<\/p>\n<\/li>\n<li data-start=\"2526\" data-end=\"2634\">\n<p data-start=\"2528\" data-end=\"2634\">Vorzugsweise n\u00fcchtern oder nicht zusammen mit schweren Mahlzeiten gem\u00e4\u00df \u00e4rztlicher Empfehlung einnehmen.<\/p>\n<\/li>\n<\/ul>\n<h3 data-start=\"2636\" data-end=\"2653\">Gegenanzeigen<\/h3>\n<ul data-start=\"2655\" data-end=\"2842\">\n<li data-start=\"2655\" data-end=\"2771\">\n<p data-start=\"2657\" data-end=\"2771\">\u00dcberempfindlichkeit gegen einen der Inhaltsstoffe (Myo-Inositol, D-Chiro-Inositol, Alpha-Lactalbumin, Fols\u00e4ure).<\/p>\n<\/li>\n<li data-start=\"2772\" data-end=\"2842\">\n<p data-start=\"2774\" data-end=\"2842\">Kein Ersatz f\u00fcr eine abwechslungsreiche und ausgewogene Ern\u00e4hrung.<\/p>\n<\/li>\n<\/ul>\n<h3 data-start=\"2844\" data-end=\"2881\">Warnhinweise \/ Vorsichtsma\u00dfnahmen<\/h3>\n<ul data-start=\"2883\" data-end=\"3266\">\n<li data-start=\"2883\" data-end=\"2943\">\n<p data-start=\"2885\" data-end=\"2943\">Enth\u00e4lt Milcheiwei\u00df \u2192 Vorsicht bei Milchproteinallergie.<\/p>\n<\/li>\n<li data-start=\"2944\" data-end=\"3062\">\n<p data-start=\"2946\" data-end=\"3062\">Frauen mit Kinderwunsch oder w\u00e4hrend der Schwangerschaft sollten das Pr\u00e4parat unter \u00e4rztlicher Aufsicht einnehmen.<\/p>\n<\/li>\n<li data-start=\"3063\" data-end=\"3161\">\n<p data-start=\"3065\" data-end=\"3161\">Zus\u00e4tzliche Einnahme von Fols\u00e4ure oder Inositol \u00fcberwachen, um eine Doppelzufuhr zu vermeiden.<\/p>\n<\/li>\n<li data-start=\"3162\" data-end=\"3266\">\n<p data-start=\"3164\" data-end=\"3266\">Fols\u00e4ure kann einen Vitamin-B12-Mangel maskieren \u2192 gegebenenfalls Vitamin-B12-Spiegel kontrollieren.<\/p>\n<\/li>\n<\/ul>\n<h3 data-start=\"3268\" data-end=\"3286\">Nebenwirkungen<\/h3>\n<ul data-start=\"3288\" data-end=\"3522\">\n<li data-start=\"3288\" data-end=\"3323\">\n<p data-start=\"3290\" data-end=\"3323\">Im Allgemeinen gut vertr\u00e4glich.<\/p>\n<\/li>\n<li data-start=\"3324\" data-end=\"3400\">\n<p data-start=\"3326\" data-end=\"3400\">M\u00f6glich: leichte gastrointestinale Beschwerden (Bl\u00e4hungen, V\u00f6llegef\u00fchl).<\/p>\n<\/li>\n<li data-start=\"3401\" data-end=\"3522\">\n<p data-start=\"3403\" data-end=\"3522\">Selten: allergische Reaktionen, insbesondere bei Empfindlichkeit gegen\u00fcber Milchproteinen oder anderen Bestandteilen.<\/p>\n<\/li>\n<\/ul>\n<h3 data-start=\"3524\" data-end=\"3536\">Lagerung<\/h3>\n<ul data-start=\"3538\" data-end=\"3647\" data-is-last-node=\"\" data-is-only-node=\"\">\n<li data-start=\"3538\" data-end=\"3608\">\n<p data-start=\"3540\" data-end=\"3608\">K\u00fchl und trocken lagern, vor direkter Sonneneinstrahlung sch\u00fctzen.<\/p>\n<\/li>\n<li data-start=\"3609\" data-end=\"3647\" data-is-last-node=\"\">\n<p data-start=\"3611\" data-end=\"3647\" data-is-last-node=\"\">F\u00fcr Kinder unzug\u00e4nglich aufbewahren.<\/p>\n<\/li>\n<\/ul>\n<\/div>\n<\/div>\n<\/div>\n<\/div>\n<\/div>\n<\/div>\n<\/article>\n","protected":false},"excerpt":{"rendered":"<p>Inofolic Combi HP 30 KapselnDarreichungsform: Weichkapseln Wirkstoffe (pro Kapsel) Myo-Inositol \u2014 550 mg D-Chiro-Inositol \u2014 13,8 mg Alpha-Lactalbumin \u2014 14,1 mg Fols\u00e4ure \u2014 200 \u00b5g Anwendungsgebiete \/ Indikationen Unterst\u00fctzung des hormonellen und metabolischen Gleichgewichts bei Frauen, insbesondere bei polyzystischem Ovarialsyndrom (PCOS) oder Insulinresistenz. Unterst\u00fctzung von Fertilit\u00e4t und Ovulation. Versorgung mit Fols\u00e4ure zur Unterst\u00fctzung der fr\u00fchen&#8230;<\/p>\n","protected":false},"featured_media":10100,"comment_status":"open","ping_status":"closed","template":"","meta":{"rs_blank_template":"","rs_page_bg_color":"","slide_template_v7":"","_bst_post_transparent":"default","_bst_post_title":"","_bst_post_layout":"default","_bst_post_sidebar_id":"","_bst_post_content_style":"default","_bst_post_vertical_padding":"default","_bst_post_feature":"","_bst_post_feature_position":"","_bst_post_header":false,"_bst_post_footer":false},"product_brand":[],"product_cat":[351,217,457,229],"product_tag":[],"product_brands":[],"class_list":{"0":"post-10101","1":"product","2":"type-product","3":"status-publish","4":"has-post-thumbnail","6":"product_cat-medical-forms","7":"product_cat-medicines","8":"product_cat-tablets-capsules","9":"product_cat-vitamins-general-supplements","11":"first","12":"instock","13":"shipping-taxable","14":"purchasable","15":"product-type-simple","16":"entry","17":"content-bg","18":"loop-entry"},"_links":{"self":[{"href":"https:\/\/nawarpharmacy.com\/de\/wp-json\/wp\/v2\/product\/10101","targetHints":{"allow":["GET"]}}],"collection":[{"href":"https:\/\/nawarpharmacy.com\/de\/wp-json\/wp\/v2\/product"}],"about":[{"href":"https:\/\/nawarpharmacy.com\/de\/wp-json\/wp\/v2\/types\/product"}],"replies":[{"embeddable":true,"href":"https:\/\/nawarpharmacy.com\/de\/wp-json\/wp\/v2\/comments?post=10101"}],"wp:featuredmedia":[{"embeddable":true,"href":"https:\/\/nawarpharmacy.com\/de\/wp-json\/wp\/v2\/media\/10100"}],"wp:attachment":[{"href":"https:\/\/nawarpharmacy.com\/de\/wp-json\/wp\/v2\/media?parent=10101"}],"wp:term":[{"taxonomy":"product_brand","embeddable":true,"href":"https:\/\/nawarpharmacy.com\/de\/wp-json\/wp\/v2\/product_brand?post=10101"},{"taxonomy":"product_cat","embeddable":true,"href":"https:\/\/nawarpharmacy.com\/de\/wp-json\/wp\/v2\/product_cat?post=10101"},{"taxonomy":"product_tag","embeddable":true,"href":"https:\/\/nawarpharmacy.com\/de\/wp-json\/wp\/v2\/product_tag?post=10101"},{"taxonomy":"product_brands","embeddable":true,"href":"https:\/\/nawarpharmacy.com\/de\/wp-json\/wp\/v2\/product_brands?post=10101"}],"curies":[{"name":"wp","href":"https:\/\/api.w.org\/{rel}","templated":true}]}}