{"id":10095,"date":"2025-11-22T11:51:09","date_gmt":"2025-11-22T11:51:09","guid":{"rendered":"https:\/\/nawarpharmacy.com\/?post_type=product&#038;p=10095"},"modified":"2026-02-23T18:29:19","modified_gmt":"2026-02-23T18:29:19","slug":"inofolic-hp-30-capsules","status":"publish","type":"product","link":"https:\/\/nawarpharmacy.com\/de\/produkt\/inofolic-hp-30-capsules\/","title":{"rendered":"Inofolic HP 30 Kapseln"},"content":{"rendered":"<article class=\"text-token-text-primary w-full focus:outline-none [--shadow-height:45px] has-data-writing-block:pointer-events-none has-data-writing-block:-mt-(--shadow-height) has-data-writing-block:pt-(--shadow-height) [&amp;:has([data-writing-block])&gt;*]:pointer-events-auto [content-visibility:auto] supports-[content-visibility:auto]:[contain-intrinsic-size:auto_100lvh] scroll-mt-[calc(var(--header-height)+min(200px,max(70px,20svh)))]\" dir=\"auto\" data-turn-id=\"request-692073f5-3f80-832c-872f-7626d4388ea8-18\" data-testid=\"conversation-turn-54\" data-scroll-anchor=\"true\" data-turn=\"assistant\">\n<div class=\"text-base my-auto mx-auto pb-10 [--thread-content-margin:--spacing(4)] thread-sm:[--thread-content-margin:--spacing(6)] thread-lg:[--thread-content-margin:--spacing(16)] px-(--thread-content-margin)\">\n<div class=\"[--thread-content-max-width:40rem] thread-lg:[--thread-content-max-width:48rem] mx-auto max-w-(--thread-content-max-width) flex-1 group\/turn-messages focus-visible:outline-hidden relative flex w-full min-w-0 flex-col agent-turn\">\n<div class=\"flex max-w-full flex-col grow\">\n<div class=\"min-h-8 text-message relative flex w-full flex-col items-end gap-2 text-start break-words whitespace-normal [.text-message+&amp;]:mt-1\" dir=\"auto\" data-message-author-role=\"assistant\" data-message-id=\"12bd508a-9a7a-4ed4-8185-c0151983b399\" data-message-model-slug=\"gpt-5-mini\">\n<div class=\"flex w-full flex-col gap-1 empty:hidden first:pt-[1px]\">\n<div class=\"markdown prose dark:prose-invert w-full break-words light markdown-new-styling\">\n<p data-start=\"1583\" data-end=\"1644\"><strong data-start=\"1583\" data-end=\"1609\">Inofolic HP 30 Kapseln<\/strong><br data-start=\"1609\" data-end=\"1612\" \/>Darreichungsform: Weichkapseln<\/p>\n<h3 data-start=\"1646\" data-end=\"1660\">Wirkstoffe<\/h3>\n<ul data-start=\"1662\" data-end=\"1744\">\n<li data-start=\"1662\" data-end=\"1722\">\n<p data-start=\"1664\" data-end=\"1722\">Myo-Inositol \u2014 1100 mg (in der Tagesdosis von 2 Kapseln)<\/p>\n<\/li>\n<li data-start=\"1723\" data-end=\"1744\">\n<p data-start=\"1725\" data-end=\"1744\">Fols\u00e4ure \u2014 200 \u00b5g<\/p>\n<\/li>\n<\/ul>\n<h3 data-start=\"1746\" data-end=\"1782\">Anwendungsgebiete \/ Indikationen<\/h3>\n<ul data-start=\"1784\" data-end=\"2065\">\n<li data-start=\"1784\" data-end=\"1939\">\n<p data-start=\"1786\" data-end=\"1939\">Unterst\u00fctzung des hormonellen und metabolischen Gleichgewichts bei Frauen, insbesondere bei polyzystischem Ovarialsyndrom (PCOS) oder Insulinresistenz.<\/p>\n<\/li>\n<li data-start=\"1940\" data-end=\"1987\">\n<p data-start=\"1942\" data-end=\"1987\">Unterst\u00fctzung von Fertilit\u00e4t und Ovulation.<\/p>\n<\/li>\n<li data-start=\"1988\" data-end=\"2065\">\n<p data-start=\"1990\" data-end=\"2065\">Versorgung mit Fols\u00e4ure zur Unterst\u00fctzung der fr\u00fchen fetalen Entwicklung.<\/p>\n<\/li>\n<\/ul>\n<h3 data-start=\"2067\" data-end=\"2092\">Anwendung \/ Dosierung<\/h3>\n<ul data-start=\"2094\" data-end=\"2245\">\n<li data-start=\"2094\" data-end=\"2175\">\n<p data-start=\"2096\" data-end=\"2175\">1 Kapsel zweimal t\u00e4glich (morgens und abends) oder nach \u00e4rztlicher Anweisung.<\/p>\n<\/li>\n<li data-start=\"2176\" data-end=\"2245\">\n<p data-start=\"2178\" data-end=\"2245\">Vorzugsweise n\u00fcchtern oder gem\u00e4\u00df \u00e4rztlicher Empfehlung einnehmen.<\/p>\n<\/li>\n<\/ul>\n<h3 data-start=\"2247\" data-end=\"2264\">Gegenanzeigen<\/h3>\n<ul data-start=\"2266\" data-end=\"2394\">\n<li data-start=\"2266\" data-end=\"2323\">\n<p data-start=\"2268\" data-end=\"2323\">\u00dcberempfindlichkeit gegen Myo-Inositol oder Fols\u00e4ure.<\/p>\n<\/li>\n<li data-start=\"2324\" data-end=\"2394\">\n<p data-start=\"2326\" data-end=\"2394\">Kein Ersatz f\u00fcr eine abwechslungsreiche und ausgewogene Ern\u00e4hrung.<\/p>\n<\/li>\n<\/ul>\n<h3 data-start=\"2396\" data-end=\"2433\">Warnhinweise \/ Vorsichtsma\u00dfnahmen<\/h3>\n<ul data-start=\"2435\" data-end=\"2762\">\n<li data-start=\"2435\" data-end=\"2553\">\n<p data-start=\"2437\" data-end=\"2553\">Frauen mit Kinderwunsch oder w\u00e4hrend der Schwangerschaft sollten das Pr\u00e4parat unter \u00e4rztlicher Aufsicht einnehmen.<\/p>\n<\/li>\n<li data-start=\"2554\" data-end=\"2657\">\n<p data-start=\"2556\" data-end=\"2657\">Zus\u00e4tzliche Einnahme von Fols\u00e4ure oder Inositol \u00fcberwachen, um eine \u00fcberm\u00e4\u00dfige Zufuhr zu vermeiden.<\/p>\n<\/li>\n<li data-start=\"2658\" data-end=\"2762\">\n<p data-start=\"2660\" data-end=\"2762\">Fols\u00e4ure kann einen Vitamin-B12-Mangel maskieren \u2192 gegebenenfalls Vitamin-B12-Spiegel kontrollieren.<\/p>\n<\/li>\n<\/ul>\n<h3 data-start=\"2764\" data-end=\"2782\">Nebenwirkungen<\/h3>\n<ul data-start=\"2784\" data-end=\"2942\">\n<li data-start=\"2784\" data-end=\"2819\">\n<p data-start=\"2786\" data-end=\"2819\">Im Allgemeinen gut vertr\u00e4glich.<\/p>\n<\/li>\n<li data-start=\"2820\" data-end=\"2906\">\n<p data-start=\"2822\" data-end=\"2906\">M\u00f6glich: leichte gastrointestinale Beschwerden (\u00dcbelkeit, Bl\u00e4hungen, V\u00f6llegef\u00fchl).<\/p>\n<\/li>\n<li data-start=\"2907\" data-end=\"2942\">\n<p data-start=\"2909\" data-end=\"2942\">Selten: allergische Reaktionen.<\/p>\n<\/li>\n<\/ul>\n<h3 data-start=\"2944\" data-end=\"2956\">Lagerung<\/h3>\n<ul data-start=\"2958\" data-end=\"3067\" data-is-last-node=\"\" data-is-only-node=\"\">\n<li data-start=\"2958\" data-end=\"3028\">\n<p data-start=\"2960\" data-end=\"3028\">K\u00fchl und trocken lagern, vor direkter Sonneneinstrahlung sch\u00fctzen.<\/p>\n<\/li>\n<li data-start=\"3029\" data-end=\"3067\" data-is-last-node=\"\">\n<p data-start=\"3031\" data-end=\"3067\" data-is-last-node=\"\">F\u00fcr Kinder unzug\u00e4nglich aufbewahren.<\/p>\n<\/li>\n<\/ul>\n<\/div>\n<\/div>\n<\/div>\n<\/div>\n<\/div>\n<\/div>\n<\/article>\n","protected":false},"excerpt":{"rendered":"<p>Inofolic HP 30 KapselnDarreichungsform: Weichkapseln Wirkstoffe Myo-Inositol \u2014 1100 mg (in der Tagesdosis von 2 Kapseln) Fols\u00e4ure \u2014 200 \u00b5g Anwendungsgebiete \/ Indikationen Unterst\u00fctzung des hormonellen und metabolischen Gleichgewichts bei Frauen, insbesondere bei polyzystischem Ovarialsyndrom (PCOS) oder Insulinresistenz. Unterst\u00fctzung von Fertilit\u00e4t und Ovulation. Versorgung mit Fols\u00e4ure zur Unterst\u00fctzung der fr\u00fchen fetalen Entwicklung. Anwendung \/ Dosierung&#8230;<\/p>\n","protected":false},"featured_media":10094,"comment_status":"open","ping_status":"closed","template":"","meta":{"rs_blank_template":"","rs_page_bg_color":"","slide_template_v7":"","_bst_post_transparent":"default","_bst_post_title":"","_bst_post_layout":"default","_bst_post_sidebar_id":"","_bst_post_content_style":"default","_bst_post_vertical_padding":"default","_bst_post_feature":"","_bst_post_feature_position":"","_bst_post_header":false,"_bst_post_footer":false},"product_brand":[],"product_cat":[351,217,457,229],"product_tag":[],"product_brands":[],"class_list":{"0":"post-10095","1":"product","2":"type-product","3":"status-publish","4":"has-post-thumbnail","6":"product_cat-medical-forms","7":"product_cat-medicines","8":"product_cat-tablets-capsules","9":"product_cat-vitamins-general-supplements","11":"first","12":"instock","13":"shipping-taxable","14":"purchasable","15":"product-type-simple","16":"entry","17":"content-bg","18":"loop-entry"},"_links":{"self":[{"href":"https:\/\/nawarpharmacy.com\/de\/wp-json\/wp\/v2\/product\/10095","targetHints":{"allow":["GET"]}}],"collection":[{"href":"https:\/\/nawarpharmacy.com\/de\/wp-json\/wp\/v2\/product"}],"about":[{"href":"https:\/\/nawarpharmacy.com\/de\/wp-json\/wp\/v2\/types\/product"}],"replies":[{"embeddable":true,"href":"https:\/\/nawarpharmacy.com\/de\/wp-json\/wp\/v2\/comments?post=10095"}],"wp:featuredmedia":[{"embeddable":true,"href":"https:\/\/nawarpharmacy.com\/de\/wp-json\/wp\/v2\/media\/10094"}],"wp:attachment":[{"href":"https:\/\/nawarpharmacy.com\/de\/wp-json\/wp\/v2\/media?parent=10095"}],"wp:term":[{"taxonomy":"product_brand","embeddable":true,"href":"https:\/\/nawarpharmacy.com\/de\/wp-json\/wp\/v2\/product_brand?post=10095"},{"taxonomy":"product_cat","embeddable":true,"href":"https:\/\/nawarpharmacy.com\/de\/wp-json\/wp\/v2\/product_cat?post=10095"},{"taxonomy":"product_tag","embeddable":true,"href":"https:\/\/nawarpharmacy.com\/de\/wp-json\/wp\/v2\/product_tag?post=10095"},{"taxonomy":"product_brands","embeddable":true,"href":"https:\/\/nawarpharmacy.com\/de\/wp-json\/wp\/v2\/product_brands?post=10095"}],"curies":[{"name":"wp","href":"https:\/\/api.w.org\/{rel}","templated":true}]}}