{"id":10086,"date":"2025-11-22T11:59:48","date_gmt":"2025-11-22T11:59:48","guid":{"rendered":"https:\/\/nawarpharmacy.com\/?post_type=product&#038;p=10086"},"modified":"2026-02-23T18:27:45","modified_gmt":"2026-02-23T18:27:45","slug":"organic-nation-b-complex-120-tablets","status":"publish","type":"product","link":"https:\/\/nawarpharmacy.com\/de\/produkt\/organic-nation-b-complex-120-tablets\/","title":{"rendered":"Organic Nation B Komplex 120 Tabletten"},"content":{"rendered":"<article class=\"text-token-text-primary w-full focus:outline-none [--shadow-height:45px] has-data-writing-block:pointer-events-none has-data-writing-block:-mt-(--shadow-height) has-data-writing-block:pt-(--shadow-height) [&amp;:has([data-writing-block])&gt;*]:pointer-events-auto [content-visibility:auto] supports-[content-visibility:auto]:[contain-intrinsic-size:auto_100lvh] scroll-mt-[calc(var(--header-height)+min(200px,max(70px,20svh)))]\" dir=\"auto\" data-turn-id=\"request-692073f5-3f80-832c-872f-7626d4388ea8-24\" data-testid=\"conversation-turn-66\" data-scroll-anchor=\"true\" data-turn=\"assistant\">\n<div class=\"text-base my-auto mx-auto pb-10 [--thread-content-margin:--spacing(4)] thread-sm:[--thread-content-margin:--spacing(6)] thread-lg:[--thread-content-margin:--spacing(16)] px-(--thread-content-margin)\">\n<div class=\"[--thread-content-max-width:40rem] thread-lg:[--thread-content-max-width:48rem] mx-auto max-w-(--thread-content-max-width) flex-1 group\/turn-messages focus-visible:outline-hidden relative flex w-full min-w-0 flex-col agent-turn\">\n<div class=\"flex max-w-full flex-col grow\">\n<div class=\"min-h-8 text-message relative flex w-full flex-col items-end gap-2 text-start break-words whitespace-normal [.text-message+&amp;]:mt-1\" dir=\"auto\" data-message-author-role=\"assistant\" data-message-id=\"9d65ee1c-6408-44bf-982d-a123c9228be0\" data-message-model-slug=\"gpt-5-mini\">\n<div class=\"flex w-full flex-col gap-1 empty:hidden first:pt-[1px]\">\n<div class=\"markdown prose dark:prose-invert w-full break-words light markdown-new-styling\">\n<p data-start=\"1671\" data-end=\"1745\"><strong data-start=\"1671\" data-end=\"1713\">Organic Nation B Komplex 120 Tabletten<\/strong><br data-start=\"1713\" data-end=\"1716\" \/>Darreichungsform: Tabletten<\/p>\n<h3 data-start=\"1747\" data-end=\"1776\">Wirkstoffe (pro Tablette)<\/h3>\n<ul data-start=\"1778\" data-end=\"2027\">\n<li data-start=\"1778\" data-end=\"1802\">\n<p data-start=\"1780\" data-end=\"1802\">Vitamin B1 (Thiamin)<\/p>\n<\/li>\n<li data-start=\"1803\" data-end=\"1830\">\n<p data-start=\"1805\" data-end=\"1830\">Vitamin B2 (Riboflavin)<\/p>\n<\/li>\n<li data-start=\"1831\" data-end=\"1867\">\n<p data-start=\"1833\" data-end=\"1867\">Vitamin B3 (Niacin \/ Niacinamid)<\/p>\n<\/li>\n<li data-start=\"1868\" data-end=\"1899\">\n<p data-start=\"1870\" data-end=\"1899\">Vitamin B5 (Pantothens\u00e4ure)<\/p>\n<\/li>\n<li data-start=\"1900\" data-end=\"1926\">\n<p data-start=\"1902\" data-end=\"1926\">Vitamin B6 (Pyridoxin)<\/p>\n<\/li>\n<li data-start=\"1927\" data-end=\"1950\">\n<p data-start=\"1929\" data-end=\"1950\">Vitamin B7 (Biotin)<\/p>\n<\/li>\n<li data-start=\"1951\" data-end=\"1976\">\n<p data-start=\"1953\" data-end=\"1976\">Vitamin B9 (Fols\u00e4ure)<\/p>\n<\/li>\n<li data-start=\"1977\" data-end=\"2027\">\n<p data-start=\"1979\" data-end=\"2027\">Vitamin B12 (Methylcobalamin \/ Cyanocobalamin)<\/p>\n<\/li>\n<\/ul>\n<h3 data-start=\"2029\" data-end=\"2065\">Anwendungsgebiete \/ Indikationen<\/h3>\n<ul data-start=\"2067\" data-end=\"2415\">\n<li data-start=\"2067\" data-end=\"2152\">\n<p data-start=\"2069\" data-end=\"2152\">Unterst\u00fctzung des Energiestoffwechsels und der Umwandlung von Nahrung in Energie.<\/p>\n<\/li>\n<li data-start=\"2153\" data-end=\"2209\">\n<p data-start=\"2155\" data-end=\"2209\">Erhaltung einer normalen Funktion des Nervensystems.<\/p>\n<\/li>\n<li data-start=\"2210\" data-end=\"2271\">\n<p data-start=\"2212\" data-end=\"2271\">Unterst\u00fctzung der Gesundheit von Haut, Haaren und N\u00e4geln.<\/p>\n<\/li>\n<li data-start=\"2272\" data-end=\"2333\">\n<p data-start=\"2274\" data-end=\"2333\">Tr\u00e4gt zur Verringerung von M\u00fcdigkeit und Ersch\u00f6pfung bei.<\/p>\n<\/li>\n<li data-start=\"2334\" data-end=\"2415\">\n<p data-start=\"2336\" data-end=\"2415\">Unterst\u00fctzung der Bildung roter Blutk\u00f6rperchen und der allgemeinen Vitalit\u00e4t.<\/p>\n<\/li>\n<\/ul>\n<h3 data-start=\"2417\" data-end=\"2442\">Anwendung \/ Dosierung<\/h3>\n<ul data-start=\"2444\" data-end=\"2554\">\n<li data-start=\"2444\" data-end=\"2554\">\n<p data-start=\"2446\" data-end=\"2554\">In der Regel 1 Tablette t\u00e4glich, vorzugsweise zu einer Mahlzeit einnehmen, oder nach \u00e4rztlicher Anweisung.<\/p>\n<\/li>\n<\/ul>\n<h3 data-start=\"2556\" data-end=\"2573\">Gegenanzeigen<\/h3>\n<ul data-start=\"2575\" data-end=\"2697\">\n<li data-start=\"2575\" data-end=\"2626\">\n<p data-start=\"2577\" data-end=\"2626\">\u00dcberempfindlichkeit gegen einen der B-Vitamine.<\/p>\n<\/li>\n<li data-start=\"2627\" data-end=\"2697\">\n<p data-start=\"2629\" data-end=\"2697\">Kein Ersatz f\u00fcr eine abwechslungsreiche und ausgewogene Ern\u00e4hrung.<\/p>\n<\/li>\n<\/ul>\n<h3 data-start=\"2699\" data-end=\"2736\">Warnhinweise \/ Vorsichtsma\u00dfnahmen<\/h3>\n<ul data-start=\"2738\" data-end=\"2930\">\n<li data-start=\"2738\" data-end=\"2848\">\n<p data-start=\"2740\" data-end=\"2848\">Vorsicht bei gleichzeitiger Einnahme weiterer Vitamin-B-Pr\u00e4parate, um eine \u00fcberm\u00e4\u00dfige Zufuhr zu vermeiden.<\/p>\n<\/li>\n<li data-start=\"2849\" data-end=\"2930\">\n<p data-start=\"2851\" data-end=\"2930\">Schwangerschaft und Stillzeit: Anwendung unter \u00e4rztlicher Aufsicht empfohlen.<\/p>\n<\/li>\n<\/ul>\n<h3 data-start=\"2932\" data-end=\"2950\">Nebenwirkungen<\/h3>\n<ul data-start=\"2952\" data-end=\"3117\">\n<li data-start=\"2952\" data-end=\"2987\">\n<p data-start=\"2954\" data-end=\"2987\">Im Allgemeinen gut vertr\u00e4glich.<\/p>\n<\/li>\n<li data-start=\"2988\" data-end=\"3117\">\n<p data-start=\"2990\" data-end=\"3117\">Selten: leichte gastrointestinale Beschwerden, Kopfschmerzen oder Hautr\u00f6tung (insbesondere bei h\u00f6heren Dosen von Vitamin B3).<\/p>\n<\/li>\n<\/ul>\n<h3 data-start=\"3119\" data-end=\"3131\">Lagerung<\/h3>\n<ul data-start=\"3133\" data-end=\"3242\" data-is-last-node=\"\" data-is-only-node=\"\">\n<li data-start=\"3133\" data-end=\"3203\">\n<p data-start=\"3135\" data-end=\"3203\">K\u00fchl und trocken lagern, vor direkter Sonneneinstrahlung sch\u00fctzen.<\/p>\n<\/li>\n<li data-start=\"3204\" data-end=\"3242\" data-is-last-node=\"\">\n<p data-start=\"3206\" data-end=\"3242\" data-is-last-node=\"\">F\u00fcr Kinder unzug\u00e4nglich aufbewahren.<\/p>\n<\/li>\n<\/ul>\n<\/div>\n<\/div>\n<\/div>\n<\/div>\n<\/div>\n<\/div>\n<\/article>\n","protected":false},"excerpt":{"rendered":"<p>Organic Nation B Komplex 120 TablettenDarreichungsform: Tabletten Wirkstoffe (pro Tablette) Vitamin B1 (Thiamin) Vitamin B2 (Riboflavin) Vitamin B3 (Niacin \/ Niacinamid) Vitamin B5 (Pantothens\u00e4ure) Vitamin B6 (Pyridoxin) Vitamin B7 (Biotin) Vitamin B9 (Fols\u00e4ure) Vitamin B12 (Methylcobalamin \/ Cyanocobalamin) Anwendungsgebiete \/ Indikationen Unterst\u00fctzung des Energiestoffwechsels und der Umwandlung von Nahrung in Energie. Erhaltung einer normalen Funktion&#8230;<\/p>\n","protected":false},"featured_media":10085,"comment_status":"open","ping_status":"closed","template":"","meta":{"rs_blank_template":"","rs_page_bg_color":"","slide_template_v7":"","_bst_post_transparent":"default","_bst_post_title":"","_bst_post_layout":"default","_bst_post_sidebar_id":"","_bst_post_content_style":"default","_bst_post_vertical_padding":"default","_bst_post_feature":"","_bst_post_feature_position":"","_bst_post_header":false,"_bst_post_footer":false},"product_brand":[],"product_cat":[351,217,277,457,229],"product_tag":[],"product_brands":[],"class_list":{"0":"post-10086","1":"product","2":"type-product","3":"status-publish","4":"has-post-thumbnail","6":"product_cat-medical-forms","7":"product_cat-medicines","8":"product_cat-nervous-system-medications","9":"product_cat-tablets-capsules","10":"product_cat-vitamins-general-supplements","12":"first","13":"instock","14":"shipping-taxable","15":"purchasable","16":"product-type-simple","17":"entry","18":"content-bg","19":"loop-entry"},"_links":{"self":[{"href":"https:\/\/nawarpharmacy.com\/de\/wp-json\/wp\/v2\/product\/10086","targetHints":{"allow":["GET"]}}],"collection":[{"href":"https:\/\/nawarpharmacy.com\/de\/wp-json\/wp\/v2\/product"}],"about":[{"href":"https:\/\/nawarpharmacy.com\/de\/wp-json\/wp\/v2\/types\/product"}],"replies":[{"embeddable":true,"href":"https:\/\/nawarpharmacy.com\/de\/wp-json\/wp\/v2\/comments?post=10086"}],"wp:featuredmedia":[{"embeddable":true,"href":"https:\/\/nawarpharmacy.com\/de\/wp-json\/wp\/v2\/media\/10085"}],"wp:attachment":[{"href":"https:\/\/nawarpharmacy.com\/de\/wp-json\/wp\/v2\/media?parent=10086"}],"wp:term":[{"taxonomy":"product_brand","embeddable":true,"href":"https:\/\/nawarpharmacy.com\/de\/wp-json\/wp\/v2\/product_brand?post=10086"},{"taxonomy":"product_cat","embeddable":true,"href":"https:\/\/nawarpharmacy.com\/de\/wp-json\/wp\/v2\/product_cat?post=10086"},{"taxonomy":"product_tag","embeddable":true,"href":"https:\/\/nawarpharmacy.com\/de\/wp-json\/wp\/v2\/product_tag?post=10086"},{"taxonomy":"product_brands","embeddable":true,"href":"https:\/\/nawarpharmacy.com\/de\/wp-json\/wp\/v2\/product_brands?post=10086"}],"curies":[{"name":"wp","href":"https:\/\/api.w.org\/{rel}","templated":true}]}}