{"id":10082,"date":"2025-11-22T12:01:08","date_gmt":"2025-11-22T12:01:08","guid":{"rendered":"https:\/\/nawarpharmacy.com\/?post_type=product&#038;p=10082"},"modified":"2026-02-23T18:26:55","modified_gmt":"2026-02-23T18:26:55","slug":"organic-nation-b-complex-60-tablets","status":"publish","type":"product","link":"https:\/\/nawarpharmacy.com\/de\/produkt\/organic-nation-b-complex-60-tablets\/","title":{"rendered":"Organic Nation B Komplex 60 Tabletten"},"content":{"rendered":"<article class=\"text-token-text-primary w-full focus:outline-none [--shadow-height:45px] has-data-writing-block:pointer-events-none has-data-writing-block:-mt-(--shadow-height) has-data-writing-block:pt-(--shadow-height) [&amp;:has([data-writing-block])&gt;*]:pointer-events-auto [content-visibility:auto] supports-[content-visibility:auto]:[contain-intrinsic-size:auto_100lvh] scroll-mt-[calc(var(--header-height)+min(200px,max(70px,20svh)))]\" dir=\"auto\" data-turn-id=\"request-692073f5-3f80-832c-872f-7626d4388ea8-25\" data-testid=\"conversation-turn-68\" data-scroll-anchor=\"true\" data-turn=\"assistant\">\n<div class=\"text-base my-auto mx-auto pb-10 [--thread-content-margin:--spacing(4)] thread-sm:[--thread-content-margin:--spacing(6)] thread-lg:[--thread-content-margin:--spacing(16)] px-(--thread-content-margin)\">\n<div class=\"[--thread-content-max-width:40rem] thread-lg:[--thread-content-max-width:48rem] mx-auto max-w-(--thread-content-max-width) flex-1 group\/turn-messages focus-visible:outline-hidden relative flex w-full min-w-0 flex-col agent-turn\">\n<div class=\"flex max-w-full flex-col grow\">\n<div class=\"min-h-8 text-message relative flex w-full flex-col items-end gap-2 text-start break-words whitespace-normal [.text-message+&amp;]:mt-1\" dir=\"auto\" data-message-author-role=\"assistant\" data-message-id=\"468fc9e1-cc82-47c5-8f12-12acfddce0aa\" data-message-model-slug=\"gpt-5-mini\">\n<div class=\"flex w-full flex-col gap-1 empty:hidden first:pt-[1px]\">\n<div class=\"markdown prose dark:prose-invert w-full break-words light markdown-new-styling\">\n<p data-start=\"1663\" data-end=\"1736\"><strong data-start=\"1663\" data-end=\"1704\">Organic Nation B Komplex 60 Tabletten<\/strong><br data-start=\"1704\" data-end=\"1707\" \/>Darreichungsform: Tabletten<\/p>\n<h3 data-start=\"1738\" data-end=\"1767\">Wirkstoffe (pro Tablette)<\/h3>\n<ul data-start=\"1769\" data-end=\"2018\">\n<li data-start=\"1769\" data-end=\"1793\">\n<p data-start=\"1771\" data-end=\"1793\">Vitamin B1 (Thiamin)<\/p>\n<\/li>\n<li data-start=\"1794\" data-end=\"1821\">\n<p data-start=\"1796\" data-end=\"1821\">Vitamin B2 (Riboflavin)<\/p>\n<\/li>\n<li data-start=\"1822\" data-end=\"1858\">\n<p data-start=\"1824\" data-end=\"1858\">Vitamin B3 (Niacin \/ Niacinamid)<\/p>\n<\/li>\n<li data-start=\"1859\" data-end=\"1890\">\n<p data-start=\"1861\" data-end=\"1890\">Vitamin B5 (Pantothens\u00e4ure)<\/p>\n<\/li>\n<li data-start=\"1891\" data-end=\"1917\">\n<p data-start=\"1893\" data-end=\"1917\">Vitamin B6 (Pyridoxin)<\/p>\n<\/li>\n<li data-start=\"1918\" data-end=\"1941\">\n<p data-start=\"1920\" data-end=\"1941\">Vitamin B7 (Biotin)<\/p>\n<\/li>\n<li data-start=\"1942\" data-end=\"1967\">\n<p data-start=\"1944\" data-end=\"1967\">Vitamin B9 (Fols\u00e4ure)<\/p>\n<\/li>\n<li data-start=\"1968\" data-end=\"2018\">\n<p data-start=\"1970\" data-end=\"2018\">Vitamin B12 (Methylcobalamin \/ Cyanocobalamin)<\/p>\n<\/li>\n<\/ul>\n<h3 data-start=\"2020\" data-end=\"2056\">Anwendungsgebiete \/ Indikationen<\/h3>\n<ul data-start=\"2058\" data-end=\"2406\">\n<li data-start=\"2058\" data-end=\"2143\">\n<p data-start=\"2060\" data-end=\"2143\">Unterst\u00fctzung des Energiestoffwechsels und der Umwandlung von Nahrung in Energie.<\/p>\n<\/li>\n<li data-start=\"2144\" data-end=\"2200\">\n<p data-start=\"2146\" data-end=\"2200\">Erhaltung einer normalen Funktion des Nervensystems.<\/p>\n<\/li>\n<li data-start=\"2201\" data-end=\"2262\">\n<p data-start=\"2203\" data-end=\"2262\">Unterst\u00fctzung der Gesundheit von Haut, Haaren und N\u00e4geln.<\/p>\n<\/li>\n<li data-start=\"2263\" data-end=\"2324\">\n<p data-start=\"2265\" data-end=\"2324\">Tr\u00e4gt zur Verringerung von M\u00fcdigkeit und Ersch\u00f6pfung bei.<\/p>\n<\/li>\n<li data-start=\"2325\" data-end=\"2406\">\n<p data-start=\"2327\" data-end=\"2406\">Unterst\u00fctzung der Bildung roter Blutk\u00f6rperchen und der allgemeinen Vitalit\u00e4t.<\/p>\n<\/li>\n<\/ul>\n<h3 data-start=\"2408\" data-end=\"2433\">Anwendung \/ Dosierung<\/h3>\n<ul data-start=\"2435\" data-end=\"2532\">\n<li data-start=\"2435\" data-end=\"2532\">\n<p data-start=\"2437\" data-end=\"2532\">1 Tablette t\u00e4glich, vorzugsweise zu einer Mahlzeit einnehmen, oder nach \u00e4rztlicher Anweisung.<\/p>\n<\/li>\n<\/ul>\n<h3 data-start=\"2534\" data-end=\"2551\">Gegenanzeigen<\/h3>\n<ul data-start=\"2553\" data-end=\"2675\">\n<li data-start=\"2553\" data-end=\"2604\">\n<p data-start=\"2555\" data-end=\"2604\">\u00dcberempfindlichkeit gegen einen der B-Vitamine.<\/p>\n<\/li>\n<li data-start=\"2605\" data-end=\"2675\">\n<p data-start=\"2607\" data-end=\"2675\">Kein Ersatz f\u00fcr eine abwechslungsreiche und ausgewogene Ern\u00e4hrung.<\/p>\n<\/li>\n<\/ul>\n<h3 data-start=\"2677\" data-end=\"2714\">Warnhinweise \/ Vorsichtsma\u00dfnahmen<\/h3>\n<ul data-start=\"2716\" data-end=\"2908\">\n<li data-start=\"2716\" data-end=\"2826\">\n<p data-start=\"2718\" data-end=\"2826\">Vorsicht bei gleichzeitiger Einnahme weiterer B-Vitamin-Pr\u00e4parate, um eine \u00fcberm\u00e4\u00dfige Zufuhr zu vermeiden.<\/p>\n<\/li>\n<li data-start=\"2827\" data-end=\"2908\">\n<p data-start=\"2829\" data-end=\"2908\">Schwangerschaft und Stillzeit: Anwendung unter \u00e4rztlicher Aufsicht empfohlen.<\/p>\n<\/li>\n<\/ul>\n<h3 data-start=\"2910\" data-end=\"2928\">Nebenwirkungen<\/h3>\n<ul data-start=\"2930\" data-end=\"3095\">\n<li data-start=\"2930\" data-end=\"2965\">\n<p data-start=\"2932\" data-end=\"2965\">Im Allgemeinen gut vertr\u00e4glich.<\/p>\n<\/li>\n<li data-start=\"2966\" data-end=\"3095\">\n<p data-start=\"2968\" data-end=\"3095\">Selten: leichte gastrointestinale Beschwerden, Kopfschmerzen oder Hautr\u00f6tung (insbesondere bei h\u00f6heren Dosen von Vitamin B3).<\/p>\n<\/li>\n<\/ul>\n<h3 data-start=\"3097\" data-end=\"3109\">Lagerung<\/h3>\n<ul data-start=\"3111\" data-end=\"3220\" data-is-last-node=\"\" data-is-only-node=\"\">\n<li data-start=\"3111\" data-end=\"3181\">\n<p data-start=\"3113\" data-end=\"3181\">K\u00fchl und trocken lagern, vor direkter Sonneneinstrahlung sch\u00fctzen.<\/p>\n<\/li>\n<li data-start=\"3182\" data-end=\"3220\" data-is-last-node=\"\">\n<p data-start=\"3184\" data-end=\"3220\" data-is-last-node=\"\">F\u00fcr Kinder unzug\u00e4nglich aufbewahren.<\/p>\n<\/li>\n<\/ul>\n<\/div>\n<\/div>\n<\/div>\n<\/div>\n<\/div>\n<\/div>\n<\/article>\n","protected":false},"excerpt":{"rendered":"<p>Organic Nation B Komplex 60 TablettenDarreichungsform: Tabletten Wirkstoffe (pro Tablette) Vitamin B1 (Thiamin) Vitamin B2 (Riboflavin) Vitamin B3 (Niacin \/ Niacinamid) Vitamin B5 (Pantothens\u00e4ure) Vitamin B6 (Pyridoxin) Vitamin B7 (Biotin) Vitamin B9 (Fols\u00e4ure) Vitamin B12 (Methylcobalamin \/ Cyanocobalamin) Anwendungsgebiete \/ Indikationen Unterst\u00fctzung des Energiestoffwechsels und der Umwandlung von Nahrung in Energie. Erhaltung einer normalen Funktion&#8230;<\/p>\n","protected":false},"featured_media":10081,"comment_status":"open","ping_status":"closed","template":"","meta":{"rs_blank_template":"","rs_page_bg_color":"","slide_template_v7":"","_bst_post_transparent":"default","_bst_post_title":"","_bst_post_layout":"default","_bst_post_sidebar_id":"","_bst_post_content_style":"default","_bst_post_vertical_padding":"default","_bst_post_feature":"","_bst_post_feature_position":"","_bst_post_header":false,"_bst_post_footer":false},"product_brand":[],"product_cat":[351,217,277,457,229],"product_tag":[],"product_brands":[],"class_list":{"0":"post-10082","1":"product","2":"type-product","3":"status-publish","4":"has-post-thumbnail","6":"product_cat-medical-forms","7":"product_cat-medicines","8":"product_cat-nervous-system-medications","9":"product_cat-tablets-capsules","10":"product_cat-vitamins-general-supplements","12":"first","13":"instock","14":"shipping-taxable","15":"purchasable","16":"product-type-simple","17":"entry","18":"content-bg","19":"loop-entry"},"_links":{"self":[{"href":"https:\/\/nawarpharmacy.com\/de\/wp-json\/wp\/v2\/product\/10082","targetHints":{"allow":["GET"]}}],"collection":[{"href":"https:\/\/nawarpharmacy.com\/de\/wp-json\/wp\/v2\/product"}],"about":[{"href":"https:\/\/nawarpharmacy.com\/de\/wp-json\/wp\/v2\/types\/product"}],"replies":[{"embeddable":true,"href":"https:\/\/nawarpharmacy.com\/de\/wp-json\/wp\/v2\/comments?post=10082"}],"wp:featuredmedia":[{"embeddable":true,"href":"https:\/\/nawarpharmacy.com\/de\/wp-json\/wp\/v2\/media\/10081"}],"wp:attachment":[{"href":"https:\/\/nawarpharmacy.com\/de\/wp-json\/wp\/v2\/media?parent=10082"}],"wp:term":[{"taxonomy":"product_brand","embeddable":true,"href":"https:\/\/nawarpharmacy.com\/de\/wp-json\/wp\/v2\/product_brand?post=10082"},{"taxonomy":"product_cat","embeddable":true,"href":"https:\/\/nawarpharmacy.com\/de\/wp-json\/wp\/v2\/product_cat?post=10082"},{"taxonomy":"product_tag","embeddable":true,"href":"https:\/\/nawarpharmacy.com\/de\/wp-json\/wp\/v2\/product_tag?post=10082"},{"taxonomy":"product_brands","embeddable":true,"href":"https:\/\/nawarpharmacy.com\/de\/wp-json\/wp\/v2\/product_brands?post=10082"}],"curies":[{"name":"wp","href":"https:\/\/api.w.org\/{rel}","templated":true}]}}