{"id":10078,"date":"2025-11-22T12:02:26","date_gmt":"2025-11-22T12:02:26","guid":{"rendered":"https:\/\/nawarpharmacy.com\/?post_type=product&#038;p=10078"},"modified":"2026-02-23T18:26:00","modified_gmt":"2026-02-23T18:26:00","slug":"organic-nation-turmeric-curcumin-60-tablets","status":"publish","type":"product","link":"https:\/\/nawarpharmacy.com\/de\/produkt\/organic-nation-turmeric-curcumin-60-tablets\/","title":{"rendered":"Organic Nation Turmeric Curcumin 60 Tablets"},"content":{"rendered":"<article class=\"text-token-text-primary w-full focus:outline-none [--shadow-height:45px] has-data-writing-block:pointer-events-none has-data-writing-block:-mt-(--shadow-height) has-data-writing-block:pt-(--shadow-height) [&amp;:has([data-writing-block])&gt;*]:pointer-events-auto [content-visibility:auto] supports-[content-visibility:auto]:[contain-intrinsic-size:auto_100lvh] scroll-mt-[calc(var(--header-height)+min(200px,max(70px,20svh)))]\" dir=\"auto\" data-turn-id=\"request-692073f5-3f80-832c-872f-7626d4388ea8-27\" data-testid=\"conversation-turn-72\" data-scroll-anchor=\"true\" data-turn=\"assistant\">\n<div class=\"text-base my-auto mx-auto pb-10 [--thread-content-margin:--spacing(4)] thread-sm:[--thread-content-margin:--spacing(6)] thread-lg:[--thread-content-margin:--spacing(16)] px-(--thread-content-margin)\">\n<div class=\"[--thread-content-max-width:40rem] thread-lg:[--thread-content-max-width:48rem] mx-auto max-w-(--thread-content-max-width) flex-1 group\/turn-messages focus-visible:outline-hidden relative flex w-full min-w-0 flex-col agent-turn\">\n<div class=\"flex max-w-full flex-col grow\">\n<div class=\"min-h-8 text-message relative flex w-full flex-col items-end gap-2 text-start break-words whitespace-normal [.text-message+&amp;]:mt-1\" dir=\"auto\" data-message-author-role=\"assistant\" data-message-id=\"7ebdcd71-e22a-4da3-aa3c-69e833c44c00\" data-message-model-slug=\"gpt-5-mini\">\n<div class=\"flex w-full flex-col gap-1 empty:hidden first:pt-[1px]\">\n<div class=\"markdown prose dark:prose-invert w-full break-words light markdown-new-styling\">\n<p data-start=\"1424\" data-end=\"1504\"><strong data-start=\"1424\" data-end=\"1472\">Organic Nation Kurkuma Curcumin 60 Tabletten<\/strong><br data-start=\"1472\" data-end=\"1475\" \/>Darreichungsform: Tabletten<\/p>\n<p data-start=\"1506\" data-end=\"1585\"><strong data-start=\"1506\" data-end=\"1535\">Wirkstoff (pro Tablette):<\/strong> Kurkuma-Extrakt standardisiert auf 95% Curcumin<\/p>\n<h3 data-start=\"1587\" data-end=\"1623\">Anwendungsgebiete \/ Indikationen<\/h3>\n<ul data-start=\"1625\" data-end=\"1869\">\n<li data-start=\"1625\" data-end=\"1682\">\n<p data-start=\"1627\" data-end=\"1682\">Unterst\u00fctzung der Gelenkgesundheit und Beweglichkeit.<\/p>\n<\/li>\n<li data-start=\"1683\" data-end=\"1758\">\n<p data-start=\"1685\" data-end=\"1758\">Kann zur Verringerung von Entz\u00fcndungen und oxidativem Stress beitragen.<\/p>\n<\/li>\n<li data-start=\"1759\" data-end=\"1802\">\n<p data-start=\"1761\" data-end=\"1802\">Unterst\u00fctzung der Verdauungsgesundheit.<\/p>\n<\/li>\n<li data-start=\"1803\" data-end=\"1869\">\n<p data-start=\"1805\" data-end=\"1869\">Bietet antioxidative Vorteile f\u00fcr das allgemeine Wohlbefinden.<\/p>\n<\/li>\n<\/ul>\n<h3 data-start=\"1871\" data-end=\"1896\">Anwendung \/ Dosierung<\/h3>\n<ul data-start=\"1898\" data-end=\"1995\">\n<li data-start=\"1898\" data-end=\"1995\">\n<p data-start=\"1900\" data-end=\"1995\">1 Tablette t\u00e4glich, vorzugsweise zu einer Mahlzeit einnehmen, oder nach \u00e4rztlicher Anweisung.<\/p>\n<\/li>\n<\/ul>\n<h3 data-start=\"1997\" data-end=\"2014\">Gegenanzeigen<\/h3>\n<ul data-start=\"2016\" data-end=\"2175\">\n<li data-start=\"2016\" data-end=\"2068\">\n<p data-start=\"2018\" data-end=\"2068\">\u00dcberempfindlichkeit gegen Kurkuma oder Curcumin.<\/p>\n<\/li>\n<li data-start=\"2069\" data-end=\"2175\">\n<p data-start=\"2071\" data-end=\"2175\">Nicht empfohlen bei Gallenwegsobstruktion oder bestimmten Blutgerinnungsst\u00f6rungen ohne \u00e4rztlichen Rat.<\/p>\n<\/li>\n<\/ul>\n<h3 data-start=\"2177\" data-end=\"2214\">Warnhinweise \/ Vorsichtsma\u00dfnahmen<\/h3>\n<ul data-start=\"2216\" data-end=\"2406\">\n<li data-start=\"2216\" data-end=\"2278\">\n<p data-start=\"2218\" data-end=\"2278\">Vorsicht bei gleichzeitiger Einnahme von Antikoagulanzien.<\/p>\n<\/li>\n<li data-start=\"2279\" data-end=\"2356\">\n<p data-start=\"2281\" data-end=\"2356\">Schwangerschaft und Stillzeit: vor der Anwendung \u00e4rztlichen Rat einholen.<\/p>\n<\/li>\n<li data-start=\"2357\" data-end=\"2406\">\n<p data-start=\"2359\" data-end=\"2406\">Kein Ersatz f\u00fcr eine medizinische Behandlung.<\/p>\n<\/li>\n<\/ul>\n<h3 data-start=\"2408\" data-end=\"2426\">Nebenwirkungen<\/h3>\n<ul data-start=\"2428\" data-end=\"2567\">\n<li data-start=\"2428\" data-end=\"2463\">\n<p data-start=\"2430\" data-end=\"2463\">Im Allgemeinen gut vertr\u00e4glich.<\/p>\n<\/li>\n<li data-start=\"2464\" data-end=\"2567\">\n<p data-start=\"2466\" data-end=\"2567\">Bei empfindlichen Personen m\u00f6glich: leichte gastrointestinale Beschwerden, \u00dcbelkeit oder Durchfall.<\/p>\n<\/li>\n<\/ul>\n<h3 data-start=\"2569\" data-end=\"2581\">Lagerung<\/h3>\n<ul data-start=\"2583\" data-end=\"2692\" data-is-last-node=\"\" data-is-only-node=\"\">\n<li data-start=\"2583\" data-end=\"2653\">\n<p data-start=\"2585\" data-end=\"2653\">K\u00fchl und trocken lagern, vor direkter Sonneneinstrahlung sch\u00fctzen.<\/p>\n<\/li>\n<li data-start=\"2654\" data-end=\"2692\" data-is-last-node=\"\">\n<p data-start=\"2656\" data-end=\"2692\" data-is-last-node=\"\">F\u00fcr Kinder unzug\u00e4nglich aufbewahren.<\/p>\n<\/li>\n<\/ul>\n<\/div>\n<\/div>\n<\/div>\n<\/div>\n<\/div>\n<\/div>\n<\/article>\n","protected":false},"excerpt":{"rendered":"<p>Organic Nation Kurkuma Curcumin 60 TablettenDarreichungsform: Tabletten Wirkstoff (pro Tablette): Kurkuma-Extrakt standardisiert auf 95% Curcumin Anwendungsgebiete \/ Indikationen Unterst\u00fctzung der Gelenkgesundheit und Beweglichkeit. Kann zur Verringerung von Entz\u00fcndungen und oxidativem Stress beitragen. Unterst\u00fctzung der Verdauungsgesundheit. Bietet antioxidative Vorteile f\u00fcr das allgemeine Wohlbefinden. Anwendung \/ Dosierung 1 Tablette t\u00e4glich, vorzugsweise zu einer Mahlzeit einnehmen, oder nach&#8230;<\/p>\n","protected":false},"featured_media":10076,"comment_status":"open","ping_status":"closed","template":"","meta":{"rs_blank_template":"","rs_page_bg_color":"","slide_template_v7":"","_bst_post_transparent":"default","_bst_post_title":"","_bst_post_layout":"default","_bst_post_sidebar_id":"","_bst_post_content_style":"default","_bst_post_vertical_padding":"default","_bst_post_feature":"","_bst_post_feature_position":"","_bst_post_header":false,"_bst_post_footer":false},"product_brand":[],"product_cat":[351,221,217,457,229],"product_tag":[],"product_brands":[],"class_list":{"0":"post-10078","1":"product","2":"type-product","3":"status-publish","4":"has-post-thumbnail","6":"product_cat-medical-forms","7":"product_cat-anti-inflammatory","8":"product_cat-medicines","9":"product_cat-tablets-capsules","10":"product_cat-vitamins-general-supplements","12":"first","13":"instock","14":"shipping-taxable","15":"purchasable","16":"product-type-simple","17":"entry","18":"content-bg","19":"loop-entry"},"_links":{"self":[{"href":"https:\/\/nawarpharmacy.com\/de\/wp-json\/wp\/v2\/product\/10078","targetHints":{"allow":["GET"]}}],"collection":[{"href":"https:\/\/nawarpharmacy.com\/de\/wp-json\/wp\/v2\/product"}],"about":[{"href":"https:\/\/nawarpharmacy.com\/de\/wp-json\/wp\/v2\/types\/product"}],"replies":[{"embeddable":true,"href":"https:\/\/nawarpharmacy.com\/de\/wp-json\/wp\/v2\/comments?post=10078"}],"wp:featuredmedia":[{"embeddable":true,"href":"https:\/\/nawarpharmacy.com\/de\/wp-json\/wp\/v2\/media\/10076"}],"wp:attachment":[{"href":"https:\/\/nawarpharmacy.com\/de\/wp-json\/wp\/v2\/media?parent=10078"}],"wp:term":[{"taxonomy":"product_brand","embeddable":true,"href":"https:\/\/nawarpharmacy.com\/de\/wp-json\/wp\/v2\/product_brand?post=10078"},{"taxonomy":"product_cat","embeddable":true,"href":"https:\/\/nawarpharmacy.com\/de\/wp-json\/wp\/v2\/product_cat?post=10078"},{"taxonomy":"product_tag","embeddable":true,"href":"https:\/\/nawarpharmacy.com\/de\/wp-json\/wp\/v2\/product_tag?post=10078"},{"taxonomy":"product_brands","embeddable":true,"href":"https:\/\/nawarpharmacy.com\/de\/wp-json\/wp\/v2\/product_brands?post=10078"}],"curies":[{"name":"wp","href":"https:\/\/api.w.org\/{rel}","templated":true}]}}