{"id":10072,"date":"2025-11-22T12:06:20","date_gmt":"2025-11-22T12:06:20","guid":{"rendered":"https:\/\/nawarpharmacy.com\/?post_type=product&#038;p=10072"},"modified":"2026-02-23T18:25:17","modified_gmt":"2026-02-23T18:25:17","slug":"organic-nation-red-ginseng-60-tablets","status":"publish","type":"product","link":"https:\/\/nawarpharmacy.com\/de\/produkt\/organic-nation-red-ginseng-60-tablets\/","title":{"rendered":"Organic Nation Roter Ginseng 60 Tabletten"},"content":{"rendered":"<article class=\"text-token-text-primary w-full focus:outline-none [--shadow-height:45px] has-data-writing-block:pointer-events-none has-data-writing-block:-mt-(--shadow-height) has-data-writing-block:pt-(--shadow-height) [&amp;:has([data-writing-block])&gt;*]:pointer-events-auto [content-visibility:auto] supports-[content-visibility:auto]:[contain-intrinsic-size:auto_100lvh] scroll-mt-[calc(var(--header-height)+min(200px,max(70px,20svh)))]\" dir=\"auto\" data-turn-id=\"request-692073f5-3f80-832c-872f-7626d4388ea8-28\" data-testid=\"conversation-turn-74\" data-scroll-anchor=\"true\" data-turn=\"assistant\">\n<div class=\"text-base my-auto mx-auto pb-10 [--thread-content-margin:--spacing(4)] thread-sm:[--thread-content-margin:--spacing(6)] thread-lg:[--thread-content-margin:--spacing(16)] px-(--thread-content-margin)\">\n<div class=\"[--thread-content-max-width:40rem] thread-lg:[--thread-content-max-width:48rem] mx-auto max-w-(--thread-content-max-width) flex-1 group\/turn-messages focus-visible:outline-hidden relative flex w-full min-w-0 flex-col agent-turn\">\n<div class=\"flex max-w-full flex-col grow\">\n<div class=\"min-h-8 text-message relative flex w-full flex-col items-end gap-2 text-start break-words whitespace-normal [.text-message+&amp;]:mt-1\" dir=\"auto\" data-message-author-role=\"assistant\" data-message-id=\"c5fa85ca-ce2f-4fdb-804c-550ed70ec8c4\" data-message-model-slug=\"gpt-5-mini\">\n<div class=\"flex w-full flex-col gap-1 empty:hidden first:pt-[1px]\">\n<div class=\"markdown prose dark:prose-invert w-full break-words light markdown-new-styling\">\n<div class=\"flex flex-col text-sm pb-25\">\n<article class=\"text-token-text-primary w-full focus:outline-none [--shadow-height:45px] has-data-writing-block:pointer-events-none has-data-writing-block:-mt-(--shadow-height) has-data-writing-block:pt-(--shadow-height) [&amp;:has([data-writing-block])&gt;*]:pointer-events-auto scroll-mt-[calc(var(--header-height)+min(200px,max(70px,20svh)))]\" dir=\"auto\" tabindex=\"-1\" data-turn-id=\"request-WEB:209e3289-63e4-414b-883e-c54fb0e043f1-77\" data-testid=\"conversation-turn-80\" data-scroll-anchor=\"true\" data-turn=\"assistant\">\n<div class=\"text-base my-auto mx-auto pb-10 [--thread-content-margin:--spacing(4)] @w-sm\/main:[--thread-content-margin:--spacing(6)] @w-lg\/main:[--thread-content-margin:--spacing(16)] px-(--thread-content-margin)\">\n<div class=\"[--thread-content-max-width:40rem] @w-lg\/main:[--thread-content-max-width:48rem] mx-auto max-w-(--thread-content-max-width) flex-1 group\/turn-messages focus-visible:outline-hidden relative flex w-full min-w-0 flex-col agent-turn\" tabindex=\"-1\">\n<div class=\"flex max-w-full flex-col grow\">\n<div class=\"min-h-8 text-message relative flex w-full flex-col items-end gap-2 text-start break-words whitespace-normal [.text-message+&amp;]:mt-1\" dir=\"auto\" data-message-author-role=\"assistant\" data-message-id=\"eaa46d13-c4cd-4bcc-b74d-12b8c107be7b\" data-message-model-slug=\"gpt-5-2\">\n<div class=\"flex w-full flex-col gap-1 empty:hidden first:pt-[1px]\">\n<div class=\"markdown prose dark:prose-invert w-full wrap-break-word dark markdown-new-styling\">\n<p data-start=\"1584\" data-end=\"1661\"><strong data-start=\"1584\" data-end=\"1629\">Organic Nation Roter Ginseng 60 Tabletten<\/strong><br data-start=\"1629\" data-end=\"1632\" \/>Darreichungsform: Tabletten<\/p>\n<p data-start=\"1663\" data-end=\"1732\"><strong data-start=\"1663\" data-end=\"1692\">Wirkstoff (pro Tablette):<\/strong> Roter Ginseng-Extrakt (Panax ginseng)<\/p>\n<h3 data-start=\"1734\" data-end=\"1770\">Anwendungsgebiete \/ Indikationen<\/h3>\n<ul data-start=\"1772\" data-end=\"2107\">\n<li data-start=\"1772\" data-end=\"1840\">\n<p data-start=\"1774\" data-end=\"1840\">Unterst\u00fctzung des Energieniveaus und Verringerung von M\u00fcdigkeit.<\/p>\n<\/li>\n<li data-start=\"1841\" data-end=\"1905\">\n<p data-start=\"1843\" data-end=\"1905\">F\u00f6rderung der k\u00f6rperlichen und geistigen Leistungsf\u00e4higkeit.<\/p>\n<\/li>\n<li data-start=\"1906\" data-end=\"1963\">\n<p data-start=\"1908\" data-end=\"1963\">Unterst\u00fctzung der normalen Funktion des Immunsystems.<\/p>\n<\/li>\n<li data-start=\"1964\" data-end=\"2050\">\n<p data-start=\"1966\" data-end=\"2050\">Kann zur Verbesserung der Stressresistenz und der allgemeinen Vitalit\u00e4t beitragen.<\/p>\n<\/li>\n<li data-start=\"2051\" data-end=\"2107\">\n<p data-start=\"2053\" data-end=\"2107\">Unterst\u00fctzung der sexuellen Gesundheit und Ausdauer.<\/p>\n<\/li>\n<\/ul>\n<h3 data-start=\"2109\" data-end=\"2134\">Anwendung \/ Dosierung<\/h3>\n<ul data-start=\"2136\" data-end=\"2233\">\n<li data-start=\"2136\" data-end=\"2233\">\n<p data-start=\"2138\" data-end=\"2233\">1 Tablette t\u00e4glich, vorzugsweise zu einer Mahlzeit einnehmen, oder nach \u00e4rztlicher Anweisung.<\/p>\n<\/li>\n<\/ul>\n<h3 data-start=\"2235\" data-end=\"2252\">Gegenanzeigen<\/h3>\n<ul data-start=\"2254\" data-end=\"2398\">\n<li data-start=\"2254\" data-end=\"2292\">\n<p data-start=\"2256\" data-end=\"2292\">\u00dcberempfindlichkeit gegen Ginseng.<\/p>\n<\/li>\n<li data-start=\"2293\" data-end=\"2398\">\n<p data-start=\"2295\" data-end=\"2398\">Ohne \u00e4rztlichen Rat nicht empfohlen bei Bluthochdruck, Herzerkrankungen oder Blutgerinnungsst\u00f6rungen.<\/p>\n<\/li>\n<\/ul>\n<h3 data-start=\"2400\" data-end=\"2437\">Warnhinweise \/ Vorsichtsma\u00dfnahmen<\/h3>\n<ul data-start=\"2439\" data-end=\"2678\">\n<li data-start=\"2439\" data-end=\"2550\">\n<p data-start=\"2441\" data-end=\"2550\">Vorsicht bei gleichzeitiger Einnahme von Stimulanzien, Antikoagulanzien oder hormonempfindlichen Therapien.<\/p>\n<\/li>\n<li data-start=\"2551\" data-end=\"2628\">\n<p data-start=\"2553\" data-end=\"2628\">Schwangerschaft und Stillzeit: vor der Anwendung \u00e4rztlichen Rat einholen.<\/p>\n<\/li>\n<li data-start=\"2629\" data-end=\"2678\">\n<p data-start=\"2631\" data-end=\"2678\">Kein Ersatz f\u00fcr eine medizinische Behandlung.<\/p>\n<\/li>\n<\/ul>\n<h3 data-start=\"2680\" data-end=\"2698\">Nebenwirkungen<\/h3>\n<ul data-start=\"2700\" data-end=\"2883\">\n<li data-start=\"2700\" data-end=\"2735\">\n<p data-start=\"2702\" data-end=\"2735\">Im Allgemeinen gut vertr\u00e4glich.<\/p>\n<\/li>\n<li data-start=\"2736\" data-end=\"2815\">\n<p data-start=\"2738\" data-end=\"2815\">M\u00f6glich: leichte Schlafst\u00f6rungen, Kopfschmerzen oder Verdauungsbeschwerden.<\/p>\n<\/li>\n<li data-start=\"2816\" data-end=\"2883\">\n<p data-start=\"2818\" data-end=\"2883\">Selten: Herzklopfen oder Nervosit\u00e4t bei empfindlichen Personen.<\/p>\n<\/li>\n<\/ul>\n<h3 data-start=\"2885\" data-end=\"2897\">Lagerung<\/h3>\n<ul data-start=\"2899\" data-end=\"3008\" data-is-last-node=\"\" data-is-only-node=\"\">\n<li data-start=\"2899\" data-end=\"2969\">\n<p data-start=\"2901\" data-end=\"2969\">K\u00fchl und trocken lagern, vor direkter Sonneneinstrahlung sch\u00fctzen.<\/p>\n<\/li>\n<li data-start=\"2970\" data-end=\"3008\" data-is-last-node=\"\">\n<p data-start=\"2972\" data-end=\"3008\" data-is-last-node=\"\">F\u00fcr Kinder unzug\u00e4nglich aufbewahren.<\/p>\n<\/li>\n<\/ul>\n<\/div>\n<\/div>\n<\/div>\n<\/div>\n<\/div>\n<\/div>\n<\/article>\n<\/div>\n<\/div>\n<\/div>\n<\/div>\n<\/div>\n<\/div>\n<\/div>\n<\/article>\n","protected":false},"excerpt":{"rendered":"<p>Organic Nation Roter Ginseng 60 TablettenDarreichungsform: Tabletten Wirkstoff (pro Tablette): Roter Ginseng-Extrakt (Panax ginseng) Anwendungsgebiete \/ Indikationen Unterst\u00fctzung des Energieniveaus und Verringerung von M\u00fcdigkeit. F\u00f6rderung der k\u00f6rperlichen und geistigen Leistungsf\u00e4higkeit. Unterst\u00fctzung der normalen Funktion des Immunsystems. Kann zur Verbesserung der Stressresistenz und der allgemeinen Vitalit\u00e4t beitragen. Unterst\u00fctzung der sexuellen Gesundheit und Ausdauer. Anwendung \/ Dosierung&#8230;<\/p>\n","protected":false},"featured_media":10071,"comment_status":"open","ping_status":"closed","template":"","meta":{"rs_blank_template":"","rs_page_bg_color":"","slide_template_v7":"","_bst_post_transparent":"default","_bst_post_title":"","_bst_post_layout":"default","_bst_post_sidebar_id":"","_bst_post_content_style":"default","_bst_post_vertical_padding":"default","_bst_post_feature":"","_bst_post_feature_position":"","_bst_post_header":false,"_bst_post_footer":false},"product_brand":[],"product_cat":[351,217,457,229],"product_tag":[],"product_brands":[],"class_list":{"0":"post-10072","1":"product","2":"type-product","3":"status-publish","4":"has-post-thumbnail","6":"product_cat-medical-forms","7":"product_cat-medicines","8":"product_cat-tablets-capsules","9":"product_cat-vitamins-general-supplements","11":"first","12":"instock","13":"shipping-taxable","14":"purchasable","15":"product-type-simple","16":"entry","17":"content-bg","18":"loop-entry"},"_links":{"self":[{"href":"https:\/\/nawarpharmacy.com\/de\/wp-json\/wp\/v2\/product\/10072","targetHints":{"allow":["GET"]}}],"collection":[{"href":"https:\/\/nawarpharmacy.com\/de\/wp-json\/wp\/v2\/product"}],"about":[{"href":"https:\/\/nawarpharmacy.com\/de\/wp-json\/wp\/v2\/types\/product"}],"replies":[{"embeddable":true,"href":"https:\/\/nawarpharmacy.com\/de\/wp-json\/wp\/v2\/comments?post=10072"}],"wp:featuredmedia":[{"embeddable":true,"href":"https:\/\/nawarpharmacy.com\/de\/wp-json\/wp\/v2\/media\/10071"}],"wp:attachment":[{"href":"https:\/\/nawarpharmacy.com\/de\/wp-json\/wp\/v2\/media?parent=10072"}],"wp:term":[{"taxonomy":"product_brand","embeddable":true,"href":"https:\/\/nawarpharmacy.com\/de\/wp-json\/wp\/v2\/product_brand?post=10072"},{"taxonomy":"product_cat","embeddable":true,"href":"https:\/\/nawarpharmacy.com\/de\/wp-json\/wp\/v2\/product_cat?post=10072"},{"taxonomy":"product_tag","embeddable":true,"href":"https:\/\/nawarpharmacy.com\/de\/wp-json\/wp\/v2\/product_tag?post=10072"},{"taxonomy":"product_brands","embeddable":true,"href":"https:\/\/nawarpharmacy.com\/de\/wp-json\/wp\/v2\/product_brands?post=10072"}],"curies":[{"name":"wp","href":"https:\/\/api.w.org\/{rel}","templated":true}]}}