{"id":10068,"date":"2025-11-22T12:10:06","date_gmt":"2025-11-22T12:10:06","guid":{"rendered":"https:\/\/nawarpharmacy.com\/?post_type=product&#038;p=10068"},"modified":"2026-02-23T18:24:23","modified_gmt":"2026-02-23T18:24:23","slug":"organic-nation-caffeine-200mg-30-capsules","status":"publish","type":"product","link":"https:\/\/nawarpharmacy.com\/de\/produkt\/organic-nation-caffeine-200mg-30-capsules\/","title":{"rendered":"Organic Nation Caffeine 200mg 30 Capsules"},"content":{"rendered":"<article class=\"text-token-text-primary w-full focus:outline-none [--shadow-height:45px] has-data-writing-block:pointer-events-none has-data-writing-block:-mt-(--shadow-height) has-data-writing-block:pt-(--shadow-height) [&amp;:has([data-writing-block])&gt;*]:pointer-events-auto [content-visibility:auto] supports-[content-visibility:auto]:[contain-intrinsic-size:auto_100lvh] scroll-mt-[calc(var(--header-height)+min(200px,max(70px,20svh)))]\" dir=\"auto\" data-turn-id=\"request-692073f5-3f80-832c-872f-7626d4388ea8-29\" data-testid=\"conversation-turn-76\" data-scroll-anchor=\"true\" data-turn=\"assistant\">\n<div class=\"text-base my-auto mx-auto pb-10 [--thread-content-margin:--spacing(4)] thread-sm:[--thread-content-margin:--spacing(6)] thread-lg:[--thread-content-margin:--spacing(16)] px-(--thread-content-margin)\">\n<div class=\"[--thread-content-max-width:40rem] thread-lg:[--thread-content-max-width:48rem] mx-auto max-w-(--thread-content-max-width) flex-1 group\/turn-messages focus-visible:outline-hidden relative flex w-full min-w-0 flex-col agent-turn\">\n<div class=\"flex max-w-full flex-col grow\">\n<div class=\"min-h-8 text-message relative flex w-full flex-col items-end gap-2 text-start break-words whitespace-normal [.text-message+&amp;]:mt-1\" dir=\"auto\" data-message-author-role=\"assistant\" data-message-id=\"d0a9f61c-5d2a-4ebc-8763-0fbe46842664\" data-message-model-slug=\"gpt-5-mini\">\n<div class=\"flex w-full flex-col gap-1 empty:hidden first:pt-[1px]\">\n<div class=\"markdown prose dark:prose-invert w-full break-words light markdown-new-styling\">\n<p data-start=\"1630\" data-end=\"1704\"><strong data-start=\"1630\" data-end=\"1674\">Organic Nation Koffein 200 mg 30 Kapseln<\/strong><br data-start=\"1674\" data-end=\"1677\" \/>Darreichungsform: Kapseln<\/p>\n<p data-start=\"1706\" data-end=\"1752\"><strong data-start=\"1706\" data-end=\"1733\">Wirkstoff (pro Kapsel):<\/strong> Koffein \u2014 200 mg<\/p>\n<h3 data-start=\"1754\" data-end=\"1790\">Anwendungsgebiete \/ Indikationen<\/h3>\n<ul data-start=\"1792\" data-end=\"2068\">\n<li data-start=\"1792\" data-end=\"1856\">\n<p data-start=\"1794\" data-end=\"1856\">Verbesserung von Wachheit, Konzentration und Aufmerksamkeit.<\/p>\n<\/li>\n<li data-start=\"1857\" data-end=\"1922\">\n<p data-start=\"1859\" data-end=\"1922\">Unterst\u00fctzung der vor\u00fcbergehenden Verringerung von M\u00fcdigkeit.<\/p>\n<\/li>\n<li data-start=\"1923\" data-end=\"1989\">\n<p data-start=\"1925\" data-end=\"1989\">Kann die k\u00f6rperliche Leistungsf\u00e4higkeit und Ausdauer steigern.<\/p>\n<\/li>\n<li data-start=\"1990\" data-end=\"2068\">\n<p data-start=\"1992\" data-end=\"2068\">Kann im Rahmen eines gesunden Lebensstils zur Gewichtskontrolle beitragen.<\/p>\n<\/li>\n<\/ul>\n<h3 data-start=\"2070\" data-end=\"2095\">Anwendung \/ Dosierung<\/h3>\n<ul data-start=\"2097\" data-end=\"2262\">\n<li data-start=\"2097\" data-end=\"2216\">\n<p data-start=\"2099\" data-end=\"2216\">1 Kapsel t\u00e4glich, vorzugsweise vor k\u00f6rperlicher oder geistiger Aktivit\u00e4t einnehmen, oder nach \u00e4rztlicher Anweisung.<\/p>\n<\/li>\n<li data-start=\"2217\" data-end=\"2262\">\n<p data-start=\"2219\" data-end=\"2262\">Die empfohlene Dosis nicht \u00fcberschreiten.<\/p>\n<\/li>\n<\/ul>\n<h3 data-start=\"2264\" data-end=\"2281\">Gegenanzeigen<\/h3>\n<ul data-start=\"2283\" data-end=\"2509\">\n<li data-start=\"2283\" data-end=\"2343\">\n<p data-start=\"2285\" data-end=\"2343\">\u00dcberempfindlichkeit oder Sensitivit\u00e4t gegen\u00fcber Koffein.<\/p>\n<\/li>\n<li data-start=\"2344\" data-end=\"2418\">\n<p data-start=\"2346\" data-end=\"2418\">Nicht empfohlen f\u00fcr Kinder sowie f\u00fcr schwangere oder stillende Frauen.<\/p>\n<\/li>\n<li data-start=\"2419\" data-end=\"2509\">\n<p data-start=\"2421\" data-end=\"2509\">Ohne \u00e4rztlichen Rat vermeiden bei Herzerkrankungen, Bluthochdruck oder Angstst\u00f6rungen.<\/p>\n<\/li>\n<\/ul>\n<h3 data-start=\"2511\" data-end=\"2548\">Warnhinweise \/ Vorsichtsma\u00dfnahmen<\/h3>\n<ul data-start=\"2550\" data-end=\"2756\">\n<li data-start=\"2550\" data-end=\"2655\">\n<p data-start=\"2552\" data-end=\"2655\">Zus\u00e4tzliche Aufnahme koffeinhaltiger Produkte begrenzen, um eine \u00fcberm\u00e4\u00dfige Stimulation zu vermeiden.<\/p>\n<\/li>\n<li data-start=\"2656\" data-end=\"2756\">\n<p data-start=\"2658\" data-end=\"2756\">Vorsicht bei gleichzeitiger Einnahme von Stimulanzien oder bestimmten Nahrungserg\u00e4nzungsmitteln.<\/p>\n<\/li>\n<\/ul>\n<h3 data-start=\"2758\" data-end=\"2776\">Nebenwirkungen<\/h3>\n<ul data-start=\"2778\" data-end=\"2926\">\n<li data-start=\"2778\" data-end=\"2851\">\n<p data-start=\"2780\" data-end=\"2851\">M\u00f6glich: Unruhe, Schlaflosigkeit, erh\u00f6hte Herzfrequenz oder \u00dcbelkeit.<\/p>\n<\/li>\n<li data-start=\"2852\" data-end=\"2926\">\n<p data-start=\"2854\" data-end=\"2926\">Selten: Angstzust\u00e4nde, Herzklopfen oder gastrointestinale Beschwerden.<\/p>\n<\/li>\n<\/ul>\n<h3 data-start=\"2928\" data-end=\"2940\">Lagerung<\/h3>\n<ul data-start=\"2942\" data-end=\"3051\" data-is-last-node=\"\" data-is-only-node=\"\">\n<li data-start=\"2942\" data-end=\"3012\">\n<p data-start=\"2944\" data-end=\"3012\">K\u00fchl und trocken lagern, vor direkter Sonneneinstrahlung sch\u00fctzen.<\/p>\n<\/li>\n<li data-start=\"3013\" data-end=\"3051\" data-is-last-node=\"\">\n<p data-start=\"3015\" data-end=\"3051\" data-is-last-node=\"\">F\u00fcr Kinder unzug\u00e4nglich aufbewahren.<\/p>\n<\/li>\n<\/ul>\n<\/div>\n<\/div>\n<\/div>\n<\/div>\n<\/div>\n<\/div>\n<\/article>\n","protected":false},"excerpt":{"rendered":"<p>Organic Nation Koffein 200 mg 30 KapselnDarreichungsform: Kapseln Wirkstoff (pro Kapsel): Koffein \u2014 200 mg Anwendungsgebiete \/ Indikationen Verbesserung von Wachheit, Konzentration und Aufmerksamkeit. Unterst\u00fctzung der vor\u00fcbergehenden Verringerung von M\u00fcdigkeit. Kann die k\u00f6rperliche Leistungsf\u00e4higkeit und Ausdauer steigern. Kann im Rahmen eines gesunden Lebensstils zur Gewichtskontrolle beitragen. Anwendung \/ Dosierung 1 Kapsel t\u00e4glich, vorzugsweise vor k\u00f6rperlicher&#8230;<\/p>\n","protected":false},"featured_media":10067,"comment_status":"open","ping_status":"closed","template":"","meta":{"rs_blank_template":"","rs_page_bg_color":"","slide_template_v7":"","_bst_post_transparent":"default","_bst_post_title":"","_bst_post_layout":"default","_bst_post_sidebar_id":"","_bst_post_content_style":"default","_bst_post_vertical_padding":"default","_bst_post_feature":"","_bst_post_feature_position":"","_bst_post_header":false,"_bst_post_footer":false},"product_brand":[],"product_cat":[351,217,457,229],"product_tag":[],"product_brands":[],"class_list":{"0":"post-10068","1":"product","2":"type-product","3":"status-publish","4":"has-post-thumbnail","6":"product_cat-medical-forms","7":"product_cat-medicines","8":"product_cat-tablets-capsules","9":"product_cat-vitamins-general-supplements","11":"first","12":"instock","13":"shipping-taxable","14":"purchasable","15":"product-type-simple","16":"entry","17":"content-bg","18":"loop-entry"},"_links":{"self":[{"href":"https:\/\/nawarpharmacy.com\/de\/wp-json\/wp\/v2\/product\/10068","targetHints":{"allow":["GET"]}}],"collection":[{"href":"https:\/\/nawarpharmacy.com\/de\/wp-json\/wp\/v2\/product"}],"about":[{"href":"https:\/\/nawarpharmacy.com\/de\/wp-json\/wp\/v2\/types\/product"}],"replies":[{"embeddable":true,"href":"https:\/\/nawarpharmacy.com\/de\/wp-json\/wp\/v2\/comments?post=10068"}],"wp:featuredmedia":[{"embeddable":true,"href":"https:\/\/nawarpharmacy.com\/de\/wp-json\/wp\/v2\/media\/10067"}],"wp:attachment":[{"href":"https:\/\/nawarpharmacy.com\/de\/wp-json\/wp\/v2\/media?parent=10068"}],"wp:term":[{"taxonomy":"product_brand","embeddable":true,"href":"https:\/\/nawarpharmacy.com\/de\/wp-json\/wp\/v2\/product_brand?post=10068"},{"taxonomy":"product_cat","embeddable":true,"href":"https:\/\/nawarpharmacy.com\/de\/wp-json\/wp\/v2\/product_cat?post=10068"},{"taxonomy":"product_tag","embeddable":true,"href":"https:\/\/nawarpharmacy.com\/de\/wp-json\/wp\/v2\/product_tag?post=10068"},{"taxonomy":"product_brands","embeddable":true,"href":"https:\/\/nawarpharmacy.com\/de\/wp-json\/wp\/v2\/product_brands?post=10068"}],"curies":[{"name":"wp","href":"https:\/\/api.w.org\/{rel}","templated":true}]}}