{"id":10064,"date":"2025-11-22T12:11:05","date_gmt":"2025-11-22T12:11:05","guid":{"rendered":"https:\/\/nawarpharmacy.com\/?post_type=product&#038;p=10064"},"modified":"2026-02-23T18:23:23","modified_gmt":"2026-02-23T18:23:23","slug":"organic-nation-co-q10-30-capsules","status":"publish","type":"product","link":"https:\/\/nawarpharmacy.com\/de\/produkt\/organic-nation-co-q10-30-capsules\/","title":{"rendered":"Organic Nation Co-Q10 30 Kapseln"},"content":{"rendered":"<article class=\"text-token-text-primary w-full focus:outline-none [--shadow-height:45px] has-data-writing-block:pointer-events-none has-data-writing-block:-mt-(--shadow-height) has-data-writing-block:pt-(--shadow-height) [&amp;:has([data-writing-block])&gt;*]:pointer-events-auto [content-visibility:auto] supports-[content-visibility:auto]:[contain-intrinsic-size:auto_100lvh] scroll-mt-[calc(var(--header-height)+min(200px,max(70px,20svh)))]\" dir=\"auto\" data-turn-id=\"request-692073f5-3f80-832c-872f-7626d4388ea8-30\" data-testid=\"conversation-turn-78\" data-scroll-anchor=\"true\" data-turn=\"assistant\">\n<div class=\"text-base my-auto mx-auto pb-10 [--thread-content-margin:--spacing(4)] thread-sm:[--thread-content-margin:--spacing(6)] thread-lg:[--thread-content-margin:--spacing(16)] px-(--thread-content-margin)\">\n<div class=\"[--thread-content-max-width:40rem] thread-lg:[--thread-content-max-width:48rem] mx-auto max-w-(--thread-content-max-width) flex-1 group\/turn-messages focus-visible:outline-hidden relative flex w-full min-w-0 flex-col agent-turn\">\n<div class=\"flex max-w-full flex-col grow\">\n<div class=\"min-h-8 text-message relative flex w-full flex-col items-end gap-2 text-start break-words whitespace-normal [.text-message+&amp;]:mt-1\" dir=\"auto\" data-message-author-role=\"assistant\" data-message-id=\"203bd225-b7c8-4314-8fef-8628841b8bc5\" data-message-model-slug=\"gpt-5-mini\">\n<div class=\"flex w-full flex-col gap-1 empty:hidden first:pt-[1px]\">\n<div class=\"markdown prose dark:prose-invert w-full break-words light markdown-new-styling\">\n<div class=\"flex flex-col text-sm pb-25\">\n<article class=\"text-token-text-primary w-full focus:outline-none [--shadow-height:45px] has-data-writing-block:pointer-events-none has-data-writing-block:-mt-(--shadow-height) has-data-writing-block:pt-(--shadow-height) [&amp;:has([data-writing-block])&gt;*]:pointer-events-auto scroll-mt-[calc(var(--header-height)+min(200px,max(70px,20svh)))]\" dir=\"auto\" tabindex=\"-1\" data-turn-id=\"request-WEB:209e3289-63e4-414b-883e-c54fb0e043f1-75\" data-testid=\"conversation-turn-76\" data-scroll-anchor=\"true\" data-turn=\"assistant\">\n<div class=\"text-base my-auto mx-auto pb-10 [--thread-content-margin:--spacing(4)] @w-sm\/main:[--thread-content-margin:--spacing(6)] @w-lg\/main:[--thread-content-margin:--spacing(16)] px-(--thread-content-margin)\">\n<div class=\"[--thread-content-max-width:40rem] @w-lg\/main:[--thread-content-max-width:48rem] mx-auto max-w-(--thread-content-max-width) flex-1 group\/turn-messages focus-visible:outline-hidden relative flex w-full min-w-0 flex-col agent-turn\" tabindex=\"-1\">\n<div class=\"flex max-w-full flex-col grow\">\n<div class=\"min-h-8 text-message relative flex w-full flex-col items-end gap-2 text-start break-words whitespace-normal [.text-message+&amp;]:mt-1\" dir=\"auto\" data-message-author-role=\"assistant\" data-message-id=\"3b3c2263-0713-4db7-a13e-493f0f3f9e2f\" data-message-model-slug=\"gpt-5-2\">\n<div class=\"flex w-full flex-col gap-1 empty:hidden first:pt-[1px]\">\n<div class=\"markdown prose dark:prose-invert w-full wrap-break-word dark markdown-new-styling\">\n<p data-start=\"1446\" data-end=\"1517\"><strong data-start=\"1446\" data-end=\"1482\">Organic Nation Co-Q10 30 Kapseln<\/strong><br data-start=\"1482\" data-end=\"1485\" \/>Darreichungsform: Weichkapseln<\/p>\n<p data-start=\"1519\" data-end=\"1578\"><strong data-start=\"1519\" data-end=\"1546\">Wirkstoff (pro Kapsel):<\/strong> Coenzym Q10 (Co-Q10) \u2014 100 mg<\/p>\n<h3 data-start=\"1580\" data-end=\"1616\">Anwendungsgebiete \/ Indikationen<\/h3>\n<ul data-start=\"1618\" data-end=\"1954\">\n<li data-start=\"1618\" data-end=\"1687\">\n<p data-start=\"1620\" data-end=\"1687\">Unterst\u00fctzung der Herz-Kreislauf-Gesundheit und der Herzfunktion.<\/p>\n<\/li>\n<li data-start=\"1688\" data-end=\"1743\">\n<p data-start=\"1690\" data-end=\"1743\">Bietet antioxidativen Schutz vor oxidativem Stress.<\/p>\n<\/li>\n<li data-start=\"1744\" data-end=\"1795\">\n<p data-start=\"1746\" data-end=\"1795\">Unterst\u00fctzung der zellul\u00e4ren Energieproduktion.<\/p>\n<\/li>\n<li data-start=\"1796\" data-end=\"1903\">\n<p data-start=\"1798\" data-end=\"1903\">Kann zur Verbesserung der k\u00f6rperlichen Leistungsf\u00e4higkeit und zur Verringerung von M\u00fcdigkeit beitragen.<\/p>\n<\/li>\n<li data-start=\"1904\" data-end=\"1954\">\n<p data-start=\"1906\" data-end=\"1954\">F\u00f6rdert allgemeine Vitalit\u00e4t und Wohlbefinden.<\/p>\n<\/li>\n<\/ul>\n<h3 data-start=\"1956\" data-end=\"1981\">Anwendung \/ Dosierung<\/h3>\n<ul data-start=\"1983\" data-end=\"2078\">\n<li data-start=\"1983\" data-end=\"2078\">\n<p data-start=\"1985\" data-end=\"2078\">1 Kapsel t\u00e4glich, vorzugsweise zu einer Mahlzeit einnehmen, oder nach \u00e4rztlicher Anweisung.<\/p>\n<\/li>\n<\/ul>\n<h3 data-start=\"2080\" data-end=\"2097\">Gegenanzeigen<\/h3>\n<ul data-start=\"2099\" data-end=\"2185\">\n<li data-start=\"2099\" data-end=\"2185\">\n<p data-start=\"2101\" data-end=\"2185\">\u00dcberempfindlichkeit gegen Coenzym Q10 oder einen sonstigen Bestandteil der Kapsel.<\/p>\n<\/li>\n<\/ul>\n<h3 data-start=\"2187\" data-end=\"2224\">Warnhinweise \/ Vorsichtsma\u00dfnahmen<\/h3>\n<ul data-start=\"2226\" data-end=\"2449\">\n<li data-start=\"2226\" data-end=\"2321\">\n<p data-start=\"2228\" data-end=\"2321\">Vorsicht bei gleichzeitiger Einnahme von Antikoagulanzien oder bestimmten Herzmedikamenten.<\/p>\n<\/li>\n<li data-start=\"2322\" data-end=\"2399\">\n<p data-start=\"2324\" data-end=\"2399\">Schwangerschaft und Stillzeit: vor der Anwendung \u00e4rztlichen Rat einholen.<\/p>\n<\/li>\n<li data-start=\"2400\" data-end=\"2449\">\n<p data-start=\"2402\" data-end=\"2449\">Kein Ersatz f\u00fcr eine medizinische Behandlung.<\/p>\n<\/li>\n<\/ul>\n<h3 data-start=\"2451\" data-end=\"2469\">Nebenwirkungen<\/h3>\n<ul data-start=\"2471\" data-end=\"2621\">\n<li data-start=\"2471\" data-end=\"2506\">\n<p data-start=\"2473\" data-end=\"2506\">Im Allgemeinen gut vertr\u00e4glich.<\/p>\n<\/li>\n<li data-start=\"2507\" data-end=\"2621\">\n<p data-start=\"2509\" data-end=\"2621\">M\u00f6glich: leichte gastrointestinale Beschwerden, Kopfschmerzen oder Schlaflosigkeit bei empfindlichen Personen.<\/p>\n<\/li>\n<\/ul>\n<h3 data-start=\"2623\" data-end=\"2635\">Lagerung<\/h3>\n<ul data-start=\"2637\" data-end=\"2746\" data-is-last-node=\"\" data-is-only-node=\"\">\n<li data-start=\"2637\" data-end=\"2707\">\n<p data-start=\"2639\" data-end=\"2707\">K\u00fchl und trocken lagern, vor direkter Sonneneinstrahlung sch\u00fctzen.<\/p>\n<\/li>\n<li data-start=\"2708\" data-end=\"2746\" data-is-last-node=\"\">\n<p data-start=\"2710\" data-end=\"2746\" data-is-last-node=\"\">F\u00fcr Kinder unzug\u00e4nglich aufbewahren.<\/p>\n<\/li>\n<\/ul>\n<\/div>\n<\/div>\n<\/div>\n<\/div>\n<\/div>\n<\/div>\n<\/article>\n<\/div>\n<\/div>\n<\/div>\n<\/div>\n<\/div>\n<\/div>\n<\/div>\n<\/article>\n","protected":false},"excerpt":{"rendered":"<p>Organic Nation Co-Q10 30 KapselnDarreichungsform: Weichkapseln Wirkstoff (pro Kapsel): Coenzym Q10 (Co-Q10) \u2014 100 mg Anwendungsgebiete \/ Indikationen Unterst\u00fctzung der Herz-Kreislauf-Gesundheit und der Herzfunktion. Bietet antioxidativen Schutz vor oxidativem Stress. Unterst\u00fctzung der zellul\u00e4ren Energieproduktion. Kann zur Verbesserung der k\u00f6rperlichen Leistungsf\u00e4higkeit und zur Verringerung von M\u00fcdigkeit beitragen. F\u00f6rdert allgemeine Vitalit\u00e4t und Wohlbefinden. Anwendung \/ Dosierung 1&#8230;<\/p>\n","protected":false},"featured_media":10063,"comment_status":"open","ping_status":"closed","template":"","meta":{"rs_blank_template":"","rs_page_bg_color":"","slide_template_v7":"","_bst_post_transparent":"default","_bst_post_title":"","_bst_post_layout":"default","_bst_post_sidebar_id":"","_bst_post_content_style":"default","_bst_post_vertical_padding":"default","_bst_post_feature":"","_bst_post_feature_position":"","_bst_post_header":false,"_bst_post_footer":false},"product_brand":[],"product_cat":[351,217,457,229],"product_tag":[],"product_brands":[],"class_list":{"0":"post-10064","1":"product","2":"type-product","3":"status-publish","4":"has-post-thumbnail","6":"product_cat-medical-forms","7":"product_cat-medicines","8":"product_cat-tablets-capsules","9":"product_cat-vitamins-general-supplements","11":"first","12":"instock","13":"shipping-taxable","14":"purchasable","15":"product-type-simple","16":"entry","17":"content-bg","18":"loop-entry"},"_links":{"self":[{"href":"https:\/\/nawarpharmacy.com\/de\/wp-json\/wp\/v2\/product\/10064","targetHints":{"allow":["GET"]}}],"collection":[{"href":"https:\/\/nawarpharmacy.com\/de\/wp-json\/wp\/v2\/product"}],"about":[{"href":"https:\/\/nawarpharmacy.com\/de\/wp-json\/wp\/v2\/types\/product"}],"replies":[{"embeddable":true,"href":"https:\/\/nawarpharmacy.com\/de\/wp-json\/wp\/v2\/comments?post=10064"}],"wp:featuredmedia":[{"embeddable":true,"href":"https:\/\/nawarpharmacy.com\/de\/wp-json\/wp\/v2\/media\/10063"}],"wp:attachment":[{"href":"https:\/\/nawarpharmacy.com\/de\/wp-json\/wp\/v2\/media?parent=10064"}],"wp:term":[{"taxonomy":"product_brand","embeddable":true,"href":"https:\/\/nawarpharmacy.com\/de\/wp-json\/wp\/v2\/product_brand?post=10064"},{"taxonomy":"product_cat","embeddable":true,"href":"https:\/\/nawarpharmacy.com\/de\/wp-json\/wp\/v2\/product_cat?post=10064"},{"taxonomy":"product_tag","embeddable":true,"href":"https:\/\/nawarpharmacy.com\/de\/wp-json\/wp\/v2\/product_tag?post=10064"},{"taxonomy":"product_brands","embeddable":true,"href":"https:\/\/nawarpharmacy.com\/de\/wp-json\/wp\/v2\/product_brands?post=10064"}],"curies":[{"name":"wp","href":"https:\/\/api.w.org\/{rel}","templated":true}]}}