{"id":10056,"date":"2025-11-22T12:15:01","date_gmt":"2025-11-22T12:15:01","guid":{"rendered":"https:\/\/nawarpharmacy.com\/?post_type=product&#038;p=10056"},"modified":"2026-02-23T18:21:15","modified_gmt":"2026-02-23T18:21:15","slug":"organic-nation-glutathione-90-tablets","status":"publish","type":"product","link":"https:\/\/nawarpharmacy.com\/de\/produkt\/organic-nation-glutathione-90-tablets\/","title":{"rendered":"Organic Nation Glutathion 90 Tabletten"},"content":{"rendered":"<article class=\"text-token-text-primary w-full focus:outline-none [--shadow-height:45px] has-data-writing-block:pointer-events-none has-data-writing-block:-mt-(--shadow-height) has-data-writing-block:pt-(--shadow-height) [&amp;:has([data-writing-block])&gt;*]:pointer-events-auto [content-visibility:auto] supports-[content-visibility:auto]:[contain-intrinsic-size:auto_100lvh] scroll-mt-[calc(var(--header-height)+min(200px,max(70px,20svh)))]\" dir=\"auto\" data-turn-id=\"request-692073f5-3f80-832c-872f-7626d4388ea8-32\" data-testid=\"conversation-turn-82\" data-scroll-anchor=\"true\" data-turn=\"assistant\">\n<div class=\"text-base my-auto mx-auto pb-10 [--thread-content-margin:--spacing(4)] thread-sm:[--thread-content-margin:--spacing(6)] thread-lg:[--thread-content-margin:--spacing(16)] px-(--thread-content-margin)\">\n<div class=\"[--thread-content-max-width:40rem] thread-lg:[--thread-content-max-width:48rem] mx-auto max-w-(--thread-content-max-width) flex-1 group\/turn-messages focus-visible:outline-hidden relative flex w-full min-w-0 flex-col agent-turn\">\n<div class=\"flex max-w-full flex-col grow\">\n<div class=\"min-h-8 text-message relative flex w-full flex-col items-end gap-2 text-start break-words whitespace-normal [.text-message+&amp;]:mt-1\" dir=\"auto\" data-message-author-role=\"assistant\" data-message-id=\"14035181-7ce7-49ca-9340-63e66e7750c3\" data-message-model-slug=\"gpt-5-mini\">\n<div class=\"flex w-full flex-col gap-1 empty:hidden first:pt-[1px]\">\n<div class=\"markdown prose dark:prose-invert w-full break-words light markdown-new-styling\">\n<p data-start=\"1424\" data-end=\"1498\"><strong data-start=\"1424\" data-end=\"1466\">Organic Nation Glutathion 90 Tabletten<\/strong><br data-start=\"1466\" data-end=\"1469\" \/>Darreichungsform: Tabletten<\/p>\n<p data-start=\"1500\" data-end=\"1551\"><strong data-start=\"1500\" data-end=\"1529\">Wirkstoff (pro Tablette):<\/strong> Glutathion \u2014 250 mg<\/p>\n<h3 data-start=\"1553\" data-end=\"1589\">Anwendungsgebiete \/ Indikationen<\/h3>\n<ul data-start=\"1591\" data-end=\"1999\">\n<li data-start=\"1591\" data-end=\"1683\">\n<p data-start=\"1593\" data-end=\"1683\">Bietet antioxidative Unterst\u00fctzung und tr\u00e4gt zur Verringerung von oxidativem Stress bei.<\/p>\n<\/li>\n<li data-start=\"1684\" data-end=\"1758\">\n<p data-start=\"1686\" data-end=\"1758\">Unterst\u00fctzung der Leberentgiftung und der allgemeinen Lebergesundheit.<\/p>\n<\/li>\n<li data-start=\"1759\" data-end=\"1863\">\n<p data-start=\"1761\" data-end=\"1863\">Unterst\u00fctzt die Hautgesundheit und kann zu einem ebenm\u00e4\u00dfigeren und strahlenderen Hautbild beitragen.<\/p>\n<\/li>\n<li data-start=\"1864\" data-end=\"1921\">\n<p data-start=\"1866\" data-end=\"1921\">Unterst\u00fctzung der normalen Funktion des Immunsystems.<\/p>\n<\/li>\n<li data-start=\"1922\" data-end=\"1999\">\n<p data-start=\"1924\" data-end=\"1999\">Kann zur Verbesserung von Energie und allgemeinem Wohlbefinden beitragen.<\/p>\n<\/li>\n<\/ul>\n<h3 data-start=\"2001\" data-end=\"2026\">Anwendung \/ Dosierung<\/h3>\n<ul data-start=\"2028\" data-end=\"2128\">\n<li data-start=\"2028\" data-end=\"2128\">\n<p data-start=\"2030\" data-end=\"2128\">1 Tablette t\u00e4glich, vorzugsweise auf n\u00fcchternen Magen einnehmen, oder nach \u00e4rztlicher Anweisung.<\/p>\n<\/li>\n<\/ul>\n<h3 data-start=\"2130\" data-end=\"2147\">Gegenanzeigen<\/h3>\n<ul data-start=\"2149\" data-end=\"2236\">\n<li data-start=\"2149\" data-end=\"2236\">\n<p data-start=\"2151\" data-end=\"2236\">\u00dcberempfindlichkeit gegen Glutathion oder einen sonstigen Bestandteil der Tablette.<\/p>\n<\/li>\n<\/ul>\n<h3 data-start=\"2238\" data-end=\"2275\">Warnhinweise \/ Vorsichtsma\u00dfnahmen<\/h3>\n<ul data-start=\"2277\" data-end=\"2519\">\n<li data-start=\"2277\" data-end=\"2354\">\n<p data-start=\"2279\" data-end=\"2354\">Schwangerschaft und Stillzeit: vor der Anwendung \u00e4rztlichen Rat einholen.<\/p>\n<\/li>\n<li data-start=\"2355\" data-end=\"2437\">\n<p data-start=\"2357\" data-end=\"2437\">Vorsicht bei gleichzeitiger Einnahme anderer Antioxidantien oder Arzneimittel.<\/p>\n<\/li>\n<li data-start=\"2438\" data-end=\"2519\">\n<p data-start=\"2440\" data-end=\"2519\">Kein Ersatz f\u00fcr eine medizinische Behandlung oder eine ausgewogene Ern\u00e4hrung.<\/p>\n<\/li>\n<\/ul>\n<h3 data-start=\"2521\" data-end=\"2539\">Nebenwirkungen<\/h3>\n<ul data-start=\"2541\" data-end=\"2656\">\n<li data-start=\"2541\" data-end=\"2576\">\n<p data-start=\"2543\" data-end=\"2576\">Im Allgemeinen gut vertr\u00e4glich.<\/p>\n<\/li>\n<li data-start=\"2577\" data-end=\"2656\">\n<p data-start=\"2579\" data-end=\"2656\">Selten: leichte gastrointestinale Beschwerden, \u00dcbelkeit oder Kopfschmerzen.<\/p>\n<\/li>\n<\/ul>\n<h3 data-start=\"2658\" data-end=\"2670\">Lagerung<\/h3>\n<ul data-start=\"2672\" data-end=\"2781\" data-is-last-node=\"\" data-is-only-node=\"\">\n<li data-start=\"2672\" data-end=\"2742\">\n<p data-start=\"2674\" data-end=\"2742\">K\u00fchl und trocken lagern, vor direkter Sonneneinstrahlung sch\u00fctzen.<\/p>\n<\/li>\n<li data-start=\"2743\" data-end=\"2781\" data-is-last-node=\"\">\n<p data-start=\"2745\" data-end=\"2781\" data-is-last-node=\"\">F\u00fcr Kinder unzug\u00e4nglich aufbewahren.<\/p>\n<\/li>\n<\/ul>\n<\/div>\n<\/div>\n<\/div>\n<\/div>\n<\/div>\n<\/div>\n<\/article>\n","protected":false},"excerpt":{"rendered":"<p>Organic Nation Glutathion 90 TablettenDarreichungsform: Tabletten Wirkstoff (pro Tablette): Glutathion \u2014 250 mg Anwendungsgebiete \/ Indikationen Bietet antioxidative Unterst\u00fctzung und tr\u00e4gt zur Verringerung von oxidativem Stress bei. Unterst\u00fctzung der Leberentgiftung und der allgemeinen Lebergesundheit. Unterst\u00fctzt die Hautgesundheit und kann zu einem ebenm\u00e4\u00dfigeren und strahlenderen Hautbild beitragen. Unterst\u00fctzung der normalen Funktion des Immunsystems. Kann zur Verbesserung&#8230;<\/p>\n","protected":false},"featured_media":10055,"comment_status":"open","ping_status":"closed","template":"","meta":{"rs_blank_template":"","rs_page_bg_color":"","slide_template_v7":"","_bst_post_transparent":"default","_bst_post_title":"","_bst_post_layout":"default","_bst_post_sidebar_id":"","_bst_post_content_style":"default","_bst_post_vertical_padding":"default","_bst_post_feature":"","_bst_post_feature_position":"","_bst_post_header":false,"_bst_post_footer":false},"product_brand":[],"product_cat":[427,351,217,457,229],"product_tag":[],"product_brands":[],"class_list":{"0":"post-10056","1":"product","2":"type-product","3":"status-publish","4":"has-post-thumbnail","6":"product_cat-anti-aging","7":"product_cat-medical-forms","8":"product_cat-medicines","9":"product_cat-tablets-capsules","10":"product_cat-vitamins-general-supplements","12":"first","13":"instock","14":"shipping-taxable","15":"purchasable","16":"product-type-simple","17":"entry","18":"content-bg","19":"loop-entry"},"_links":{"self":[{"href":"https:\/\/nawarpharmacy.com\/de\/wp-json\/wp\/v2\/product\/10056","targetHints":{"allow":["GET"]}}],"collection":[{"href":"https:\/\/nawarpharmacy.com\/de\/wp-json\/wp\/v2\/product"}],"about":[{"href":"https:\/\/nawarpharmacy.com\/de\/wp-json\/wp\/v2\/types\/product"}],"replies":[{"embeddable":true,"href":"https:\/\/nawarpharmacy.com\/de\/wp-json\/wp\/v2\/comments?post=10056"}],"wp:featuredmedia":[{"embeddable":true,"href":"https:\/\/nawarpharmacy.com\/de\/wp-json\/wp\/v2\/media\/10055"}],"wp:attachment":[{"href":"https:\/\/nawarpharmacy.com\/de\/wp-json\/wp\/v2\/media?parent=10056"}],"wp:term":[{"taxonomy":"product_brand","embeddable":true,"href":"https:\/\/nawarpharmacy.com\/de\/wp-json\/wp\/v2\/product_brand?post=10056"},{"taxonomy":"product_cat","embeddable":true,"href":"https:\/\/nawarpharmacy.com\/de\/wp-json\/wp\/v2\/product_cat?post=10056"},{"taxonomy":"product_tag","embeddable":true,"href":"https:\/\/nawarpharmacy.com\/de\/wp-json\/wp\/v2\/product_tag?post=10056"},{"taxonomy":"product_brands","embeddable":true,"href":"https:\/\/nawarpharmacy.com\/de\/wp-json\/wp\/v2\/product_brands?post=10056"}],"curies":[{"name":"wp","href":"https:\/\/api.w.org\/{rel}","templated":true}]}}