{"id":10052,"date":"2025-11-22T12:17:05","date_gmt":"2025-11-22T12:17:05","guid":{"rendered":"https:\/\/nawarpharmacy.com\/?post_type=product&#038;p=10052"},"modified":"2026-02-23T18:20:29","modified_gmt":"2026-02-23T18:20:29","slug":"organic-nation-liposomal-zinc-30-tablets","status":"publish","type":"product","link":"https:\/\/nawarpharmacy.com\/de\/produkt\/organic-nation-liposomal-zinc-30-tablets\/","title":{"rendered":"Organic Nation Liposomales Zink 30 Tabletten"},"content":{"rendered":"<article class=\"text-token-text-primary w-full focus:outline-none [--shadow-height:45px] has-data-writing-block:pointer-events-none has-data-writing-block:-mt-(--shadow-height) has-data-writing-block:pt-(--shadow-height) [&amp;:has([data-writing-block])&gt;*]:pointer-events-auto [content-visibility:auto] supports-[content-visibility:auto]:[contain-intrinsic-size:auto_100lvh] scroll-mt-[calc(var(--header-height)+min(200px,max(70px,20svh)))]\" dir=\"auto\" data-turn-id=\"request-692073f5-3f80-832c-872f-7626d4388ea8-33\" data-testid=\"conversation-turn-84\" data-scroll-anchor=\"true\" data-turn=\"assistant\">\n<div class=\"text-base my-auto mx-auto pb-10 [--thread-content-margin:--spacing(4)] thread-sm:[--thread-content-margin:--spacing(6)] thread-lg:[--thread-content-margin:--spacing(16)] px-(--thread-content-margin)\">\n<div class=\"[--thread-content-max-width:40rem] thread-lg:[--thread-content-max-width:48rem] mx-auto max-w-(--thread-content-max-width) flex-1 group\/turn-messages focus-visible:outline-hidden relative flex w-full min-w-0 flex-col agent-turn\">\n<div class=\"flex max-w-full flex-col grow\">\n<div class=\"min-h-8 text-message relative flex w-full flex-col items-end gap-2 text-start break-words whitespace-normal [.text-message+&amp;]:mt-1\" dir=\"auto\" data-message-author-role=\"assistant\" data-message-id=\"584756f4-1dec-4fd9-8a97-417bd06b5500\" data-message-model-slug=\"gpt-5-mini\">\n<div class=\"flex w-full flex-col gap-1 empty:hidden first:pt-[1px]\">\n<div class=\"markdown prose dark:prose-invert w-full break-words light markdown-new-styling\">\n<p data-start=\"1493\" data-end=\"1573\"><strong data-start=\"1493\" data-end=\"1541\">Organic Nation Liposomales Zink 30 Tabletten<\/strong><br data-start=\"1541\" data-end=\"1544\" \/>Darreichungsform: Tabletten<\/p>\n<p data-start=\"1575\" data-end=\"1641\"><strong data-start=\"1575\" data-end=\"1604\">Wirkstoff (pro Tablette):<\/strong> Zink (in liposomaler Form) \u2014 25 mg<\/p>\n<h3 data-start=\"1643\" data-end=\"1679\">Anwendungsgebiete \/ Indikationen<\/h3>\n<ul data-start=\"1681\" data-end=\"1983\">\n<li data-start=\"1681\" data-end=\"1738\">\n<p data-start=\"1683\" data-end=\"1738\">Unterst\u00fctzung der normalen Funktion des Immunsystems.<\/p>\n<\/li>\n<li data-start=\"1739\" data-end=\"1798\">\n<p data-start=\"1741\" data-end=\"1798\">Tr\u00e4gt zur Erhaltung gesunder Haut, Haare und N\u00e4gel bei.<\/p>\n<\/li>\n<li data-start=\"1799\" data-end=\"1861\">\n<p data-start=\"1801\" data-end=\"1861\">Unterst\u00fctzung der reproduktiven Gesundheit und Fertilit\u00e4t.<\/p>\n<\/li>\n<li data-start=\"1862\" data-end=\"1913\">\n<p data-start=\"1864\" data-end=\"1913\">Beteiligung an Wundheilung und Gewebereparatur.<\/p>\n<\/li>\n<li data-start=\"1914\" data-end=\"1983\">\n<p data-start=\"1916\" data-end=\"1983\">Unterst\u00fctzung metabolischer und enzymatischer Prozesse im K\u00f6rper.<\/p>\n<\/li>\n<\/ul>\n<h3 data-start=\"1985\" data-end=\"2010\">Anwendung \/ Dosierung<\/h3>\n<ul data-start=\"2012\" data-end=\"2109\">\n<li data-start=\"2012\" data-end=\"2109\">\n<p data-start=\"2014\" data-end=\"2109\">1 Tablette t\u00e4glich, vorzugsweise zu einer Mahlzeit einnehmen, oder nach \u00e4rztlicher Anweisung.<\/p>\n<\/li>\n<\/ul>\n<h3 data-start=\"2111\" data-end=\"2128\">Gegenanzeigen<\/h3>\n<ul data-start=\"2130\" data-end=\"2270\">\n<li data-start=\"2130\" data-end=\"2211\">\n<p data-start=\"2132\" data-end=\"2211\">\u00dcberempfindlichkeit gegen Zink oder einen sonstigen Bestandteil der Tablette.<\/p>\n<\/li>\n<li data-start=\"2212\" data-end=\"2270\">\n<p data-start=\"2214\" data-end=\"2270\">Nicht empfohlen bei bekannter Zink\u00fcberempfindlichkeit.<\/p>\n<\/li>\n<\/ul>\n<h3 data-start=\"2272\" data-end=\"2309\">Warnhinweise \/ Vorsichtsma\u00dfnahmen<\/h3>\n<ul data-start=\"2311\" data-end=\"2564\">\n<li data-start=\"2311\" data-end=\"2404\">\n<p data-start=\"2313\" data-end=\"2404\">\u00dcberm\u00e4\u00dfige Einnahme anderer Zinkpr\u00e4parate vermeiden, um eine \u00dcberdosierung zu verhindern.<\/p>\n<\/li>\n<li data-start=\"2405\" data-end=\"2482\">\n<p data-start=\"2407\" data-end=\"2482\">Schwangerschaft und Stillzeit: vor der Anwendung \u00e4rztlichen Rat einholen.<\/p>\n<\/li>\n<li data-start=\"2483\" data-end=\"2564\">\n<p data-start=\"2485\" data-end=\"2564\">Kein Ersatz f\u00fcr eine ausgewogene Ern\u00e4hrung oder eine medizinische Behandlung.<\/p>\n<\/li>\n<\/ul>\n<h3 data-start=\"2566\" data-end=\"2584\">Nebenwirkungen<\/h3>\n<ul data-start=\"2586\" data-end=\"2710\">\n<li data-start=\"2586\" data-end=\"2621\">\n<p data-start=\"2588\" data-end=\"2621\">Im Allgemeinen gut vertr\u00e4glich.<\/p>\n<\/li>\n<li data-start=\"2622\" data-end=\"2710\">\n<p data-start=\"2624\" data-end=\"2710\">Selten: leichte gastrointestinale Beschwerden, \u00dcbelkeit oder metallischer Geschmack.<\/p>\n<\/li>\n<\/ul>\n<h3 data-start=\"2712\" data-end=\"2724\">Lagerung<\/h3>\n<ul data-start=\"2726\" data-end=\"2835\" data-is-last-node=\"\" data-is-only-node=\"\">\n<li data-start=\"2726\" data-end=\"2796\">\n<p data-start=\"2728\" data-end=\"2796\">K\u00fchl und trocken lagern, vor direkter Sonneneinstrahlung sch\u00fctzen.<\/p>\n<\/li>\n<li data-start=\"2797\" data-end=\"2835\" data-is-last-node=\"\">\n<p data-start=\"2799\" data-end=\"2835\" data-is-last-node=\"\">F\u00fcr Kinder unzug\u00e4nglich aufbewahren.<\/p>\n<\/li>\n<\/ul>\n<\/div>\n<\/div>\n<\/div>\n<\/div>\n<\/div>\n<\/div>\n<\/article>\n","protected":false},"excerpt":{"rendered":"<p>Organic Nation Liposomales Zink 30 TablettenDarreichungsform: Tabletten Wirkstoff (pro Tablette): Zink (in liposomaler Form) \u2014 25 mg Anwendungsgebiete \/ Indikationen Unterst\u00fctzung der normalen Funktion des Immunsystems. Tr\u00e4gt zur Erhaltung gesunder Haut, Haare und N\u00e4gel bei. Unterst\u00fctzung der reproduktiven Gesundheit und Fertilit\u00e4t. Beteiligung an Wundheilung und Gewebereparatur. Unterst\u00fctzung metabolischer und enzymatischer Prozesse im K\u00f6rper. Anwendung \/&#8230;<\/p>\n","protected":false},"featured_media":10051,"comment_status":"open","ping_status":"closed","template":"","meta":{"rs_blank_template":"","rs_page_bg_color":"","slide_template_v7":"","_bst_post_transparent":"default","_bst_post_title":"","_bst_post_layout":"default","_bst_post_sidebar_id":"","_bst_post_content_style":"default","_bst_post_vertical_padding":"default","_bst_post_feature":"","_bst_post_feature_position":"","_bst_post_header":false,"_bst_post_footer":false},"product_brand":[],"product_cat":[351,217,413,457,229],"product_tag":[],"product_brands":[],"class_list":{"0":"post-10052","1":"product","2":"type-product","3":"status-publish","4":"has-post-thumbnail","6":"product_cat-medical-forms","7":"product_cat-medicines","8":"product_cat-hair-nails-medications","9":"product_cat-tablets-capsules","10":"product_cat-vitamins-general-supplements","12":"first","13":"instock","14":"shipping-taxable","15":"purchasable","16":"product-type-simple","17":"entry","18":"content-bg","19":"loop-entry"},"_links":{"self":[{"href":"https:\/\/nawarpharmacy.com\/de\/wp-json\/wp\/v2\/product\/10052","targetHints":{"allow":["GET"]}}],"collection":[{"href":"https:\/\/nawarpharmacy.com\/de\/wp-json\/wp\/v2\/product"}],"about":[{"href":"https:\/\/nawarpharmacy.com\/de\/wp-json\/wp\/v2\/types\/product"}],"replies":[{"embeddable":true,"href":"https:\/\/nawarpharmacy.com\/de\/wp-json\/wp\/v2\/comments?post=10052"}],"wp:featuredmedia":[{"embeddable":true,"href":"https:\/\/nawarpharmacy.com\/de\/wp-json\/wp\/v2\/media\/10051"}],"wp:attachment":[{"href":"https:\/\/nawarpharmacy.com\/de\/wp-json\/wp\/v2\/media?parent=10052"}],"wp:term":[{"taxonomy":"product_brand","embeddable":true,"href":"https:\/\/nawarpharmacy.com\/de\/wp-json\/wp\/v2\/product_brand?post=10052"},{"taxonomy":"product_cat","embeddable":true,"href":"https:\/\/nawarpharmacy.com\/de\/wp-json\/wp\/v2\/product_cat?post=10052"},{"taxonomy":"product_tag","embeddable":true,"href":"https:\/\/nawarpharmacy.com\/de\/wp-json\/wp\/v2\/product_tag?post=10052"},{"taxonomy":"product_brands","embeddable":true,"href":"https:\/\/nawarpharmacy.com\/de\/wp-json\/wp\/v2\/product_brands?post=10052"}],"curies":[{"name":"wp","href":"https:\/\/api.w.org\/{rel}","templated":true}]}}