{"id":10040,"date":"2025-11-22T12:24:30","date_gmt":"2025-11-22T12:24:30","guid":{"rendered":"https:\/\/nawarpharmacy.com\/?post_type=product&#038;p=10040"},"modified":"2026-02-23T18:17:11","modified_gmt":"2026-02-23T18:17:11","slug":"organic-nation-maca-1000mg-60-capsules","status":"publish","type":"product","link":"https:\/\/nawarpharmacy.com\/de\/produkt\/organic-nation-maca-1000mg-60-capsules\/","title":{"rendered":"Organic Nation Maca 1000mg 60 Kapseln"},"content":{"rendered":"<article class=\"text-token-text-primary w-full focus:outline-none [--shadow-height:45px] has-data-writing-block:pointer-events-none has-data-writing-block:-mt-(--shadow-height) has-data-writing-block:pt-(--shadow-height) [&amp;:has([data-writing-block])&gt;*]:pointer-events-auto [content-visibility:auto] supports-[content-visibility:auto]:[contain-intrinsic-size:auto_100lvh] scroll-mt-[calc(var(--header-height)+min(200px,max(70px,20svh)))]\" dir=\"auto\" data-turn-id=\"request-692073f5-3f80-832c-872f-7626d4388ea8-36\" data-testid=\"conversation-turn-90\" data-scroll-anchor=\"true\" data-turn=\"assistant\">\n<div class=\"text-base my-auto mx-auto pb-10 [--thread-content-margin:--spacing(4)] thread-sm:[--thread-content-margin:--spacing(6)] thread-lg:[--thread-content-margin:--spacing(16)] px-(--thread-content-margin)\">\n<div class=\"[--thread-content-max-width:40rem] thread-lg:[--thread-content-max-width:48rem] mx-auto max-w-(--thread-content-max-width) flex-1 group\/turn-messages focus-visible:outline-hidden relative flex w-full min-w-0 flex-col agent-turn\">\n<div class=\"flex max-w-full flex-col grow\">\n<div class=\"min-h-8 text-message relative flex w-full flex-col items-end gap-2 text-start break-words whitespace-normal [.text-message+&amp;]:mt-1\" dir=\"auto\" data-message-author-role=\"assistant\" data-message-id=\"64f4ec76-2bdc-4999-90da-9b30a1cbac04\" data-message-model-slug=\"gpt-5-mini\">\n<div class=\"flex w-full flex-col gap-1 empty:hidden first:pt-[1px]\">\n<div class=\"markdown prose dark:prose-invert w-full break-words light markdown-new-styling\">\n<div class=\"flex max-w-full flex-col grow\">\n<div class=\"min-h-8 text-message relative flex w-full flex-col items-end gap-2 text-start break-words whitespace-normal [.text-message+&amp;]:mt-1\" dir=\"auto\" data-message-author-role=\"assistant\" data-message-id=\"eeffc02a-6a3d-438e-beb8-cf3f44d4e266\" data-message-model-slug=\"gpt-5-2\">\n<div class=\"flex w-full flex-col gap-1 empty:hidden first:pt-[1px]\">\n<div class=\"markdown prose dark:prose-invert w-full wrap-break-word dark markdown-new-styling\">\n<p data-start=\"1474\" data-end=\"1547\"><strong data-start=\"1474\" data-end=\"1517\">Organic Nation Maca 1000mg 60 Kapseln<\/strong><br data-start=\"1517\" data-end=\"1520\" \/>Darreichungsform: Kapseln<\/p>\n<p data-start=\"1549\" data-end=\"1626\"><strong data-start=\"1549\" data-end=\"1576\">Wirkstoff (pro Kapsel):<\/strong> Maca-Wurzelextrakt (Lepidium meyenii) \u2014 1000 mg<\/p>\n<h3 data-start=\"1628\" data-end=\"1664\">Anwendungsgebiete \/ Indikationen<\/h3>\n<ul data-start=\"1666\" data-end=\"1970\">\n<li data-start=\"1666\" data-end=\"1742\">\n<p data-start=\"1668\" data-end=\"1742\">Unterst\u00fctzung von Energie, Ausdauer und k\u00f6rperlicher Leistungsf\u00e4higkeit.<\/p>\n<\/li>\n<li data-start=\"1743\" data-end=\"1819\">\n<p data-start=\"1745\" data-end=\"1819\">Kann zur Verbesserung der sexuellen Gesundheit und der Libido beitragen.<\/p>\n<\/li>\n<li data-start=\"1820\" data-end=\"1869\">\n<p data-start=\"1822\" data-end=\"1869\">Unterst\u00fctzung des hormonellen Gleichgewichts.<\/p>\n<\/li>\n<li data-start=\"1870\" data-end=\"1904\">\n<p data-start=\"1872\" data-end=\"1904\">Bietet antioxidative Vorteile.<\/p>\n<\/li>\n<li data-start=\"1905\" data-end=\"1970\">\n<p data-start=\"1907\" data-end=\"1970\">Kann zur Stressreduktion und Stimmungsverbesserung beitragen.<\/p>\n<\/li>\n<\/ul>\n<h3 data-start=\"1972\" data-end=\"1997\">Anwendung \/ Dosierung<\/h3>\n<ul data-start=\"1999\" data-end=\"2094\">\n<li data-start=\"1999\" data-end=\"2094\">\n<p data-start=\"2001\" data-end=\"2094\">1 Kapsel t\u00e4glich, vorzugsweise zu einer Mahlzeit einnehmen, oder nach \u00e4rztlicher Anweisung.<\/p>\n<\/li>\n<\/ul>\n<h3 data-start=\"2096\" data-end=\"2113\">Gegenanzeigen<\/h3>\n<ul data-start=\"2115\" data-end=\"2276\">\n<li data-start=\"2115\" data-end=\"2201\">\n<p data-start=\"2117\" data-end=\"2201\">\u00dcberempfindlichkeit gegen Maca-Wurzel oder einen sonstigen Bestandteil der Kapsel.<\/p>\n<\/li>\n<li data-start=\"2202\" data-end=\"2276\">\n<p data-start=\"2204\" data-end=\"2276\">Ohne \u00e4rztlichen Rat nicht empfohlen bei hormonabh\u00e4ngigen Erkrankungen.<\/p>\n<\/li>\n<\/ul>\n<h3 data-start=\"2278\" data-end=\"2315\">Warnhinweise \/ Vorsichtsma\u00dfnahmen<\/h3>\n<ul data-start=\"2317\" data-end=\"2543\">\n<li data-start=\"2317\" data-end=\"2394\">\n<p data-start=\"2319\" data-end=\"2394\">Schwangerschaft und Stillzeit: vor der Anwendung \u00e4rztlichen Rat einholen.<\/p>\n<\/li>\n<li data-start=\"2395\" data-end=\"2461\">\n<p data-start=\"2397\" data-end=\"2461\">Vorsicht bei gleichzeitiger Einnahme hormoneller Arzneimittel.<\/p>\n<\/li>\n<li data-start=\"2462\" data-end=\"2543\">\n<p data-start=\"2464\" data-end=\"2543\">Kein Ersatz f\u00fcr eine ausgewogene Ern\u00e4hrung oder eine medizinische Behandlung.<\/p>\n<\/li>\n<\/ul>\n<h3 data-start=\"2545\" data-end=\"2563\">Nebenwirkungen<\/h3>\n<ul data-start=\"2565\" data-end=\"2677\">\n<li data-start=\"2565\" data-end=\"2600\">\n<p data-start=\"2567\" data-end=\"2600\">Im Allgemeinen gut vertr\u00e4glich.<\/p>\n<\/li>\n<li data-start=\"2601\" data-end=\"2677\">\n<p data-start=\"2603\" data-end=\"2677\">Selten: leichte Verdauungsbeschwerden, Kopfschmerzen oder innere Unruhe.<\/p>\n<\/li>\n<\/ul>\n<h3 data-start=\"2679\" data-end=\"2691\">Lagerung<\/h3>\n<ul data-start=\"2693\" data-end=\"2802\" data-is-last-node=\"\" data-is-only-node=\"\">\n<li data-start=\"2693\" data-end=\"2763\">\n<p data-start=\"2695\" data-end=\"2763\">K\u00fchl und trocken lagern, vor direkter Sonneneinstrahlung sch\u00fctzen.<\/p>\n<\/li>\n<li data-start=\"2764\" data-end=\"2802\" data-is-last-node=\"\">\n<p data-start=\"2766\" data-end=\"2802\" data-is-last-node=\"\">F\u00fcr Kinder unzug\u00e4nglich aufbewahren.<\/p>\n<\/li>\n<\/ul>\n<\/div>\n<\/div>\n<\/div>\n<\/div>\n<\/div>\n<\/div>\n<\/div>\n<\/div>\n<\/div>\n<\/div>\n<\/article>\n","protected":false},"excerpt":{"rendered":"<p>Organic Nation Maca 1000mg 60 KapselnDarreichungsform: Kapseln Wirkstoff (pro Kapsel): Maca-Wurzelextrakt (Lepidium meyenii) \u2014 1000 mg Anwendungsgebiete \/ Indikationen Unterst\u00fctzung von Energie, Ausdauer und k\u00f6rperlicher Leistungsf\u00e4higkeit. Kann zur Verbesserung der sexuellen Gesundheit und der Libido beitragen. Unterst\u00fctzung des hormonellen Gleichgewichts. Bietet antioxidative Vorteile. Kann zur Stressreduktion und Stimmungsverbesserung beitragen. Anwendung \/ Dosierung 1 Kapsel t\u00e4glich,&#8230;<\/p>\n","protected":false},"featured_media":10039,"comment_status":"open","ping_status":"closed","template":"","meta":{"rs_blank_template":"","rs_page_bg_color":"","slide_template_v7":"","_bst_post_transparent":"default","_bst_post_title":"","_bst_post_layout":"default","_bst_post_sidebar_id":"","_bst_post_content_style":"default","_bst_post_vertical_padding":"default","_bst_post_feature":"","_bst_post_feature_position":"","_bst_post_header":false,"_bst_post_footer":false},"product_brand":[],"product_cat":[351,217,277,457,229],"product_tag":[],"product_brands":[],"class_list":{"0":"post-10040","1":"product","2":"type-product","3":"status-publish","4":"has-post-thumbnail","6":"product_cat-medical-forms","7":"product_cat-medicines","8":"product_cat-nervous-system-medications","9":"product_cat-tablets-capsules","10":"product_cat-vitamins-general-supplements","12":"first","13":"instock","14":"shipping-taxable","15":"purchasable","16":"product-type-simple","17":"entry","18":"content-bg","19":"loop-entry"},"_links":{"self":[{"href":"https:\/\/nawarpharmacy.com\/de\/wp-json\/wp\/v2\/product\/10040","targetHints":{"allow":["GET"]}}],"collection":[{"href":"https:\/\/nawarpharmacy.com\/de\/wp-json\/wp\/v2\/product"}],"about":[{"href":"https:\/\/nawarpharmacy.com\/de\/wp-json\/wp\/v2\/types\/product"}],"replies":[{"embeddable":true,"href":"https:\/\/nawarpharmacy.com\/de\/wp-json\/wp\/v2\/comments?post=10040"}],"wp:featuredmedia":[{"embeddable":true,"href":"https:\/\/nawarpharmacy.com\/de\/wp-json\/wp\/v2\/media\/10039"}],"wp:attachment":[{"href":"https:\/\/nawarpharmacy.com\/de\/wp-json\/wp\/v2\/media?parent=10040"}],"wp:term":[{"taxonomy":"product_brand","embeddable":true,"href":"https:\/\/nawarpharmacy.com\/de\/wp-json\/wp\/v2\/product_brand?post=10040"},{"taxonomy":"product_cat","embeddable":true,"href":"https:\/\/nawarpharmacy.com\/de\/wp-json\/wp\/v2\/product_cat?post=10040"},{"taxonomy":"product_tag","embeddable":true,"href":"https:\/\/nawarpharmacy.com\/de\/wp-json\/wp\/v2\/product_tag?post=10040"},{"taxonomy":"product_brands","embeddable":true,"href":"https:\/\/nawarpharmacy.com\/de\/wp-json\/wp\/v2\/product_brands?post=10040"}],"curies":[{"name":"wp","href":"https:\/\/api.w.org\/{rel}","templated":true}]}}