{"id":10036,"date":"2025-11-22T12:26:11","date_gmt":"2025-11-22T12:26:11","guid":{"rendered":"https:\/\/nawarpharmacy.com\/?post_type=product&#038;p=10036"},"modified":"2026-02-23T18:15:57","modified_gmt":"2026-02-23T18:15:57","slug":"organic-nation-moringa-60-capsules","status":"publish","type":"product","link":"https:\/\/nawarpharmacy.com\/de\/produkt\/organic-nation-moringa-60-capsules\/","title":{"rendered":"Organic Nation Moringa 60 Kapseln"},"content":{"rendered":"<article class=\"text-token-text-primary w-full focus:outline-none [--shadow-height:45px] has-data-writing-block:pointer-events-none has-data-writing-block:-mt-(--shadow-height) has-data-writing-block:pt-(--shadow-height) [&amp;:has([data-writing-block])&gt;*]:pointer-events-auto [content-visibility:auto] supports-[content-visibility:auto]:[contain-intrinsic-size:auto_100lvh] scroll-mt-[calc(var(--header-height)+min(200px,max(70px,20svh)))]\" dir=\"auto\" data-turn-id=\"request-692073f5-3f80-832c-872f-7626d4388ea8-37\" data-testid=\"conversation-turn-92\" data-scroll-anchor=\"true\" data-turn=\"assistant\">\n<div class=\"text-base my-auto mx-auto pb-10 [--thread-content-margin:--spacing(4)] thread-sm:[--thread-content-margin:--spacing(6)] thread-lg:[--thread-content-margin:--spacing(16)] px-(--thread-content-margin)\">\n<div class=\"[--thread-content-max-width:40rem] thread-lg:[--thread-content-max-width:48rem] mx-auto max-w-(--thread-content-max-width) flex-1 group\/turn-messages focus-visible:outline-hidden relative flex w-full min-w-0 flex-col agent-turn\">\n<div class=\"flex max-w-full flex-col grow\">\n<div class=\"min-h-8 text-message relative flex w-full flex-col items-end gap-2 text-start break-words whitespace-normal [.text-message+&amp;]:mt-1\" dir=\"auto\" data-message-author-role=\"assistant\" data-message-id=\"0e824942-9eac-403f-8925-72fafa9edf87\" data-message-model-slug=\"gpt-5-mini\">\n<div class=\"flex w-full flex-col gap-1 empty:hidden first:pt-[1px]\">\n<div class=\"markdown prose dark:prose-invert w-full break-words light markdown-new-styling\">\n<div class=\"flex flex-col text-sm pb-25\">\n<article class=\"text-token-text-primary w-full focus:outline-none [--shadow-height:45px] has-data-writing-block:pointer-events-none has-data-writing-block:-mt-(--shadow-height) has-data-writing-block:pt-(--shadow-height) [&amp;:has([data-writing-block])&gt;*]:pointer-events-auto scroll-mt-[calc(var(--header-height)+min(200px,max(70px,20svh)))]\" dir=\"auto\" tabindex=\"-1\" data-turn-id=\"request-WEB:209e3289-63e4-414b-883e-c54fb0e043f1-66\" data-testid=\"conversation-turn-58\" data-scroll-anchor=\"true\" data-turn=\"assistant\">\n<div class=\"text-base my-auto mx-auto pb-10 [--thread-content-margin:--spacing(4)] @w-sm\/main:[--thread-content-margin:--spacing(6)] @w-lg\/main:[--thread-content-margin:--spacing(16)] px-(--thread-content-margin)\">\n<div class=\"[--thread-content-max-width:40rem] @w-lg\/main:[--thread-content-max-width:48rem] mx-auto max-w-(--thread-content-max-width) flex-1 group\/turn-messages focus-visible:outline-hidden relative flex w-full min-w-0 flex-col agent-turn\" tabindex=\"-1\">\n<div class=\"flex max-w-full flex-col grow\">\n<div class=\"min-h-8 text-message relative flex w-full flex-col items-end gap-2 text-start break-words whitespace-normal [.text-message+&amp;]:mt-1\" dir=\"auto\" data-message-author-role=\"assistant\" data-message-id=\"eab39bda-a23e-4814-b117-2f76e7562b2c\" data-message-model-slug=\"gpt-5-2\">\n<div class=\"flex w-full flex-col gap-1 empty:hidden first:pt-[1px]\">\n<div class=\"markdown prose dark:prose-invert w-full wrap-break-word dark markdown-new-styling\">\n<p data-start=\"1289\" data-end=\"1357\"><strong data-start=\"1289\" data-end=\"1327\">Organic Nation Moringa 60 Kapseln<\/strong><br data-start=\"1327\" data-end=\"1330\" \/>Darreichungsform: Kapseln<\/p>\n<p data-start=\"1359\" data-end=\"1437\"><strong data-start=\"1359\" data-end=\"1386\">Wirkstoff (pro Kapsel):<\/strong> Moringa-Blattextrakt (Moringa oleifera) \u2014 250 mg<\/p>\n<h3 data-start=\"1439\" data-end=\"1475\">Anwendungsgebiete \/ Indikationen<\/h3>\n<ul data-start=\"1477\" data-end=\"1789\">\n<li data-start=\"1477\" data-end=\"1516\">\n<p data-start=\"1479\" data-end=\"1516\">Bietet antioxidative Unterst\u00fctzung.<\/p>\n<\/li>\n<li data-start=\"1517\" data-end=\"1574\">\n<p data-start=\"1519\" data-end=\"1574\">Unterst\u00fctzung der normalen Funktion des Immunsystems.<\/p>\n<\/li>\n<li data-start=\"1575\" data-end=\"1641\">\n<p data-start=\"1577\" data-end=\"1641\">Tr\u00e4gt zur Aufrechterhaltung eines gesunden Energieniveaus bei.<\/p>\n<\/li>\n<li data-start=\"1642\" data-end=\"1695\">\n<p data-start=\"1644\" data-end=\"1695\">Unterst\u00fctzung der Gesundheit von Haut und Haaren.<\/p>\n<\/li>\n<li data-start=\"1696\" data-end=\"1789\">\n<p data-start=\"1698\" data-end=\"1789\">Kann als Nahrungserg\u00e4nzung zur F\u00f6rderung des allgemeinen Wohlbefindens eingesetzt werden.<\/p>\n<\/li>\n<\/ul>\n<h3 data-start=\"1791\" data-end=\"1816\">Anwendung \/ Dosierung<\/h3>\n<ul data-start=\"1818\" data-end=\"1913\">\n<li data-start=\"1818\" data-end=\"1913\">\n<p data-start=\"1820\" data-end=\"1913\">1 Kapsel t\u00e4glich, vorzugsweise zu einer Mahlzeit einnehmen, oder nach \u00e4rztlicher Anweisung.<\/p>\n<\/li>\n<\/ul>\n<h3 data-start=\"1915\" data-end=\"1932\">Gegenanzeigen<\/h3>\n<ul data-start=\"1934\" data-end=\"2016\">\n<li data-start=\"1934\" data-end=\"2016\">\n<p data-start=\"1936\" data-end=\"2016\">\u00dcberempfindlichkeit gegen Moringa oder einen sonstigen Bestandteil der Kapsel.<\/p>\n<\/li>\n<\/ul>\n<h3 data-start=\"2018\" data-end=\"2055\">Warnhinweise \/ Vorsichtsma\u00dfnahmen<\/h3>\n<ul data-start=\"2057\" data-end=\"2216\">\n<li data-start=\"2057\" data-end=\"2134\">\n<p data-start=\"2059\" data-end=\"2134\">Schwangerschaft und Stillzeit: vor der Anwendung \u00e4rztlichen Rat einholen.<\/p>\n<\/li>\n<li data-start=\"2135\" data-end=\"2216\">\n<p data-start=\"2137\" data-end=\"2216\">Kein Ersatz f\u00fcr eine ausgewogene Ern\u00e4hrung oder eine medizinische Behandlung.<\/p>\n<\/li>\n<\/ul>\n<h3 data-start=\"2218\" data-end=\"2236\">Nebenwirkungen<\/h3>\n<ul data-start=\"2238\" data-end=\"2353\">\n<li data-start=\"2238\" data-end=\"2273\">\n<p data-start=\"2240\" data-end=\"2273\">Im Allgemeinen gut vertr\u00e4glich.<\/p>\n<\/li>\n<li data-start=\"2274\" data-end=\"2353\">\n<p data-start=\"2276\" data-end=\"2353\">Selten: leichte gastrointestinale Beschwerden, \u00dcbelkeit oder Kopfschmerzen.<\/p>\n<\/li>\n<\/ul>\n<h3 data-start=\"2355\" data-end=\"2367\">Lagerung<\/h3>\n<ul data-start=\"2369\" data-end=\"2478\" data-is-last-node=\"\" data-is-only-node=\"\">\n<li data-start=\"2369\" data-end=\"2439\">\n<p data-start=\"2371\" data-end=\"2439\">K\u00fchl und trocken lagern, vor direkter Sonneneinstrahlung sch\u00fctzen.<\/p>\n<\/li>\n<li data-start=\"2440\" data-end=\"2478\" data-is-last-node=\"\">\n<p data-start=\"2442\" data-end=\"2478\" data-is-last-node=\"\">F\u00fcr Kinder unzug\u00e4nglich aufbewahren.<\/p>\n<\/li>\n<\/ul>\n<\/div>\n<\/div>\n<\/div>\n<\/div>\n<\/div>\n<\/div>\n<\/article>\n<\/div>\n<\/div>\n<\/div>\n<\/div>\n<\/div>\n<\/div>\n<\/div>\n<\/article>\n","protected":false},"excerpt":{"rendered":"<p>Organic Nation Moringa 60 KapselnDarreichungsform: Kapseln Wirkstoff (pro Kapsel): Moringa-Blattextrakt (Moringa oleifera) \u2014 250 mg Anwendungsgebiete \/ Indikationen Bietet antioxidative Unterst\u00fctzung. Unterst\u00fctzung der normalen Funktion des Immunsystems. Tr\u00e4gt zur Aufrechterhaltung eines gesunden Energieniveaus bei. Unterst\u00fctzung der Gesundheit von Haut und Haaren. Kann als Nahrungserg\u00e4nzung zur F\u00f6rderung des allgemeinen Wohlbefindens eingesetzt werden. Anwendung \/ Dosierung 1&#8230;<\/p>\n","protected":false},"featured_media":10035,"comment_status":"open","ping_status":"closed","template":"","meta":{"rs_blank_template":"","rs_page_bg_color":"","slide_template_v7":"","_bst_post_transparent":"default","_bst_post_title":"","_bst_post_layout":"default","_bst_post_sidebar_id":"","_bst_post_content_style":"default","_bst_post_vertical_padding":"default","_bst_post_feature":"","_bst_post_feature_position":"","_bst_post_header":false,"_bst_post_footer":false},"product_brand":[],"product_cat":[351,217,457,271,229],"product_tag":[],"product_brands":[],"class_list":{"0":"post-10036","1":"product","2":"type-product","3":"status-publish","4":"has-post-thumbnail","6":"product_cat-medical-forms","7":"product_cat-medicines","8":"product_cat-tablets-capsules","9":"product_cat-immunity-support","10":"product_cat-vitamins-general-supplements","12":"first","13":"instock","14":"shipping-taxable","15":"purchasable","16":"product-type-simple","17":"entry","18":"content-bg","19":"loop-entry"},"_links":{"self":[{"href":"https:\/\/nawarpharmacy.com\/de\/wp-json\/wp\/v2\/product\/10036","targetHints":{"allow":["GET"]}}],"collection":[{"href":"https:\/\/nawarpharmacy.com\/de\/wp-json\/wp\/v2\/product"}],"about":[{"href":"https:\/\/nawarpharmacy.com\/de\/wp-json\/wp\/v2\/types\/product"}],"replies":[{"embeddable":true,"href":"https:\/\/nawarpharmacy.com\/de\/wp-json\/wp\/v2\/comments?post=10036"}],"wp:featuredmedia":[{"embeddable":true,"href":"https:\/\/nawarpharmacy.com\/de\/wp-json\/wp\/v2\/media\/10035"}],"wp:attachment":[{"href":"https:\/\/nawarpharmacy.com\/de\/wp-json\/wp\/v2\/media?parent=10036"}],"wp:term":[{"taxonomy":"product_brand","embeddable":true,"href":"https:\/\/nawarpharmacy.com\/de\/wp-json\/wp\/v2\/product_brand?post=10036"},{"taxonomy":"product_cat","embeddable":true,"href":"https:\/\/nawarpharmacy.com\/de\/wp-json\/wp\/v2\/product_cat?post=10036"},{"taxonomy":"product_tag","embeddable":true,"href":"https:\/\/nawarpharmacy.com\/de\/wp-json\/wp\/v2\/product_tag?post=10036"},{"taxonomy":"product_brands","embeddable":true,"href":"https:\/\/nawarpharmacy.com\/de\/wp-json\/wp\/v2\/product_brands?post=10036"}],"curies":[{"name":"wp","href":"https:\/\/api.w.org\/{rel}","templated":true}]}}