{"id":10033,"date":"2025-11-22T12:28:44","date_gmt":"2025-11-22T12:28:44","guid":{"rendered":"https:\/\/nawarpharmacy.com\/?post_type=product&#038;p=10033"},"modified":"2026-02-23T18:14:55","modified_gmt":"2026-02-23T18:14:55","slug":"organic-nation-moringa-powder-100gm","status":"publish","type":"product","link":"https:\/\/nawarpharmacy.com\/de\/produkt\/organic-nation-moringa-powder-100gm\/","title":{"rendered":"Organic Nation Moringa Pulver 100 g"},"content":{"rendered":"<article class=\"text-token-text-primary w-full focus:outline-none [--shadow-height:45px] has-data-writing-block:pointer-events-none has-data-writing-block:-mt-(--shadow-height) has-data-writing-block:pt-(--shadow-height) [&amp;:has([data-writing-block])&gt;*]:pointer-events-auto scroll-mt-[calc(var(--header-height)+min(200px,max(70px,20svh)))]\" dir=\"auto\" tabindex=\"-1\" data-turn-id=\"request-WEB:209e3289-63e4-414b-883e-c54fb0e043f1-65\" data-testid=\"conversation-turn-56\" data-scroll-anchor=\"true\" data-turn=\"assistant\">\n<div class=\"text-base my-auto mx-auto pb-10 [--thread-content-margin:--spacing(4)] @w-sm\/main:[--thread-content-margin:--spacing(6)] @w-lg\/main:[--thread-content-margin:--spacing(16)] px-(--thread-content-margin)\">\n<div class=\"[--thread-content-max-width:40rem] @w-lg\/main:[--thread-content-max-width:48rem] mx-auto max-w-(--thread-content-max-width) flex-1 group\/turn-messages focus-visible:outline-hidden relative flex w-full min-w-0 flex-col agent-turn\" tabindex=\"-1\">\n<div class=\"flex max-w-full flex-col grow\">\n<div class=\"min-h-8 text-message relative flex w-full flex-col items-end gap-2 text-start break-words whitespace-normal [.text-message+&amp;]:mt-1\" dir=\"auto\" data-message-author-role=\"assistant\" data-message-id=\"a79b5fe4-ae26-43e5-8377-1345d5a70186\" data-message-model-slug=\"gpt-5-2\">\n<div class=\"flex w-full flex-col gap-1 empty:hidden first:pt-[1px]\">\n<div class=\"markdown prose dark:prose-invert w-full wrap-break-word dark markdown-new-styling\">\n<p data-start=\"1253\" data-end=\"1322\"><strong data-start=\"1253\" data-end=\"1293\">Organic Nation Moringa Pulver 100 g<\/strong><br data-start=\"1293\" data-end=\"1296\" \/>Darreichungsform: Pulver<\/p>\n<p data-start=\"1324\" data-end=\"1402\"><strong data-start=\"1324\" data-end=\"1361\">Wirkstoff (pro Portion, ca. 1 g):<\/strong> Moringa-Blattpulver (Moringa oleifera)<\/p>\n<h3 data-start=\"1404\" data-end=\"1440\">Anwendungsgebiete \/ Indikationen<\/h3>\n<ul data-start=\"1442\" data-end=\"1762\">\n<li data-start=\"1442\" data-end=\"1481\">\n<p data-start=\"1444\" data-end=\"1481\">Bietet antioxidative Unterst\u00fctzung.<\/p>\n<\/li>\n<li data-start=\"1482\" data-end=\"1539\">\n<p data-start=\"1484\" data-end=\"1539\">Unterst\u00fctzung der normalen Funktion des Immunsystems.<\/p>\n<\/li>\n<li data-start=\"1540\" data-end=\"1606\">\n<p data-start=\"1542\" data-end=\"1606\">Tr\u00e4gt zur Aufrechterhaltung eines gesunden Energieniveaus bei.<\/p>\n<\/li>\n<li data-start=\"1607\" data-end=\"1668\">\n<p data-start=\"1609\" data-end=\"1668\">Unterst\u00fctzung der Gesundheit von Haut, Haaren und N\u00e4geln.<\/p>\n<\/li>\n<li data-start=\"1669\" data-end=\"1762\">\n<p data-start=\"1671\" data-end=\"1762\">Kann als Nahrungserg\u00e4nzung zur F\u00f6rderung des allgemeinen Wohlbefindens eingesetzt werden.<\/p>\n<\/li>\n<\/ul>\n<h3 data-start=\"1764\" data-end=\"1789\">Anwendung \/ Dosierung<\/h3>\n<ul data-start=\"1791\" data-end=\"1911\">\n<li data-start=\"1791\" data-end=\"1911\">\n<p data-start=\"1793\" data-end=\"1911\">1\u20132 g (ca. \u00bd\u20131 Teel\u00f6ffel) t\u00e4glich in Wasser, Saft, Smoothies oder Speisen einr\u00fchren, oder nach \u00e4rztlicher Anweisung.<\/p>\n<\/li>\n<\/ul>\n<h3 data-start=\"1913\" data-end=\"1930\">Gegenanzeigen<\/h3>\n<ul data-start=\"1932\" data-end=\"1970\">\n<li data-start=\"1932\" data-end=\"1970\">\n<p data-start=\"1934\" data-end=\"1970\">\u00dcberempfindlichkeit gegen Moringa.<\/p>\n<\/li>\n<\/ul>\n<h3 data-start=\"1972\" data-end=\"2009\">Warnhinweise \/ Vorsichtsma\u00dfnahmen<\/h3>\n<ul data-start=\"2011\" data-end=\"2170\">\n<li data-start=\"2011\" data-end=\"2088\">\n<p data-start=\"2013\" data-end=\"2088\">Schwangerschaft und Stillzeit: vor der Anwendung \u00e4rztlichen Rat einholen.<\/p>\n<\/li>\n<li data-start=\"2089\" data-end=\"2170\">\n<p data-start=\"2091\" data-end=\"2170\">Kein Ersatz f\u00fcr eine ausgewogene Ern\u00e4hrung oder eine medizinische Behandlung.<\/p>\n<\/li>\n<\/ul>\n<h3 data-start=\"2172\" data-end=\"2190\">Nebenwirkungen<\/h3>\n<ul data-start=\"2192\" data-end=\"2292\">\n<li data-start=\"2192\" data-end=\"2227\">\n<p data-start=\"2194\" data-end=\"2227\">Im Allgemeinen gut vertr\u00e4glich.<\/p>\n<\/li>\n<li data-start=\"2228\" data-end=\"2292\">\n<p data-start=\"2230\" data-end=\"2292\">Selten: leichte gastrointestinale Beschwerden oder \u00dcbelkeit.<\/p>\n<\/li>\n<\/ul>\n<h3 data-start=\"2294\" data-end=\"2306\">Lagerung<\/h3>\n<ul data-start=\"2308\" data-end=\"2376\" data-is-last-node=\"\" data-is-only-node=\"\">\n<li data-start=\"2308\" data-end=\"2376\" data-is-last-node=\"\">\n<p data-start=\"2310\" data-end=\"2376\" data-is-last-node=\"\">K\u00fchl und trocken lagern, vor direkter Sonneneinstrahlung sch\u00fctzen.<\/p>\n<\/li>\n<\/ul>\n<\/div>\n<\/div>\n<\/div>\n<\/div>\n<\/div>\n<\/div>\n<\/article>\n","protected":false},"excerpt":{"rendered":"<p>Organic Nation Moringa Pulver 100 gDarreichungsform: Pulver Wirkstoff (pro Portion, ca. 1 g): Moringa-Blattpulver (Moringa oleifera) Anwendungsgebiete \/ Indikationen Bietet antioxidative Unterst\u00fctzung. Unterst\u00fctzung der normalen Funktion des Immunsystems. Tr\u00e4gt zur Aufrechterhaltung eines gesunden Energieniveaus bei. Unterst\u00fctzung der Gesundheit von Haut, Haaren und N\u00e4geln. Kann als Nahrungserg\u00e4nzung zur F\u00f6rderung des allgemeinen Wohlbefindens eingesetzt werden. Anwendung \/&#8230;<\/p>\n","protected":false},"featured_media":9828,"comment_status":"open","ping_status":"closed","template":"","meta":{"rs_blank_template":"","rs_page_bg_color":"","slide_template_v7":"","_bst_post_transparent":"default","_bst_post_title":"","_bst_post_layout":"default","_bst_post_sidebar_id":"","_bst_post_content_style":"default","_bst_post_vertical_padding":"default","_bst_post_feature":"","_bst_post_feature_position":"","_bst_post_header":false,"_bst_post_footer":false},"product_brand":[],"product_cat":[351,217,457,271,229],"product_tag":[],"product_brands":[],"class_list":{"0":"post-10033","1":"product","2":"type-product","3":"status-publish","4":"has-post-thumbnail","6":"product_cat-medical-forms","7":"product_cat-medicines","8":"product_cat-tablets-capsules","9":"product_cat-immunity-support","10":"product_cat-vitamins-general-supplements","12":"first","13":"instock","14":"shipping-taxable","15":"purchasable","16":"product-type-simple","17":"entry","18":"content-bg","19":"loop-entry"},"_links":{"self":[{"href":"https:\/\/nawarpharmacy.com\/de\/wp-json\/wp\/v2\/product\/10033","targetHints":{"allow":["GET"]}}],"collection":[{"href":"https:\/\/nawarpharmacy.com\/de\/wp-json\/wp\/v2\/product"}],"about":[{"href":"https:\/\/nawarpharmacy.com\/de\/wp-json\/wp\/v2\/types\/product"}],"replies":[{"embeddable":true,"href":"https:\/\/nawarpharmacy.com\/de\/wp-json\/wp\/v2\/comments?post=10033"}],"wp:featuredmedia":[{"embeddable":true,"href":"https:\/\/nawarpharmacy.com\/de\/wp-json\/wp\/v2\/media\/9828"}],"wp:attachment":[{"href":"https:\/\/nawarpharmacy.com\/de\/wp-json\/wp\/v2\/media?parent=10033"}],"wp:term":[{"taxonomy":"product_brand","embeddable":true,"href":"https:\/\/nawarpharmacy.com\/de\/wp-json\/wp\/v2\/product_brand?post=10033"},{"taxonomy":"product_cat","embeddable":true,"href":"https:\/\/nawarpharmacy.com\/de\/wp-json\/wp\/v2\/product_cat?post=10033"},{"taxonomy":"product_tag","embeddable":true,"href":"https:\/\/nawarpharmacy.com\/de\/wp-json\/wp\/v2\/product_tag?post=10033"},{"taxonomy":"product_brands","embeddable":true,"href":"https:\/\/nawarpharmacy.com\/de\/wp-json\/wp\/v2\/product_brands?post=10033"}],"curies":[{"name":"wp","href":"https:\/\/api.w.org\/{rel}","templated":true}]}}