{"id":10020,"date":"2025-11-22T13:15:33","date_gmt":"2025-11-22T13:15:33","guid":{"rendered":"https:\/\/nawarpharmacy.com\/?post_type=product&#038;p=10020"},"modified":"2026-02-23T18:10:33","modified_gmt":"2026-02-23T18:10:33","slug":"octatron-30-capsules","status":"publish","type":"product","link":"https:\/\/nawarpharmacy.com\/de\/produkt\/octatron-30-capsules\/","title":{"rendered":"Octatron 30 Kapseln"},"content":{"rendered":"<article class=\"text-token-text-primary w-full focus:outline-none [--shadow-height:45px] has-data-writing-block:pointer-events-none has-data-writing-block:-mt-(--shadow-height) has-data-writing-block:pt-(--shadow-height) [&amp;:has([data-writing-block])&gt;*]:pointer-events-auto [content-visibility:auto] supports-[content-visibility:auto]:[contain-intrinsic-size:auto_100lvh] scroll-mt-[calc(var(--header-height)+min(200px,max(70px,20svh)))]\" dir=\"auto\" data-turn-id=\"request-692073f5-3f80-832c-872f-7626d4388ea8-42\" data-testid=\"conversation-turn-102\" data-scroll-anchor=\"true\" data-turn=\"assistant\">\n<div class=\"text-base my-auto mx-auto pb-10 [--thread-content-margin:--spacing(4)] thread-sm:[--thread-content-margin:--spacing(6)] thread-lg:[--thread-content-margin:--spacing(16)] px-(--thread-content-margin)\">\n<div class=\"[--thread-content-max-width:40rem] thread-lg:[--thread-content-max-width:48rem] mx-auto max-w-(--thread-content-max-width) flex-1 group\/turn-messages focus-visible:outline-hidden relative flex w-full min-w-0 flex-col agent-turn\">\n<div class=\"flex max-w-full flex-col grow\">\n<div class=\"min-h-8 text-message relative flex w-full flex-col items-end gap-2 text-start break-words whitespace-normal [.text-message+&amp;]:mt-1\" dir=\"auto\" data-message-author-role=\"assistant\" data-message-id=\"d00fc6d7-3661-42dd-873e-83ea2f637599\" data-message-model-slug=\"gpt-5-mini\">\n<div class=\"flex w-full flex-col gap-1 empty:hidden first:pt-[1px]\">\n<div class=\"markdown prose dark:prose-invert w-full break-words light markdown-new-styling\">\n<p data-start=\"1395\" data-end=\"1449\"><strong data-start=\"1395\" data-end=\"1419\">Octatron 30 Kapseln<\/strong><br data-start=\"1419\" data-end=\"1422\" \/>Darreichungsform: Kapseln<\/p>\n<h3 data-start=\"1451\" data-end=\"1478\">Wirkstoffe (pro Kapsel)<\/h3>\n<ul data-start=\"1480\" data-end=\"1525\">\n<li data-start=\"1480\" data-end=\"1503\">\n<p data-start=\"1482\" data-end=\"1503\">Octacosanol \u2014 20 mg<\/p>\n<\/li>\n<li data-start=\"1504\" data-end=\"1525\">\n<p data-start=\"1506\" data-end=\"1525\">Vitamin E \u2014 10 mg<\/p>\n<\/li>\n<\/ul>\n<h3 data-start=\"1527\" data-end=\"1563\">Anwendungsgebiete \/ Indikationen<\/h3>\n<ul data-start=\"1565\" data-end=\"1856\">\n<li data-start=\"1565\" data-end=\"1632\">\n<p data-start=\"1567\" data-end=\"1632\">Unterst\u00fctzung der k\u00f6rperlichen Ausdauer und Leistungsf\u00e4higkeit.<\/p>\n<\/li>\n<li data-start=\"1633\" data-end=\"1714\">\n<p data-start=\"1635\" data-end=\"1714\">Kann zur Steigerung von Energie und sportlicher Leistungsf\u00e4higkeit beitragen.<\/p>\n<\/li>\n<li data-start=\"1715\" data-end=\"1748\">\n<p data-start=\"1717\" data-end=\"1748\">Bietet antioxidativen Schutz.<\/p>\n<\/li>\n<li data-start=\"1749\" data-end=\"1797\">\n<p data-start=\"1751\" data-end=\"1797\">Unterst\u00fctzung der Herz-Kreislauf-Gesundheit.<\/p>\n<\/li>\n<li data-start=\"1798\" data-end=\"1856\">\n<p data-start=\"1800\" data-end=\"1856\">F\u00f6rdert die allgemeine Vitalit\u00e4t und das Wohlbefinden.<\/p>\n<\/li>\n<\/ul>\n<h3 data-start=\"1858\" data-end=\"1883\">Anwendung \/ Dosierung<\/h3>\n<ul data-start=\"1885\" data-end=\"1980\">\n<li data-start=\"1885\" data-end=\"1980\">\n<p data-start=\"1887\" data-end=\"1980\">1 Kapsel t\u00e4glich, vorzugsweise zu einer Mahlzeit einnehmen, oder nach \u00e4rztlicher Anweisung.<\/p>\n<\/li>\n<\/ul>\n<h3 data-start=\"1982\" data-end=\"1999\">Gegenanzeigen<\/h3>\n<ul data-start=\"2001\" data-end=\"2098\">\n<li data-start=\"2001\" data-end=\"2098\">\n<p data-start=\"2003\" data-end=\"2098\">\u00dcberempfindlichkeit gegen Octacosanol, Vitamin E oder einen sonstigen Bestandteil der Kapsel.<\/p>\n<\/li>\n<\/ul>\n<h3 data-start=\"2100\" data-end=\"2137\">Warnhinweise \/ Vorsichtsma\u00dfnahmen<\/h3>\n<ul data-start=\"2139\" data-end=\"2397\">\n<li data-start=\"2139\" data-end=\"2216\">\n<p data-start=\"2141\" data-end=\"2216\">Schwangerschaft und Stillzeit: vor der Anwendung \u00e4rztlichen Rat einholen.<\/p>\n<\/li>\n<li data-start=\"2217\" data-end=\"2315\">\n<p data-start=\"2219\" data-end=\"2315\">Vorsicht bei gleichzeitiger Einnahme von Antikoagulanzien oder blutverd\u00fcnnenden Arzneimitteln.<\/p>\n<\/li>\n<li data-start=\"2316\" data-end=\"2397\">\n<p data-start=\"2318\" data-end=\"2397\">Kein Ersatz f\u00fcr eine ausgewogene Ern\u00e4hrung oder eine medizinische Behandlung.<\/p>\n<\/li>\n<\/ul>\n<h3 data-start=\"2399\" data-end=\"2417\">Nebenwirkungen<\/h3>\n<ul data-start=\"2419\" data-end=\"2535\">\n<li data-start=\"2419\" data-end=\"2454\">\n<p data-start=\"2421\" data-end=\"2454\">Im Allgemeinen gut vertr\u00e4glich.<\/p>\n<\/li>\n<li data-start=\"2455\" data-end=\"2535\">\n<p data-start=\"2457\" data-end=\"2535\">Selten: leichte gastrointestinale Beschwerden, Kopfschmerzen oder Schwindel.<\/p>\n<\/li>\n<\/ul>\n<h3 data-start=\"2537\" data-end=\"2549\">Lagerung<\/h3>\n<ul data-start=\"2551\" data-end=\"2660\" data-is-last-node=\"\" data-is-only-node=\"\">\n<li data-start=\"2551\" data-end=\"2621\">\n<p data-start=\"2553\" data-end=\"2621\">K\u00fchl und trocken lagern, vor direkter Sonneneinstrahlung sch\u00fctzen.<\/p>\n<\/li>\n<li data-start=\"2622\" data-end=\"2660\" data-is-last-node=\"\">\n<p data-start=\"2624\" data-end=\"2660\" data-is-last-node=\"\">F\u00fcr Kinder unzug\u00e4nglich aufbewahren.<\/p>\n<\/li>\n<\/ul>\n<\/div>\n<\/div>\n<\/div>\n<\/div>\n<\/div>\n<\/div>\n<\/article>\n","protected":false},"excerpt":{"rendered":"<p>Octatron 30 KapselnDarreichungsform: Kapseln Wirkstoffe (pro Kapsel) Octacosanol \u2014 20 mg Vitamin E \u2014 10 mg Anwendungsgebiete \/ Indikationen Unterst\u00fctzung der k\u00f6rperlichen Ausdauer und Leistungsf\u00e4higkeit. Kann zur Steigerung von Energie und sportlicher Leistungsf\u00e4higkeit beitragen. Bietet antioxidativen Schutz. Unterst\u00fctzung der Herz-Kreislauf-Gesundheit. F\u00f6rdert die allgemeine Vitalit\u00e4t und das Wohlbefinden. Anwendung \/ Dosierung 1 Kapsel t\u00e4glich, vorzugsweise zu&#8230;<\/p>\n","protected":false},"featured_media":10019,"comment_status":"open","ping_status":"closed","template":"","meta":{"rs_blank_template":"","rs_page_bg_color":"","slide_template_v7":"","_bst_post_transparent":"default","_bst_post_title":"","_bst_post_layout":"default","_bst_post_sidebar_id":"","_bst_post_content_style":"default","_bst_post_vertical_padding":"default","_bst_post_feature":"","_bst_post_feature_position":"","_bst_post_header":false,"_bst_post_footer":false},"product_brand":[],"product_cat":[351,217,457,229],"product_tag":[],"product_brands":[],"class_list":{"0":"post-10020","1":"product","2":"type-product","3":"status-publish","4":"has-post-thumbnail","6":"product_cat-medical-forms","7":"product_cat-medicines","8":"product_cat-tablets-capsules","9":"product_cat-vitamins-general-supplements","11":"first","12":"instock","13":"shipping-taxable","14":"purchasable","15":"product-type-simple","16":"entry","17":"content-bg","18":"loop-entry"},"_links":{"self":[{"href":"https:\/\/nawarpharmacy.com\/de\/wp-json\/wp\/v2\/product\/10020","targetHints":{"allow":["GET"]}}],"collection":[{"href":"https:\/\/nawarpharmacy.com\/de\/wp-json\/wp\/v2\/product"}],"about":[{"href":"https:\/\/nawarpharmacy.com\/de\/wp-json\/wp\/v2\/types\/product"}],"replies":[{"embeddable":true,"href":"https:\/\/nawarpharmacy.com\/de\/wp-json\/wp\/v2\/comments?post=10020"}],"wp:featuredmedia":[{"embeddable":true,"href":"https:\/\/nawarpharmacy.com\/de\/wp-json\/wp\/v2\/media\/10019"}],"wp:attachment":[{"href":"https:\/\/nawarpharmacy.com\/de\/wp-json\/wp\/v2\/media?parent=10020"}],"wp:term":[{"taxonomy":"product_brand","embeddable":true,"href":"https:\/\/nawarpharmacy.com\/de\/wp-json\/wp\/v2\/product_brand?post=10020"},{"taxonomy":"product_cat","embeddable":true,"href":"https:\/\/nawarpharmacy.com\/de\/wp-json\/wp\/v2\/product_cat?post=10020"},{"taxonomy":"product_tag","embeddable":true,"href":"https:\/\/nawarpharmacy.com\/de\/wp-json\/wp\/v2\/product_tag?post=10020"},{"taxonomy":"product_brands","embeddable":true,"href":"https:\/\/nawarpharmacy.com\/de\/wp-json\/wp\/v2\/product_brands?post=10020"}],"curies":[{"name":"wp","href":"https:\/\/api.w.org\/{rel}","templated":true}]}}