{"id":10014,"date":"2025-11-22T13:20:38","date_gmt":"2025-11-22T13:20:38","guid":{"rendered":"https:\/\/nawarpharmacy.com\/?post_type=product&#038;p=10014"},"modified":"2026-02-23T18:09:39","modified_gmt":"2026-02-23T18:09:39","slug":"oxilage-20-tablets","status":"publish","type":"product","link":"https:\/\/nawarpharmacy.com\/de\/produkt\/oxilage-20-tablets\/","title":{"rendered":"Oxilage 20 Tabletten"},"content":{"rendered":"<article class=\"text-token-text-primary w-full focus:outline-none [--shadow-height:45px] has-data-writing-block:pointer-events-none has-data-writing-block:-mt-(--shadow-height) has-data-writing-block:pt-(--shadow-height) [&amp;:has([data-writing-block])&gt;*]:pointer-events-auto [content-visibility:auto] supports-[content-visibility:auto]:[contain-intrinsic-size:auto_100lvh] scroll-mt-[calc(var(--header-height)+min(200px,max(70px,20svh)))]\" dir=\"auto\" data-turn-id=\"request-692073f5-3f80-832c-872f-7626d4388ea8-44\" data-testid=\"conversation-turn-106\" data-scroll-anchor=\"false\" data-turn=\"assistant\">\n<div class=\"text-base my-auto mx-auto [--thread-content-margin:--spacing(4)] thread-sm:[--thread-content-margin:--spacing(6)] thread-lg:[--thread-content-margin:--spacing(16)] px-(--thread-content-margin)\">\n<div class=\"[--thread-content-max-width:40rem] thread-lg:[--thread-content-max-width:48rem] mx-auto max-w-(--thread-content-max-width) flex-1 group\/turn-messages focus-visible:outline-hidden relative flex w-full min-w-0 flex-col agent-turn\">\n<div class=\"flex max-w-full flex-col grow\">\n<div class=\"min-h-8 text-message relative flex w-full flex-col items-end gap-2 text-start break-words whitespace-normal [.text-message+&amp;]:mt-1\" dir=\"auto\" data-message-author-role=\"assistant\" data-message-id=\"f2bad109-e4ab-44f8-bd20-a430df584437\" data-message-model-slug=\"gpt-5-mini\">\n<div class=\"flex w-full flex-col gap-1 empty:hidden first:pt-[1px]\">\n<div class=\"markdown prose dark:prose-invert w-full break-words light markdown-new-styling\">\n<p data-start=\"1615\" data-end=\"1672\"><strong data-start=\"1615\" data-end=\"1640\">Oxilage 20 Tabletten<\/strong><br data-start=\"1640\" data-end=\"1643\" \/>Darreichungsform: Tabletten<\/p>\n<h3 data-start=\"1674\" data-end=\"1703\">Wirkstoffe (pro Tablette)<\/h3>\n<ul data-start=\"1705\" data-end=\"1829\">\n<li data-start=\"1705\" data-end=\"1721\">\n<p data-start=\"1707\" data-end=\"1721\">Zink \u2014 15 mg<\/p>\n<\/li>\n<li data-start=\"1722\" data-end=\"1743\">\n<p data-start=\"1724\" data-end=\"1743\">Vitamin C \u2014 90 mg<\/p>\n<\/li>\n<li data-start=\"1744\" data-end=\"1765\">\n<p data-start=\"1746\" data-end=\"1765\">Vitamin E \u2014 15 mg<\/p>\n<\/li>\n<li data-start=\"1766\" data-end=\"1787\">\n<p data-start=\"1768\" data-end=\"1787\">Vitamin B6 \u2014 2 mg<\/p>\n<\/li>\n<li data-start=\"1788\" data-end=\"1810\">\n<p data-start=\"1790\" data-end=\"1810\">Vitamin A \u2014 800 \u00b5g<\/p>\n<\/li>\n<li data-start=\"1811\" data-end=\"1829\">\n<p data-start=\"1813\" data-end=\"1829\">Selen \u2014 100 \u00b5g<\/p>\n<\/li>\n<\/ul>\n<h3 data-start=\"1831\" data-end=\"1867\">Anwendungsgebiete \/ Indikationen<\/h3>\n<ul data-start=\"1869\" data-end=\"2276\">\n<li data-start=\"1869\" data-end=\"1952\">\n<p data-start=\"1871\" data-end=\"1952\">Unterst\u00fctzung der normalen Funktion des Immunsystems und antioxidativer Schutz.<\/p>\n<\/li>\n<li data-start=\"1953\" data-end=\"2031\">\n<p data-start=\"1955\" data-end=\"2031\">Kann zur Unterst\u00fctzung der m\u00e4nnlichen und weiblichen Fertilit\u00e4t beitragen.<\/p>\n<\/li>\n<li data-start=\"2032\" data-end=\"2172\">\n<p data-start=\"2034\" data-end=\"2172\">Unterst\u00fctzung der Nervengesundheit; kann zur Linderung von Symptomen der diabetischen Neuropathie (Taubheitsgef\u00fchl, Kribbeln) beitragen.<\/p>\n<\/li>\n<li data-start=\"2173\" data-end=\"2276\">\n<p data-start=\"2175\" data-end=\"2276\">Unterst\u00fctzung der Augengesundheit, einschlie\u00dflich bei trockenem Auge und diabetischer Retinopathie.<\/p>\n<\/li>\n<\/ul>\n<h3 data-start=\"2278\" data-end=\"2303\">Anwendung \/ Dosierung<\/h3>\n<ul data-start=\"2305\" data-end=\"2417\">\n<li data-start=\"2305\" data-end=\"2417\">\n<p data-start=\"2307\" data-end=\"2417\">1 Tablette t\u00e4glich, vorzugsweise w\u00e4hrend oder nach einer Mahlzeit einnehmen, oder nach \u00e4rztlicher Anweisung.<\/p>\n<\/li>\n<\/ul>\n<h3 data-start=\"2419\" data-end=\"2436\">Gegenanzeigen<\/h3>\n<ul data-start=\"2438\" data-end=\"2525\">\n<li data-start=\"2438\" data-end=\"2525\">\n<p data-start=\"2440\" data-end=\"2525\">\u00dcberempfindlichkeit gegen einen der Inhaltsstoffe (Zink, Vitamine A\/C\/E\/B6, Selen).<\/p>\n<\/li>\n<\/ul>\n<h3 data-start=\"2527\" data-end=\"2564\">Warnhinweise \/ Vorsichtsma\u00dfnahmen<\/h3>\n<ul data-start=\"2566\" data-end=\"2771\">\n<li data-start=\"2566\" data-end=\"2645\">\n<p data-start=\"2568\" data-end=\"2645\">Vorsicht bei gleichzeitiger Einnahme anderer Pr\u00e4parate mit Zink oder Selen.<\/p>\n<\/li>\n<li data-start=\"2646\" data-end=\"2723\">\n<p data-start=\"2648\" data-end=\"2723\">Schwangerschaft und Stillzeit: vor der Anwendung \u00e4rztlichen Rat einholen.<\/p>\n<\/li>\n<li data-start=\"2724\" data-end=\"2771\">\n<p data-start=\"2726\" data-end=\"2771\">Kein Ersatz f\u00fcr eine ausgewogene Ern\u00e4hrung.<\/p>\n<\/li>\n<\/ul>\n<h3 data-start=\"2773\" data-end=\"2791\">Nebenwirkungen<\/h3>\n<ul data-start=\"2793\" data-end=\"2922\">\n<li data-start=\"2793\" data-end=\"2828\">\n<p data-start=\"2795\" data-end=\"2828\">Im Allgemeinen gut vertr\u00e4glich.<\/p>\n<\/li>\n<li data-start=\"2829\" data-end=\"2922\">\n<p data-start=\"2831\" data-end=\"2922\">M\u00f6glich: leichte Magen-Darm-Beschwerden, \u00dcbelkeit, Bl\u00e4hungen, Schwindel oder Verstopfung.<\/p>\n<\/li>\n<\/ul>\n<h3 data-start=\"2924\" data-end=\"2936\">Lagerung<\/h3>\n<ul data-start=\"2938\" data-end=\"3066\" data-is-last-node=\"\" data-is-only-node=\"\">\n<li data-start=\"2938\" data-end=\"3027\">\n<p data-start=\"2940\" data-end=\"3027\">Bei Raumtemperatur lagern, vor Feuchtigkeit und direkter Sonneneinstrahlung sch\u00fctzen.<\/p>\n<\/li>\n<li data-start=\"3028\" data-end=\"3066\" data-is-last-node=\"\">\n<p data-start=\"3030\" data-end=\"3066\" data-is-last-node=\"\">F\u00fcr Kinder unzug\u00e4nglich aufbewahren.<\/p>\n<\/li>\n<\/ul>\n<\/div>\n<\/div>\n<\/div>\n<\/div>\n<\/div>\n<\/div>\n<\/article>\n","protected":false},"excerpt":{"rendered":"<p>Oxilage 20 TablettenDarreichungsform: Tabletten Wirkstoffe (pro Tablette) Zink \u2014 15 mg Vitamin C \u2014 90 mg Vitamin E \u2014 15 mg Vitamin B6 \u2014 2 mg Vitamin A \u2014 800 \u00b5g Selen \u2014 100 \u00b5g Anwendungsgebiete \/ Indikationen Unterst\u00fctzung der normalen Funktion des Immunsystems und antioxidativer Schutz. Kann zur Unterst\u00fctzung der m\u00e4nnlichen und weiblichen Fertilit\u00e4t&#8230;<\/p>\n","protected":false},"featured_media":10013,"comment_status":"open","ping_status":"closed","template":"","meta":{"rs_blank_template":"","rs_page_bg_color":"","slide_template_v7":"","_bst_post_transparent":"default","_bst_post_title":"","_bst_post_layout":"default","_bst_post_sidebar_id":"","_bst_post_content_style":"default","_bst_post_vertical_padding":"default","_bst_post_feature":"","_bst_post_feature_position":"","_bst_post_header":false,"_bst_post_footer":false},"product_brand":[],"product_cat":[351,217,457,229],"product_tag":[],"product_brands":[],"class_list":{"0":"post-10014","1":"product","2":"type-product","3":"status-publish","4":"has-post-thumbnail","6":"product_cat-medical-forms","7":"product_cat-medicines","8":"product_cat-tablets-capsules","9":"product_cat-vitamins-general-supplements","11":"first","12":"instock","13":"shipping-taxable","14":"purchasable","15":"product-type-simple","16":"entry","17":"content-bg","18":"loop-entry"},"_links":{"self":[{"href":"https:\/\/nawarpharmacy.com\/de\/wp-json\/wp\/v2\/product\/10014","targetHints":{"allow":["GET"]}}],"collection":[{"href":"https:\/\/nawarpharmacy.com\/de\/wp-json\/wp\/v2\/product"}],"about":[{"href":"https:\/\/nawarpharmacy.com\/de\/wp-json\/wp\/v2\/types\/product"}],"replies":[{"embeddable":true,"href":"https:\/\/nawarpharmacy.com\/de\/wp-json\/wp\/v2\/comments?post=10014"}],"wp:featuredmedia":[{"embeddable":true,"href":"https:\/\/nawarpharmacy.com\/de\/wp-json\/wp\/v2\/media\/10013"}],"wp:attachment":[{"href":"https:\/\/nawarpharmacy.com\/de\/wp-json\/wp\/v2\/media?parent=10014"}],"wp:term":[{"taxonomy":"product_brand","embeddable":true,"href":"https:\/\/nawarpharmacy.com\/de\/wp-json\/wp\/v2\/product_brand?post=10014"},{"taxonomy":"product_cat","embeddable":true,"href":"https:\/\/nawarpharmacy.com\/de\/wp-json\/wp\/v2\/product_cat?post=10014"},{"taxonomy":"product_tag","embeddable":true,"href":"https:\/\/nawarpharmacy.com\/de\/wp-json\/wp\/v2\/product_tag?post=10014"},{"taxonomy":"product_brands","embeddable":true,"href":"https:\/\/nawarpharmacy.com\/de\/wp-json\/wp\/v2\/product_brands?post=10014"}],"curies":[{"name":"wp","href":"https:\/\/api.w.org\/{rel}","templated":true}]}}