{"id":10010,"date":"2025-11-22T13:21:27","date_gmt":"2025-11-22T13:21:27","guid":{"rendered":"https:\/\/nawarpharmacy.com\/?post_type=product&#038;p=10010"},"modified":"2026-02-23T18:08:46","modified_gmt":"2026-02-23T18:08:46","slug":"omega-3-plus-30-capsules","status":"publish","type":"product","link":"https:\/\/nawarpharmacy.com\/de\/produkt\/omega-3-plus-30-capsules\/","title":{"rendered":"Omega 3 Plus 30 Weichgelatinekapseln"},"content":{"rendered":"<article class=\"text-token-text-primary w-full focus:outline-none [--shadow-height:45px] has-data-writing-block:pointer-events-none has-data-writing-block:-mt-(--shadow-height) has-data-writing-block:pt-(--shadow-height) [&amp;:has([data-writing-block])&gt;*]:pointer-events-auto [content-visibility:auto] supports-[content-visibility:auto]:[contain-intrinsic-size:auto_100lvh] scroll-mt-[calc(var(--header-height)+min(200px,max(70px,20svh)))]\" dir=\"auto\" data-turn-id=\"request-692073f5-3f80-832c-872f-7626d4388ea8-47\" data-testid=\"conversation-turn-112\" data-scroll-anchor=\"true\" data-turn=\"assistant\">\n<div class=\"text-base my-auto mx-auto pb-10 [--thread-content-margin:--spacing(4)] thread-sm:[--thread-content-margin:--spacing(6)] thread-lg:[--thread-content-margin:--spacing(16)] px-(--thread-content-margin)\">\n<div class=\"[--thread-content-max-width:40rem] thread-lg:[--thread-content-max-width:48rem] mx-auto max-w-(--thread-content-max-width) flex-1 group\/turn-messages focus-visible:outline-hidden relative flex w-full min-w-0 flex-col agent-turn\">\n<div class=\"flex max-w-full flex-col grow\">\n<div class=\"min-h-8 text-message relative flex w-full flex-col items-end gap-2 text-start break-words whitespace-normal [.text-message+&amp;]:mt-1\" dir=\"auto\" data-message-author-role=\"assistant\" data-message-id=\"21d9e8dd-4135-4545-98d0-ade7ad8b1b78\" data-message-model-slug=\"gpt-5-mini\">\n<div class=\"flex w-full flex-col gap-1 empty:hidden first:pt-[1px]\">\n<div class=\"markdown prose dark:prose-invert w-full break-words light markdown-new-styling\">\n<p data-start=\"1585\" data-end=\"1679\"><strong data-start=\"1585\" data-end=\"1626\">Omega 3 Plus 30 Weichgelatinekapseln<\/strong><br data-start=\"1626\" data-end=\"1629\" \/>Darreichungsform: Weichkapseln (Softgel-Kapseln)<\/p>\n<h3 data-start=\"1681\" data-end=\"1708\">Wirkstoffe (pro Kapsel)<\/h3>\n<ul data-start=\"1710\" data-end=\"1806\">\n<li data-start=\"1710\" data-end=\"1747\">\n<p data-start=\"1712\" data-end=\"1747\">EPA (Eicosapentaens\u00e4ure) \u2014 180 mg<\/p>\n<\/li>\n<li data-start=\"1748\" data-end=\"1784\">\n<p data-start=\"1750\" data-end=\"1784\">DHA (Docosahexaens\u00e4ure) \u2014 120 mg<\/p>\n<\/li>\n<li data-start=\"1785\" data-end=\"1806\">\n<p data-start=\"1787\" data-end=\"1806\">Vitamin E \u2014 10 mg<\/p>\n<\/li>\n<\/ul>\n<h3 data-start=\"1808\" data-end=\"1844\">Anwendungsgebiete \/ Indikationen<\/h3>\n<ul data-start=\"1846\" data-end=\"2163\">\n<li data-start=\"1846\" data-end=\"1933\">\n<p data-start=\"1848\" data-end=\"1933\">Unterst\u00fctzung der Herz-Kreislauf-Gesundheit und eines normalen Cholesterinspiegels.<\/p>\n<\/li>\n<li data-start=\"1934\" data-end=\"2005\">\n<p data-start=\"1936\" data-end=\"2005\">F\u00f6rderung der Gehirnfunktion und der kognitiven Leistungsf\u00e4higkeit.<\/p>\n<\/li>\n<li data-start=\"2006\" data-end=\"2044\">\n<p data-start=\"2008\" data-end=\"2044\">Unterst\u00fctzung der Augengesundheit.<\/p>\n<\/li>\n<li data-start=\"2045\" data-end=\"2074\">\n<p data-start=\"2047\" data-end=\"2074\">Wirkt entz\u00fcndungshemmend.<\/p>\n<\/li>\n<li data-start=\"2075\" data-end=\"2163\">\n<p data-start=\"2077\" data-end=\"2163\">Kann zur Erhaltung der Gelenkgesundheit und des allgemeinen Wohlbefindens beitragen.<\/p>\n<\/li>\n<\/ul>\n<h3 data-start=\"2165\" data-end=\"2190\">Anwendung \/ Dosierung<\/h3>\n<ul data-start=\"2192\" data-end=\"2287\">\n<li data-start=\"2192\" data-end=\"2287\">\n<p data-start=\"2194\" data-end=\"2287\">1 Kapsel t\u00e4glich, vorzugsweise zu einer Mahlzeit einnehmen, oder nach \u00e4rztlicher Anweisung.<\/p>\n<\/li>\n<\/ul>\n<h3 data-start=\"2289\" data-end=\"2306\">Gegenanzeigen<\/h3>\n<ul data-start=\"2308\" data-end=\"2397\">\n<li data-start=\"2308\" data-end=\"2397\">\n<p data-start=\"2310\" data-end=\"2397\">\u00dcberempfindlichkeit gegen Fisch, Fisch\u00f6l oder einen sonstigen Bestandteil der Kapsel.<\/p>\n<\/li>\n<\/ul>\n<h3 data-start=\"2399\" data-end=\"2436\">Warnhinweise \/ Vorsichtsma\u00dfnahmen<\/h3>\n<ul data-start=\"2438\" data-end=\"2696\">\n<li data-start=\"2438\" data-end=\"2536\">\n<p data-start=\"2440\" data-end=\"2536\">Vorsicht bei gleichzeitiger Einnahme von Antikoagulanzien oder blutverd\u00fcnnenden Arzneimitteln.<\/p>\n<\/li>\n<li data-start=\"2537\" data-end=\"2614\">\n<p data-start=\"2539\" data-end=\"2614\">Schwangerschaft und Stillzeit: vor der Anwendung \u00e4rztlichen Rat einholen.<\/p>\n<\/li>\n<li data-start=\"2615\" data-end=\"2696\">\n<p data-start=\"2617\" data-end=\"2696\">Kein Ersatz f\u00fcr eine ausgewogene Ern\u00e4hrung oder eine medizinische Behandlung.<\/p>\n<\/li>\n<\/ul>\n<h3 data-start=\"2698\" data-end=\"2716\">Nebenwirkungen<\/h3>\n<ul data-start=\"2718\" data-end=\"2880\">\n<li data-start=\"2718\" data-end=\"2753\">\n<p data-start=\"2720\" data-end=\"2753\">Im Allgemeinen gut vertr\u00e4glich.<\/p>\n<\/li>\n<li data-start=\"2754\" data-end=\"2844\">\n<p data-start=\"2756\" data-end=\"2844\">M\u00f6glich: leichte gastrointestinale Beschwerden, fischiger Nachgeschmack oder \u00dcbelkeit.<\/p>\n<\/li>\n<li data-start=\"2845\" data-end=\"2880\">\n<p data-start=\"2847\" data-end=\"2880\">Selten: allergische Reaktionen.<\/p>\n<\/li>\n<\/ul>\n<h3 data-start=\"2882\" data-end=\"2894\">Lagerung<\/h3>\n<ul data-start=\"2896\" data-end=\"3005\" data-is-last-node=\"\" data-is-only-node=\"\">\n<li data-start=\"2896\" data-end=\"2966\">\n<p data-start=\"2898\" data-end=\"2966\">K\u00fchl und trocken lagern, vor direkter Sonneneinstrahlung sch\u00fctzen.<\/p>\n<\/li>\n<li data-start=\"2967\" data-end=\"3005\" data-is-last-node=\"\">\n<p data-start=\"2969\" data-end=\"3005\" data-is-last-node=\"\">F\u00fcr Kinder unzug\u00e4nglich aufbewahren.<\/p>\n<\/li>\n<\/ul>\n<\/div>\n<\/div>\n<\/div>\n<\/div>\n<\/div>\n<\/div>\n<\/article>\n","protected":false},"excerpt":{"rendered":"<p>Omega 3 Plus 30 WeichgelatinekapselnDarreichungsform: Weichkapseln (Softgel-Kapseln) Wirkstoffe (pro Kapsel) EPA (Eicosapentaens\u00e4ure) \u2014 180 mg DHA (Docosahexaens\u00e4ure) \u2014 120 mg Vitamin E \u2014 10 mg Anwendungsgebiete \/ Indikationen Unterst\u00fctzung der Herz-Kreislauf-Gesundheit und eines normalen Cholesterinspiegels. F\u00f6rderung der Gehirnfunktion und der kognitiven Leistungsf\u00e4higkeit. Unterst\u00fctzung der Augengesundheit. Wirkt entz\u00fcndungshemmend. Kann zur Erhaltung der Gelenkgesundheit und des allgemeinen&#8230;<\/p>\n","protected":false},"featured_media":10009,"comment_status":"open","ping_status":"closed","template":"","meta":{"rs_blank_template":"","rs_page_bg_color":"","slide_template_v7":"","_bst_post_transparent":"default","_bst_post_title":"","_bst_post_layout":"default","_bst_post_sidebar_id":"","_bst_post_content_style":"default","_bst_post_vertical_padding":"default","_bst_post_feature":"","_bst_post_feature_position":"","_bst_post_header":false,"_bst_post_footer":false},"product_brand":[],"product_cat":[351,217,457,229],"product_tag":[],"product_brands":[],"class_list":{"0":"post-10010","1":"product","2":"type-product","3":"status-publish","4":"has-post-thumbnail","6":"product_cat-medical-forms","7":"product_cat-medicines","8":"product_cat-tablets-capsules","9":"product_cat-vitamins-general-supplements","11":"first","12":"instock","13":"shipping-taxable","14":"purchasable","15":"product-type-simple","16":"entry","17":"content-bg","18":"loop-entry"},"_links":{"self":[{"href":"https:\/\/nawarpharmacy.com\/de\/wp-json\/wp\/v2\/product\/10010","targetHints":{"allow":["GET"]}}],"collection":[{"href":"https:\/\/nawarpharmacy.com\/de\/wp-json\/wp\/v2\/product"}],"about":[{"href":"https:\/\/nawarpharmacy.com\/de\/wp-json\/wp\/v2\/types\/product"}],"replies":[{"embeddable":true,"href":"https:\/\/nawarpharmacy.com\/de\/wp-json\/wp\/v2\/comments?post=10010"}],"wp:featuredmedia":[{"embeddable":true,"href":"https:\/\/nawarpharmacy.com\/de\/wp-json\/wp\/v2\/media\/10009"}],"wp:attachment":[{"href":"https:\/\/nawarpharmacy.com\/de\/wp-json\/wp\/v2\/media?parent=10010"}],"wp:term":[{"taxonomy":"product_brand","embeddable":true,"href":"https:\/\/nawarpharmacy.com\/de\/wp-json\/wp\/v2\/product_brand?post=10010"},{"taxonomy":"product_cat","embeddable":true,"href":"https:\/\/nawarpharmacy.com\/de\/wp-json\/wp\/v2\/product_cat?post=10010"},{"taxonomy":"product_tag","embeddable":true,"href":"https:\/\/nawarpharmacy.com\/de\/wp-json\/wp\/v2\/product_tag?post=10010"},{"taxonomy":"product_brands","embeddable":true,"href":"https:\/\/nawarpharmacy.com\/de\/wp-json\/wp\/v2\/product_brands?post=10010"}],"curies":[{"name":"wp","href":"https:\/\/api.w.org\/{rel}","templated":true}]}}