{"id":6435,"date":"2025-09-24T00:08:39","date_gmt":"2025-09-24T00:08:39","guid":{"rendered":"https:\/\/nawarpharmacy.com\/?page_id=6435"},"modified":"2025-11-19T23:44:15","modified_gmt":"2025-11-19T23:44:15","slug":"track-order","status":"publish","type":"page","link":"https:\/\/nawarpharmacy.com\/de\/track-order\/","title":{"rendered":"Bestellung verfolgen"},"content":{"rendered":"\r\n<p data-start=\"972\" data-end=\"1004\"><strong data-start=\"972\" data-end=\"1002\">Echtzeit-Bestellverfolgung<\/strong><\/p>\r\n<p data-start=\"1006\" data-end=\"1248\">Es ist uns wichtig, dass Sie \u00fcber den Status Ihrer Bestellung informiert bleiben. Nach der Bestellung erhalten Sie eine Best\u00e4tigungs-E-Mail mit Ihrer Bestellnummer. Verwenden Sie diese Nummer, um Ihre Bestellung auf zwei Arten zu verfolgen:<\/p>\r\n<ul data-start=\"1250\" data-end=\"1656\">\r\n<li data-start=\"1250\" data-end=\"1507\">\r\n<p data-start=\"1252\" data-end=\"1507\"><strong data-start=\"1252\" data-end=\"1272\">Online-Tracking:<\/strong> Geben Sie Ihre Bestellnummer und E-Mail-Adresse auf der Seite \u201eBestellung verfolgen\u201c ein, um den aktuellen Status (in Bearbeitung, versendet oder geliefert) zu sehen. Die Statusaktualisierungen werden alle paar Stunden aktualisiert.<\/p>\r\n<\/li>\r\n<li data-start=\"1508\" data-end=\"1656\">\r\n<p data-start=\"1510\" data-end=\"1656\"><strong data-start=\"1510\" data-end=\"1536\">Telefonischer Support:<\/strong> Rufen Sie 01 200 200 166 an und geben Sie Ihre Bestellnummer an. Unsere Mitarbeiter k\u00f6nnen den Status f\u00fcr Sie pr\u00fcfen.<\/p>\r\n<\/li>\r\n<\/ul>\r\n<p data-start=\"1658\" data-end=\"1909\">Wenn Sie Ihre Bestellung nicht innerhalb des gesch\u00e4tzten Lieferzeitraums erhalten haben, kontaktieren Sie uns bitte per E-Mail oder Telefon. Wir werden den Vorgang pr\u00fcfen und sicherstellen, dass Ihre Bestellung so schnell wie m\u00f6glich geliefert wird.<\/p>\r\n","protected":false},"excerpt":{"rendered":"<p>Echtzeit-Bestellverfolgung Es ist uns wichtig, dass Sie \u00fcber den Status Ihrer Bestellung informiert bleiben. Nach der Bestellung erhalten Sie eine Best\u00e4tigungs-E-Mail mit Ihrer Bestellnummer. Verwenden Sie diese Nummer, um Ihre Bestellung auf zwei Arten zu verfolgen: Online-Tracking: Geben Sie Ihre Bestellnummer und E-Mail-Adresse auf der Seite \u201eBestellung verfolgen\u201c ein, um den aktuellen Status (in Bearbeitung,&#8230;<\/p>\n","protected":false},"author":4,"featured_media":0,"parent":0,"menu_order":0,"comment_status":"closed","ping_status":"closed","template":"","meta":{"rs_blank_template":"","rs_page_bg_color":"","slide_template_v7":"","_bst_post_transparent":"default","_bst_post_title":"default","_bst_post_layout":"default","_bst_post_sidebar_id":"","_bst_post_content_style":"default","_bst_post_vertical_padding":"default","_bst_post_feature":"","_bst_post_feature_position":"","_bst_post_header":false,"_bst_post_footer":false,"footnotes":""},"class_list":["post-6435","page","type-page","status-publish","hentry"],"_links":{"self":[{"href":"https:\/\/nawarpharmacy.com\/de\/wp-json\/wp\/v2\/pages\/6435","targetHints":{"allow":["GET"]}}],"collection":[{"href":"https:\/\/nawarpharmacy.com\/de\/wp-json\/wp\/v2\/pages"}],"about":[{"href":"https:\/\/nawarpharmacy.com\/de\/wp-json\/wp\/v2\/types\/page"}],"author":[{"embeddable":true,"href":"https:\/\/nawarpharmacy.com\/de\/wp-json\/wp\/v2\/users\/4"}],"replies":[{"embeddable":true,"href":"https:\/\/nawarpharmacy.com\/de\/wp-json\/wp\/v2\/comments?post=6435"}],"version-history":[{"count":2,"href":"https:\/\/nawarpharmacy.com\/de\/wp-json\/wp\/v2\/pages\/6435\/revisions"}],"predecessor-version":[{"id":6439,"href":"https:\/\/nawarpharmacy.com\/de\/wp-json\/wp\/v2\/pages\/6435\/revisions\/6439"}],"wp:attachment":[{"href":"https:\/\/nawarpharmacy.com\/de\/wp-json\/wp\/v2\/media?parent=6435"}],"curies":[{"name":"wp","href":"https:\/\/api.w.org\/{rel}","templated":true}]}}