{"id":6366,"date":"2025-09-24T00:08:39","date_gmt":"2025-09-24T00:08:39","guid":{"rendered":"https:\/\/nawarpharmacy.com\/?page_id=6366"},"modified":"2025-11-19T23:15:14","modified_gmt":"2025-11-19T23:15:14","slug":"payments","status":"publish","type":"page","link":"https:\/\/nawarpharmacy.com\/de\/payments\/","title":{"rendered":"Zahlungen"},"content":{"rendered":"\r\n<p data-start=\"961\" data-end=\"1006\"><strong data-start=\"961\" data-end=\"1006\">Sichere und bequeme Zahlungsm\u00f6glichkeiten<\/strong><\/p>\r\n<p data-start=\"1008\" data-end=\"1097\">Um Ihr Einkaufserlebnis reibungslos zu gestalten, bieten wir mehrere Zahlungsmethoden an:<\/p>\r\n<ul data-start=\"1099\" data-end=\"1648\">\r\n<li data-start=\"1099\" data-end=\"1243\">\r\n<p data-start=\"1101\" data-end=\"1243\"><strong data-start=\"1101\" data-end=\"1124\">Kredit-\/Debitkarten<\/strong>: Bezahlen Sie sicher mit Visa, Mastercard oder Meeza. Transaktionen werden verschl\u00fcsselt, um Ihre Daten zu sch\u00fctzen.<\/p>\r\n<\/li>\r\n<li data-start=\"1244\" data-end=\"1403\">\r\n<p data-start=\"1246\" data-end=\"1403\"><strong data-start=\"1246\" data-end=\"1265\">Nachnahme (COD)<\/strong>: Bezahlen Sie bar, wenn Ihre Bestellung direkt zu Ihnen nach Hause geliefert wird. COD ist f\u00fcr Bestellungen bis zu 5.000 EGP verf\u00fcgbar.<\/p>\r\n<\/li>\r\n<li data-start=\"1404\" data-end=\"1501\">\r\n<p data-start=\"1406\" data-end=\"1501\"><strong data-start=\"1406\" data-end=\"1424\">Mobile Wallets<\/strong>: Wir akzeptieren g\u00e4ngige \u00e4gyptische E-Wallets wie Fawry und Vodafone Cash.<\/p>\r\n<\/li>\r\n<li data-start=\"1502\" data-end=\"1648\">\r\n<p data-start=\"1504\" data-end=\"1648\"><strong data-start=\"1504\" data-end=\"1523\">Bank\u00fcberweisung<\/strong>: \u00dcberweisen Sie den Rechnungsbetrag direkt auf unser Bankkonto. Bestellungen werden nach Best\u00e4tigung der Zahlung bearbeitet.<\/p>\r\n<\/li>\r\n<\/ul>\r\n<p data-start=\"1650\" data-end=\"1841\">Ihre Zahlungsinformationen sind vertraulich und werden gem\u00e4\u00df unserer Datenschutzrichtlinie behandelt. Sollten w\u00e4hrend der Zahlung Probleme auftreten, kontaktieren Sie bitte unser Help Center.<\/p>\r\n","protected":false},"excerpt":{"rendered":"<p>Sichere und bequeme Zahlungsm\u00f6glichkeiten Um Ihr Einkaufserlebnis reibungslos zu gestalten, bieten wir mehrere Zahlungsmethoden an: Kredit-\/Debitkarten: Bezahlen Sie sicher mit Visa, Mastercard oder Meeza. Transaktionen werden verschl\u00fcsselt, um Ihre Daten zu sch\u00fctzen. Nachnahme (COD): Bezahlen Sie bar, wenn Ihre Bestellung direkt zu Ihnen nach Hause geliefert wird. COD ist f\u00fcr Bestellungen bis zu 5.000 EGP&#8230;<\/p>\n","protected":false},"author":4,"featured_media":0,"parent":0,"menu_order":0,"comment_status":"closed","ping_status":"closed","template":"","meta":{"rs_blank_template":"","rs_page_bg_color":"","slide_template_v7":"","_bst_post_transparent":"default","_bst_post_title":"default","_bst_post_layout":"default","_bst_post_sidebar_id":"","_bst_post_content_style":"default","_bst_post_vertical_padding":"default","_bst_post_feature":"","_bst_post_feature_position":"","_bst_post_header":false,"_bst_post_footer":false,"footnotes":""},"class_list":["post-6366","page","type-page","status-publish","hentry"],"_links":{"self":[{"href":"https:\/\/nawarpharmacy.com\/de\/wp-json\/wp\/v2\/pages\/6366","targetHints":{"allow":["GET"]}}],"collection":[{"href":"https:\/\/nawarpharmacy.com\/de\/wp-json\/wp\/v2\/pages"}],"about":[{"href":"https:\/\/nawarpharmacy.com\/de\/wp-json\/wp\/v2\/types\/page"}],"author":[{"embeddable":true,"href":"https:\/\/nawarpharmacy.com\/de\/wp-json\/wp\/v2\/users\/4"}],"replies":[{"embeddable":true,"href":"https:\/\/nawarpharmacy.com\/de\/wp-json\/wp\/v2\/comments?post=6366"}],"version-history":[{"count":2,"href":"https:\/\/nawarpharmacy.com\/de\/wp-json\/wp\/v2\/pages\/6366\/revisions"}],"predecessor-version":[{"id":6370,"href":"https:\/\/nawarpharmacy.com\/de\/wp-json\/wp\/v2\/pages\/6366\/revisions\/6370"}],"wp:attachment":[{"href":"https:\/\/nawarpharmacy.com\/de\/wp-json\/wp\/v2\/media?parent=6366"}],"curies":[{"name":"wp","href":"https:\/\/api.w.org\/{rel}","templated":true}]}}