{"id":6351,"date":"2025-09-24T00:08:39","date_gmt":"2025-09-24T00:08:39","guid":{"rendered":"https:\/\/nawarpharmacy.com\/?page_id=6351"},"modified":"2025-12-11T23:02:25","modified_gmt":"2025-12-11T23:02:25","slug":"blog-2","status":"publish","type":"page","link":"https:\/\/nawarpharmacy.com\/de\/blog-2\/","title":{"rendered":"Nachrichten &#038; Blog"},"content":{"rendered":"\r\n<h3 class=\"wp-block-heading\" data-start=\"1208\" data-end=\"1266\"><strong data-start=\"1208\" data-end=\"1266\">Einblicke aus der Welt von Gesundheit und Wohlbefinden<\/strong><\/h3>\r\n<p data-start=\"1268\" data-end=\"1612\">In unserem Blog teilen wir Gesundheitsnachrichten, Lifestyle-Tipps und Updates zu den Produkten, die wir f\u00fchren. Als Apotheke, die Hurghada und den \u00e4gyptischen Markt bedient, verstehen wir die besonderen gesundheitlichen Herausforderungen, denen Einwohner und Reisende in der Region Rotes Meer gegen\u00fcberstehen. Die Artikel behandeln Themen wie:<\/p>\r\n<ul data-start=\"1614\" data-end=\"2069\">\r\n<li data-start=\"1614\" data-end=\"1726\">\r\n<p data-start=\"1616\" data-end=\"1726\"><strong data-start=\"1616\" data-end=\"1639\">Medikationshinweise<\/strong> \u2013 wie Sie Ihre Rezepte sicher anwenden, h\u00e4ufige Nebenwirkungen und Wechselwirkungen.<\/p>\r\n<\/li>\r\n<li data-start=\"1727\" data-end=\"1842\">\r\n<p data-start=\"1729\" data-end=\"1842\"><strong data-start=\"1729\" data-end=\"1747\">Wellness-Tipps<\/strong> \u2013 Ratschl\u00e4ge zu Ern\u00e4hrung, Fitness und mentalem Wohlbefinden, angepasst an das lokale Klima.<\/p>\r\n<\/li>\r\n<li data-start=\"1843\" data-end=\"1973\">\r\n<p data-start=\"1845\" data-end=\"1973\"><strong data-start=\"1845\" data-end=\"1867\">Produkt-Highlights<\/strong> \u2013 ausf\u00fchrliche Bewertungen beliebter Vitamine, Babyprodukte und Hautpflegeprodukte auf unserer Website.<\/p>\r\n<\/li>\r\n<li data-start=\"1974\" data-end=\"2069\">\r\n<p data-start=\"1976\" data-end=\"2069\"><strong data-start=\"1976\" data-end=\"2001\">Community-Geschichten<\/strong> \u2013 Fokus auf Gesundheitsinitiativen und Veranstaltungen in Hurghada.<\/p>\r\n<\/li>\r\n<\/ul>\r\n<p data-start=\"2071\" data-end=\"2325\">Auf dem Blog k\u00fcndigen wir auch Aktionen und Neuank\u00fcnfte an, daher abonnieren Sie ihn unbedingt, um auf dem Laufenden zu bleiben. Wenn Sie Themenvorschl\u00e4ge haben oder einen Beitrag leisten m\u00f6chten, senden Sie uns eine E-Mail an <strong data-start=\"2298\" data-end=\"2324\"><a class=\"decorated-link cursor-pointer\" rel=\"noopener\" data-start=\"2300\" data-end=\"2322\">info@nawarpharmacy.com<\/a><\/strong>.<\/p>\r\n","protected":false},"excerpt":{"rendered":"<p>Einblicke aus der Welt von Gesundheit und Wohlbefinden In unserem Blog teilen wir Gesundheitsnachrichten, Lifestyle-Tipps und Updates zu den Produkten, die wir f\u00fchren. Als Apotheke, die Hurghada und den \u00e4gyptischen Markt bedient, verstehen wir die besonderen gesundheitlichen Herausforderungen, denen Einwohner und Reisende in der Region Rotes Meer gegen\u00fcberstehen. Die Artikel behandeln Themen wie: Medikationshinweise \u2013&#8230;<\/p>\n","protected":false},"author":4,"featured_media":0,"parent":0,"menu_order":0,"comment_status":"closed","ping_status":"closed","template":"","meta":{"rs_blank_template":"","rs_page_bg_color":"","slide_template_v7":"","_bst_post_transparent":"default","_bst_post_title":"default","_bst_post_layout":"default","_bst_post_sidebar_id":"","_bst_post_content_style":"default","_bst_post_vertical_padding":"default","_bst_post_feature":"","_bst_post_feature_position":"","_bst_post_header":false,"_bst_post_footer":false,"footnotes":""},"class_list":["post-6351","page","type-page","status-publish","hentry"],"_links":{"self":[{"href":"https:\/\/nawarpharmacy.com\/de\/wp-json\/wp\/v2\/pages\/6351","targetHints":{"allow":["GET"]}}],"collection":[{"href":"https:\/\/nawarpharmacy.com\/de\/wp-json\/wp\/v2\/pages"}],"about":[{"href":"https:\/\/nawarpharmacy.com\/de\/wp-json\/wp\/v2\/types\/page"}],"author":[{"embeddable":true,"href":"https:\/\/nawarpharmacy.com\/de\/wp-json\/wp\/v2\/users\/4"}],"replies":[{"embeddable":true,"href":"https:\/\/nawarpharmacy.com\/de\/wp-json\/wp\/v2\/comments?post=6351"}],"version-history":[{"count":3,"href":"https:\/\/nawarpharmacy.com\/de\/wp-json\/wp\/v2\/pages\/6351\/revisions"}],"predecessor-version":[{"id":6357,"href":"https:\/\/nawarpharmacy.com\/de\/wp-json\/wp\/v2\/pages\/6351\/revisions\/6357"}],"wp:attachment":[{"href":"https:\/\/nawarpharmacy.com\/de\/wp-json\/wp\/v2\/media?parent=6351"}],"curies":[{"name":"wp","href":"https:\/\/api.w.org\/{rel}","templated":true}]}}