{"id":6121,"date":"2025-09-24T00:08:39","date_gmt":"2025-09-24T00:08:39","guid":{"rendered":"https:\/\/nawarpharmacy.com\/?page_id=6121"},"modified":"2025-11-19T23:01:53","modified_gmt":"2025-11-19T23:01:53","slug":"help-center","status":"publish","type":"page","link":"https:\/\/nawarpharmacy.com\/de\/help-center\/","title":{"rendered":"Hilfecenter"},"content":{"rendered":"\r\n<p data-start=\"870\" data-end=\"901\"><strong data-start=\"870\" data-end=\"901\">Ihr One-Stop-Support-Portal<\/strong><\/p>\r\n<p data-start=\"903\" data-end=\"1015\">Im Help Center finden Sie Antworten auf h\u00e4ufig gestellte Fragen zum Einkauf bei Nawar Pharmacy. Hier k\u00f6nnen Sie:<\/p>\r\n<ul data-start=\"1017\" data-end=\"1439\">\r\n<li data-start=\"1017\" data-end=\"1092\">\r\n<p data-start=\"1019\" data-end=\"1092\"><strong data-start=\"1019\" data-end=\"1042\">Ihr Konto verwalten<\/strong> \u2013 pers\u00f6nliche Daten und Passwort aktualisieren.<\/p>\r\n<\/li>\r\n<li data-start=\"1093\" data-end=\"1204\">\r\n<p data-start=\"1095\" data-end=\"1204\"><strong data-start=\"1095\" data-end=\"1121\">Bestellungen verfolgen<\/strong> \u2013 geben Sie Ihre Bestellnummer und E-Mail ein, um den aktuellen Status zu sehen.<\/p>\r\n<\/li>\r\n<li data-start=\"1205\" data-end=\"1353\">\r\n<p data-start=\"1207\" data-end=\"1353\"><strong data-start=\"1207\" data-end=\"1232\">Ein Ticket einreichen<\/strong> \u2013 kontaktieren Sie unser Support-Team bei spezifischen Problemen, wie z.\u202fB. falschen Lieferungen oder Produktanfragen.<\/p>\r\n<\/li>\r\n<li data-start=\"1354\" data-end=\"1439\">\r\n<p data-start=\"1356\" data-end=\"1439\"><strong data-start=\"1356\" data-end=\"1385\">Anleitungen herunterladen<\/strong> \u2013 Zugriff auf Gr\u00f6\u00dfentabellen und Zahlungsanweisungen.<\/p>\r\n<\/li>\r\n<\/ul>\r\n<p data-start=\"1441\" data-end=\"1697\">Unser Support-Team ist w\u00e4hrend der Gesch\u00e4ftszeiten (10:00 \u2013 23:00) erreichbar und bem\u00fcht sich, alle Anfragen schnell zu l\u00f6sen. Wir aktualisieren das Help Center regelm\u00e4\u00dfig basierend auf Feedback, um sicherzustellen, dass es eine n\u00fctzliche Ressource bleibt.<\/p>\r\n","protected":false},"excerpt":{"rendered":"<p>Ihr One-Stop-Support-Portal Im Help Center finden Sie Antworten auf h\u00e4ufig gestellte Fragen zum Einkauf bei Nawar Pharmacy. Hier k\u00f6nnen Sie: Ihr Konto verwalten \u2013 pers\u00f6nliche Daten und Passwort aktualisieren. Bestellungen verfolgen \u2013 geben Sie Ihre Bestellnummer und E-Mail ein, um den aktuellen Status zu sehen. Ein Ticket einreichen \u2013 kontaktieren Sie unser Support-Team bei spezifischen&#8230;<\/p>\n","protected":false},"author":4,"featured_media":0,"parent":0,"menu_order":0,"comment_status":"closed","ping_status":"closed","template":"","meta":{"rs_blank_template":"","rs_page_bg_color":"","slide_template_v7":"","_bst_post_transparent":"default","_bst_post_title":"default","_bst_post_layout":"default","_bst_post_sidebar_id":"","_bst_post_content_style":"default","_bst_post_vertical_padding":"default","_bst_post_feature":"","_bst_post_feature_position":"","_bst_post_header":false,"_bst_post_footer":false,"footnotes":""},"class_list":["post-6121","page","type-page","status-publish","hentry"],"_links":{"self":[{"href":"https:\/\/nawarpharmacy.com\/de\/wp-json\/wp\/v2\/pages\/6121","targetHints":{"allow":["GET"]}}],"collection":[{"href":"https:\/\/nawarpharmacy.com\/de\/wp-json\/wp\/v2\/pages"}],"about":[{"href":"https:\/\/nawarpharmacy.com\/de\/wp-json\/wp\/v2\/types\/page"}],"author":[{"embeddable":true,"href":"https:\/\/nawarpharmacy.com\/de\/wp-json\/wp\/v2\/users\/4"}],"replies":[{"embeddable":true,"href":"https:\/\/nawarpharmacy.com\/de\/wp-json\/wp\/v2\/comments?post=6121"}],"version-history":[{"count":3,"href":"https:\/\/nawarpharmacy.com\/de\/wp-json\/wp\/v2\/pages\/6121\/revisions"}],"predecessor-version":[{"id":6129,"href":"https:\/\/nawarpharmacy.com\/de\/wp-json\/wp\/v2\/pages\/6121\/revisions\/6129"}],"wp:attachment":[{"href":"https:\/\/nawarpharmacy.com\/de\/wp-json\/wp\/v2\/media?parent=6121"}],"curies":[{"name":"wp","href":"https:\/\/api.w.org\/{rel}","templated":true}]}}