{"id":6055,"date":"2025-09-24T00:08:39","date_gmt":"2025-09-24T00:08:39","guid":{"rendered":"https:\/\/nawarpharmacy.com\/?page_id=6055"},"modified":"2025-11-19T22:41:53","modified_gmt":"2025-11-19T22:41:53","slug":"umtausch","status":"publish","type":"page","link":"https:\/\/nawarpharmacy.com\/de\/umtausch\/","title":{"rendered":"Umtausch"},"content":{"rendered":"\r\n<p data-start=\"906\" data-end=\"958\"><strong data-start=\"906\" data-end=\"958\">Einfache Umtauschm\u00f6glichkeiten f\u00fcr Ihren Komfort<\/strong><\/p>\r\n<p data-start=\"960\" data-end=\"1159\">Wir verstehen, dass das bestellte Produkt manchmal nicht genau Ihren Bed\u00fcrfnissen entspricht. Wenn Sie einen Artikel gegen eine andere Gr\u00f6\u00dfe oder Variante umtauschen m\u00f6chten, gehen Sie wie folgt vor:<\/p>\r\n<ol data-start=\"1161\" data-end=\"1527\">\r\n<li data-start=\"1161\" data-end=\"1239\">\r\n<p data-start=\"1164\" data-end=\"1239\">Kontaktieren Sie uns innerhalb von 14 Tagen nach Erhalt Ihrer Bestellung.<\/p>\r\n<\/li>\r\n<li data-start=\"1240\" data-end=\"1380\">\r\n<p data-start=\"1243\" data-end=\"1380\">Best\u00e4tigen Sie die Verf\u00fcgbarkeit des gew\u00fcnschten Ersatzprodukts. Unser Support-Team hilft Ihnen bei der Auswahl des richtigen Produkts.<\/p>\r\n<\/li>\r\n<li data-start=\"1381\" data-end=\"1527\">\r\n<p data-start=\"1384\" data-end=\"1527\">Senden Sie den Originalartikel unbenutzt zur\u00fcck. Wir versenden den Ersatz, sobald der zur\u00fcckgesandte Artikel eingegangen und \u00fcberpr\u00fcft wurde.<\/p>\r\n<\/li>\r\n<\/ol>\r\n<p data-start=\"1529\" data-end=\"1825\">Umtausche unterliegen dem Preisunterschied zwischen den Produkten. Wenn das Ersatzprodukt teurer ist, m\u00fcssen Sie die Differenz bezahlen; wenn es g\u00fcnstiger ist, erstatten wir den \u00dcberschuss auf Ihre urspr\u00fcngliche Zahlungsmethode. F\u00fcr den ersten Umtausch fallen keine zus\u00e4tzlichen Versandkosten an.<\/p>\r\n","protected":false},"excerpt":{"rendered":"<p>Einfache Umtauschm\u00f6glichkeiten f\u00fcr Ihren Komfort Wir verstehen, dass das bestellte Produkt manchmal nicht genau Ihren Bed\u00fcrfnissen entspricht. Wenn Sie einen Artikel gegen eine andere Gr\u00f6\u00dfe oder Variante umtauschen m\u00f6chten, gehen Sie wie folgt vor: Kontaktieren Sie uns innerhalb von 14 Tagen nach Erhalt Ihrer Bestellung. Best\u00e4tigen Sie die Verf\u00fcgbarkeit des gew\u00fcnschten Ersatzprodukts. Unser Support-Team hilft&#8230;<\/p>\n","protected":false},"author":4,"featured_media":0,"parent":0,"menu_order":0,"comment_status":"closed","ping_status":"closed","template":"","meta":{"rs_blank_template":"","rs_page_bg_color":"","slide_template_v7":"","_bst_post_transparent":"default","_bst_post_title":"default","_bst_post_layout":"default","_bst_post_sidebar_id":"","_bst_post_content_style":"default","_bst_post_vertical_padding":"default","_bst_post_feature":"","_bst_post_feature_position":"","_bst_post_header":false,"_bst_post_footer":false,"footnotes":""},"class_list":["post-6055","page","type-page","status-publish","hentry"],"_links":{"self":[{"href":"https:\/\/nawarpharmacy.com\/de\/wp-json\/wp\/v2\/pages\/6055","targetHints":{"allow":["GET"]}}],"collection":[{"href":"https:\/\/nawarpharmacy.com\/de\/wp-json\/wp\/v2\/pages"}],"about":[{"href":"https:\/\/nawarpharmacy.com\/de\/wp-json\/wp\/v2\/types\/page"}],"author":[{"embeddable":true,"href":"https:\/\/nawarpharmacy.com\/de\/wp-json\/wp\/v2\/users\/4"}],"replies":[{"embeddable":true,"href":"https:\/\/nawarpharmacy.com\/de\/wp-json\/wp\/v2\/comments?post=6055"}],"version-history":[{"count":2,"href":"https:\/\/nawarpharmacy.com\/de\/wp-json\/wp\/v2\/pages\/6055\/revisions"}],"predecessor-version":[{"id":6060,"href":"https:\/\/nawarpharmacy.com\/de\/wp-json\/wp\/v2\/pages\/6055\/revisions\/6060"}],"wp:attachment":[{"href":"https:\/\/nawarpharmacy.com\/de\/wp-json\/wp\/v2\/media?parent=6055"}],"curies":[{"name":"wp","href":"https:\/\/api.w.org\/{rel}","templated":true}]}}