{"id":6047,"date":"2025-09-24T00:08:39","date_gmt":"2025-09-24T00:08:39","guid":{"rendered":"https:\/\/nawarpharmacy.com\/?page_id=6047"},"modified":"2025-11-19T22:39:18","modified_gmt":"2025-11-19T22:39:18","slug":"delivery","status":"publish","type":"page","link":"https:\/\/nawarpharmacy.com\/de\/delivery\/","title":{"rendered":"Lieferung"},"content":{"rendered":"\r\n<p data-start=\"1226\" data-end=\"1263\"><strong data-start=\"1226\" data-end=\"1263\">Schneller Versand in ganz \u00c4gypten<\/strong><\/p>\r\n<p data-start=\"1265\" data-end=\"1524\">Wir wissen, dass eine p\u00fcnktliche Lieferung besonders bei Gesundheitsprodukten wichtig ist. Deshalb arbeiten wir mit zuverl\u00e4ssigen Logistikpartnern zusammen, um sicherzustellen, dass Ihr Paket schnell und sicher ankommt. Wichtige Punkte unseres Lieferservices:<\/p>\r\n<ul data-start=\"1526\" data-end=\"2208\">\r\n<li data-start=\"1526\" data-end=\"1616\">\r\n<p data-start=\"1528\" data-end=\"1616\"><strong data-start=\"1528\" data-end=\"1545\">Liefergebiet:<\/strong> Wir liefern in alle gro\u00dfen St\u00e4dte und abgelegenen Regionen \u00c4gyptens.<\/p>\r\n<\/li>\r\n<li data-start=\"1617\" data-end=\"1791\">\r\n<p data-start=\"1619\" data-end=\"1791\"><strong data-start=\"1619\" data-end=\"1643\">Kostenloser Versand:<\/strong> Bestellungen \u00fcber 500 EGP werden kostenlos versandt. F\u00fcr Bestellungen darunter werden die Versandkosten beim Checkout je nach Standort berechnet.<\/p>\r\n<\/li>\r\n<li data-start=\"1792\" data-end=\"1979\">\r\n<p data-start=\"1794\" data-end=\"1979\"><strong data-start=\"1794\" data-end=\"1810\">Versandzeit:<\/strong> Bestellungen, die vor 15:00 Uhr aufgegeben werden, werden in der Regel noch am selben Tag versandt. Bestellungen nach 15:00 Uhr werden am n\u00e4chsten Werktag verschickt.<\/p>\r\n<\/li>\r\n<li data-start=\"1980\" data-end=\"2080\">\r\n<p data-start=\"1982\" data-end=\"2080\"><strong data-start=\"1982\" data-end=\"1997\">Lieferzeit:<\/strong> Lieferungen nach Hurghada dauern 1\u20132 Werktage; andere Gouvernorate 2\u20134 Werktage.<\/p>\r\n<\/li>\r\n<li data-start=\"2081\" data-end=\"2208\">\r\n<p data-start=\"2083\" data-end=\"2208\"><strong data-start=\"2083\" data-end=\"2105\">Bestellverfolgung:<\/strong> Verfolgen Sie Ihre Bestellung online mit Ihrer Bestellnummer oder wenden Sie sich an unser Helpcenter.<\/p>\r\n<\/li>\r\n<\/ul>\r\n<p data-start=\"2210\" data-end=\"2377\">W\u00e4hrend Spitzenzeiten oder an Feiertagen kann die Lieferzeit etwas l\u00e4nger sein. Wir danken f\u00fcr Ihre Geduld und bem\u00fchen uns stets, Ihre Bestellung p\u00fcnktlich zu liefern.<\/p>\r\n","protected":false},"excerpt":{"rendered":"<p>Schneller Versand in ganz \u00c4gypten Wir wissen, dass eine p\u00fcnktliche Lieferung besonders bei Gesundheitsprodukten wichtig ist. Deshalb arbeiten wir mit zuverl\u00e4ssigen Logistikpartnern zusammen, um sicherzustellen, dass Ihr Paket schnell und sicher ankommt. Wichtige Punkte unseres Lieferservices: Liefergebiet: Wir liefern in alle gro\u00dfen St\u00e4dte und abgelegenen Regionen \u00c4gyptens. Kostenloser Versand: Bestellungen \u00fcber 500 EGP werden kostenlos&#8230;<\/p>\n","protected":false},"author":4,"featured_media":0,"parent":0,"menu_order":0,"comment_status":"closed","ping_status":"closed","template":"","meta":{"rs_blank_template":"","rs_page_bg_color":"","slide_template_v7":"","_bst_post_transparent":"default","_bst_post_title":"default","_bst_post_layout":"default","_bst_post_sidebar_id":"","_bst_post_content_style":"default","_bst_post_vertical_padding":"default","_bst_post_feature":"","_bst_post_feature_position":"","_bst_post_header":false,"_bst_post_footer":false,"footnotes":""},"class_list":["post-6047","page","type-page","status-publish","hentry"],"_links":{"self":[{"href":"https:\/\/nawarpharmacy.com\/de\/wp-json\/wp\/v2\/pages\/6047","targetHints":{"allow":["GET"]}}],"collection":[{"href":"https:\/\/nawarpharmacy.com\/de\/wp-json\/wp\/v2\/pages"}],"about":[{"href":"https:\/\/nawarpharmacy.com\/de\/wp-json\/wp\/v2\/types\/page"}],"author":[{"embeddable":true,"href":"https:\/\/nawarpharmacy.com\/de\/wp-json\/wp\/v2\/users\/4"}],"replies":[{"embeddable":true,"href":"https:\/\/nawarpharmacy.com\/de\/wp-json\/wp\/v2\/comments?post=6047"}],"version-history":[{"count":3,"href":"https:\/\/nawarpharmacy.com\/de\/wp-json\/wp\/v2\/pages\/6047\/revisions"}],"predecessor-version":[{"id":6054,"href":"https:\/\/nawarpharmacy.com\/de\/wp-json\/wp\/v2\/pages\/6047\/revisions\/6054"}],"wp:attachment":[{"href":"https:\/\/nawarpharmacy.com\/de\/wp-json\/wp\/v2\/media?parent=6047"}],"curies":[{"name":"wp","href":"https:\/\/api.w.org\/{rel}","templated":true}]}}