{"id":6037,"date":"2025-09-24T00:08:39","date_gmt":"2025-09-24T00:08:39","guid":{"rendered":"https:\/\/nawarpharmacy.com\/?page_id=6037"},"modified":"2025-12-11T22:58:35","modified_gmt":"2025-12-11T22:58:35","slug":"career","status":"publish","type":"page","link":"https:\/\/nawarpharmacy.com\/de\/career\/","title":{"rendered":"Karriere"},"content":{"rendered":"<h3 data-start=\"1419\" data-end=\"1464\"><strong data-start=\"1419\" data-end=\"1464\">Werden Sie Teil unseres Teams in Hurghada<\/strong><\/h3>\n<p data-start=\"1466\" data-end=\"2007\">Bei Nawar Pharmacy Hurghada glauben wir, dass unsere Mitarbeiter unser wertvollstes Kapital sind. Wir suchen stets leidenschaftliche Apotheker, Pharmazeutisch-technische Assistenten, Kundenservice-Mitarbeiter und Lagerpersonal, die einen Unterschied f\u00fcr die Gesundheit unserer Gemeinschaft machen m\u00f6chten. Unsere Apotheke ist von 10:00 bis 23:00 Uhr ge\u00f6ffnet und betreut die Bewohner und Besucher der Region Rotes Meer. Wenn Sie begeistert sind, erstklassige Betreuung zu bieten, laden wir Sie ein, Karrierem\u00f6glichkeiten bei uns zu erkunden.<\/p>\n<h3 data-start=\"2009\" data-end=\"2024\"><strong data-start=\"2009\" data-end=\"2024\">Wir bieten:<\/strong><\/h3>\n<ul data-start=\"2026\" data-end=\"2562\">\n<li data-start=\"2026\" data-end=\"2156\">\n<p data-start=\"2028\" data-end=\"2156\"><strong data-start=\"2028\" data-end=\"2058\">Professionelle Entwicklung<\/strong> \u2013 kontinuierliche Schulungen in pharmazeutischer Betreuung, Kundenservice und digitalem Handel.<\/p>\n<\/li>\n<li data-start=\"2157\" data-end=\"2256\">\n<p data-start=\"2159\" data-end=\"2256\"><strong data-start=\"2159\" data-end=\"2190\">Wettbewerbsf\u00e4hige Verg\u00fctung<\/strong> \u2013 Gehaltspakete und Anreizsysteme entsprechend Ihrer Erfahrung.<\/p>\n<\/li>\n<li data-start=\"2257\" data-end=\"2374\">\n<p data-start=\"2259\" data-end=\"2374\"><strong data-start=\"2259\" data-end=\"2285\">Unterst\u00fctzendes Umfeld<\/strong> \u2013 arbeiten Sie mit erfahrenen Apothekern zusammen, die die n\u00e4chste Generation f\u00f6rdern.<\/p>\n<\/li>\n<li data-start=\"2375\" data-end=\"2562\">\n<p data-start=\"2377\" data-end=\"2562\"><strong data-start=\"2377\" data-end=\"2410\">Einfluss auf die Gemeinschaft<\/strong> \u2013 tragen Sie zur Verbesserung der Gesundheit in Hurghada bei, indem Sie den Zugang zu hochwertigen Medikamenten und Gesundheitsprodukten gew\u00e4hrleisten.<\/p>\n<\/li>\n<\/ul>\n<p data-start=\"2564\" data-end=\"2825\">Um sich zu bewerben, senden Sie bitte Ihren Lebenslauf und ein Anschreiben an <strong data-start=\"2642\" data-end=\"2668\"><a rel=\"noopener\" data-start=\"2644\" data-end=\"2666\">info@nawarpharmacy.com<\/a><\/strong>. Geben Sie im Betreff die Position an, f\u00fcr die Sie sich bewerben. Wir pr\u00fcfen Bewerbungen fortlaufend und kontaktieren ausgew\u00e4hlte Kandidaten f\u00fcr Interviews.<\/p>\n","protected":false},"excerpt":{"rendered":"<p>Werden Sie Teil unseres Teams in Hurghada Bei Nawar Pharmacy Hurghada glauben wir, dass unsere Mitarbeiter unser wertvollstes Kapital sind. Wir suchen stets leidenschaftliche Apotheker, Pharmazeutisch-technische Assistenten, Kundenservice-Mitarbeiter und Lagerpersonal, die einen Unterschied f\u00fcr die Gesundheit unserer Gemeinschaft machen m\u00f6chten. Unsere Apotheke ist von 10:00 bis 23:00 Uhr ge\u00f6ffnet und betreut die Bewohner und Besucher&#8230;<\/p>\n","protected":false},"author":4,"featured_media":0,"parent":0,"menu_order":0,"comment_status":"closed","ping_status":"closed","template":"","meta":{"rs_blank_template":"","rs_page_bg_color":"","slide_template_v7":"","_bst_post_transparent":"default","_bst_post_title":"default","_bst_post_layout":"default","_bst_post_sidebar_id":"","_bst_post_content_style":"default","_bst_post_vertical_padding":"default","_bst_post_feature":"","_bst_post_feature_position":"","_bst_post_header":false,"_bst_post_footer":false,"footnotes":""},"class_list":["post-6037","page","type-page","status-publish","hentry"],"_links":{"self":[{"href":"https:\/\/nawarpharmacy.com\/de\/wp-json\/wp\/v2\/pages\/6037","targetHints":{"allow":["GET"]}}],"collection":[{"href":"https:\/\/nawarpharmacy.com\/de\/wp-json\/wp\/v2\/pages"}],"about":[{"href":"https:\/\/nawarpharmacy.com\/de\/wp-json\/wp\/v2\/types\/page"}],"author":[{"embeddable":true,"href":"https:\/\/nawarpharmacy.com\/de\/wp-json\/wp\/v2\/users\/4"}],"replies":[{"embeddable":true,"href":"https:\/\/nawarpharmacy.com\/de\/wp-json\/wp\/v2\/comments?post=6037"}],"version-history":[{"count":6,"href":"https:\/\/nawarpharmacy.com\/de\/wp-json\/wp\/v2\/pages\/6037\/revisions"}],"predecessor-version":[{"id":6045,"href":"https:\/\/nawarpharmacy.com\/de\/wp-json\/wp\/v2\/pages\/6037\/revisions\/6045"}],"wp:attachment":[{"href":"https:\/\/nawarpharmacy.com\/de\/wp-json\/wp\/v2\/media?parent=6037"}],"curies":[{"name":"wp","href":"https:\/\/api.w.org\/{rel}","templated":true}]}}