{"id":6027,"date":"2025-09-24T00:08:39","date_gmt":"2025-09-24T00:08:39","guid":{"rendered":"https:\/\/nawarpharmacy.com\/?page_id=6027"},"modified":"2025-11-19T22:21:44","modified_gmt":"2025-11-19T22:21:44","slug":"best-seller","status":"publish","type":"page","link":"https:\/\/nawarpharmacy.com\/de\/best-seller\/","title":{"rendered":"Bestseller"},"content":{"rendered":"\r\n<p data-start=\"631\" data-end=\"677\"><strong data-start=\"631\" data-end=\"677\">Entdecken Sie unsere beliebtesten Produkte<\/strong><\/p>\r\n<p data-start=\"679\" data-end=\"1189\">Auf unserer <em data-start=\"691\" data-end=\"704\">Best Seller<\/em>-Seite finden Sie die Produkte, die bei unseren Kunden am beliebtesten sind. Diese Artikel erhalten konstant hohe Bewertungen und weisen starke Verkaufszahlen auf. Egal, ob Sie bew\u00e4hrte Vitamine, wirksame Hautpflegeprodukte oder zuverl\u00e4ssige Babyartikel suchen \u2013 unsere Bestseller bieten eine sorgf\u00e4ltig ausgew\u00e4hlte Auswahl, die die Zufriedenheit unserer Kunden widerspiegelt. Schauen Sie regelm\u00e4\u00dfig vorbei, da die Liste laufend auf Grundlage aktueller Verkaufsdaten aktualisiert wird.<\/p>\r\n","protected":false},"excerpt":{"rendered":"<p>Entdecken Sie unsere beliebtesten Produkte Auf unserer Best Seller-Seite finden Sie die Produkte, die bei unseren Kunden am beliebtesten sind. Diese Artikel erhalten konstant hohe Bewertungen und weisen starke Verkaufszahlen auf. Egal, ob Sie bew\u00e4hrte Vitamine, wirksame Hautpflegeprodukte oder zuverl\u00e4ssige Babyartikel suchen \u2013 unsere Bestseller bieten eine sorgf\u00e4ltig ausgew\u00e4hlte Auswahl, die die Zufriedenheit unserer Kunden&#8230;<\/p>\n","protected":false},"author":4,"featured_media":0,"parent":0,"menu_order":0,"comment_status":"closed","ping_status":"closed","template":"","meta":{"rs_blank_template":"","rs_page_bg_color":"","slide_template_v7":"","_bst_post_transparent":"default","_bst_post_title":"default","_bst_post_layout":"default","_bst_post_sidebar_id":"","_bst_post_content_style":"default","_bst_post_vertical_padding":"default","_bst_post_feature":"","_bst_post_feature_position":"","_bst_post_header":false,"_bst_post_footer":false,"footnotes":""},"class_list":["post-6027","page","type-page","status-publish","hentry"],"_links":{"self":[{"href":"https:\/\/nawarpharmacy.com\/de\/wp-json\/wp\/v2\/pages\/6027","targetHints":{"allow":["GET"]}}],"collection":[{"href":"https:\/\/nawarpharmacy.com\/de\/wp-json\/wp\/v2\/pages"}],"about":[{"href":"https:\/\/nawarpharmacy.com\/de\/wp-json\/wp\/v2\/types\/page"}],"author":[{"embeddable":true,"href":"https:\/\/nawarpharmacy.com\/de\/wp-json\/wp\/v2\/users\/4"}],"replies":[{"embeddable":true,"href":"https:\/\/nawarpharmacy.com\/de\/wp-json\/wp\/v2\/comments?post=6027"}],"version-history":[{"count":2,"href":"https:\/\/nawarpharmacy.com\/de\/wp-json\/wp\/v2\/pages\/6027\/revisions"}],"predecessor-version":[{"id":6031,"href":"https:\/\/nawarpharmacy.com\/de\/wp-json\/wp\/v2\/pages\/6027\/revisions\/6031"}],"wp:attachment":[{"href":"https:\/\/nawarpharmacy.com\/de\/wp-json\/wp\/v2\/media?parent=6027"}],"curies":[{"name":"wp","href":"https:\/\/api.w.org\/{rel}","templated":true}]}}