{"id":6016,"date":"2025-09-24T00:08:39","date_gmt":"2025-09-24T00:08:39","guid":{"rendered":"https:\/\/nawarpharmacy.com\/?page_id=6016"},"modified":"2025-11-19T22:16:55","modified_gmt":"2025-11-19T22:16:55","slug":"affiliate","status":"publish","type":"page","link":"https:\/\/nawarpharmacy.com\/de\/affiliate\/","title":{"rendered":"Affiliate"},"content":{"rendered":"\t\t<div data-elementor-type=\"wp-page\" data-elementor-id=\"6016\" class=\"elementor elementor-6016 elementor-3410\">\n\t\t\t\t<div class=\"elementor-element elementor-element-638b861b e-flex e-con-boxed e-con e-parent\" data-id=\"638b861b\" data-element_type=\"container\" data-e-type=\"container\">\n\t\t\t\t\t<div class=\"e-con-inner\">\n\t\t\t\t<div class=\"elementor-element elementor-element-1fa2527c elementor-widget elementor-widget-text-editor\" data-id=\"1fa2527c\" data-element_type=\"widget\" data-e-type=\"widget\" data-widget_type=\"text-editor.default\">\n\t\t\t\t\t\t\t\t\t<h3 data-start=\"1085\" data-end=\"1121\"><strong data-start=\"1085\" data-end=\"1121\">Partnerschaft mit Nawar Pharmacy<\/strong><\/h3><p data-start=\"1123\" data-end=\"1527\">Unser Affiliate-Programm erm\u00f6glicht es medizinischen Fachkr\u00e4ften, Bloggern, Influencern und Gesundheitsbef\u00fcrwortern, Provisionen zu verdienen, indem sie die Produkte von Nawar Pharmacy bewerben. Als Affiliate erhalten Sie einen einzigartigen Empfehlungslink, den Sie mit Ihrem Publikum teilen k\u00f6nnen. Jedes Mal, wenn jemand \u00fcber Ihren Link einen Kauf t\u00e4tigt, verdienen Sie einen Prozentsatz des Verkaufs.<\/p><h3 data-start=\"1529\" data-end=\"1556\"><strong data-start=\"1529\" data-end=\"1556\">Vorteile der Teilnahme:<\/strong><\/h3><ul><li data-start=\"1560\" data-end=\"1691\">Wettbewerbsf\u00e4hige Provisionss\u00e4tze f\u00fcr alle Kategorien \u2013 von Arzneimitteln und Vitaminen bis hin zu Baby- und Hautpflegeprodukten.<\/li><li data-start=\"1694\" data-end=\"1767\">Zugang zu Werbematerialien wie Bannern, Produktbildern und Rabattcodes.<\/li><li data-start=\"1770\" data-end=\"1848\">Pers\u00f6nlicher Affiliate-Support, der Ihnen hilft, Ihre Kampagnen zu optimieren.<\/li><\/ul><p data-start=\"1850\" data-end=\"2104\">Um sich zu bewerben, senden Sie eine E-Mail an <strong data-start=\"1897\" data-end=\"1923\"><a class=\"decorated-link cursor-pointer\" rel=\"noopener\" data-start=\"1899\" data-end=\"1921\">info@nawarpharmacy.com<\/a><\/strong> mit dem Betreff <em data-start=\"1940\" data-end=\"1963\">\u201eAffiliate programme\u201c<\/em> und f\u00fcgen Sie Details zu Ihrer Website oder Ihren Social-Media-Konten hinzu. Wir pr\u00fcfen Ihre Bewerbung und senden Ihnen weitere Anweisungen.<\/p>\t\t\t\t\t\t\t\t<\/div>\n\t\t\t\t\t<\/div>\n\t\t\t\t<\/div>\n\t\t\t\t<\/div>\n\t\t","protected":false},"excerpt":{"rendered":"<p>Partnerschaft mit Nawar Pharmacy Unser Affiliate-Programm erm\u00f6glicht es medizinischen Fachkr\u00e4ften, Bloggern, Influencern und Gesundheitsbef\u00fcrwortern, Provisionen zu verdienen, indem sie die Produkte von Nawar Pharmacy bewerben. Als Affiliate erhalten Sie einen einzigartigen Empfehlungslink, den Sie mit Ihrem Publikum teilen k\u00f6nnen. Jedes Mal, wenn jemand \u00fcber Ihren Link einen Kauf t\u00e4tigt, verdienen Sie einen Prozentsatz des Verkaufs&#8230;.<\/p>\n","protected":false},"author":4,"featured_media":0,"parent":0,"menu_order":0,"comment_status":"closed","ping_status":"closed","template":"","meta":{"rs_blank_template":"","rs_page_bg_color":"","slide_template_v7":"","_bst_post_transparent":"default","_bst_post_title":"default","_bst_post_layout":"default","_bst_post_sidebar_id":"","_bst_post_content_style":"default","_bst_post_vertical_padding":"default","_bst_post_feature":"","_bst_post_feature_position":"","_bst_post_header":false,"_bst_post_footer":false,"footnotes":""},"class_list":["post-6016","page","type-page","status-publish","hentry"],"_links":{"self":[{"href":"https:\/\/nawarpharmacy.com\/de\/wp-json\/wp\/v2\/pages\/6016","targetHints":{"allow":["GET"]}}],"collection":[{"href":"https:\/\/nawarpharmacy.com\/de\/wp-json\/wp\/v2\/pages"}],"about":[{"href":"https:\/\/nawarpharmacy.com\/de\/wp-json\/wp\/v2\/types\/page"}],"author":[{"embeddable":true,"href":"https:\/\/nawarpharmacy.com\/de\/wp-json\/wp\/v2\/users\/4"}],"replies":[{"embeddable":true,"href":"https:\/\/nawarpharmacy.com\/de\/wp-json\/wp\/v2\/comments?post=6016"}],"version-history":[{"count":8,"href":"https:\/\/nawarpharmacy.com\/de\/wp-json\/wp\/v2\/pages\/6016\/revisions"}],"predecessor-version":[{"id":6025,"href":"https:\/\/nawarpharmacy.com\/de\/wp-json\/wp\/v2\/pages\/6016\/revisions\/6025"}],"wp:attachment":[{"href":"https:\/\/nawarpharmacy.com\/de\/wp-json\/wp\/v2\/media?parent=6016"}],"curies":[{"name":"wp","href":"https:\/\/api.w.org\/{rel}","templated":true}]}}